{"id":677,"date":"2016-08-06T22:15:08","date_gmt":"2016-08-06T20:15:08","guid":{"rendered":"http:\/\/sandbox.christusbund.de\/wp\/weilheim\/?page_id=677"},"modified":"2021-07-29T16:17:00","modified_gmt":"2021-07-29T14:17:00","slug":"hauskreise","status":"publish","type":"page","link":"https:\/\/www.christusbund.de\/weilheim\/erwachsene\/hauskreise\/","title":{"rendered":"Hauskreise"},"content":{"rendered":"<div id=\"pl-677\"  class=\"panel-layout\" ><div id=\"pg-677-0\"  class=\"panel-grid panel-has-style\" ><div class=\"container cb_container panel-row-style panel-row-style-for-677-0\" ><div id=\"pgc-677-0-0\"  class=\"panel-grid-cell\" ><div id=\"panel-677-0-0-0\" class=\"so-panel widget widget_black-studio-tinymce widget_black_studio_tinymce panel-first-child panel-last-child\" data-index=\"0\" ><h3 class=\"widget-title\">Hauskreise<\/h3><div class=\"textwidget\"><p>Unsere Hauskreise sind offene Kleingruppen mit dem Ziel im Glauben an Jesus zu wachsen und gefestigt zu werden. Als Teil unserer Gemeinde treffen wir uns in einer famili\u00e4ren Atmosph\u00e4re um pers\u00f6nliche Erfahrungen auszutauschen, Fragen zu stellen, Freude und Leid zu teilen.<\/p>\n<p>Wir besch\u00e4ftigen uns mit Lebens\u2013 und Glaubensfragen, einem Thema oder einem Bibeltext. Gerne entdecken und entfalten wir Gaben, die auch praktisch zum Einsatz kommen. Das gemeinsame Singen und Beten ist uns ebenso wichtig, wie die pers\u00f6nliche Anteilnahme am Leben des Anderen und die gelebte Gemeinschaft.<\/p>\n<p>Die Teilnehmer der Hauskreise freuen sich auf weitere G\u00e4ste. <\/p>\n<\/div><\/div><\/div><div id=\"pgc-677-0-1\"  class=\"panel-grid-cell\" ><div id=\"panel-677-0-1-0\" class=\"so-panel widget widget_black-studio-tinymce widget_black_studio_tinymce panel-first-child panel-last-child\" data-index=\"1\" ><div class=\"cb_sidebar panel-widget-style panel-widget-style-for-677-0-1-0\" ><div class=\"textwidget\"><h3 class=\"ansprechpartner\" style=\"margin-bottom: 10px;margin-top: 0\">Ansprechpartner<\/h3>\n<p>Joachim Gn\u00e4dinger<\/p>\n<a class=\"btn btn-primary\" href=\"mailto:info@christusbund-weilheim.de\"><i class=\"fas fa-envelope\"><\/i> E-Mail schreiben<\/a><\/div><\/div><\/div><\/div><\/div><\/div><div id=\"pg-677-1\"  class=\"panel-grid panel-has-style\" ><div class=\"cb_bg_lightgray cb_container panel-row-style panel-row-style-for-677-1\" ><div id=\"pgc-677-1-0\"  class=\"panel-grid-cell\" ><div id=\"panel-677-1-0-0\" class=\"so-panel widget widget_siteorigin-panels-builder panel-first-child panel-last-child\" data-index=\"2\" ><div class=\"container panel-widget-style panel-widget-style-for-677-1-0-0\" ><div id=\"pl-w5a227bfb33e12\"  class=\"panel-layout\" ><div id=\"pg-w5a227bfb33e12-0\"  class=\"panel-grid panel-no-style\" ><div id=\"pgc-w5a227bfb33e12-0-0\"  class=\"panel-grid-cell panel-grid-cell-mobile-last\" ><div id=\"panel-w5a227bfb33e12-0-0-0\" class=\"so-panel widget widget_black-studio-tinymce widget_black_studio_tinymce panel-first-child panel-last-child\" data-index=\"0\" ><div class=\"textwidget\"><h3 style=\"margin: 0 0 10px 0\">Auf einen Blick<\/h3>\n\n<ul class=\"cb_iconList\">\n  <li>\n    <span><i class=\"fas fa-users\"><\/i><\/span>\n    <p>\n       Alle<br>     \n    <\/p>\n  <\/li>\n  <li>\n    <span><i class=\"fas fa-clock\"><\/i><\/span>\n    <p>\n      Je Hauskreis verschieden<br>\n    <\/p>\n  <\/li>\n  <li>\n    <span><i class=\"fas fa-map-marker\"><\/i><\/span>\n    <p>\n      In unterschiedlichen Privatwohnungen<br>\n    <\/p>\n  <\/li>\n<\/ul><\/div><\/div><\/div><div id=\"pgc-w5a227bfb33e12-0-1\"  class=\"panel-grid-cell panel-grid-cell-empty\" ><\/div><\/div><\/div><\/div><\/div><\/div><\/div><\/div><\/div>","protected":false},"excerpt":{"rendered":"<p>Unsere Hauskreise sind offene Kleingruppen mit dem Ziel im Glauben an Jesus zu wachsen und gefestigt zu werden. Als Teil unserer Gemeinde treffen wir uns in einer famili\u00e4ren Atmosph\u00e4re um pers\u00f6nliche Erfahrungen auszutauschen, Fragen zu stellen, Freude und Leid zu [&hellip;]<\/p>\n","protected":false},"author":49,"featured_media":952,"parent":666,"menu_order":0,"comment_status":"closed","ping_status":"closed","template":"","meta":{"footnotes":""},"class_list":["post-677","page","type-page","status-publish","has-post-thumbnail","hentry"],"publishpress_future_action":{"enabled":false,"date":"2026-05-18 16:04:11","action":"change-status","newStatus":"draft","terms":[],"taxonomy":"","extraData":[]},"publishpress_future_workflow_manual_trigger":{"enabledWorkflows":[]},"_links":{"self":[{"href":"https:\/\/www.christusbund.de\/weilheim\/wp-json\/wp\/v2\/pages\/677","targetHints":{"allow":["GET"]}}],"collection":[{"href":"https:\/\/www.christusbund.de\/weilheim\/wp-json\/wp\/v2\/pages"}],"about":[{"href":"https:\/\/www.christusbund.de\/weilheim\/wp-json\/wp\/v2\/types\/page"}],"author":[{"embeddable":true,"href":"https:\/\/www.christusbund.de\/weilheim\/wp-json\/wp\/v2\/users\/49"}],"replies":[{"embeddable":true,"href":"https:\/\/www.christusbund.de\/weilheim\/wp-json\/wp\/v2\/comments?post=677"}],"version-history":[{"count":3,"href":"https:\/\/www.christusbund.de\/weilheim\/wp-json\/wp\/v2\/pages\/677\/revisions"}],"predecessor-version":[{"id":4618,"href":"https:\/\/www.christusbund.de\/weilheim\/wp-json\/wp\/v2\/pages\/677\/revisions\/4618"}],"up":[{"embeddable":true,"href":"https:\/\/www.christusbund.de\/weilheim\/wp-json\/wp\/v2\/pages\/666"}],"wp:featuredmedia":[{"embeddable":true,"href":"https:\/\/www.christusbund.de\/weilheim\/wp-json\/wp\/v2\/media\/952"}],"wp:attachment":[{"href":"https:\/\/www.christusbund.de\/weilheim\/wp-json\/wp\/v2\/media?parent=677"}],"curies":[{"name":"wp","href":"https:\/\/api.w.org\/{rel}","templated":true}]}}