{"id":666,"date":"2016-05-11T23:47:27","date_gmt":"2016-05-11T21:47:27","guid":{"rendered":"http:\/\/sandbox.christusbund.de\/wp\/weilheim\/?page_id=666"},"modified":"2022-03-19T20:10:29","modified_gmt":"2022-03-19T19:10:29","slug":"erwachsene","status":"publish","type":"page","link":"https:\/\/www.christusbund.de\/weilheim\/erwachsene\/","title":{"rendered":"Erwachsene"},"content":{"rendered":"<div id=\"pl-666\"  class=\"panel-layout\" ><div id=\"pg-666-0\"  class=\"panel-grid panel-has-style\" ><div class=\"container cb_container panel-row-style panel-row-style-for-666-0\" ><div id=\"pgc-666-0-0\"  class=\"panel-grid-cell\" ><div id=\"panel-666-0-0-0\" class=\"so-panel widget widget_black-studio-tinymce widget_black_studio_tinymce panel-first-child panel-last-child\" data-index=\"0\" ><h3 class=\"widget-title\">Erwachsene<\/h3><div class=\"textwidget\"><p>Neben den Gottesdiensten am Sonntag treffen wir uns auch in kleineren Gruppen. Wir pflegen fr\u00f6hliche Gemeinschaft, lernen einander pers\u00f6nlich besser kennen und k\u00f6nnen uns gegenseitig Hilfe sein. Dabei wollen wir auch, um nicht \u201evom Brot allein zu leben\u201c, in der Bibel die Gedanken Gottes miteinander erkunden. Dort finden wir Informationen, die in Form bringen, die lebenst\u00fcchtig machen und Antworten geben auf die wirklich wichtigen Fragen.<br \/>\nSchnuppern Sie doch einfach mal ganz unverbindlich bei uns rein. Sie sind uns herzlich willkommen, wir freuen uns auf Sie!<\/p>\n<\/div><\/div><\/div><div id=\"pgc-666-0-1\"  class=\"panel-grid-cell\" ><div id=\"panel-666-0-1-0\" class=\"so-panel widget widget_black-studio-tinymce widget_black_studio_tinymce panel-first-child panel-last-child\" data-index=\"1\" ><div class=\"cb_sidebar panel-widget-style panel-widget-style-for-666-0-1-0\" ><div class=\"textwidget\"><h3 class=\"ansprechpartner\" style=\"margin-bottom: 10px;margin-top: 0\">Ansprechpartner<\/h3>\n<p>Joachim Gn\u00e4dinger<\/p>\n<p><a class=\"btn btn-primary\" href=\"mailto:info@christusbund-weilheim.de\"><i class=\"fas fa-envelope\"><\/i> E-Mail schreiben<\/a><\/p>\n<\/div><\/div><\/div><\/div><\/div><\/div><div id=\"pg-666-1\"  class=\"panel-grid panel-has-style\" ><div class=\"cb_container cb_bg_lightgray panel-row-style panel-row-style-for-666-1\" ><div id=\"pgc-666-1-0\"  class=\"panel-grid-cell\" ><div id=\"panel-666-1-0-0\" class=\"so-panel widget widget_black-studio-tinymce widget_black_studio_tinymce panel-first-child panel-last-child\" data-index=\"2\" ><div class=\"container panel-widget-style panel-widget-style-for-666-1-0-0\" ><div class=\"textwidget\"><div id=\"jugend\" class=\"cb_wp_anker\"><\/div>\n<h4 class=\"text-center\"><span class=\"cb_heading cb_bg_primary\">Angebote f\u00fcr Erwachsene<\/span><\/h4>\n<div id=\"owl-carousel\" class=\"owl-carousel cb_owl_box\">\n <div class=\"item text-center\">\n    <a href=\".\/muki\">\n      <img decoding=\"async\" class=\"img-circle\" src=\"\/weilheim\/wp-content\/uploads\/sites\/24\/2017\/09\/Muki_Thumb.jpg\" alt=\"\" \/><\/a>\n    <h3>MuKi<\/h3>\n    <p>Eltern mit ihren Kleinkindern<\/p>\n    <a href=\".\/muki\" class=\"btn btn-primary\" style=\"color:white\"><i class=\"fas fa-arrow-right\"><\/i> Mehr erfahren<\/a>\n  <\/div>\n  <div class=\"item text-center\">\n    <a href=\".\/hauskreise\">\n      <img decoding=\"async\" class=\"img-circle\" src=\"\/weilheim\/wp-content\/uploads\/sites\/24\/2017\/09\/Hauskreis-Thumb.jpg\" alt=\"\" \/><\/a>\n    <h3>Hauskreise<\/h3>\n    <p>Alle<\/p>\n    <a href=\".\/hauskreise\" class=\"btn btn-primary\" style=\"color:white\"><i class=\"fas fa-arrow-right\"><\/i> Mehr erfahren<\/a>\n  <\/div>\n  <div class=\"item text-center\">\n    <a href=\".\/bibelkreis\">\n      <img decoding=\"async\" class=\"img-circle\" src=\"\/weilheim\/wp-content\/uploads\/sites\/24\/2017\/11\/bibelkreis_thumb.jpg\" alt=\"\" \/><\/a>\n    <h3>Bibelkreis<\/h3>\n    <p>Alle<\/p>\n    <a href=\".\/bibelkreis\" class=\"btn btn-primary\" style=\"color:white\"><i class=\"fas fa-arrow-right\"><\/i> Mehr erfahren<\/a>\n  <\/div>\n  <div class=\"item text-center\">\n    <a href=\".\/aufatmen\">\n      <img decoding=\"async\" class=\"img-circle\" src=\"\/weilheim\/wp-content\/uploads\/sites\/24\/2017\/09\/Aufatmen_Thumb.jpg\" alt=\"\" \/><\/a>\n    <h3>Aufatmen<\/h3>\n    <p>Frauen zwischen 40 und 60 Jahren<\/p>\n    <a href=\".\/aufatmen\" class=\"btn btn-primary\" style=\"color:white\"><i class=\"fas fa-arrow-right\"><\/i> Mehr erfahren<\/a>\n  <\/div>\n  <div class=\"item text-center\">\n    <a href=\".\/frauennachmittag\">\n      <img decoding=\"async\" class=\"img-circle\" src=\"\/weilheim\/wp-content\/uploads\/sites\/24\/2017\/12\/FN_Thumb_2.jpg\" alt=\"\" \/><\/a>\n    <h3>FrauenNachmittag<\/h3>\n    <p>Frauen im besten Alter, also 55+<\/p>\n    <a href=\".\/frauennachmittag\" class=\"btn btn-primary\" style=\"color:white\"><i class=\"fas fa-arrow-right\"><\/i> Mehr erfahren<\/a>\n  <\/div>\n  <div class=\"item text-center\">\n    <a href=\".\/maennertreff\">\n      <img decoding=\"async\" class=\"img-circle\" src=\"\/weilheim\/wp-content\/uploads\/sites\/24\/2018\/01\/Maennertreff_Thumb.jpg\" alt=\"\" \/><\/a>\n    <h3>M\u00e4nnerTreff<\/h3>\n    <p>M\u00e4nnerim besten Alter, also 55+<\/p>\n    <a href=\".\/maennertreff\" class=\"btn btn-primary\" style=\"color:white\"><i class=\"fas fa-arrow-right\"><\/i> Mehr erfahren<\/a>\n  <\/div>\n\n<\/div>\n<script type=\"text\/javascript\">\njQuery(document).ready(function($) {\r\n  $(\".owl-carousel\").owlCarousel({\r\n    lazyLoad: true,\r\n    nav: true,\r\n    dots: true,\r\n    autoHeight: false,\r\n    navText: [\r\n      '<i class=\"fal fa-angle-left\"><\/i>',\r\n      '<i class=\"fal fa-angle-right\"><\/i>'\r\n    ],\r\n    responsive: {\r\n        0: {\r\n          items: 1\r\n        },\r\n        768: {\r\n          items: 2\r\n        },\r\n        991: {\r\n          items: 3\r\n        }\r\n      }\r\n  });\r\n});\n<\/script>\n\n\n<\/div><\/div><\/div><\/div><\/div><\/div><\/div>","protected":false},"excerpt":{"rendered":"<p>Neben den Gottesdiensten am Sonntag treffen wir uns auch in kleineren Gruppen. Wir pflegen fr\u00f6hliche Gemeinschaft, lernen einander pers\u00f6nlich besser kennen und k\u00f6nnen uns gegenseitig Hilfe sein. Dabei wollen wir auch, um nicht \u201evom Brot allein zu leben\u201c, in der [&hellip;]<\/p>\n","protected":false},"author":49,"featured_media":958,"parent":0,"menu_order":0,"comment_status":"closed","ping_status":"closed","template":"","meta":{"footnotes":""},"class_list":["post-666","page","type-page","status-publish","has-post-thumbnail","hentry"],"publishpress_future_action":{"enabled":false,"date":"2026-04-26 11:08:53","action":"change-status","newStatus":"draft","terms":[],"taxonomy":"","extraData":[]},"publishpress_future_workflow_manual_trigger":{"enabledWorkflows":[]},"_links":{"self":[{"href":"https:\/\/www.christusbund.de\/weilheim\/wp-json\/wp\/v2\/pages\/666","targetHints":{"allow":["GET"]}}],"collection":[{"href":"https:\/\/www.christusbund.de\/weilheim\/wp-json\/wp\/v2\/pages"}],"about":[{"href":"https:\/\/www.christusbund.de\/weilheim\/wp-json\/wp\/v2\/types\/page"}],"author":[{"embeddable":true,"href":"https:\/\/www.christusbund.de\/weilheim\/wp-json\/wp\/v2\/users\/49"}],"replies":[{"embeddable":true,"href":"https:\/\/www.christusbund.de\/weilheim\/wp-json\/wp\/v2\/comments?post=666"}],"version-history":[{"count":5,"href":"https:\/\/www.christusbund.de\/weilheim\/wp-json\/wp\/v2\/pages\/666\/revisions"}],"predecessor-version":[{"id":5034,"href":"https:\/\/www.christusbund.de\/weilheim\/wp-json\/wp\/v2\/pages\/666\/revisions\/5034"}],"wp:featuredmedia":[{"embeddable":true,"href":"https:\/\/www.christusbund.de\/weilheim\/wp-json\/wp\/v2\/media\/958"}],"wp:attachment":[{"href":"https:\/\/www.christusbund.de\/weilheim\/wp-json\/wp\/v2\/media?parent=666"}],"curies":[{"name":"wp","href":"https:\/\/api.w.org\/{rel}","templated":true}]}}