{"id":648,"date":"2016-03-05T12:36:56","date_gmt":"2016-03-05T11:36:56","guid":{"rendered":"http:\/\/sandbox.christusbund.de\/wp\/weilheim\/?page_id=648"},"modified":"2018-02-05T22:17:31","modified_gmt":"2018-02-05T21:17:31","slug":"muki","status":"publish","type":"page","link":"https:\/\/www.christusbund.de\/weilheim\/erwachsene\/muki\/","title":{"rendered":"MuKi"},"content":{"rendered":"<div id=\"pl-648\"  class=\"panel-layout\" ><div id=\"pg-648-0\"  class=\"panel-grid panel-has-style\" ><div class=\"container cb_container panel-row-style panel-row-style-for-648-0\" ><div id=\"pgc-648-0-0\"  class=\"panel-grid-cell\" ><div id=\"panel-648-0-0-0\" class=\"so-panel widget widget_black-studio-tinymce widget_black_studio_tinymce panel-first-child panel-last-child\" data-index=\"0\" ><h3 class=\"widget-title\">Mutter-Kind-Kreis \u2013 \u201eMuKi\u201c<\/h3><div class=\"textwidget\"><p>Herzlich willkommen sind alle M\u00fctter mit ihren Kleinkindern von 0 bis 3 Jahren.<br \/>\nAber auch Papas, Gro\u00dfeltern, Tagesm\u00fctter, \u2026 sind herzlich eingeladen! <\/p>\n<p>Gemeinsam beginnen wir mit einem Spielkreis. Fingerspiele, Singspiele passend zur Jahreszeit und Kniereiter sind nur ein paar Beispiele f\u00fcr den Auftakt. Dar\u00fcber hinaus bieten wir ein abwechslungsreiches Programm, welches von Geschichten aus der Bibel \u00fcber kreative Besch\u00e4ftigungen bis hin zu Bewegungsspielen reicht. Gen\u00fcgend Zeit f\u00fcr Austausch und Gespr\u00e4che kommt dabei nicht zu kurz. F\u00fcr Kaffee und Brezeln ist gesorgt.<\/p>\n<p>Wir freuen uns auf euch.<\/p>\n<\/div><\/div><\/div><div id=\"pgc-648-0-1\"  class=\"panel-grid-cell\" ><div id=\"panel-648-0-1-0\" class=\"so-panel widget widget_black-studio-tinymce widget_black_studio_tinymce panel-first-child panel-last-child\" data-index=\"1\" ><div class=\"cb_sidebar panel-widget-style panel-widget-style-for-648-0-1-0\" ><div class=\"textwidget\"><h3 class=\"ansprechpartner\" style=\"margin-bottom: 10px;margin-top: 0\">Ansprechpartner<\/h3>\n<p>Constanze Lipsius und Tabea Keppler<\/p>\n<p><a class=\"btn btn-primary\" href=\"mailto:info@christusbund-weilheim.de\"><i class=\"fas fa-envelope\"><\/i> E-Mail schreiben<\/a><\/p>\n<\/div><\/div><\/div><\/div><\/div><\/div><div id=\"pg-648-1\"  class=\"panel-grid panel-no-style\" ><div id=\"pgc-648-1-0\"  class=\"panel-grid-cell\" ><div id=\"panel-648-1-0-0\" class=\"so-panel widget widget_siteorigin-panels-builder panel-first-child panel-last-child\" data-index=\"2\" ><div class=\"container panel-widget-style panel-widget-style-for-648-1-0-0\" ><div id=\"pl-w5a21532177fdb\"  class=\"panel-layout\" ><div id=\"pg-w5a21532177fdb-0\"  class=\"panel-grid panel-no-style\" ><div id=\"pgc-w5a21532177fdb-0-0\"  class=\"panel-grid-cell panel-grid-cell-mobile-last\" ><div id=\"panel-w5a21532177fdb-0-0-0\" class=\"so-panel widget widget_black-studio-tinymce widget_black_studio_tinymce panel-first-child panel-last-child\" data-index=\"0\" ><div class=\"textwidget\"><h3 style=\"margin: 0 0 10px 0\">Auf einen Blick<\/h3>\n<ul class=\"cb_iconList\">\n<li>\n    <span><i class=\"fas fa-users\"><\/i><\/span><\/p>\n<p>\n     M\u00fctter mit ihren Kleinkindern von 0 bis 3 Jahren\n    <\/p>\n<\/li>\n<li>\n    <span><i class=\"fas fa-clock\"><\/i><\/span><\/p>\n<p>\n      Jeden Dienstags von 9:30 bis 11:00 Uhr\n    <\/p>\n<\/li>\n<li>\n    <span><i class=\"fas fa-map-marker\"><\/i><\/span><\/p>\n<p>\n      Neuer L\u00f6wensaal, Kleiner Saal (EG) \n    <\/p>\n<\/li>\n<\/ul>\n<\/div><\/div><\/div><div id=\"pgc-w5a21532177fdb-0-1\"  class=\"panel-grid-cell panel-grid-cell-empty\" ><\/div><\/div><\/div><\/div><\/div><\/div><\/div><\/div>","protected":false},"excerpt":{"rendered":"<p>Herzlich willkommen sind alle M\u00fctter mit ihren Kleinkindern von 0 bis 3 Jahren. Aber auch Papas, Gro\u00dfeltern, Tagesm\u00fctter, \u2026 sind herzlich eingeladen! Gemeinsam beginnen wir mit einem Spielkreis. Fingerspiele, Singspiele passend zur Jahreszeit und Kniereiter sind nur ein paar Beispiele [&hellip;]<\/p>\n","protected":false},"author":49,"featured_media":893,"parent":666,"menu_order":0,"comment_status":"closed","ping_status":"closed","template":"","meta":{"footnotes":""},"class_list":["post-648","page","type-page","status-publish","has-post-thumbnail","hentry"],"publishpress_future_action":{"enabled":false,"date":"2026-05-18 16:03:42","action":"change-status","newStatus":"draft","terms":[],"taxonomy":"","extraData":[]},"publishpress_future_workflow_manual_trigger":{"enabledWorkflows":[]},"_links":{"self":[{"href":"https:\/\/www.christusbund.de\/weilheim\/wp-json\/wp\/v2\/pages\/648","targetHints":{"allow":["GET"]}}],"collection":[{"href":"https:\/\/www.christusbund.de\/weilheim\/wp-json\/wp\/v2\/pages"}],"about":[{"href":"https:\/\/www.christusbund.de\/weilheim\/wp-json\/wp\/v2\/types\/page"}],"author":[{"embeddable":true,"href":"https:\/\/www.christusbund.de\/weilheim\/wp-json\/wp\/v2\/users\/49"}],"replies":[{"embeddable":true,"href":"https:\/\/www.christusbund.de\/weilheim\/wp-json\/wp\/v2\/comments?post=648"}],"version-history":[{"count":3,"href":"https:\/\/www.christusbund.de\/weilheim\/wp-json\/wp\/v2\/pages\/648\/revisions"}],"predecessor-version":[{"id":5254,"href":"https:\/\/www.christusbund.de\/weilheim\/wp-json\/wp\/v2\/pages\/648\/revisions\/5254"}],"up":[{"embeddable":true,"href":"https:\/\/www.christusbund.de\/weilheim\/wp-json\/wp\/v2\/pages\/666"}],"wp:featuredmedia":[{"embeddable":true,"href":"https:\/\/www.christusbund.de\/weilheim\/wp-json\/wp\/v2\/media\/893"}],"wp:attachment":[{"href":"https:\/\/www.christusbund.de\/weilheim\/wp-json\/wp\/v2\/media?parent=648"}],"curies":[{"name":"wp","href":"https:\/\/api.w.org\/{rel}","templated":true}]}}