{"id":5558,"date":"2023-03-07T20:50:54","date_gmt":"2023-03-07T19:50:54","guid":{"rendered":"https:\/\/www.christusbund.de\/weilheim\/?page_id=5558"},"modified":"2026-03-15T14:12:33","modified_gmt":"2026-03-15T13:12:33","slug":"osterweg7","status":"publish","type":"page","link":"https:\/\/www.christusbund.de\/weilheim\/osterweg7\/","title":{"rendered":"Osterweg Station 7"},"content":{"rendered":"<div id=\"pl-5558\"  class=\"panel-layout\" ><div id=\"pg-5558-0\"  class=\"panel-grid panel-has-style\" ><div class=\"cb_container cb_bg_lightgray panel-row-style panel-row-style-for-5558-0\" ><div id=\"pgc-5558-0-0\"  class=\"panel-grid-cell\" ><div id=\"panel-5558-0-0-0\" class=\"so-panel widget widget_black-studio-tinymce widget_black_studio_tinymce panel-first-child panel-last-child\" data-index=\"0\" ><div class=\"container panel-widget-style panel-widget-style-for-5558-0-0-0\" ><div class=\"textwidget\"><style type=\"text\/css\">\n.osterweg .overview-station{\r\n  max-width:500px;\r\n  display:flex;\r\n  justify-content:space-between;\r\n  background-color:#e2e2e2;\r\n  border:1px solid #a2a9b1;\r\n  padding: 8px;\r\n  margin:8px;\r\n  border-radius: 5px;\r\n}\r\n\r\n.osterweg .overview-station{\r\n  max-width:500px;\r\n  display:flex;\r\n  justify-content:space-between;\r\n  background-color:#e2e2e2;\r\n  border:1px solid #a2a9b1;\r\n  padding: 8px;\r\n  margin:8px;\r\n  border-radius: 5px;\r\n}\r\n\r\n.osterweg .overview-station-box{\r\n  max-width:500px;\r\n  background-color:#e2e2e2;\r\n  border:1px solid #a2a9b1;\r\n  padding: 8px;\r\n  margin:8px;\r\n  border-radius: 5px;\r\n}\r\n\r\n.osterweg .overview-station-icons{\r\n  display:flex;\r\n  justify-content:space-between;\r\n}\r\n\r\n.osterweg .overview-station-title{\r\n  margin-bottom:5px;\r\n}\r\n\r\n.osterweg h3, .osterweg h4{\r\n  margin-top:30px;\r\n  margin-bottom:10px;\r\n}\r\n\r\n.osterweg a.anchor {\r\n  display: block;\r\n  position: relative;\r\n  visibility: hidden;\r\n}\r\n.osterweg .anhoeren,  .osterweg .lied{\r\n  margin-top:10px;\r\n}\r\n\r\n@media screen and (min-width: 992px){\r\n .osterweg a.anchor {\r\n    top: -70px;\r\n  }\r\n}\r\n  .osterweg blockquote {\r\n    font-size: 15px;\r\n    border-left: 8px solid #ACAA00;\r\n    margin-top: 5px;\r\n    background-color: #E9E9E9;\r\n    border-radius: 5px;\r\n  }\r\n\r\n  .osterweg .station_navi {\r\n    display: flex;\r\n    justify-content: space-between;\r\n    border: 1px solid #bbb;\r\n    padding: 0 15px;\r\n    margin-bottom: 15px;\r\n    border-radius: 5px;\r\n  }\r\n\r\n  .osterweg .station_toc {\r\n    width: 300px;\r\n    background-color: #e9e9e9;\r\n    border: 1px solid #a2a9b1;\r\n    padding-top: 8px;\r\n    box-shadow: 3px 3px 3px #bbb;\r\n    border-radius: 5px;\r\n  }\r\n\r\n.osterweg section{\r\n  padding-top: 5px;\r\n}\r\n\r\n.osterweg section:not(:last-child){\r\n  margin-bottom: 70px;\r\n}\r\n\r\n.osterweg .kindergeschichte{\r\n    display: flex;\r\n    align-items: flex-start;\r\n    flex-wrap: wrap;\r\n}\r\n\r\n.osterweg .geschichte-bild{\r\n  width: 500px; \r\n}\r\n\r\n.osterweg .geschichte-text{\r\n  flex: 1;\r\n  margin-left: 20px; \r\nmargin-top: 5px;\r\n}\r\n\r\n@media (max-width: 991px) {\r\n  .osterweg .geschichte-bild{\r\n      width: 100%;\r\n      max-width: none;\r\n  }\r\n        \r\n  .osterweg .geschichte-text{\r\n    flex: none; \r\n    width: 100%;\r\n      max-width: none;\r\n      margin-left: 0;\r\n   }\r\n}\n<\/style>\n<div class=\"osterweg\">\n  <section>\n    <a class=\"anchor\" id=\"text\"><\/a>\n    <h2>Station 7 - Das Leben gewinnt!<\/h2>\n\n    <div class=\"station_navi\">\n      <a href=\"https:\/\/www.christusbund.de\/weilheim\/osterweg6\">&lt; Station 6<\/a>\n      <a href=\"https:\/\/www.christusbund.de\/weilheim\/osterweg\">\u00dcbersicht<\/a>\n      <a href=\"https:\/\/www.christusbund.de\/weilheim\/osterweg8\">Station 8 &gt; <\/a>\n    <\/div>\n\n    <nav class=\"station_toc\">\n      <ul>\n        <li><a href=\"#stationstext\">Stationstext zum Nachlesen und h\u00f6ren<\/a><\/li>\n        <li><a href=\"#bibeltext\">Bibeltext zum Nachlesen<\/a><\/li>\n        <li><a href=\"#kinder\">Kinder entdecken den Osterschatz<\/a><\/li>\n      <\/ul>\n    <\/nav>\n\n    <a class=\"anchor\" id=\"stationstext\"><\/a>\n    <div class=\"stationstext\">\n      <h3><i class=\"fa-solid fa-flag\"><\/i> Stationstext zum Nachlesen und h\u00f6ren<\/h3>\n      <h4><i class=\"fa-solid fa-book-bible\"><\/i> Die Bibel, Johannes 11, 25+26<\/h4>\n      <div class=\"stationsteil bibelvers\">\n        Jesus sagte: \u00bbIch bin die Auferstehung und das Leben. Wer an mich glaubt, wird leben, auch wenn er stirbt. Und wer lebt und an mich glaubt, wird niemals sterben. Glaubst du das?\u00ab \n      <\/div>\n      <h4><i class=\"fa-solid fa-lightbulb\"><\/i> Was geschah<\/h4>\n      <div class=\"stationsteil wasgeschah\">\n        Am ersten Tag der neuen Woche gingen die Frauen gleich in der Morgend\u00e4mmerung zum Grab. Sie brachten die vorbereiteten wohlriechenden \u00d6le mit, um den Leichnam von Jesus einzubalsamieren. Sie machten sich Gedanken: Wer hilft uns den gro\u00dfen Stein am Grab wegzurollen? <br\/>Aber das Grab war schon ge\u00f6ffnet und der Stein zur Seite gerollt. Sie gingen in die Grabkammer \u2013 doch den Leichnam von Jesus konnten sie nicht finden. Die Leichent\u00fccher waren sauber zusammengelegt worden. So sieht keine Grabsch\u00e4ndung aus!<br\/><br\/>\nZwei M\u00e4nner in leuchtenden Gew\u00e4ndern traten zu ihnen. Die Frauen erschraken und hielten den Blick gesenkt. Die M\u00e4nner, es waren Engel Gottes, sagten zu ihnen: <strong>\u201eWarum sucht ihr den Lebenden bei den Toten? Er ist nicht hier. Gott hat ihn von den Toten auferweckt.<\/strong> <br\/>\nErinnert euch an das, was er damals in der Landschaft Galil\u00e4a zu euch gesagt hatte: \u201eDer Menschensohn muss ausgeliefert werden in die H\u00e4nde der S\u00fcnder und am Kreuz sterben. <br\/>\nAber am dritten Tag wird er von den Toten auferstehen.\u201c \n      <\/div>\n      <div class=\"stationsteil undich\">\n        <h4><i class=\"fa-solid fa-handshake-simple\"><\/i> Und ich?<\/h4>\n      Es war wohl immer der dringende Wunsch aller Menschen, irgendwie mit dem Tod fertig zu werden. Aber noch mit jedem Menschen wurde der Tod fertig. Jesus und seine Auferstehung ist deshalb der Wendepunkt der ganzen Weltgeschichte!<br\/>\nDenn Jesus sagt, dass wir unser eigenes Schicksal mit seinem Ergehen verkn\u00fcpfen k\u00f6nnen: \n<br\/><br\/>\n<em>\u201eIch bin die Auferstehung und das Leben. Wer an mich glaubt, wird leben, auch wenn er (k\u00f6rperlich) gestorben ist. Und wer jetzt lebt und an mich glaubt, wird nie sterben.\u201c<\/em><br\/><br\/>\nSo, wie Jesus nicht im Grab geblieben ist, so werden auch die, die an ihn Glauben, nicht im Grab bleiben, sondern bekommen das neue Leben, das in alle Ewigkeit lebt in einer unvorstellbaren Lebensqualit\u00e4t: Ein Leben ohne Leid, ohne Schmerzen, ohne Krankheit, ohne Tod. \n<br\/><br\/>\nSehr schwer vorstellbar f\u00fcr uns! Und doch: F\u00fcr die ersten Christen war das Realit\u00e4t: Immer wieder waren sie vor die Wahl gestellt, an Jesus weiterhin zu glauben und daf\u00fcr den wilden Tieren zum Fra\u00df vorgeworfen zu werden, oder den Glauben an Jesus aufzugeben und weiterzuleben. So entschieden sich z.B. 11 von den 12 Aposteln f\u00fcr Jesus \u2013 und f\u00fcr den Tod. (der 12te starb in hohem Alter einen nat\u00fcrlichen Tod.). Diese Entscheidungen sind nicht anders zu erkl\u00e4ren, als dass sie durch das Oster-Erlebnis so von der Realit\u00e4t der Auferstehung \u00fcberw\u00e4ltigt waren, dass sie den Tod nur noch als Tor ins neue Leben verstanden.\n<br\/><br\/>\nJesus sagte mal: \u201eIch lebe, und ihr sollt auch leben\u201c.\n<br\/><br\/>\nDas ist der Trost, den Christen haben, angesichts des eigenen Todes \u2013 aber auch des Todes von uns geliebten Menschen!\n      <\/div>\n      <div class=\"stationsteil anhoeren\">\n        <i class=\"fa-solid fa-volume-high\"><\/i> Diesen Text zum Anh\u00f6ren:\n<audio class=\"wp-audio-shortcode\" id=\"audio-5558-1\" preload=\"none\" style=\"width: 100%;\" controls=\"controls\"><source type=\"audio\/mpeg\" src=\"http:\/\/www.christusbund.de\/weilheim\/wp-content\/uploads\/sites\/24\/2024\/03\/Osterweg-Station7-Erwachsene_v2.mp3?_=1\" \/><a href=\"http:\/\/www.christusbund.de\/weilheim\/wp-content\/uploads\/sites\/24\/2024\/03\/Osterweg-Station7-Erwachsene_v2.mp3\">http:\/\/www.christusbund.de\/weilheim\/wp-content\/uploads\/sites\/24\/2024\/03\/Osterweg-Station7-Erwachsene_v2.mp3<\/a><\/audio>\n      <\/div>\n    <\/div>\n\n    <a class=\"anchor\" id=\"bibeltext\"><\/a>\n    <div class=\"bibeltext\">\n      <h3><i class=\"fa-solid fa-book-open\"><\/i> Bibeltext zum Nachlesen<\/h3>\n\nLukas 24, 1-12\n<blockquote>\n1 Doch am ersten Tag der neuen Woche nahmen sie in aller Fr\u00fche die Salben, die sie zubereitet hatten, und gingen damit zum Grab. 2 Da sahen sie, dass der Stein, mit dem man den Eingang des Grabes verschlossen hatte, weggew\u00e4lzt war. 3 Sie gingen in die Grabkammer hinein, aber der Leichnam von Jesus, dem Herrn, war nirgends zu sehen. 4 W\u00e4hrend sie noch ratlos dastanden, traten pl\u00f6tzlich zwei M\u00e4nner in hell leuchtenden Gew\u00e4ndern zu ihnen. 5 Die Frauen erschraken und wagten nicht aufzublicken. Doch die beiden M\u00e4nner sagten zu ihnen: \u00bbWas sucht ihr den Lebendigen bei den Toten? 6 Er ist nicht hier; er ist auferstanden. Erinnert euch an das, was er euch gesagt hat, als er noch in Galil\u00e4a war: 7 \u203aDer Menschensohn muss in die H\u00e4nde s\u00fcndiger Menschen gegeben werden; er muss gekreuzigt werden und wird drei Tage danach auferstehen.\u2039\u00ab 8 Da erinnerten sich die Frauen an jene Worte Jesu. 9 Sie kehrten vom Grab in die Stadt zur\u00fcck und berichteten das alles den elf Aposteln und allen anderen J\u00fcngern. 10 Bei den Frauen handelte es sich um Maria aus Magdala, um Johanna und um Maria, die Mutter des Jakobus. Zusammen mit einigen anderen Frauen, die bei ihnen gewesen waren, erz\u00e4hlten sie den Aposteln, was sie erlebt hatten. 11 Aber diese hielten das alles f\u00fcr leeres Gerede und glaubten ihnen nicht. 12 Petrus allerdings sprang auf und lief zum Grab. Er beugte sich vor, um hineinzuschauen, sah aber nur die Leinenbinden daliegen. Voller Verwunderung ging er wieder fort.\n<\/blockquote>\n    <\/div>\n  <\/section>\n  <section>\n    <a class=\"anchor\" id=\"kinder\"><\/a>\n    <h3><i class=\"fa-solid fa-child-reaching\"><\/i> Kinder entdecken den Osterschatz<\/h3>\n\n    <div class=\"station_navi\">\n      <a href=\"https:\/\/www.christusbund.de\/weilheim\/osterweg6#kinder\">&lt; Station 6<\/a>\n      <a href=\"https:\/\/www.christusbund.de\/weilheim\/osterweg\">\u00dcbersicht<\/a>\n      <a href=\"https:\/\/www.christusbund.de\/weilheim\/osterweg8#kinder\">Station 8 &gt; <\/a>\n    <\/div>\n\n    <nav class=\"station_toc\">\n      <ul>\n        <li><a href=\"#kindertext\">Geschichte zum Nachlesen und h\u00f6ren<\/a><\/li>\n        <li><a href=\"#kindervideo\">Videoclip f\u00fcr Kinder<\/a><\/li>\n        <li><a href=\"#text\">Zur\u00fcck zum Stationstext f\u00fcr Erwachsene<\/a><\/li>\n      <\/ul>\n    <\/nav>\n\n    <a class=\"anchor\" id=\"kindertext\"><\/a>\n    <div class=\"kindertext\">\n      <h4><i class=\"fa-solid fa-comment-dots\"><\/i> Jesus ist auferstanden<\/h4>\n      <div class=\"stationsteil kindergeschichte\">\n        <div class=\"geschichte-bild\">\n<img loading=\"lazy\" decoding=\"async\" src=\"http:\/\/www.christusbund.de\/weilheim\/wp-content\/uploads\/sites\/24\/2024\/03\/Osterwegkind7_v2.jpg\" alt=\"\" width=\"750\" height=\"422\" class=\"alignnone size-full wp-image-6543\" srcset=\"https:\/\/www.christusbund.de\/weilheim\/wp-content\/uploads\/sites\/24\/2024\/03\/Osterwegkind7_v2.jpg 750w, https:\/\/www.christusbund.de\/weilheim\/wp-content\/uploads\/sites\/24\/2024\/03\/Osterwegkind7_v2-300x169.jpg 300w\" sizes=\"auto, (max-width: 750px) 100vw, 750px\" \/>\n      <\/div>\n      <div class=\"geschichte-text\">\nEinige Frauen gehen am Ostermorgen zum Felsengrab, in dem Freunde von Jesus ihn vor drei Tagen beerdigt haben.\nDie Frauen wollen den toten K\u00f6rper von Jesus mit \u00d6len salben, die gut riechen. Als sie zum Grab kommen, ist das Grab offen. Jesus liegt nicht mehr im Grab, sondern nur noch die T\u00fccher, in die er eingewickelt war. \n<br\/><br\/>\nPl\u00f6tzlich stehen da zwei Engel. Sie sagen: \u201eJesus ist auferstanden und lebt.\u201c Dann schicken die Engel die Frauen zu den J\u00fcngern, damit auch sie diese gute Nachricht erfahren. Doch die J\u00fcnger wollen den Frauen zuerst nicht glauben.\n<br\/><br\/>\nAber am Abend steht Jesus pl\u00f6tzlich mitten unter ihnen. Da sehen sie selbst, dass Jesus lebt. Auch danach begegnet Jesus den J\u00fcngern noch \u00f6fters.\n      <\/div>\n      <\/div>\n      <div class=\"stationsteil anhoeren\">\n        <i class=\"fa-solid fa-volume-high\"><\/i> Diesen Text zum Anh\u00f6ren:\n        <audio class=\"wp-audio-shortcode\" id=\"audio-5558-2\" preload=\"none\" style=\"width: 100%;\" controls=\"controls\"><source type=\"audio\/mpeg\" src=\"http:\/\/www.christusbund.de\/weilheim\/wp-content\/uploads\/sites\/24\/2024\/03\/Osterweg-Station7-Kinder.mp3?_=2\" \/><a href=\"http:\/\/www.christusbund.de\/weilheim\/wp-content\/uploads\/sites\/24\/2024\/03\/Osterweg-Station7-Kinder.mp3\">http:\/\/www.christusbund.de\/weilheim\/wp-content\/uploads\/sites\/24\/2024\/03\/Osterweg-Station7-Kinder.mp3<\/a><\/audio>\n      <\/div>\n    <\/div>\n    <a class=\"anchor\" id=\"kindervideo\"><\/a>\n    <div class=\"kindervideo\">\n      <h4><i class=\"fa-brands fa-youtube\"><\/i> Videoclip - Das Leben gewinnt<\/h4>\n        <iframe loading=\"lazy\" title=\"Osterweg: 7. Das Leben gewinnt\" width=\"750\" height=\"422\" src=\"https:\/\/www.youtube.com\/embed\/PW45QpBeWUE?feature=oembed\" frameborder=\"0\" allow=\"accelerometer; autoplay; clipboard-write; encrypted-media; gyroscope; picture-in-picture; web-share\" referrerpolicy=\"strict-origin-when-cross-origin\" allowfullscreen><\/iframe>\n    <\/div>\n<\/div>\n<\/section>\n\n\n\n\n<\/div><\/div><\/div><\/div><\/div><\/div><\/div>","protected":false},"excerpt":{"rendered":"<p>Station 7 &#8211; Das Leben gewinnt! &lt; Station 6 \u00dcbersicht Station 8 &gt; Stationstext zum Nachlesen und h\u00f6ren Bibeltext zum Nachlesen Kinder entdecken den Osterschatz Stationstext zum Nachlesen und h\u00f6ren Die Bibel, Johannes 11, 25+26 Jesus sagte: \u00bbIch bin die [&hellip;]<\/p>\n","protected":false},"author":49,"featured_media":8605,"parent":0,"menu_order":0,"comment_status":"closed","ping_status":"closed","template":"","meta":{"footnotes":""},"class_list":["post-5558","page","type-page","status-publish","has-post-thumbnail","hentry"],"publishpress_future_action":{"enabled":false,"date":"2026-04-21 12:52:53","action":"change-status","newStatus":"draft","terms":[],"taxonomy":"","extraData":[]},"publishpress_future_workflow_manual_trigger":{"enabledWorkflows":[]},"_links":{"self":[{"href":"https:\/\/www.christusbund.de\/weilheim\/wp-json\/wp\/v2\/pages\/5558","targetHints":{"allow":["GET"]}}],"collection":[{"href":"https:\/\/www.christusbund.de\/weilheim\/wp-json\/wp\/v2\/pages"}],"about":[{"href":"https:\/\/www.christusbund.de\/weilheim\/wp-json\/wp\/v2\/types\/page"}],"author":[{"embeddable":true,"href":"https:\/\/www.christusbund.de\/weilheim\/wp-json\/wp\/v2\/users\/49"}],"replies":[{"embeddable":true,"href":"https:\/\/www.christusbund.de\/weilheim\/wp-json\/wp\/v2\/comments?post=5558"}],"version-history":[{"count":11,"href":"https:\/\/www.christusbund.de\/weilheim\/wp-json\/wp\/v2\/pages\/5558\/revisions"}],"predecessor-version":[{"id":8598,"href":"https:\/\/www.christusbund.de\/weilheim\/wp-json\/wp\/v2\/pages\/5558\/revisions\/8598"}],"wp:featuredmedia":[{"embeddable":true,"href":"https:\/\/www.christusbund.de\/weilheim\/wp-json\/wp\/v2\/media\/8605"}],"wp:attachment":[{"href":"https:\/\/www.christusbund.de\/weilheim\/wp-json\/wp\/v2\/media?parent=5558"}],"curies":[{"name":"wp","href":"https:\/\/api.w.org\/{rel}","templated":true}]}}