{"id":5554,"date":"2023-03-07T20:50:12","date_gmt":"2023-03-07T19:50:12","guid":{"rendered":"https:\/\/www.christusbund.de\/weilheim\/?page_id=5554"},"modified":"2026-03-15T14:12:19","modified_gmt":"2026-03-15T13:12:19","slug":"osterweg5","status":"publish","type":"page","link":"https:\/\/www.christusbund.de\/weilheim\/osterweg5\/","title":{"rendered":"Osterweg Station 5"},"content":{"rendered":"<div id=\"pl-5554\"  class=\"panel-layout\" ><div id=\"pg-5554-0\"  class=\"panel-grid panel-has-style\" ><div class=\"cb_container cb_bg_lightgray panel-row-style panel-row-style-for-5554-0\" ><div id=\"pgc-5554-0-0\"  class=\"panel-grid-cell\" ><div id=\"panel-5554-0-0-0\" class=\"so-panel widget widget_black-studio-tinymce widget_black_studio_tinymce panel-first-child panel-last-child\" data-index=\"0\" ><div class=\"container panel-widget-style panel-widget-style-for-5554-0-0-0\" ><div class=\"textwidget\"><style type=\"text\/css\">\n.osterweg .overview-station{\r\n  max-width:500px;\r\n  display:flex;\r\n  justify-content:space-between;\r\n  background-color:#e2e2e2;\r\n  border:1px solid #a2a9b1;\r\n  padding: 8px;\r\n  margin:8px;\r\n  border-radius: 5px;\r\n}\r\n\r\n.osterweg .overview-station{\r\n  max-width:500px;\r\n  display:flex;\r\n  justify-content:space-between;\r\n  background-color:#e2e2e2;\r\n  border:1px solid #a2a9b1;\r\n  padding: 8px;\r\n  margin:8px;\r\n  border-radius: 5px;\r\n}\r\n\r\n.osterweg .overview-station-box{\r\n  max-width:500px;\r\n  background-color:#e2e2e2;\r\n  border:1px solid #a2a9b1;\r\n  padding: 8px;\r\n  margin:8px;\r\n  border-radius: 5px;\r\n}\r\n\r\n.osterweg .overview-station-icons{\r\n  display:flex;\r\n  justify-content:space-between;\r\n}\r\n\r\n.osterweg .overview-station-title{\r\n  margin-bottom:5px;\r\n}\r\n\r\n.osterweg h3, .osterweg h4{\r\n  margin-top:30px;\r\n  margin-bottom:10px;\r\n}\r\n\r\n.osterweg a.anchor {\r\n  display: block;\r\n  position: relative;\r\n  visibility: hidden;\r\n}\r\n.osterweg .anhoeren,  .osterweg .lied{\r\n  margin-top:10px;\r\n}\r\n\r\n@media screen and (min-width: 992px){\r\n .osterweg a.anchor {\r\n    top: -70px;\r\n  }\r\n}\r\n  .osterweg blockquote {\r\n    font-size: 15px;\r\n    border-left: 8px solid #ACAA00;\r\n    margin-top: 5px;\r\n    background-color: #E9E9E9;\r\n    border-radius: 5px;\r\n  }\r\n\r\n  .osterweg .station_navi {\r\n    display: flex;\r\n    justify-content: space-between;\r\n    border: 1px solid #bbb;\r\n    padding: 0 15px;\r\n    margin-bottom: 15px;\r\n    border-radius: 5px;\r\n  }\r\n\r\n  .osterweg .station_toc {\r\n    width: 300px;\r\n    background-color: #e9e9e9;\r\n    border: 1px solid #a2a9b1;\r\n    padding-top: 8px;\r\n    box-shadow: 3px 3px 3px #bbb;\r\n    border-radius: 5px;\r\n  }\r\n\r\n.osterweg section{\r\n  padding-top: 5px;\r\n}\r\n\r\n.osterweg section:not(:last-child){\r\n  margin-bottom: 70px;\r\n}\r\n\r\n.osterweg .kindergeschichte{\r\n    display: flex;\r\n    align-items: flex-start;\r\n    flex-wrap: wrap;\r\n}\r\n\r\n.osterweg .geschichte-bild{\r\n  width: 500px; \r\n}\r\n\r\n.osterweg .geschichte-text{\r\n  flex: 1;\r\n  margin-left: 20px; \r\nmargin-top: 5px;\r\n}\r\n\r\n@media (max-width: 991px) {\r\n  .osterweg .geschichte-bild{\r\n      width: 100%;\r\n      max-width: none;\r\n  }\r\n        \r\n  .osterweg .geschichte-text{\r\n    flex: none; \r\n    width: 100%;\r\n      max-width: none;\r\n      margin-left: 0;\r\n   }\r\n}\n<\/style>\n<div class=\"osterweg\">\n  <section>\n    <a class=\"anchor\" id=\"text\"><\/a>\n    <h2>Station 5 - Jeder hat sein Kreuz zu tragen<\/h2>\n\n    <div class=\"station_navi\">\n      <a href=\"https:\/\/www.christusbund.de\/weilheim\/osterweg4\">&lt; Station 4<\/a>\n      <a href=\"https:\/\/www.christusbund.de\/weilheim\/osterweg\">\u00dcbersicht<\/a>\n      <a href=\"https:\/\/www.christusbund.de\/weilheim\/osterweg6\">Station 6 &gt; <\/a>\n    <\/div>\n\n    <nav class=\"station_toc\">\n      <ul>\n        <li><a href=\"#stationstext\">Stationstext zum Nachlesen und h\u00f6ren<\/a><\/li>\n        <li><a href=\"#bibeltext\">Bibeltext zum Nachlesen<\/a><\/li>\n        <li><a href=\"#kinder\">Kinder entdecken den Osterschatz<\/a><\/li>\n      <\/ul>\n    <\/nav>\n\n    <a class=\"anchor\" id=\"stationstext\"><\/a>\n    <div class=\"stationstext\">\n      <h3><i class=\"fa-solid fa-flag\"><\/i> Stationstext zum Nachlesen und h\u00f6ren<\/h3>\n      <h4><i class=\"fa-solid fa-book-bible\"><\/i> Die Bibel, Johannes 19,17 & Lukas 23,26<\/h4>\n      <div class=\"stationsteil bibelvers\">\n        Jesus trug sein Kreuz selbst aus der Stadt hinaus zu der so genannten Sch\u00e4delst\u00e4tte; auf Hebr\u00e4isch hei\u00dft sie Golgatha.<br\/><br\/>\nAls die Soldaten Jesus aus der Stadt hinausf\u00fchrten, kam gerade ein Mann vom Feld; er hie\u00df Simon und stammte aus Kyrene. Sie hielten ihn an und luden ihm das Kreuz auf, und er musste es hinter Jesus hertragen. \n      <\/div>\n      <h4><i class=\"fa-solid fa-lightbulb\"><\/i> Was geschah<\/h4>\n      <div class=\"stationsteil wasgeschah\">\n        Die Verurteilung von Jesus war bemerkenswert: <br\/>Schon vor dem j\u00fcdischen Gericht (dem \u201eHohen Rat\u201c) mussten Zeugen bestochen werden, um Jesus \u00fcberhaupt eine Schuld vorzuwerfen. Der Haupt-Anklagepunkt war: \u201eGottesl\u00e4sterung\u201c, denn Jesus bejahte die Frage, ob er der Sohn Gottes sei. Der R\u00f6mische Statthalter Pontius Pilatus sagte es frei heraus: \u201eIch finde keine Schuld an ihm.\u201c \n<br\/><br\/>\nSo wird zweimal bezeugt, dass Jesus v\u00f6llig schuldlos war. Durch Aufwiegelung des Volkes kam es trotzdem zur Verurteilung Jesu. Die Massen forderten die Kreuzigung, eine der schlimmsten und qu\u00e4lendsten Hinrichtungsmethoden der damaligen Zeit. \n<br\/><br\/>\nJesus, schon von der vorangegangenen Auspeitschung geschw\u00e4cht, musste sein Folterinstrument, den Kreuzbalken, selbst an die Hinrichtungsstelle tragen. Ein Mann namens Simon kam gerade von der Feldarbeit und wurde von den r\u00f6mischen Soldaten gezwungen, Jesus das Kreuz abzunehmen und ihm nachzutragen. \n      <\/div>\n      <div class=\"stationsteil undich\">\n        <h4><i class=\"fa-solid fa-handshake-simple\"><\/i> Und ich?<\/h4>\n      Simon von Kyrene wurde schon immer als ein \u201eUrtyp\u201c eines Christen angesehen. \nDenn Jesus sagte es auch vorher schon: \u201eWenn jemand mein J\u00fcnger sein will, muss er sich selbst verleugnen, sein Kreuz t\u00e4glich auf sich nehmen und mir nachfolgen.\u201c (Lukas 9,23)\n<br\/><br\/>\nDa ist Wichtiges angesprochen: Christsein ist kein Leben auf Wolke Sieben, kein andauernder H\u00f6henwanderweg! Jeder hat seine Lasten zu tragen, das geh\u00f6rt zum Leben dazu. Wenn wir Jesus ernst nehmen, wird klar: Das Christsein macht das Leben nicht nur leichter. Es kommen Lasten dazu. Zu allen Zeiten wurden Christen auch missverstanden, verachtet, verfolgt.<br\/>\n Genauso wenig, wie Jesus in die damalige Gesellschaft passte, passen oft Christen in die ihre. So waren die Christen schon den R\u00f6mern ein Dorn im Auge, sie waren \u2013 wie Martin Luther einst - von der damaligen Kirche ge\u00e4chtet und im Dritten Reich standen die bekennenden Christen der Staatsideologie im Weg. <br\/>Nicht wenige haben das mit dem Leben bezahlt. (Etwas anderes ist es, dass die Christen leider durch falsches, manchmal verwerfliches Verhalten oft selbst dazu beitragen, dass ihr Christsein nicht glaubw\u00fcrdig wahrgenommen wird.)\n<br\/>\nBei allem gilt: <br\/>\n\u201eGott legt uns eine Last auf, aber er hilft uns auch!\u201c Psalm 68,20\n<br\/><br\/>\nGerne d\u00fcrfen Sie einmal das Kreuz tragen, um ein Gef\u00fchl f\u00fcr das Gewicht zu bekommen!\n      <\/div>\n      <div class=\"stationsteil anhoeren\">\n        <i class=\"fa-solid fa-volume-high\"><\/i> Diesen Text zum Anh\u00f6ren:\n<audio class=\"wp-audio-shortcode\" id=\"audio-5554-1\" preload=\"none\" style=\"width: 100%;\" controls=\"controls\"><source type=\"audio\/mpeg\" src=\"http:\/\/www.christusbund.de\/weilheim\/wp-content\/uploads\/sites\/24\/2024\/03\/Osterweg-Station5-Erwachsene.mp3?_=1\" \/><a href=\"http:\/\/www.christusbund.de\/weilheim\/wp-content\/uploads\/sites\/24\/2024\/03\/Osterweg-Station5-Erwachsene.mp3\">http:\/\/www.christusbund.de\/weilheim\/wp-content\/uploads\/sites\/24\/2024\/03\/Osterweg-Station5-Erwachsene.mp3<\/a><\/audio>\n      <\/div>\n    <\/div>\n\n    <a class=\"anchor\" id=\"bibeltext\"><\/a>\n    <div class=\"bibeltext\">\n      <h3><i class=\"fa-solid fa-book-open\"><\/i> Bibeltext zum Nachlesen<\/h3>\n\n      Lukas 22,63 \u2013 23,26\n<blockquote>\n22,63 Die M\u00e4nner, die Jesus bewachten, trieben ihren Spott mit ihm und schlugen ihn. 64 Sie verh\u00fcllten sein Gesicht und sagten zu ihm: \u00bbDu bist doch ein Prophet! Sag uns: Wer hat dich geschlagen?\u00ab 65 Und noch viele andere Schm\u00e4hungen musste er \u00fcber sich ergehen lassen.\n<br><br>\n66 Als es Tag wurde, versammelten sich die \u00c4ltestenschaft des j\u00fcdischen Volkes sowie die f\u00fchrenden Priester und die Schriftgelehrten zu einer Sitzung des Hohen Rates und lie\u00dfen Jesus vorf\u00fchren. 67 \u00bbBist du der Messias, dann sag es uns!\u00ab, forderten sie ihn auf. Er entgegnete: \u00bbWenn ich es euch sage, glaubt ihr es mir ja doch nicht, 68 und wenn ich euch frage, antwortet ihr nicht. 69 Aber von jetzt an wird der Menschensohn an der rechten Seite des allm\u00e4chtigen Gottes sitzen.\u00ab 70 Da riefen sie alle: \u00bbDann bist du also der Sohn Gottes?\u00ab Er erwiderte: \u00bbIhr sagt selbst, dass ich es bin.\u00ab 71 Darauf erkl\u00e4rten sie: \u00bbWozu brauchen wir noch Zeugenaussagen? Wir haben es ja selbst geh\u00f6rt, und dazu noch aus seinem eigenen Mund.\u00ab\n<br><br>\n23,1 Der gesamte Hohe Rat erhob sich. Sie f\u00fchrten Jesus zu Pilatus 2 und trugen diesem ihre Anklage vor. \u00bbWir haben festgestellt\u00ab, sagten sie, \u00bbdass dieser Mann unser Volk aufwiegelt; er h\u00e4lt die Leute davon ab, dem Kaiser Steuern zu zahlen, und behauptet, er sei der Messias und K\u00f6nig.\u00ab 3 Pilatus fragte Jesus: \u00bbBist du der K\u00f6nig der Juden?\u00ab \u2013 \u00bbDu selbst sprichst es aus\u00ab, erwiderte Jesus. 4 Darauf sagte Pilatus zu den f\u00fchrenden Priestern und der Volksmenge: \u00bbIch kann keine Schuld an diesem Menschen finden.\u00ab 5 Aber sie beharrten auf ihren Anschuldigungen und erkl\u00e4rten: \u00bbMit seiner Lehre, die er im ganzen j\u00fcdischen Land verbreitet, hetzt er das Volk auf. Angefangen hat er damit in Galil\u00e4a, und jetzt ist er bis hierher gekommen.\u00ab\n<br><br>\n6 Als Pilatus das h\u00f6rte, fragte er, ob der Mann ein Galil\u00e4er sei. 7 Man best\u00e4tigte ihm, dass Jesus aus dem Herrschaftsbereich des Herodes kam. Da lie\u00df er ihn zu Herodes f\u00fchren, der in jenen Tagen ebenfalls in Jerusalem war. 8 Herodes war hoch erfreut, Jesus endlich zu Gesicht zu bekommen. Er hatte sich seit langer Zeit gew\u00fcnscht, ihn einmal zu sehen, nachdem er schon viel von ihm geh\u00f6rt hatte. Nun hoffte er, Jesus w\u00fcrde in seiner Gegenwart ein Wunder tun. 9 Er stellte ihm viele Fragen, aber Jesus gab ihm nicht eine einzige Antwort. 10 Die f\u00fchrenden Priester und die Schriftgelehrten standen dabei und brachten schwere Beschuldigungen gegen ihn vor. 11 Auch Herodes und seine Soldaten hatten f\u00fcr Jesus nur Verachtung \u00fcbrig. Sie trieben ihren Spott mit ihm und h\u00e4ngten ihm ein Prachtgewand um, und so schickte Herodes ihn zu Pilatus zur\u00fcck. 12 Herodes und Pilatus, die bis dahin miteinander verfeindet gewesen waren, wurden an diesem Tag Freunde.\n<br><br>\n13 Pilatus rief die f\u00fchrenden Priester, die anderen f\u00fchrenden M\u00e4nner und das Volk zusammen 14 und erkl\u00e4rte: \u00bbIhr habt diesen Mann vor mich gebracht, weil er angeblich das Volk aufwiegelt. Nun, ich habe ihn in eurem Beisein verh\u00f6rt und habe ihn in keinem der Anklagepunkte, die ihr gegen ihn erhebt, f\u00fcr schuldig befunden. 15 Im \u00dcbrigen ist auch Herodes zu keinem anderen Schluss gekommen, sonst h\u00e4tte er ihn nicht zu uns zur\u00fcckgeschickt. Ihr seht also: Der Mann hat nichts getan, womit er den Tod verdient h\u00e4tte. 16-17 Darum werde ich ihn auspeitschen lassen und dann freigeben.\u00ab 18 Doch da schrien sie alle im Chor: \u00bbWeg mit ihm! Gib uns Barabbas frei!\u00ab 19 Barabbas sa\u00df im Gef\u00e4ngnis, weil er an einem Aufruhr in der Stadt beteiligt gewesen war und einen Mord begangen hatte. 20 Pilatus, der Jesus freilassen wollte, versuchte noch einmal, sich bei der Menge Geh\u00f6r zu verschaffen. 21 Sie aber schrien nur umso lauter: \u00bbLass ihn kreuzigen! Lass ihn kreuzigen!\u00ab 22 Pilatus machte noch einen dritten Versuch. \u00bbWas f\u00fcr ein Verbrechen hat er denn begangen?\u00ab, fragte er sie. \u00bbIch habe nichts an ihm gefunden, wof\u00fcr er den Tod verdient h\u00e4tte. Darum werde ich ihn auspeitschen lassen und dann freigeben.\u00ab 23 Doch sie gaben nicht nach. Mit aller Macht forderten sie, Jesus solle gekreuzigt werden. Schlie\u00dflich beugte sich Pilatus dem Druck der schreienden Menge 24 und entschied, dass sie ihren Willen haben sollten. 25 Den, der wegen Aufruhr und Mord im Gef\u00e4ngnis sa\u00df, gab er frei, wie sie es gefordert hatten; Jesus aber opferte er ihrem Willen.\n<br><br>\n26 Als die Soldaten Jesus aus der Stadt hinausf\u00fchrten, kam gerade ein Mann vom Feld; er hie\u00df Simon und stammte aus Zyrene. Sie hielten ihn an und luden ihm das Kreuz auf, und er musste es hinter Jesus hertragen.\n<\/blockquote>\n    <\/div>\n  <\/section>\n  <section>\n    <a class=\"anchor\" id=\"kinder\"><\/a>\n    <h3><i class=\"fa-solid fa-child-reaching\"><\/i> Kinder entdecken den Osterschatz<\/h3>\n\n    <div class=\"station_navi\">\n      <a href=\"https:\/\/www.christusbund.de\/weilheim\/osterweg4#kinder\">&lt; Station 4<\/a>\n      <a href=\"https:\/\/www.christusbund.de\/weilheim\/osterweg\">\u00dcbersicht<\/a>\n      <a href=\"https:\/\/www.christusbund.de\/weilheim\/osterweg6#kinder\">Station 6 &gt; <\/a>\n    <\/div>\n\n    <nav class=\"station_toc\">\n      <ul>\n        <li><a href=\"#kindertext\">Geschichte zum Nachlesen und h\u00f6ren<\/a><\/li>\n        <li><a href=\"#kindervideo\">Videoclip f\u00fcr Kinder<\/a><\/li>\n        <li><a href=\"#text\">Zur\u00fcck zum Stationstext f\u00fcr Erwachsene<\/a><\/li>\n      <\/ul>\n    <\/nav>\n\n    <a class=\"anchor\" id=\"kindertext\"><\/a>\n    <div class=\"kindertext\">\n      <h4><i class=\"fa-solid fa-comment-dots\"><\/i> Auf dem Weg nach Golgatha<\/h4>\n      <div class=\"stationsteil kindergeschichte\">\n        <div class=\"geschichte-bild\">\n        <img loading=\"lazy\" decoding=\"async\" src=\"http:\/\/www.christusbund.de\/weilheim\/wp-content\/uploads\/sites\/24\/2024\/03\/Osterwegkind5.jpg\" alt=\"\" width=\"500\" height=\"281\" class=\"alignnone size-full wp-image-6486\" srcset=\"https:\/\/www.christusbund.de\/weilheim\/wp-content\/uploads\/sites\/24\/2024\/03\/Osterwegkind5.jpg 500w, https:\/\/www.christusbund.de\/weilheim\/wp-content\/uploads\/sites\/24\/2024\/03\/Osterwegkind5-300x169.jpg 300w\" sizes=\"auto, (max-width: 500px) 100vw, 500px\" \/>\n      <\/div>\n      <div class=\"geschichte-text\">\nVor dem Hohem Rat wird Jesus verh\u00f6rt. Der Hohe Priester fragt Jesus: \u201eBist du der Christus, der Sohn Gottes?\u201c Jesus gibt es zu. Das wollen sie Jesus nicht glauben. Sie sagen: \u201eDas ist Gottesl\u00e4sterung, er muss get\u00f6tet werden.\u201c<br\/>\n Jesus wird angespuckt und geschlagen. Sp\u00e4ter wird Jesus zum r\u00f6mischen Statthalter Pilatus gebracht, dort von den Juden angeklagt und von Pilatus verh\u00f6rt. Pilatus findet keine Schuld an Jesus. Er ist sich sicher, dass der Hohe Rat Jesus loswerden will. \n<br\/><br\/>\nPilatus unternimmt mehrere Anl\u00e4ufe, um Jesus freizulassen. Doch die Volksmenge schreit und verlangt, dass der Herr Jesus gekreuzigt wird. Pilatus gibt der Menge nach. Daraufhin l\u00e4sst Pilatus Jesus auspeitschen. Die Soldaten setzen ihm eine Dornenkrone auf seinen Kopf und verspotten ihn. Nun muss Jesus sein Kreuz durch die ganze Stadt zum H\u00fcgel Golgatha tragen. <br\/>\nAls Jesus unterwegs nicht mehr kann, zwingen die Soldaten einen vor\u00fcbergehenden Mann, das Kreuz weiterzutragen bis zum H\u00fcgel Golgatha.\n      <\/div>\n      <\/div>\n      <div class=\"stationsteil anhoeren\">\n        <i class=\"fa-solid fa-volume-high\"><\/i> Diesen Text zum Anh\u00f6ren:\n        <audio class=\"wp-audio-shortcode\" id=\"audio-5554-2\" preload=\"none\" style=\"width: 100%;\" controls=\"controls\"><source type=\"audio\/mpeg\" src=\"http:\/\/www.christusbund.de\/weilheim\/wp-content\/uploads\/sites\/24\/2024\/03\/Osterweg-Station5-Kinder.mp3?_=2\" \/><a href=\"http:\/\/www.christusbund.de\/weilheim\/wp-content\/uploads\/sites\/24\/2024\/03\/Osterweg-Station5-Kinder.mp3\">http:\/\/www.christusbund.de\/weilheim\/wp-content\/uploads\/sites\/24\/2024\/03\/Osterweg-Station5-Kinder.mp3<\/a><\/audio>\n      <\/div>\n    <\/div>\n    <a class=\"anchor\" id=\"kindervideo\"><\/a>\n    <div class=\"kindervideo\">\n      <h4><i class=\"fa-brands fa-youtube\"><\/i> Videoclip - Jeder hat sein Kreuz zu tragen<\/h4>\n      <iframe loading=\"lazy\" title=\"Osterweg: 5. Jeder hat sein Kreuz zu tragen\" width=\"750\" height=\"422\" src=\"https:\/\/www.youtube.com\/embed\/KHAOR7_xZ_Q?feature=oembed\" frameborder=\"0\" allow=\"accelerometer; autoplay; clipboard-write; encrypted-media; gyroscope; picture-in-picture; web-share\" referrerpolicy=\"strict-origin-when-cross-origin\" allowfullscreen><\/iframe>\n    <\/div>\n<\/div>\n<\/section><\/div><\/div><\/div><\/div><\/div><\/div><\/div>","protected":false},"excerpt":{"rendered":"<p>Station 5 &#8211; Jeder hat sein Kreuz zu tragen &lt; Station 4 \u00dcbersicht Station 6 &gt; Stationstext zum Nachlesen und h\u00f6ren Bibeltext zum Nachlesen Kinder entdecken den Osterschatz Stationstext zum Nachlesen und h\u00f6ren Die Bibel, Johannes 19,17 &#038; Lukas 23,26 [&hellip;]<\/p>\n","protected":false},"author":49,"featured_media":8605,"parent":0,"menu_order":0,"comment_status":"closed","ping_status":"closed","template":"","meta":{"footnotes":""},"class_list":["post-5554","page","type-page","status-publish","has-post-thumbnail","hentry"],"publishpress_future_action":{"enabled":false,"date":"2026-04-15 13:13:51","action":"change-status","newStatus":"draft","terms":[],"taxonomy":"","extraData":[]},"publishpress_future_workflow_manual_trigger":{"enabledWorkflows":[]},"_links":{"self":[{"href":"https:\/\/www.christusbund.de\/weilheim\/wp-json\/wp\/v2\/pages\/5554","targetHints":{"allow":["GET"]}}],"collection":[{"href":"https:\/\/www.christusbund.de\/weilheim\/wp-json\/wp\/v2\/pages"}],"about":[{"href":"https:\/\/www.christusbund.de\/weilheim\/wp-json\/wp\/v2\/types\/page"}],"author":[{"embeddable":true,"href":"https:\/\/www.christusbund.de\/weilheim\/wp-json\/wp\/v2\/users\/49"}],"replies":[{"embeddable":true,"href":"https:\/\/www.christusbund.de\/weilheim\/wp-json\/wp\/v2\/comments?post=5554"}],"version-history":[{"count":10,"href":"https:\/\/www.christusbund.de\/weilheim\/wp-json\/wp\/v2\/pages\/5554\/revisions"}],"predecessor-version":[{"id":6502,"href":"https:\/\/www.christusbund.de\/weilheim\/wp-json\/wp\/v2\/pages\/5554\/revisions\/6502"}],"wp:featuredmedia":[{"embeddable":true,"href":"https:\/\/www.christusbund.de\/weilheim\/wp-json\/wp\/v2\/media\/8605"}],"wp:attachment":[{"href":"https:\/\/www.christusbund.de\/weilheim\/wp-json\/wp\/v2\/media?parent=5554"}],"curies":[{"name":"wp","href":"https:\/\/api.w.org\/{rel}","templated":true}]}}