{"id":5482,"date":"2023-02-26T20:15:21","date_gmt":"2023-02-26T19:15:21","guid":{"rendered":"https:\/\/www.christusbund.de\/weilheim\/?page_id=5482"},"modified":"2024-03-11T17:19:12","modified_gmt":"2024-03-11T16:19:12","slug":"geschichte","status":"publish","type":"page","link":"https:\/\/www.christusbund.de\/weilheim\/geschichte\/","title":{"rendered":"Unsere Geschichte"},"content":{"rendered":"<div id=\"pl-5482\"  class=\"panel-layout\" ><div id=\"pg-5482-0\"  class=\"panel-grid panel-has-style\" ><div class=\"cb_container cb_bg_lightgray panel-row-style panel-row-style-for-5482-0\" ><div id=\"pgc-5482-0-0\"  class=\"panel-grid-cell\" ><div id=\"panel-5482-0-0-0\" class=\"so-panel widget widget_black-studio-tinymce widget_black_studio_tinymce panel-first-child panel-last-child\" data-index=\"0\" ><div class=\"container panel-widget-style panel-widget-style-for-5482-0-0-0\" ><div class=\"textwidget\"><div id=\"kinder\" class=\"cb_wp_anker\"><\/div>\n<h4 class=\"text-center\"><span class=\"cb_heading cb_bg_primary\">100 Jahre Christusbund Weilheim \u2013 ein R\u00fcckblick<\/span><\/h4>\n\n<div id=\"owl-carousel\" class=\"owl-carousel cb_owl_box\">\n  <div class=\"item text-center\" style=\"height:100%\">\n      <img decoding=\"async\" src=\"http:\/\/www.christusbund.de\/weilheim\/wp-content\/uploads\/sites\/24\/2023\/02\/Rueckblick_1921.jpg\" style=\"width:250px !important;height:250px !important;\" alt=\"\" \/>\n    <h3>1921 - 1964<\/h3>\n   <p style=\"text-align: left;\">\nWeilheim, 1921. Wenige Jahre nach dem ersten Welt-\nkrieg wird von Eberhard Deininger in seinem Haus in der Lindachstra\u00dfe eine christliche Versammlung ins Leben gerufen: liebevoll und gut schw\u00e4bisch \u201ed\u2019Stond\u201c genannt.\n\n<div id=\"history1921\" style=\"text-align: left;display:none\">Der Hunger nach der Jesus-Botschaft ist gro\u00df und schnell f\u00fcllt sich das \u201eEberhardhaus\u201c jeden Montagabend mit Gl\u00e4ubigen.\n<br\/><br\/>\nHeute, rund einhundert Jahre sp\u00e4ter, darf unsere Gemeinde dankbar auf eine bewegte und von Gott gef\u00fchrte Geschichte zur\u00fcckblicken: Mit der Gr\u00fcndung des W\u00fcrttembergischen Br\u00fcderbunds am 28.10.1933 in Bad Cannstatt wird auch die kleine aber wachsende Weilheimer Gemeinschaft ein Teil dieses Verbandes. \n<br\/><br\/>\nW\u00e4hrend der Zeit des Dritten Reiches suchen immer mehr Menschen in der Bibel Trost, Zuflucht und Orientierung f\u00fcr ihr Leben. Im Haus der Deiningers f\u00fcllen sie schon bald nicht mehr nur das Wohnzimmer, sondern auch die Flure und Treppen. Neben Bibelstunden und Evangelisationen wird auch die Kinder- und Jugendarbeit zu einem zentralen Pfeiler der Gemeindeaktivit\u00e4ten in Weilheim.<\/div>\n<br\/>\n<span id=\"history1921_btn\" class=\"btn btn-primary\" onclick=\"extend1921()\">... weiterlesen<\/span>\n<br\/>\n<\/p>\n  <\/div>\n  <div class=\"item text-center\" style=\"height:100%\">\n   <img decoding=\"async\" src=\"http:\/\/www.christusbund.de\/weilheim\/wp-content\/uploads\/sites\/24\/2023\/02\/Rueckblick_1965.jpg\" alt=\"\"  style=\"width:250px !important;height:250px !important;\" \/>\n    <h3>1965 - 1989<\/h3>\n   <p style=\"text-align: left;\">Ab 1965 trifft sich die Gemeinschaft in der Kirchheimer Stra\u00dfe 36, dem frei gewordenen Laden des Textilgesch\u00e4ftes Mack. Erstmals finden nun die Versammlungen sonntags statt. <div id=\"history1965\" style=\"text-align: left;display:none\"> Zunehmend kommen Jugendliche und junge Familien dazu, und die Programmangebote werden im Rahmen der r\u00e4umlichen M\u00f6glichkeiten weiter<\/div><br\/>\n<span id=\"history1965_btn\" class=\"btn btn-primary\" onclick=\"extend1965()\">... weiterlesen<\/span>\n<br\/><\/p>\n  <\/div>\n  <div class=\"item text-center\" style=\"height:100%\">\n    <img decoding=\"async\"  src=\"http:\/\/www.christusbund.de\/weilheim\/wp-content\/uploads\/sites\/24\/2023\/02\/Rueckblick_1989.jpg\" alt=\"\" style=\"width:250px !important;height:250px !important;\" \/>\n    <h3>1989 - 2013<\/h3>\n   <p style=\"text-align: left;\">Das Haus in der Wehrstra\u00dfe 18 wird f\u00fcr viele Jahre zu einer Heimat f\u00fcr die Weilheimer Br\u00fcderbund-Gemeinschaft und pr\u00e4gt das Gemeindeleben nachhaltig.<div id=\"history1989\" style=\"text-align: left;display:none\">Nicht zuletzt dank des Engagements vieler ehrenamtlicher Mitarbeiter sind nun Gottesdienste, Bibelkreise, Jugend- und Teenkreis, Jungscharen und Kinderstunden, Seniorennachmittage, Gebetskreise und viele weitere Angebote m\u00f6glich. Sie laden alle Generationen ins \u201eS\u00e4le\u201c ein. Auch weiterhin schenkt Gott Wachstum und nach 24 Jahren wird es wieder eng im Haus in der Wehrstra\u00dfe.<\/div><br\/>\n<span id=\"history1989_btn\" class=\"btn btn-primary\" onclick=\"extend1989()\">... weiterlesen<\/span>\n<br\/><\/p>\n  <\/div>\n  <div class=\"item text-center\" style=\"height:100%\">\n    <img decoding=\"async\" src=\"http:\/\/www.christusbund.de\/weilheim\/wp-content\/uploads\/sites\/24\/2023\/02\/Rueckblick_2013.jpg\" alt=\"\" style=\"width:250px !important;height:250px !important;\" \/>\n    <h3>seit 2013<\/h3>\n    <p style=\"text-align: left;\">Im Jahr 2013, nun unter dem neuen Namen \u201eChristusbund Weilheim\u201c, bezieht die Gemeinde ihr heutiges Zuhause, den \u201eNeuen L\u00f6wensaal\u201c in der Schulstra\u00dfe 20.\n<div id=\"history2013\" style=\"text-align: left;display:none\">  \n<br\/><br\/>\nUnser Anliegen hat sich \u00fcber die Jahrzehnte nicht ge\u00e4ndert: Jesus l\u00e4dt uns ein, ihm zu vertrauen und zu folgen. Das soll immer mehr unser Leben pr\u00e4gen. Und wir wollen den Menschen in Weilheim und Umgebung eine Heimat bieten, wo Kleinund Gro\u00df herzlich willkommen sind und gemeinsam Glauben erleben und teilen k\u00f6nnen. Gemeinschaft, die tr\u00e4gt \u2013 in Gebet, gegenseitiger Ermutigung und auch ganz praktisch! Dabei wissen wir: Nur einer kann wirklich tragen: Jesus.<\/div><br\/>\n<span id=\"history2013_btn\" class=\"btn btn-primary\" onclick=\"extend2013()\">... weiterlesen<\/span>\n<br\/><\/p>\n\n  <\/div>\n<\/div>\n\n<script type=\"text\/javascript\">\njQuery(document).ready(function($) {\r\n  $(\".owl-carousel\").owlCarousel({\r\n    lazyLoad: true,\r\n    nav: true,\r\n    dots: true,\r\n    items:2,\r\n    autoHeight: false,\r\n    navText: [\r\n      '<i class=\"fal fa-angle-left\"><\/i>',\r\n      '<i class=\"fal fa-angle-right\"><\/i>'\r\n    ],\r\n    responsive: {\r\n        0: {\r\n          items: 1\r\n        },\r\n        768: {\r\n          items: 2\r\n        }\r\n      }\r\n  });\r\n});\n<\/script>\n<style type=\"text\/css\">\n.owl-carousel .owl-stage{display: flex;}\r\n.article-items {\r\n    display: flex;\r\n    flex: 1 0 auto;\r\n    height: 100%;\r\n}\r\n.aticle-box {\r\n    position: relative;\r\n    overflow: hidden;\r\n    display: flex;\r\n    flex-direction: column;\r\n    align-items: stretch;\r\n}\n<\/style>\n<script type=\"text\/javascript\">\nfunction extend1921() {\r\n  const text = document.getElementById(\"history1921\");\r\n  const btn = document.getElementById(\"history1921_btn\");\r\n  if (text .style.display === \"none\") {\r\n    text .style.display = \"block\";\r\n    btn.textContent = \"... weniger anzeigen\"\r\n  } else {\r\n    text .style.display = \"none\";\r\n    btn.textContent = \"... weiterlesen\"\r\n  }\r\n}\r\n\r\nfunction extend1965() {\r\n  const text = document.getElementById(\"history1965\");\r\n  const btn = document.getElementById(\"history1965_btn\");\r\n  if (text .style.display === \"none\") {\r\n    text .style.display = \"block\";\r\n    btn.textContent = \"... weniger anzeigen\"\r\n  } else {\r\n    text .style.display = \"none\";\r\n    btn.textContent = \"... weiterlesen\"\r\n  }\r\n}\r\n\r\nfunction extend1989() {\r\n  const text = document.getElementById(\"history1989\");\r\n  const btn = document.getElementById(\"history1989_btn\");\r\n  if (text .style.display === \"none\") {\r\n    text .style.display = \"block\";\r\n    btn.textContent = \"... weniger anzeigen\"\r\n  } else {\r\n    text .style.display = \"none\";\r\n    btn.textContent = \"... weiterlesen\"\r\n  }\r\n}\r\n\r\nfunction extend2013() {\r\n  const text = document.getElementById(\"history2013\");\r\n  const btn = document.getElementById(\"history2013_btn\");\r\n  if (text .style.display === \"none\") {\r\n    text .style.display = \"block\";\r\n    btn.textContent = \"... weniger anzeigen\"\r\n  } else {\r\n    text .style.display = \"none\";\r\n    btn.textContent = \"... weiterlesen\"\r\n  }\r\n}\n<\/script>\n<\/div><\/div><\/div><\/div><\/div><\/div><\/div>","protected":false},"excerpt":{"rendered":"<p>100 Jahre Christusbund Weilheim \u2013 ein R\u00fcckblick 1921 &#8211; 1964 Weilheim, 1921. Wenige Jahre nach dem ersten Welt- krieg wird von Eberhard Deininger in seinem Haus in der Lindachstra\u00dfe eine christliche Versammlung ins Leben gerufen: liebevoll und gut schw\u00e4bisch \u201ed\u2019Stond\u201c [&hellip;]<\/p>\n","protected":false},"author":49,"featured_media":5487,"parent":0,"menu_order":0,"comment_status":"closed","ping_status":"closed","template":"","meta":{"footnotes":""},"class_list":["post-5482","page","type-page","status-publish","has-post-thumbnail","hentry"],"publishpress_future_action":{"enabled":false,"date":"2026-04-15 13:43:50","action":"change-status","newStatus":"draft","terms":[],"taxonomy":"","extraData":[]},"publishpress_future_workflow_manual_trigger":{"enabledWorkflows":[]},"_links":{"self":[{"href":"https:\/\/www.christusbund.de\/weilheim\/wp-json\/wp\/v2\/pages\/5482","targetHints":{"allow":["GET"]}}],"collection":[{"href":"https:\/\/www.christusbund.de\/weilheim\/wp-json\/wp\/v2\/pages"}],"about":[{"href":"https:\/\/www.christusbund.de\/weilheim\/wp-json\/wp\/v2\/types\/page"}],"author":[{"embeddable":true,"href":"https:\/\/www.christusbund.de\/weilheim\/wp-json\/wp\/v2\/users\/49"}],"replies":[{"embeddable":true,"href":"https:\/\/www.christusbund.de\/weilheim\/wp-json\/wp\/v2\/comments?post=5482"}],"version-history":[{"count":10,"href":"https:\/\/www.christusbund.de\/weilheim\/wp-json\/wp\/v2\/pages\/5482\/revisions"}],"predecessor-version":[{"id":6469,"href":"https:\/\/www.christusbund.de\/weilheim\/wp-json\/wp\/v2\/pages\/5482\/revisions\/6469"}],"wp:featuredmedia":[{"embeddable":true,"href":"https:\/\/www.christusbund.de\/weilheim\/wp-json\/wp\/v2\/media\/5487"}],"wp:attachment":[{"href":"https:\/\/www.christusbund.de\/weilheim\/wp-json\/wp\/v2\/media?parent=5482"}],"curies":[{"name":"wp","href":"https:\/\/api.w.org\/{rel}","templated":true}]}}