{"id":4637,"date":"2021-09-10T14:17:20","date_gmt":"2021-09-10T12:17:20","guid":{"rendered":"https:\/\/www.christusbund.de\/weilheim\/?page_id=4637"},"modified":"2021-09-10T14:17:20","modified_gmt":"2021-09-10T12:17:20","slug":"frauenwochenende","status":"publish","type":"page","link":"https:\/\/www.christusbund.de\/weilheim\/frauenwochenende\/","title":{"rendered":"FrauenWochenende"},"content":{"rendered":"<div id=\"pl-4637\"  class=\"panel-layout\" ><div id=\"pg-4637-0\"  class=\"panel-grid panel-has-style\" ><div class=\"container cb_container panel-row-style panel-row-style-for-4637-0\" ><div id=\"pgc-4637-0-0\"  class=\"panel-grid-cell\" ><div id=\"panel-4637-0-0-0\" class=\"so-panel widget widget_black-studio-tinymce widget_black_studio_tinymce panel-first-child panel-last-child\" data-index=\"0\" ><h3 class=\"widget-title\">FrauenWochenende vom 1. &#8211; 3. Oktober 2021<\/h3><div class=\"textwidget\"><h2>Hinweise & Infos<\/h2>\n<p><strong>Bitte mitbringen<\/strong>: Bibel, Schreibzeug, Musikinstrumente, Bettw\u00e4sche und Hausschuhe<br \/>\n<strong>Anreise<\/strong>: Freitag, 1.10.2021, 17:00, evtl. mit Fahrgemeinschaften<\/p>\n<p>Wir beginnen mit einem gemeinsamen Abendessen um 18:00 Uhr<br \/>\nBeginn Abendprogramm: 19:30 Uhr<br \/>\nAbschluss der Frauenfreizeit: Sonntag, 3.10.2020 ca. 15:00 Uhr mit Kaffeetrinken<\/p>\n<h2>Preise<\/h2>\n<p>Pro Person, 2 \u00dcbernachtungen, Vollpension<\/p>\n<ul>\n<li>Mehrbettzimmer ohne Bad: \u20ac 51,-<\/li>\n<li>Mehrbettzimmer mit Bad: \u20ac 57,-<\/li>\n<li>Einzelzimmerzuschlag: \u20ac 10,-<\/li>\n<li>M\u00fctter mit Stillkind im EZ: ohne Zuschlag<\/li>\n<\/ul>\n<h2>Anmeldung<\/h2>\n<p>\n<div class=\"wpcf7 no-js\" id=\"wpcf7-f4643-o1\" lang=\"de-DE\" dir=\"ltr\" data-wpcf7-id=\"4643\">\n<div class=\"screen-reader-response\"><p role=\"status\" aria-live=\"polite\" aria-atomic=\"true\"><\/p> <ul><\/ul><\/div>\n<form action=\"\/weilheim\/wp-json\/wp\/v2\/pages\/4637#wpcf7-f4643-o1\" method=\"post\" class=\"wpcf7-form init\" aria-label=\"Kontaktformular\" novalidate=\"novalidate\" data-status=\"init\">\n<fieldset class=\"hidden-fields-container\"><input type=\"hidden\" name=\"_wpcf7\" value=\"4643\" \/><input type=\"hidden\" name=\"_wpcf7_version\" value=\"6.1.4\" \/><input type=\"hidden\" name=\"_wpcf7_locale\" value=\"de_DE\" \/><input type=\"hidden\" name=\"_wpcf7_unit_tag\" value=\"wpcf7-f4643-o1\" \/><input type=\"hidden\" name=\"_wpcf7_container_post\" value=\"0\" \/><input type=\"hidden\" name=\"_wpcf7_posted_data_hash\" value=\"\" \/>\n<\/fieldset>\n<div style=\"display:flex;justify-content:space-between;max-width:550px;flex-wrap: wrap;\">\n\t<p><label>Vorname*<br \/>\n<span class=\"wpcf7-form-control-wrap\" data-name=\"vorname1\"><input size=\"20\" maxlength=\"400\" class=\"wpcf7-form-control wpcf7-text wpcf7-validates-as-required\" aria-required=\"true\" aria-invalid=\"false\" value=\"\" type=\"text\" name=\"vorname1\" \/><\/span><\/label>\n\t<\/p>\n\t<p><label>Nachname*<br \/>\n<span class=\"wpcf7-form-control-wrap\" data-name=\"nachname1\"><input size=\"20\" maxlength=\"400\" class=\"wpcf7-form-control wpcf7-text wpcf7-validates-as-required\" aria-required=\"true\" aria-invalid=\"false\" value=\"\" type=\"text\" name=\"nachname1\" \/><\/span><\/label>\n\t<\/p>\n\t<p><label>Geburtstag*<br \/>\n<span class=\"wpcf7-form-control-wrap\" data-name=\"geburtstag1\"><input size=\"8\" maxlength=\"400\" class=\"wpcf7-form-control wpcf7-text wpcf7-validates-as-required\" aria-required=\"true\" aria-invalid=\"false\" value=\"\" type=\"text\" name=\"geburtstag1\" \/><\/span><\/label>\n\t<\/p>\n<\/div>\n<h3>Anschrift\n<\/h3>\n<p><label>Addresse (Stra\u00dfe, Hausnummer, Ort)*<br \/>\n<span class=\"wpcf7-form-control-wrap\" data-name=\"addresse\"><input size=\"40\" maxlength=\"400\" class=\"wpcf7-form-control wpcf7-text wpcf7-validates-as-required\" aria-required=\"true\" aria-invalid=\"false\" value=\"\" type=\"text\" name=\"addresse\" \/><\/span><\/label>\n<\/p>\n<h4>Zimmerwunsch*\n<\/h4>\n<p><span class=\"wpcf7-form-control-wrap\" data-name=\"zimmer1\"><span class=\"wpcf7-form-control wpcf7-radio\"><span class=\"wpcf7-list-item first\"><input type=\"radio\" name=\"zimmer1\" value=\"MZ ohne Bad\" \/><span class=\"wpcf7-list-item-label\">MZ ohne Bad<\/span><\/span><span class=\"wpcf7-list-item\"><input type=\"radio\" name=\"zimmer1\" value=\"MZ mit Bad\/WC\" \/><span class=\"wpcf7-list-item-label\">MZ mit Bad\/WC<\/span><\/span><span class=\"wpcf7-list-item last\"><input type=\"radio\" name=\"zimmer1\" value=\"EZ\" \/><span class=\"wpcf7-list-item-label\">EZ<\/span><\/span><\/span><\/span>\n<\/p>\n<p><span class=\"wpcf7-form-control-wrap\" data-name=\"DZEinzelbelegung\"><span class=\"wpcf7-form-control wpcf7-checkbox\"><span class=\"wpcf7-list-item first last\"><input type=\"checkbox\" name=\"DZEinzelbelegung[]\" value=\"Zusatz: MZ als Einzelzimmer (bitte entsprechendes MZ ausw\u00e4hlen)\" \/><span class=\"wpcf7-list-item-label\">Zusatz: MZ als Einzelzimmer (bitte entsprechendes MZ ausw\u00e4hlen)<\/span><\/span><\/span><\/span>\n<\/p>\n<h4>Sonstiges\n<\/h4>\n<p><span class=\"wpcf7-form-control-wrap\" data-name=\"kuchen\"><span class=\"wpcf7-form-control wpcf7-checkbox\"><span class=\"wpcf7-list-item first last\"><input type=\"checkbox\" name=\"kuchen[]\" value=\"Ich bringe f\u00fcr den Sonntagskaffee einen Kuchen mit\" \/><span class=\"wpcf7-list-item-label\">Ich bringe f\u00fcr den Sonntagskaffee einen Kuchen mit<\/span><\/span><\/span><\/span>\n<\/p>\n<p><span class=\"wpcf7-form-control-wrap\" data-name=\"kinderbett\"><span class=\"wpcf7-form-control wpcf7-checkbox\"><span class=\"wpcf7-list-item first last\"><input type=\"checkbox\" name=\"kinderbett[]\" value=\"Ich ben\u00f6tige f\u00fcr mein Kind ein Kinderbett im Elternzimmer\" \/><span class=\"wpcf7-list-item-label\">Ich ben\u00f6tige f\u00fcr mein Kind ein Kinderbett im Elternzimmer<\/span><\/span><\/span><\/span>\n<\/p>\n<p><span class=\"wpcf7-form-control-wrap\" data-name=\"diaet\"><span class=\"wpcf7-form-control wpcf7-checkbox\"><span class=\"wpcf7-list-item first last\"><input type=\"checkbox\" name=\"diaet[]\" value=\"Ich ben\u00f6tige aus medizinischen Gr\u00fcnden eine spezielle Di\u00e4t. Einzelheiten nenne ich im Kommentarfeld\" \/><span class=\"wpcf7-list-item-label\">Ich ben\u00f6tige aus medizinischen Gr\u00fcnden eine spezielle Di\u00e4t. Einzelheiten nenne ich im Kommentarfeld<\/span><\/span><\/span><\/span>\n<\/p>\n<h4>Mitfahrgelegenheit\n<\/h4>\n<p><span class=\"wpcf7-form-control-wrap\" data-name=\"mitfahren\"><span class=\"wpcf7-form-control wpcf7-checkbox\"><span class=\"wpcf7-list-item first last\"><input type=\"checkbox\" name=\"mitfahren[]\" value=\"Ich\/wir w\u00fcrde(n) gerne eine Mitfahrgelegenheit nutzen\" \/><span class=\"wpcf7-list-item-label\">Ich\/wir w\u00fcrde(n) gerne eine Mitfahrgelegenheit nutzen<\/span><\/span><\/span><\/span>\n<\/p>\n<p><span class=\"wpcf7-form-control-wrap\" data-name=\"mitfahrgelegenheit\"><span class=\"wpcf7-form-control wpcf7-checkbox\"><span class=\"wpcf7-list-item first last\"><input type=\"checkbox\" name=\"mitfahrgelegenheit[]\" value=\"Ich kann eine Mitfahrgelegenheit anbieten\" \/><span class=\"wpcf7-list-item-label\">Ich kann eine Mitfahrgelegenheit anbieten<\/span><\/span><\/span><\/span>. Anzahl Personen: <span class=\"wpcf7-form-control-wrap\" data-name=\"mitfahrer\"><input class=\"wpcf7-form-control wpcf7-number wpcf7-validates-as-number\" min=\"0\" max=\"9\" aria-invalid=\"false\" value=\"0\" type=\"number\" name=\"mitfahrer\" \/><\/span>\n<\/p>\n<p><label>E-Mail Adresse f\u00fcr R\u00fcckmeldung*:<br \/>\n<span class=\"wpcf7-form-control-wrap\" data-name=\"email\"><input size=\"40\" maxlength=\"400\" class=\"wpcf7-form-control wpcf7-email wpcf7-validates-as-required wpcf7-text wpcf7-validates-as-email\" aria-required=\"true\" aria-invalid=\"false\" value=\"\" type=\"email\" name=\"email\" \/><\/span><br \/>\n<\/label>\n<\/p>\n<p><span class=\"wpcf7-form-control-wrap\" data-name=\"kommentar\"><textarea cols=\"40\" rows=\"10\" maxlength=\"2000\" class=\"wpcf7-form-control wpcf7-textarea\" aria-invalid=\"false\" placeholder=\"Kommentar\" name=\"kommentar\"><\/textarea><\/span>\n<\/p>\n<p><label>Bildnutzung<span class=\"wpcf7-form-control-wrap\" data-name=\"Bildnutzung\"><span class=\"wpcf7-form-control wpcf7-checkbox\"><span class=\"wpcf7-list-item first last\"><input type=\"checkbox\" name=\"Bildnutzung[]\" value=\"Ich stimme zu, dass die w\u00e4hrend der der Freizeit entstandenen Bilder und Videos, auf denen ich zu erkennen bin, f\u00fcr Ver\u00f6ffentlichungen (z.B. Internet-Homepage, Mitteilungsblatt) vom Christusbund Weilheim genutzt werden d\u00fcrfen. Detaillierte Informationen \u2013 auch zum Widerruf Ihrer Einwilligung \u2013 finden Sie in unserer Datenschutzerkl\u00e4rung.\" \/><span class=\"wpcf7-list-item-label\">Ich stimme zu, dass die w\u00e4hrend der der Freizeit entstandenen Bilder und Videos, auf denen ich zu erkennen bin, f\u00fcr Ver\u00f6ffentlichungen (z.B. Internet-Homepage, Mitteilungsblatt) vom Christusbund Weilheim genutzt werden d\u00fcrfen. Detaillierte Informationen \u2013 auch zum Widerruf Ihrer Einwilligung \u2013 finden Sie in unserer Datenschutzerkl\u00e4rung.<\/span><\/span><\/span><\/span><br \/>\n<\/label><br \/>\n<label><br \/>\n&nbsp;<span class=\"wpcf7-form-control-wrap\" data-name=\"BildnutzungIntern\"><span class=\"wpcf7-form-control wpcf7-checkbox\"><span class=\"wpcf7-list-item first last\"><input type=\"checkbox\" name=\"BildnutzungIntern[]\" value=\"Ich stimme zu, dass die w\u00e4hrend der der Freizeit entstandenen Bilder und Videos, auf denen ich zu erkennen bin, f\u00fcr internen Gebrauch (z.B. Veranstaltungsr\u00fcckblick im Gottesdienst) vom Christusbund Weilheim genutzt werden d\u00fcrfen. Detaillierte Informationen \u2013 auch zum Widerruf Ihrer Einwilligung \u2013 finden Sie in unserer Datenschutzerkl\u00e4rung.\" \/><span class=\"wpcf7-list-item-label\">Ich stimme zu, dass die w\u00e4hrend der der Freizeit entstandenen Bilder und Videos, auf denen ich zu erkennen bin, f\u00fcr internen Gebrauch (z.B. Veranstaltungsr\u00fcckblick im Gottesdienst) vom Christusbund Weilheim genutzt werden d\u00fcrfen. Detaillierte Informationen \u2013 auch zum Widerruf Ihrer Einwilligung \u2013 finden Sie in unserer Datenschutzerkl\u00e4rung.<\/span><\/span><\/span><\/span><br \/>\n<\/label>\n<\/p>\n<p><label><br \/>\nDatenschutz*<span class=\"wpcf7-form-control-wrap\" data-name=\"Datenschutz\"><span class=\"wpcf7-form-control wpcf7-checkbox wpcf7-validates-as-required\"><span class=\"wpcf7-list-item first last\"><input type=\"checkbox\" name=\"Datenschutz[]\" value=\"Ich habe die Informationen in der Datenschutzerkl\u00e4rung zum Umgang und zur Nutzung von personenbezogenen Daten zur Kenntnis genommen.\" \/><span class=\"wpcf7-list-item-label\">Ich habe die Informationen in der Datenschutzerkl\u00e4rung zum Umgang und zur Nutzung von personenbezogenen Daten zur Kenntnis genommen.<\/span><\/span><\/span><\/span><br \/>\n<a href = \"\/weilheim\/datenschutz\/\" target=\"_blank\">-> Datenschutzerkl\u00e4rung im neuen Fenster \u00f6ffnen<\/a><br \/>\n<\/label>\n<\/p>\n<p><label>Best\u00e4tigen*<span class=\"wpcf7-form-control-wrap\" data-name=\"Bestaetigen\"><span class=\"wpcf7-form-control wpcf7-checkbox wpcf7-validates-as-required\"><span class=\"wpcf7-list-item first last\"><input type=\"checkbox\" name=\"Bestaetigen[]\" value=\"Ich melde mich verbindlich zum Frauenwochenende auf dem Hofgut Schmalenberg an.\nDie Bezahlung erfolgt bar w\u00e4hrend der Freizeit vor Ort.\" \/><span class=\"wpcf7-list-item-label\">Ich melde mich verbindlich zum Frauenwochenende auf dem Hofgut Schmalenberg an.\nDie Bezahlung erfolgt bar w\u00e4hrend der Freizeit vor Ort.<\/span><\/span><\/span><\/span><br \/>\n<\/label>\n<\/p>\n<p>*Pflichtfeld\n<\/p>\n<p><input class=\"wpcf7-form-control wpcf7-submit has-spinner\" type=\"submit\" value=\"Kostenpflichtig anmelden\" \/>\n<\/p><div class=\"wpcf7-response-output\" aria-hidden=\"true\"><\/div>\n<\/form>\n<\/div>\n<\/p>\n<\/div><\/div><\/div><div id=\"pgc-4637-0-1\"  class=\"panel-grid-cell\" ><div id=\"panel-4637-0-1-0\" class=\"so-panel widget widget_black-studio-tinymce widget_black_studio_tinymce panel-first-child panel-last-child\" data-index=\"1\" ><div class=\"cb_sidebar panel-widget-style panel-widget-style-for-4637-0-1-0\" ><div class=\"textwidget\"><h3 class=\"ansprechpartner\" style=\"margin-bottom: 10px;margin-top: 0\">Ansprechpartner<\/h3>\n<p>Sabine Mauk<\/p>\n<p><a class=\"btn btn-primary\" href=\"mailto:sabine-mauk@web.de\"><i class=\"fas fa-envelope\"><\/i> E-Mail schreiben<\/a><\/p>\n<\/div><\/div><\/div><\/div><\/div><\/div><div id=\"pg-4637-1\"  class=\"panel-grid panel-has-style\" ><div class=\"cb_bg_lightgray cb_container panel-row-style panel-row-style-for-4637-1\" ><div id=\"pgc-4637-1-0\"  class=\"panel-grid-cell\" ><div id=\"panel-4637-1-0-0\" class=\"so-panel widget widget_siteorigin-panels-builder panel-first-child panel-last-child\" data-index=\"2\" ><div class=\"container panel-widget-style panel-widget-style-for-4637-1-0-0\" ><div id=\"pl-w613b4cd0e2240\"  class=\"panel-layout\" ><div id=\"pg-w613b4cd0e2240-0\"  class=\"panel-grid panel-no-style\" ><div id=\"pgc-w613b4cd0e2240-0-0\"  class=\"panel-grid-cell panel-grid-cell-mobile-last\" ><div id=\"panel-w613b4cd0e2240-0-0-0\" class=\"so-panel widget widget_black-studio-tinymce widget_black_studio_tinymce panel-first-child panel-last-child\" data-index=\"0\" ><div class=\"textwidget\"><h3 style=\"margin: 0 0 10px 0\">Auf einen Blick<\/h3>\n<ul class=\"cb_iconList\">\n<li>\n    <span><i class=\"fas fa-users\"><\/i><\/span><\/p>\n<p>\n     Alle Frauen ab 16 Jahre\n    <\/p>\n<\/li>\n<li>\n    <span><i class=\"fas fa-clock\"><\/i><\/span><\/p>\n<p>\n      Fr., 01. Oktober - So. 3. Oktober 2021\n    <\/p>\n<\/li>\n<li>\n    <span><i class=\"fas fa-map-marker\"><\/i><\/span><\/p>\n<p>\n      <a href=\"https:\/\/www.christusbund.de\/schmalenberg\/\" target=\"_blank\">Hofgut Schmalenberg<\/a>\n    <\/p>\n<\/li>\n<\/ul>\n<\/div><\/div><\/div><div id=\"pgc-w613b4cd0e2240-0-1\"  class=\"panel-grid-cell panel-grid-cell-empty\" ><\/div><\/div><\/div><\/div><\/div><\/div><\/div><\/div><\/div>","protected":false},"excerpt":{"rendered":"<p>Hinweise &#038; Infos Bitte mitbringen: Bibel, Schreibzeug, Musikinstrumente, Bettw\u00e4sche und Hausschuhe Anreise: Freitag, 1.10.2021, 17:00, evtl. mit Fahrgemeinschaften Wir beginnen mit einem gemeinsamen Abendessen um 18:00 Uhr Beginn Abendprogramm: 19:30 Uhr Abschluss der Frauenfreizeit: Sonntag, 3.10.2020 ca. 15:00 Uhr mit [&hellip;]<\/p>\n","protected":false},"author":49,"featured_media":0,"parent":0,"menu_order":0,"comment_status":"closed","ping_status":"closed","template":"","meta":{"footnotes":""},"class_list":["post-4637","page","type-page","status-publish","hentry"],"publishpress_future_action":{"enabled":false,"date":"2026-04-12 05:30:22","action":"change-status","newStatus":"draft","terms":[],"taxonomy":"","extraData":[]},"publishpress_future_workflow_manual_trigger":{"enabledWorkflows":[]},"_links":{"self":[{"href":"https:\/\/www.christusbund.de\/weilheim\/wp-json\/wp\/v2\/pages\/4637","targetHints":{"allow":["GET"]}}],"collection":[{"href":"https:\/\/www.christusbund.de\/weilheim\/wp-json\/wp\/v2\/pages"}],"about":[{"href":"https:\/\/www.christusbund.de\/weilheim\/wp-json\/wp\/v2\/types\/page"}],"author":[{"embeddable":true,"href":"https:\/\/www.christusbund.de\/weilheim\/wp-json\/wp\/v2\/users\/49"}],"replies":[{"embeddable":true,"href":"https:\/\/www.christusbund.de\/weilheim\/wp-json\/wp\/v2\/comments?post=4637"}],"version-history":[{"count":8,"href":"https:\/\/www.christusbund.de\/weilheim\/wp-json\/wp\/v2\/pages\/4637\/revisions"}],"predecessor-version":[{"id":4646,"href":"https:\/\/www.christusbund.de\/weilheim\/wp-json\/wp\/v2\/pages\/4637\/revisions\/4646"}],"wp:attachment":[{"href":"https:\/\/www.christusbund.de\/weilheim\/wp-json\/wp\/v2\/media?parent=4637"}],"curies":[{"name":"wp","href":"https:\/\/api.w.org\/{rel}","templated":true}]}}