{"id":4504,"date":"2021-07-14T07:54:10","date_gmt":"2021-07-14T05:54:10","guid":{"rendered":"https:\/\/www.christusbund.de\/weilheim\/?page_id=4504"},"modified":"2021-07-16T18:20:43","modified_gmt":"2021-07-16T16:20:43","slug":"bezirksgottesdienst","status":"publish","type":"page","link":"https:\/\/www.christusbund.de\/weilheim\/bezirksgottesdienst\/","title":{"rendered":"Bezirksgottesdienst"},"content":{"rendered":"<div id=\"pl-4504\"  class=\"panel-layout\" ><div id=\"pg-4504-0\"  class=\"panel-grid panel-has-style\" ><div class=\"container cb_container panel-row-style panel-row-style-for-4504-0\" ><div id=\"pgc-4504-0-0\"  class=\"panel-grid-cell\" ><div id=\"panel-4504-0-0-0\" class=\"so-panel widget widget_black-studio-tinymce widget_black_studio_tinymce panel-first-child panel-last-child\" data-index=\"0\" ><h3 class=\"widget-title\">Bezirksgottesdienst am 18. Juli 2021<\/h3><div class=\"textwidget\"><p><img loading=\"lazy\" decoding=\"async\" class=\"alignnone size-large wp-image-4505\" src=\"https:\/\/www.christusbund.de\/weilheim\/wp-content\/uploads\/sites\/24\/2021\/07\/Gottesdienst-im-NLS-1024x595.jpg\" alt=\"\" width=\"750\" height=\"436\" srcset=\"https:\/\/www.christusbund.de\/weilheim\/wp-content\/uploads\/sites\/24\/2021\/07\/Gottesdienst-im-NLS-1024x595.jpg 1024w, https:\/\/www.christusbund.de\/weilheim\/wp-content\/uploads\/sites\/24\/2021\/07\/Gottesdienst-im-NLS-300x174.jpg 300w, https:\/\/www.christusbund.de\/weilheim\/wp-content\/uploads\/sites\/24\/2021\/07\/Gottesdienst-im-NLS-768x446.jpg 768w, https:\/\/www.christusbund.de\/weilheim\/wp-content\/uploads\/sites\/24\/2021\/07\/Gottesdienst-im-NLS-1536x892.jpg 1536w, https:\/\/www.christusbund.de\/weilheim\/wp-content\/uploads\/sites\/24\/2021\/07\/Gottesdienst-im-NLS-2048x1189.jpg 2048w\" sizes=\"auto, (max-width: 750px) 100vw, 750px\" \/><\/p>\n<h3>Informationen<\/h3>\n<p>Einige von Euch haben es sicher vermutet \u2013 aufgrund der Regenmengen, die auch wir in den letzten Tagen abbekommen haben, ist der Sportplatz f\u00fcr den open-Air Gottesdienst leider nicht nutzbar. Daher muss der Freiluft-Gottesdienst leider abgesagt werden.<\/p>\n<p>Der Bezirks-Gottesdienst findet stattdessen im Neuen L\u00f6wensaal in Weilheim statt.<br \/>\n18.7.2021, 10:30 Uhr mit Bj\u00f6rn Husfeld<br \/>\nVon dort aus erfolgt eine \u00dcbertragung per YouTube Livestream f\u00fcr die Gemeinden im Teck-Bezirk.<\/p>\n<p>F\u00fcr die pers\u00f6nliche Teilnahme am Gottesdienst im Neuen L\u00f6wensaal ist die obligatorische Online-Anmeldung bis Samstagnachmittag erforderlich.<\/p>\n<p>&nbsp;<br \/>\n<a href=\"https:\/\/youtu.be\/uk_j8NMNp0w \">Link zum Livestream<\/a\n\n<\/p>\n<\/div><\/div><\/div><div id=\"pgc-4504-0-1\"  class=\"panel-grid-cell\" ><div id=\"panel-4504-0-1-0\" class=\"so-panel widget widget_black-studio-tinymce widget_black_studio_tinymce panel-first-child panel-last-child\" data-index=\"1\" ><div class=\"cb_sidebar panel-widget-style panel-widget-style-for-4504-0-1-0\" ><div class=\"textwidget\"><p><a class=\"btn btn-primary\" href=\"mailto:info@christusbund-weilheim.de\"><i class=\"fas fa-envelope\"><\/i> E-Mail schreiben<\/a><\/p>\n<\/div><\/div><\/div><\/div><\/div><\/div><div id=\"pg-4504-1\"  class=\"panel-grid panel-has-style\" ><div class=\"cb_bg_lightgray cb_container panel-row-style panel-row-style-for-4504-1\" ><div id=\"pgc-4504-1-0\"  class=\"panel-grid-cell\" ><div id=\"panel-4504-1-0-0\" class=\"so-panel widget widget_siteorigin-panels-builder panel-first-child panel-last-child\" data-index=\"2\" ><div class=\"container panel-widget-style panel-widget-style-for-4504-1-0-0\" ><div id=\"pl-w60ee7c021a251\"  class=\"panel-layout\" ><div id=\"pg-w60ee7c021a251-0\"  class=\"panel-grid panel-no-style\" ><div id=\"pgc-w60ee7c021a251-0-0\"  class=\"panel-grid-cell panel-grid-cell-mobile-last\" ><div id=\"panel-w60ee7c021a251-0-0-0\" class=\"so-panel widget widget_black-studio-tinymce widget_black_studio_tinymce panel-first-child panel-last-child\" data-index=\"0\" ><div class=\"textwidget\"><h3 style=\"margin: 0 0 10px 0\">Auf einen Blick<\/h3>\n<ul class=\"cb_iconList\">\n<li>\n    <span><i class=\"fas fa-users\"><\/i><\/span><\/p>\n<p>\n     Alle\n    <\/p>\n<\/li>\n<li>\n    <span><i class=\"fas fa-clock\"><\/i><\/span><\/p>\n<p>\n     Sonntag, 18. Juli 2021 - 10:30 Uhr \n    <\/p>\n<\/li>\n<li>\n    <span><i class=\"fas fa-sun\"><\/i><\/span><\/p>\n<p>\n      <a href=\"https:\/\/goo.gl\/maps\/nPQWcDiaARrsku4M8\">Sportplatz vom Hobby Club e.V. Weilheim<\/a>\n    <\/p>\n<\/li>\n<li>\n    <span><i class=\"fas fa-cloud-rain\"><\/i><\/span><\/p>\n<p>\n      Neuer L\u00f6wensaal\n    <\/p>\n<\/li>\n<\/ul>\n<\/div><\/div><\/div><div id=\"pgc-w60ee7c021a251-0-1\"  class=\"panel-grid-cell panel-grid-cell-empty\" ><\/div><\/div><\/div><\/div><\/div><\/div><\/div><\/div><\/div>","protected":false},"excerpt":{"rendered":"<p>Informationen Einige von Euch haben es sicher vermutet \u2013 aufgrund der Regenmengen, die auch wir in den letzten Tagen abbekommen haben, ist der Sportplatz f\u00fcr den open-Air Gottesdienst leider nicht nutzbar. Daher muss der Freiluft-Gottesdienst leider abgesagt werden. Der Bezirks-Gottesdienst [&hellip;]<\/p>\n","protected":false},"author":49,"featured_media":0,"parent":0,"menu_order":0,"comment_status":"closed","ping_status":"closed","template":"","meta":{"footnotes":""},"class_list":["post-4504","page","type-page","status-publish","hentry"],"publishpress_future_action":{"enabled":false,"date":"2026-05-18 17:58:05","action":"change-status","newStatus":"draft","terms":[],"taxonomy":"","extraData":[]},"publishpress_future_workflow_manual_trigger":{"enabledWorkflows":[]},"_links":{"self":[{"href":"https:\/\/www.christusbund.de\/weilheim\/wp-json\/wp\/v2\/pages\/4504","targetHints":{"allow":["GET"]}}],"collection":[{"href":"https:\/\/www.christusbund.de\/weilheim\/wp-json\/wp\/v2\/pages"}],"about":[{"href":"https:\/\/www.christusbund.de\/weilheim\/wp-json\/wp\/v2\/types\/page"}],"author":[{"embeddable":true,"href":"https:\/\/www.christusbund.de\/weilheim\/wp-json\/wp\/v2\/users\/49"}],"replies":[{"embeddable":true,"href":"https:\/\/www.christusbund.de\/weilheim\/wp-json\/wp\/v2\/comments?post=4504"}],"version-history":[{"count":10,"href":"https:\/\/www.christusbund.de\/weilheim\/wp-json\/wp\/v2\/pages\/4504\/revisions"}],"predecessor-version":[{"id":4546,"href":"https:\/\/www.christusbund.de\/weilheim\/wp-json\/wp\/v2\/pages\/4504\/revisions\/4546"}],"wp:attachment":[{"href":"https:\/\/www.christusbund.de\/weilheim\/wp-json\/wp\/v2\/media?parent=4504"}],"curies":[{"name":"wp","href":"https:\/\/api.w.org\/{rel}","templated":true}]}}