{"id":2018,"date":"2018-06-07T20:25:15","date_gmt":"2018-06-07T18:25:15","guid":{"rendered":"https:\/\/www.christusbund.de\/weilheim\/?page_id=2018"},"modified":"2024-05-26T13:12:40","modified_gmt":"2024-05-26T11:12:40","slug":"gemeindefreizeit","status":"publish","type":"page","link":"https:\/\/www.christusbund.de\/weilheim\/gemeindefreizeit\/","title":{"rendered":"GemeindeFreizeit"},"content":{"rendered":"<div id=\"pl-2018\"  class=\"panel-layout\" ><div id=\"pg-2018-0\"  class=\"panel-grid panel-has-style\" ><div class=\"container cb_container panel-row-style panel-row-style-for-2018-0\" ><div id=\"pgc-2018-0-0\"  class=\"panel-grid-cell\" ><div id=\"panel-2018-0-0-0\" class=\"so-panel widget widget_black-studio-tinymce widget_black_studio_tinymce panel-first-child panel-last-child\" data-index=\"0\" ><h3 class=\"widget-title\">Anmeldung zur GemeindeFreizeit<\/h3><div class=\"textwidget\"><p><strong>vom 01. bis 03. Oktober 2022<\/strong><\/p>\n<div style=\"display:flex;flex-wrap:wrap;justify-content:space-around;\">\n<a href=\"http:\/\/www.christusbund.de\/weilheim\/wp-content\/uploads\/sites\/24\/2022\/08\/Frio_2022_Cover.jpg\"><img loading=\"lazy\" decoding=\"async\" width=\"300\" height=\"169\" src=\"http:\/\/www.christusbund.de\/weilheim\/wp-content\/uploads\/sites\/24\/2022\/08\/Frio_2022_Cover-300x169.jpg\" alt=\"\" style=\"height:150px;\" class=\"alignnone size-medium wp-image-5178\" srcset=\"https:\/\/www.christusbund.de\/weilheim\/wp-content\/uploads\/sites\/24\/2022\/08\/Frio_2022_Cover-300x169.jpg 300w, https:\/\/www.christusbund.de\/weilheim\/wp-content\/uploads\/sites\/24\/2022\/08\/Frio_2022_Cover-768x432.jpg 768w, https:\/\/www.christusbund.de\/weilheim\/wp-content\/uploads\/sites\/24\/2022\/08\/Frio_2022_Cover.jpg 896w\" sizes=\"auto, (max-width: 300px) 100vw, 300px\" \/><\/a><br \/>\n<a href=\"http:\/\/www.christusbund.de\/weilheim\/wp-content\/uploads\/sites\/24\/2022\/08\/Frio_2022_Preise.jpg\"><img loading=\"lazy\" decoding=\"async\" width=\"300\" height=\"195\" src=\"http:\/\/www.christusbund.de\/weilheim\/wp-content\/uploads\/sites\/24\/2022\/08\/Frio_2022_Preise-300x195.jpg\" alt=\"\" style=\"height:150px;\" class=\"alignnone size-medium wp-image-5180\" srcset=\"https:\/\/www.christusbund.de\/weilheim\/wp-content\/uploads\/sites\/24\/2022\/08\/Frio_2022_Preise-300x195.jpg 300w, https:\/\/www.christusbund.de\/weilheim\/wp-content\/uploads\/sites\/24\/2022\/08\/Frio_2022_Preise-768x498.jpg 768w, https:\/\/www.christusbund.de\/weilheim\/wp-content\/uploads\/sites\/24\/2022\/08\/Frio_2022_Preise.jpg 777w\" sizes=\"auto, (max-width: 300px) 100vw, 300px\" \/><\/a><br \/>\n<a href=\"http:\/\/www.christusbund.de\/weilheim\/wp-content\/uploads\/sites\/24\/2022\/08\/Frio_2022_Infos.jpg\"><img loading=\"lazy\" decoding=\"async\" width=\"300\" height=\"230\" src=\"http:\/\/www.christusbund.de\/weilheim\/wp-content\/uploads\/sites\/24\/2022\/08\/Frio_2022_Infos-300x230.jpg\" alt=\"\" style=\"height:150px;\" class=\"alignnone size-medium wp-image-5179\" srcset=\"https:\/\/www.christusbund.de\/weilheim\/wp-content\/uploads\/sites\/24\/2022\/08\/Frio_2022_Infos-300x230.jpg 300w, https:\/\/www.christusbund.de\/weilheim\/wp-content\/uploads\/sites\/24\/2022\/08\/Frio_2022_Infos.jpg 657w\" sizes=\"auto, (max-width: 300px) 100vw, 300px\" \/><\/a>\n<\/div>\n<p>Ich\/wir melde(n) mich\/uns verbindlich zur Gemeindefreizeit in Friolzheim an. Nach ein paar Tagen wird die Anmeldung vom Veranstalter best\u00e4tigt und der zu bezahlende Freizeitbeitrag genannt. Der Freizeitbeitrag wird von mir\/uns innerhalb einer Woche auf nachstehendes Konto \u00fcberwiesen:<\/p>\n<p>Christusbund Weilheim IBAN DE79 6115 0020 0010 3171 85,<br \/>\nVerwendungszweck \u201eGemeindefreizeit 2022\u201c.<\/p>\n<p>\n<div class=\"wpcf7 no-js\" id=\"wpcf7-f2017-o1\" lang=\"de-DE\" dir=\"ltr\" data-wpcf7-id=\"2017\">\n<div class=\"screen-reader-response\"><p role=\"status\" aria-live=\"polite\" aria-atomic=\"true\"><\/p> <ul><\/ul><\/div>\n<form action=\"\/weilheim\/wp-json\/wp\/v2\/pages\/2018#wpcf7-f2017-o1\" method=\"post\" class=\"wpcf7-form init\" aria-label=\"Kontaktformular\" novalidate=\"novalidate\" data-status=\"init\">\n<fieldset class=\"hidden-fields-container\"><input type=\"hidden\" name=\"_wpcf7\" value=\"2017\" \/><input type=\"hidden\" name=\"_wpcf7_version\" value=\"6.1.4\" \/><input type=\"hidden\" name=\"_wpcf7_locale\" value=\"de_DE\" \/><input type=\"hidden\" name=\"_wpcf7_unit_tag\" value=\"wpcf7-f2017-o1\" \/><input type=\"hidden\" name=\"_wpcf7_container_post\" value=\"0\" \/><input type=\"hidden\" name=\"_wpcf7_posted_data_hash\" value=\"\" \/>\n<\/fieldset>\n<div style=\"display:flex;justify-content:space-between;max-width:500px;flex-wrap: wrap;\">\n\t<p><label>Vorname*<br \/>\n<span class=\"wpcf7-form-control-wrap\" data-name=\"vorname1\"><input size=\"17\" maxlength=\"400\" class=\"wpcf7-form-control wpcf7-text wpcf7-validates-as-required\" aria-required=\"true\" aria-invalid=\"false\" value=\"\" type=\"text\" name=\"vorname1\" \/><\/span><\/label>\n\t<\/p>\n\t<p><label>Nachname*<br \/>\n<span class=\"wpcf7-form-control-wrap\" data-name=\"nachname1\"><input size=\"17\" maxlength=\"400\" class=\"wpcf7-form-control wpcf7-text wpcf7-validates-as-required\" aria-required=\"true\" aria-invalid=\"false\" value=\"\" type=\"text\" name=\"nachname1\" \/><\/span><\/label>\n\t<\/p>\n\t<p><label>Geburtstag*<br \/>\n<span class=\"wpcf7-form-control-wrap\" data-name=\"jahrgang1\"><input size=\"7\" maxlength=\"400\" class=\"wpcf7-form-control wpcf7-text wpcf7-validates-as-required\" aria-required=\"true\" aria-invalid=\"false\" value=\"\" type=\"text\" name=\"jahrgang1\" \/><\/span><\/label>\n\t<\/p>\n\t<div style=\"flex-basis:100%;height:0\">\n\t<\/div>\n\t<p><label>Vorname<br \/>\n<span class=\"wpcf7-form-control-wrap\" data-name=\"vorname2\"><input size=\"17\" maxlength=\"400\" class=\"wpcf7-form-control wpcf7-text\" aria-invalid=\"false\" value=\"\" type=\"text\" name=\"vorname2\" \/><\/span><\/label>\n\t<\/p>\n\t<p><label>Nachname<br \/>\n<span class=\"wpcf7-form-control-wrap\" data-name=\"nachname2\"><input size=\"17\" maxlength=\"400\" class=\"wpcf7-form-control wpcf7-text\" aria-invalid=\"false\" value=\"\" type=\"text\" name=\"nachname2\" \/><\/span><\/label>\n\t<\/p>\n\t<p><label>Geburtstag<br \/>\n<span class=\"wpcf7-form-control-wrap\" data-name=\"jahrgang2\"><input size=\"7\" maxlength=\"400\" class=\"wpcf7-form-control wpcf7-text\" aria-invalid=\"false\" value=\"\" type=\"text\" name=\"jahrgang2\" \/><\/span><\/label>\n\t<\/p>\n\t<div style=\"flex-basis:100%;height:0\">\n\t<\/div>\n\t<p><label>Vorname<br \/>\n<span class=\"wpcf7-form-control-wrap\" data-name=\"vorname3\"><input size=\"17\" maxlength=\"400\" class=\"wpcf7-form-control wpcf7-text\" aria-invalid=\"false\" value=\"\" type=\"text\" name=\"vorname3\" \/><\/span><\/label>\n\t<\/p>\n\t<p><label>Nachname<br \/>\n<span class=\"wpcf7-form-control-wrap\" data-name=\"nachname3\"><input size=\"17\" maxlength=\"400\" class=\"wpcf7-form-control wpcf7-text\" aria-invalid=\"false\" value=\"\" type=\"text\" name=\"nachname3\" \/><\/span><\/label>\n\t<\/p>\n\t<p><label>Geburtstag<br \/>\n<span class=\"wpcf7-form-control-wrap\" data-name=\"jahrgang3\"><input size=\"7\" maxlength=\"400\" class=\"wpcf7-form-control wpcf7-text\" aria-invalid=\"false\" value=\"\" type=\"text\" name=\"jahrgang3\" \/><\/span><\/label>\n\t<\/p>\n\t<div style=\"flex-basis:100%;height:0\">\n\t<\/div>\n\t<p><label>Vorname<br \/>\n<span class=\"wpcf7-form-control-wrap\" data-name=\"vorname4\"><input size=\"17\" maxlength=\"400\" class=\"wpcf7-form-control wpcf7-text\" aria-invalid=\"false\" value=\"\" type=\"text\" name=\"vorname4\" \/><\/span><\/label>\n\t<\/p>\n\t<p><label>Nachname<br \/>\n<span class=\"wpcf7-form-control-wrap\" data-name=\"nachname4\"><input size=\"17\" maxlength=\"400\" class=\"wpcf7-form-control wpcf7-text\" aria-invalid=\"false\" value=\"\" type=\"text\" name=\"nachname4\" \/><\/span><\/label>\n\t<\/p>\n\t<p><label>Geburtstag<br \/>\n<span class=\"wpcf7-form-control-wrap\" data-name=\"jahrgang4\"><input size=\"7\" maxlength=\"400\" class=\"wpcf7-form-control wpcf7-text\" aria-invalid=\"false\" value=\"\" type=\"text\" name=\"jahrgang4\" \/><\/span><\/label>\n\t<\/p>\n\t<div style=\"flex-basis:100%;height:0\">\n\t<\/div>\n\t<p><label>Vorname<br \/>\n<span class=\"wpcf7-form-control-wrap\" data-name=\"vorname5\"><input size=\"17\" maxlength=\"400\" class=\"wpcf7-form-control wpcf7-text\" aria-invalid=\"false\" value=\"\" type=\"text\" name=\"vorname5\" \/><\/span><\/label>\n\t<\/p>\n\t<p><label>Nachname<br \/>\n<span class=\"wpcf7-form-control-wrap\" data-name=\"nachname5\"><input size=\"17\" maxlength=\"400\" class=\"wpcf7-form-control wpcf7-text\" aria-invalid=\"false\" value=\"\" type=\"text\" name=\"nachname5\" \/><\/span><\/label>\n\t<\/p>\n\t<p><label>Geburtstag<br \/>\n<span class=\"wpcf7-form-control-wrap\" data-name=\"jahrgang5\"><input size=\"7\" maxlength=\"400\" class=\"wpcf7-form-control wpcf7-text\" aria-invalid=\"false\" value=\"\" type=\"text\" name=\"jahrgang5\" \/><\/span><\/label>\n\t<\/p>\n\t<div style=\"flex-basis:100%;height:0\">\n\t<\/div>\n\t<p><label>Vorname<br \/>\n<span class=\"wpcf7-form-control-wrap\" data-name=\"vorname6\"><input size=\"17\" maxlength=\"400\" class=\"wpcf7-form-control wpcf7-text\" aria-invalid=\"false\" value=\"\" type=\"text\" name=\"vorname6\" \/><\/span><\/label>\n\t<\/p>\n\t<p><label>Nachname<br \/>\n<span class=\"wpcf7-form-control-wrap\" data-name=\"nachname6\"><input size=\"17\" maxlength=\"400\" class=\"wpcf7-form-control wpcf7-text\" aria-invalid=\"false\" value=\"\" type=\"text\" name=\"nachname6\" \/><\/span><\/label>\n\t<\/p>\n\t<p><label>Geburtstag<br \/>\n<span class=\"wpcf7-form-control-wrap\" data-name=\"jahrgang6\"><input size=\"7\" maxlength=\"400\" class=\"wpcf7-form-control wpcf7-text\" aria-invalid=\"false\" value=\"\" type=\"text\" name=\"jahrgang6\" \/><\/span><\/label>\n\t<\/p>\n<\/div>\n<h3>Kontaktdaten\n<\/h3>\n<p><label>Anschrift*<br \/>\n<span class=\"wpcf7-form-control-wrap\" data-name=\"addresse\"><input size=\"40\" maxlength=\"400\" class=\"wpcf7-form-control wpcf7-text wpcf7-validates-as-required\" aria-required=\"true\" aria-invalid=\"false\" value=\"\" type=\"text\" name=\"addresse\" \/><\/span><\/label>\n<\/p>\n<p><label>E-Mail*<br \/>\n<span class=\"wpcf7-form-control-wrap\" data-name=\"your-email\"><input size=\"40\" maxlength=\"400\" class=\"wpcf7-form-control wpcf7-email wpcf7-validates-as-required wpcf7-text wpcf7-validates-as-email\" aria-required=\"true\" aria-invalid=\"false\" value=\"\" type=\"email\" name=\"your-email\" \/><\/span><\/label>\n<\/p>\n<p><span class=\"wpcf7-form-control-wrap\" data-name=\"einzelzimmer\"><span class=\"wpcf7-form-control wpcf7-checkbox\"><span class=\"wpcf7-list-item first last\"><input type=\"checkbox\" name=\"einzelzimmer[]\" value=\"Zimmerwunsch: Einzelzimmer (Aufpreis \u20ac 35,-)\" \/><span class=\"wpcf7-list-item-label\">Zimmerwunsch: Einzelzimmer (Aufpreis \u20ac 35,-)<\/span><\/span><\/span><\/span>\n<\/p>\n<p><span class=\"wpcf7-form-control-wrap\" data-name=\"kuchen\"><span class=\"wpcf7-form-control wpcf7-checkbox\"><span class=\"wpcf7-list-item first last\"><input type=\"checkbox\" name=\"kuchen[]\" value=\"Ich\/Wir bringen f\u00fcr den Sonntagskaffee einen Kuchen mit\" \/><span class=\"wpcf7-list-item-label\">Ich\/Wir bringen f\u00fcr den Sonntagskaffee einen Kuchen mit<\/span><\/span><\/span><\/span>\n<\/p>\n<p><span class=\"wpcf7-form-control-wrap\" data-name=\"diaet\"><span class=\"wpcf7-form-control wpcf7-checkbox\"><span class=\"wpcf7-list-item first last\"><input type=\"checkbox\" name=\"diaet[]\" value=\"Ich ben\u00f6tige aus medizinischen Gr\u00fcnden eine spezielle Di\u00e4t. Einzelheiten nenne ich im Kommentarfeld\" \/><span class=\"wpcf7-list-item-label\">Ich ben\u00f6tige aus medizinischen Gr\u00fcnden eine spezielle Di\u00e4t. Einzelheiten nenne ich im Kommentarfeld<\/span><\/span><\/span><\/span>\n<\/p>\n<table style=\"border-spacing: 5px;border-collapse:separate\">\n\t<tr>\n\t\t<td>\n\t\t\t<p>Ich\/Wir ben\u00f6tige(n) f\u00fcr\n\t\t\t<\/p>\n\t\t<\/td>\n\t\t<td style=\"padding-top: 16px;width:70px;\">\n\t\t\t<p><span class=\"wpcf7-form-control-wrap\" data-name=\"kinder\"><input class=\"wpcf7-form-control wpcf7-number wpcf7-validates-as-number\" min=\"0\" max=\"9\" aria-invalid=\"false\" value=\"0\" type=\"number\" name=\"kinder\" \/><\/span>\n\t\t\t<\/p>\n\t\t<\/td>\n\t\t<td>\n\t\t\t<p>Kind(er) ein Kinderbett im Elternzimmer\n\t\t\t<\/p>\n\t\t<\/td>\n\t<\/tr>\n<\/table>\n<p><label>Zus\u00e4tzliche Hinweise in Verbindung mit dieser Anmeldung<br \/>\n<span class=\"wpcf7-form-control-wrap\" data-name=\"kommentar\"><textarea cols=\"40\" rows=\"10\" maxlength=\"2000\" class=\"wpcf7-form-control wpcf7-textarea\" aria-invalid=\"false\" name=\"kommentar\"><\/textarea><\/span><br \/>\n<\/label>\n<\/p>\n<p>Die Anmeldedaten werden nur zum Zweck der Planung der Veranstaltung gespeichert und sp\u00e4testens 4 Wochen nach Veranstaltungsende gel\u00f6scht. Alles Weitere entnehmen Sie bitte unserer <a href=\"\/weilheim\/datenschutz\" target=\"_blank\">Datenschutzerkl\u00e4rung<\/a>.\n<\/p>\n<p><label>Bildnutzung<span class=\"wpcf7-form-control-wrap\" data-name=\"Bildnutzung\"><span class=\"wpcf7-form-control wpcf7-checkbox\"><span class=\"wpcf7-list-item first last\"><input type=\"checkbox\" name=\"Bildnutzung[]\" value=\"Ich\/wir stimme(n) zu, dass die w\u00e4hrend der Freizeit entstandenen Bilder, auf denen ich\/wir zu erkennen bin\/sind, f\u00fcr Ver\u00f6ffentlichungen des Christusbundes Weilheim genutzt werden d\u00fcrfen. Detaillierte Informationen \u2013 auch zum Widerruf Ihrer Einwilligung \u2013 finden Sie in unserer\nDatenschutzerkl\u00e4rung.\" \/><span class=\"wpcf7-list-item-label\">Ich\/wir stimme(n) zu, dass die w\u00e4hrend der Freizeit entstandenen Bilder, auf denen ich\/wir zu erkennen bin\/sind, f\u00fcr Ver\u00f6ffentlichungen des Christusbundes Weilheim genutzt werden d\u00fcrfen. Detaillierte Informationen \u2013 auch zum Widerruf Ihrer Einwilligung \u2013 finden Sie in unserer\nDatenschutzerkl\u00e4rung.<\/span><\/span><\/span><\/span><br \/>\n<\/label>\n<\/p>\n<p><label><br \/>\nDatenschutz*<span class=\"wpcf7-form-control-wrap\" data-name=\"Datenschutz\"><span class=\"wpcf7-form-control wpcf7-checkbox wpcf7-validates-as-required\"><span class=\"wpcf7-list-item first last\"><input type=\"checkbox\" name=\"Datenschutz[]\" value=\"Ich\/wir haben die Informationen in der Datenschutzerkl\u00e4rung zum Umgang und zur Nutzung von personenbezogenen Daten zur Kenntnis genommen.\" \/><span class=\"wpcf7-list-item-label\">Ich\/wir haben die Informationen in der Datenschutzerkl\u00e4rung zum Umgang und zur Nutzung von personenbezogenen Daten zur Kenntnis genommen.<\/span><\/span><\/span><\/span><br \/>\n<\/label>\n<\/p>\n<p><label>Best\u00e4tigen*<span class=\"wpcf7-form-control-wrap\" data-name=\"Bestaetigen\"><span class=\"wpcf7-form-control wpcf7-checkbox wpcf7-validates-as-required\"><span class=\"wpcf7-list-item first last\"><input type=\"checkbox\" name=\"Bestaetigen[]\" value=\"Ich habe meine Angaben \u00fcberpr\u00fcft und m\u00f6chte mich verbindlich anmelden!\" \/><span class=\"wpcf7-list-item-label\">Ich habe meine Angaben \u00fcberpr\u00fcft und m\u00f6chte mich verbindlich anmelden!<\/span><\/span><\/span><\/span><br \/>\n<\/label>\n<\/p>\n<p><input class=\"wpcf7-form-control wpcf7-submit has-spinner\" type=\"submit\" value=\"Kostenpflichtig anmelden\" \/>\n<\/p><div class=\"wpcf7-response-output\" aria-hidden=\"true\"><\/div>\n<\/form>\n<\/div>\n<\/p>\n<\/div><\/div><\/div><div id=\"pgc-2018-0-1\"  class=\"panel-grid-cell\" ><div id=\"panel-2018-0-1-0\" class=\"so-panel widget widget_black-studio-tinymce widget_black_studio_tinymce panel-first-child panel-last-child\" data-index=\"1\" ><div class=\"cb_sidebar panel-widget-style panel-widget-style-for-2018-0-1-0\" ><div class=\"textwidget\"><h3 class=\"ansprechpartner\" style=\"margin-bottom: 10px;margin-top: 0\">Ansprechpartner<\/h3>\n<p>Joachim Gn\u00e4dinger<\/p>\n<p><a class=\"btn btn-primary\" href=\"mailto:info@christusbund-weilheim.de\"><i class=\"fas fa-envelope\"><\/i> E-Mail schreiben<\/a><\/p>\n<\/div><\/div><\/div><\/div><\/div><\/div><div id=\"pg-2018-1\"  class=\"panel-grid panel-has-style\" ><div class=\"cb_bg_lightgray cb_container panel-row-style panel-row-style-for-2018-1\" ><div id=\"pgc-2018-1-0\"  class=\"panel-grid-cell\" ><div id=\"panel-2018-1-0-0\" class=\"so-panel widget widget_siteorigin-panels-builder panel-first-child panel-last-child\" data-index=\"2\" ><div class=\"container panel-widget-style panel-widget-style-for-2018-1-0-0\" ><div id=\"pl-w66531928d9424\"  class=\"panel-layout\" ><div id=\"pg-w66531928d9424-0\"  class=\"panel-grid panel-no-style\" ><div id=\"pgc-w66531928d9424-0-0\"  class=\"panel-grid-cell panel-grid-cell-mobile-last\" ><div id=\"panel-w66531928d9424-0-0-0\" class=\"so-panel widget widget_black-studio-tinymce widget_black_studio_tinymce panel-first-child panel-last-child\" data-index=\"0\" ><div class=\"textwidget\"><h3 style=\"margin: 0 0 10px 0\">Auf einen Blick<\/h3>\n<ul class=\"cb_iconList\">\n<li><span><i class=\"fas fa-users\"><\/i><\/span>\n<p>Alle<\/p>\n<\/li>\n<li><span><i class=\"fas fa-clock\"><\/i><\/span>\n<p>Samstag, 25. M\u00e4rz 2023,  19:00 Uhr<\/p>\n<\/li>\n<li><span><i class=\"fas fa-map-marker\"><\/i><\/span>\n<p>Freizeitheim Friolzheim, M\u00fchlweg 8, 71292 Friolzheim<\/p>\n<\/li>\n<\/ul>\n<\/div><\/div><\/div><div id=\"pgc-w66531928d9424-0-1\"  class=\"panel-grid-cell panel-grid-cell-empty\" ><\/div><\/div><\/div><\/div><\/div><\/div><\/div><\/div><\/div>","protected":false},"excerpt":{"rendered":"<p>vom 01. bis 03. Oktober 2022 Ich\/wir melde(n) mich\/uns verbindlich zur Gemeindefreizeit in Friolzheim an. Nach ein paar Tagen wird die Anmeldung vom Veranstalter best\u00e4tigt und der zu bezahlende Freizeitbeitrag genannt. Der Freizeitbeitrag wird von mir\/uns innerhalb einer Woche auf [&hellip;]<\/p>\n","protected":false},"author":49,"featured_media":0,"parent":0,"menu_order":0,"comment_status":"closed","ping_status":"closed","template":"","meta":{"footnotes":""},"class_list":["post-2018","page","type-page","status-publish","hentry"],"publishpress_future_action":{"enabled":false,"date":"2026-04-15 13:12:47","action":"change-status","newStatus":"draft","terms":[],"taxonomy":"","extraData":[]},"publishpress_future_workflow_manual_trigger":{"enabledWorkflows":[]},"_links":{"self":[{"href":"https:\/\/www.christusbund.de\/weilheim\/wp-json\/wp\/v2\/pages\/2018","targetHints":{"allow":["GET"]}}],"collection":[{"href":"https:\/\/www.christusbund.de\/weilheim\/wp-json\/wp\/v2\/pages"}],"about":[{"href":"https:\/\/www.christusbund.de\/weilheim\/wp-json\/wp\/v2\/types\/page"}],"author":[{"embeddable":true,"href":"https:\/\/www.christusbund.de\/weilheim\/wp-json\/wp\/v2\/users\/49"}],"replies":[{"embeddable":true,"href":"https:\/\/www.christusbund.de\/weilheim\/wp-json\/wp\/v2\/comments?post=2018"}],"version-history":[{"count":10,"href":"https:\/\/www.christusbund.de\/weilheim\/wp-json\/wp\/v2\/pages\/2018\/revisions"}],"predecessor-version":[{"id":6811,"href":"https:\/\/www.christusbund.de\/weilheim\/wp-json\/wp\/v2\/pages\/2018\/revisions\/6811"}],"wp:attachment":[{"href":"https:\/\/www.christusbund.de\/weilheim\/wp-json\/wp\/v2\/media?parent=2018"}],"curies":[{"name":"wp","href":"https:\/\/api.w.org\/{rel}","templated":true}]}}