{"id":160,"date":"2015-10-26T11:33:43","date_gmt":"2015-10-26T10:33:43","guid":{"rendered":"http:\/\/sandbox.christusbund.de\/wordpress\/newtheme\/?page_id=6"},"modified":"2026-04-08T20:24:28","modified_gmt":"2026-04-08T18:24:28","slug":"startseite","status":"publish","type":"page","link":"https:\/\/www.christusbund.de\/weilheim\/","title":{"rendered":"Startseite"},"content":{"rendered":"<div id=\"pl-160\"  class=\"panel-layout\" ><div id=\"pg-160-0\"  class=\"panel-grid panel-no-style\" ><div id=\"pgc-160-0-0\"  class=\"panel-grid-cell\" ><div id=\"panel-160-0-0-0\" class=\"so-panel widget widget_black-studio-tinymce widget_black_studio_tinymce panel-first-child panel-last-child\" data-index=\"0\" ><div class=\"so-parallax panel-widget-style panel-widget-style-for-160-0-0-0\" ><div class=\"textwidget\"><section id=\"home\" class=\"contentHead\">\n<div class=\"contentHead_bg\"><\/div>\n<div class=\"jumbotron\">\n<div class=\"container\">\n<h1 class=\"text-center\" style=\"margin-top: 140px;\"><span class=\"cb_heading cb_bg_primary\">Christusbund Weilheim<\/span><\/h1>\n<\/div>\n<\/div>\n<\/section><\/div><\/div><\/div><\/div><\/div><div id=\"pg-160-1\"  class=\"panel-grid panel-has-style\" ><div class=\"cb_container cb_bg_lightgray panel-row-style panel-row-style-for-160-1\" ><div id=\"pgc-160-1-0\"  class=\"panel-grid-cell\" ><div id=\"panel-160-1-0-0\" class=\"so-panel widget widget_black-studio-tinymce widget_black_studio_tinymce panel-first-child panel-last-child\" data-index=\"1\" ><div class=\"textwidget\"><div id=\"highlights\" class=\"cb_wp_anker\"><\/div>\n<div class=\"container-fluid cb_highlights\">\n  <div class=\"row\">\n    <div class=\"col-md-8 col-md-offset-2\">\n      <h4 class=\"text-center\"><span class=\"cb_heading\"><img loading=\"lazy\" decoding=\"async\" src=\"http:\/\/www.christusbund.de\/weilheim\/wp-content\/uploads\/sites\/24\/2024\/04\/logo_cb_rgb-300x97.png\" alt=\"\" width=\"300\" height=\"97\" class=\"alignnone size-medium wp-image-6799\" srcset=\"https:\/\/www.christusbund.de\/weilheim\/wp-content\/uploads\/sites\/24\/2024\/04\/logo_cb_rgb-300x97.png 300w, https:\/\/www.christusbund.de\/weilheim\/wp-content\/uploads\/sites\/24\/2024\/04\/logo_cb_rgb-768x247.png 768w, https:\/\/www.christusbund.de\/weilheim\/wp-content\/uploads\/sites\/24\/2024\/04\/logo_cb_rgb.png 873w\" sizes=\"auto, (max-width: 300px) 100vw, 300px\" \/><\/span><\/h4>\n      <div class=\"row text-center\">\n        <div class=\"col-sm-4 col-xs-12\">\n          <a class=\"cb_circle\" href=\".\/gemeinde\">\n            <span class=\"fas fa-comment\"><\/span>\n          <\/a>\n          <h4>Sie wollen uns kennen lernen?<\/h4>\n          <p>Erfahren Sie mehr \u00fcber den Christusbund Weilheim. Wer wir sind und was uns wichtig ist.<\/p>\n        <\/div>\n        <div class=\"col-sm-4 col-xs-12\">\n          <a class=\"cb_circle\" href=\".\/gruppen\">\n            <span class=\"fas fa-users\"><\/span>\n          <\/a>\n          <h4>Gruppen &amp; Angebote<\/h4>\n          <p>Ein vielf\u00e4ltiges Angebot f\u00fcr alle Altersgruppen. Lassen Sie sich \u00fcberraschen.<\/p>\n        <\/div>\n        <div class=\"col-sm-4 col-xs-12\">\n          <a class=\"cb_circle\" href=\".\/termine\">\n            <span class=\"fas fa-calendar\"><\/span>\n          <\/a>\n          <h4>Veranstaltungshinweise<\/h4>\n          <p>Hier finden Sie unser Programm f\u00fcr die n\u00e4chste Zeit sowie Berichte \u00fcber Veranstaltungen unserer Gemeinde.<\/p>\n        <\/div>\n      <\/div>\n      <br>\n      <div class=\"cb_btn_multi text-center\">\n        <a href=\"#aktuelles\" class=\"btn btn-primary btn-lg\"> <i class=\"fas fa-arrow-down\"><\/i> Aktuelles<\/a>&nbsp;\n        <a href=\".\/gemeinde\" class=\"btn btn-primary btn-lg\">Mehr erfahren <i class=\"fas fa-arrow-right\"><\/i><\/a>&nbsp;\n      <\/div>\n    <\/div>\n  <\/div>\n<\/div><\/div><\/div><\/div><\/div><\/div><div id=\"pg-160-2\"  class=\"panel-grid panel-has-style\" ><div class=\"cb_container container no-widget-title panel-row-style panel-row-style-for-160-2\" ><div id=\"pgc-160-2-0\"  class=\"panel-grid-cell\" ><div id=\"panel-160-2-0-0\" class=\"so-panel widget widget_siteorigin-panels-builder panel-first-child panel-last-child\" data-index=\"2\" ><div id=\"pl-w69d69d5c237bb\"  class=\"panel-layout\" ><div id=\"pg-w69d69d5c237bb-0\"  class=\"panel-grid panel-has-style\" ><div class=\"panel-row-style panel-row-style-for-w69d69d5c237bb-0\" ><div id=\"pgc-w69d69d5c237bb-0-0\"  class=\"panel-grid-cell\" ><div id=\"panel-w69d69d5c237bb-0-0-0\" class=\"so-panel widget widget_black-studio-tinymce widget_black_studio_tinymce panel-first-child panel-last-child\" data-index=\"0\" ><div class=\"textwidget\"><div class=\"text-center\">\n<table style=\"margin: 0 auto\">\n<tr><a style=\"width:230px\" class=\"btn btn-primary\" href=\"https:\/\/www.christusbund.de\/weilheim\/gemeinde\/gottesdienst\/\">Gottesdienste<\/a><br\/><br\/><\/tr>\n<\/table>\n<\/div>\n<div id=\"aktuelles\" class=\"cb_wp_anker_inner\"><\/div>\n<h4 class=\"text-center\"><span class=\"cb_heading cb_bg_primary\">Was gibt's Neues?<\/span><\/h4>\n\n<div id=\"veranstaltung_ffa\" class=\"text-center\">\n<img loading=\"lazy\" decoding=\"async\" src=\"https:\/\/www.christusbund.de\/weilheim\/wp-content\/uploads\/sites\/24\/2026\/03\/FFA_2026_web.jpg\" alt=\"\" width=\"600\" height=\"338\" class=\"alignnone size-full wp-image-8614\" srcset=\"https:\/\/www.christusbund.de\/weilheim\/wp-content\/uploads\/sites\/24\/2026\/03\/FFA_2026_web.jpg 600w, https:\/\/www.christusbund.de\/weilheim\/wp-content\/uploads\/sites\/24\/2026\/03\/FFA_2026_web-300x169.jpg 300w\" sizes=\"auto, (max-width: 600px) 100vw, 600px\" \/>\n<br\/>\nFrauenFeierAbend | Freitag, 24. April 2026 | ab 19:00 Uhr<br\/>\n<br\/>\nLeben in Balance: Arbeit. Ruhe. Feste.\n<br\/><br\/>\nHerzliche Einladung zum FrauenFeierAbend, den es nun schon seit zehn Jahren gibt! An diesem Abend geht es um das Thema: \u201eLeben in Balance.\u201c Doch meint das \u201cWork-Life-Balance\u201d oder aber eher \u201cLife-Life-Balance\u201d?\n<br\/>\nIn beidem steckt die Sehnsucht nach einem ausgewogenen Leben. Kann es vielleicht sein, dass Gott uns mit viel mehr beschenkt?\n<br\/><br\/>\nUnsere Referentin Ellen Schopf arbeitet beim     Liebenzeller Gemeinschaftsverband in Ludwigsburg und es macht ihr gro\u00dfe Freude, gemeinsam mit anderen zu entdecken, welche F\u00fclle in einem Leben mit Jesus Christus steckt. In ihrer Freizeit ist sie gern aktiv, am liebsten mit Wanderschuhen an den F\u00fc\u00dfen. In Gottes Sch\u00f6pfung unterwegs zu sein, ist f\u00fcr sie ein wichtiger Ausgleich und ein Atemholen f\u00fcr Geist und Seele.<br\/>\n<a href=\"https:\/\/www.christusbund.de\/weilheim\/frauenfeierabend\/\" class=\"btn btn-primary\" data-original-title=\"\" title=\"\">Zur Anmeldung<\/a>\n<\/div>\n\n<script>\n\nif(new Date() > new Date(\"2026-04-25\")){\n  document.getElementById(\"veranstaltung_ffa\").style.display = \"none\";\n}\n<\/script>\n<\/div><\/div><\/div><\/div><\/div><div id=\"pg-w69d69d5c237bb-1\"  class=\"panel-grid panel-no-style\" ><div id=\"pgc-w69d69d5c237bb-1-0\"  class=\"panel-grid-cell\" ><div id=\"panel-w69d69d5c237bb-1-0-0\" class=\"so-panel widget widget_black-studio-tinymce widget_black_studio_tinymce panel-first-child panel-last-child\" data-index=\"1\" ><div class=\"textwidget\"><div class=\"r34ics-ajax-container loading\" id=\"ics-calendar-67885287d36cd\" data-view=\"list\" data-view-is-list-style=\"1\" data-view-is-list-long=\"1\" data-args=\"64d6f668507de969ac23a257b2fd535022cb9001\" data-js-args=\"{&quot;debug&quot;:&quot;0&quot;}\">&nbsp;<\/div>\n\n<a href=\"veranstaltungen\/\" class=\"btn btn-primary\">Alle Termine anzeigen<\/a><\/div><\/div><\/div><div id=\"pgc-w69d69d5c237bb-1-1\"  class=\"panel-grid-cell\" ><\/div><\/div><\/div><\/div><\/div><\/div><\/div><div id=\"pg-160-3\"  class=\"panel-grid panel-no-style\" ><div id=\"pgc-160-3-0\"  class=\"panel-grid-cell panel-grid-cell-empty\" ><\/div><\/div><\/div>","protected":false},"excerpt":{"rendered":"<p>Christusbund Weilheim Sie wollen uns kennen lernen? Erfahren Sie mehr \u00fcber den Christusbund Weilheim. Wer wir sind und was uns wichtig ist. Gruppen &amp; Angebote Ein vielf\u00e4ltiges Angebot f\u00fcr alle Altersgruppen. Lassen Sie sich \u00fcberraschen. Veranstaltungshinweise Hier finden Sie unser [&hellip;]<\/p>\n","protected":false},"author":49,"featured_media":611,"parent":0,"menu_order":0,"comment_status":"closed","ping_status":"closed","template":"page-templates\/page_empty.php","meta":{"footnotes":""},"class_list":["post-160","page","type-page","status-publish","has-post-thumbnail","hentry"],"publishpress_future_action":{"enabled":false,"date":"2026-04-22 01:20:19","action":"change-status","newStatus":"draft","terms":[],"taxonomy":"","extraData":[]},"publishpress_future_workflow_manual_trigger":{"enabledWorkflows":[]},"_links":{"self":[{"href":"https:\/\/www.christusbund.de\/weilheim\/wp-json\/wp\/v2\/pages\/160","targetHints":{"allow":["GET"]}}],"collection":[{"href":"https:\/\/www.christusbund.de\/weilheim\/wp-json\/wp\/v2\/pages"}],"about":[{"href":"https:\/\/www.christusbund.de\/weilheim\/wp-json\/wp\/v2\/types\/page"}],"author":[{"embeddable":true,"href":"https:\/\/www.christusbund.de\/weilheim\/wp-json\/wp\/v2\/users\/49"}],"replies":[{"embeddable":true,"href":"https:\/\/www.christusbund.de\/weilheim\/wp-json\/wp\/v2\/comments?post=160"}],"version-history":[{"count":11,"href":"https:\/\/www.christusbund.de\/weilheim\/wp-json\/wp\/v2\/pages\/160\/revisions"}],"predecessor-version":[{"id":8675,"href":"https:\/\/www.christusbund.de\/weilheim\/wp-json\/wp\/v2\/pages\/160\/revisions\/8675"}],"wp:featuredmedia":[{"embeddable":true,"href":"https:\/\/www.christusbund.de\/weilheim\/wp-json\/wp\/v2\/media\/611"}],"wp:attachment":[{"href":"https:\/\/www.christusbund.de\/weilheim\/wp-json\/wp\/v2\/media?parent=160"}],"curies":[{"name":"wp","href":"https:\/\/api.w.org\/{rel}","templated":true}]}}