{"id":13,"date":"2015-10-26T18:08:41","date_gmt":"2015-10-26T17:08:41","guid":{"rendered":"http:\/\/sandbox.christusbund.de\/wordpress\/newtheme\/?page_id=13"},"modified":"2025-01-16T01:52:11","modified_gmt":"2025-01-16T00:52:11","slug":"gruppen","status":"publish","type":"page","link":"https:\/\/www.christusbund.de\/weilheim\/gemeinde\/gruppen\/","title":{"rendered":"Gruppen"},"content":{"rendered":"<div id=\"pl-13\"  class=\"panel-layout\" ><div id=\"pg-13-0\"  class=\"panel-grid panel-has-style\" ><div class=\"container cb_container panel-row-style panel-row-style-for-13-0\" ><div id=\"pgc-13-0-0\"  class=\"panel-grid-cell\" ><div id=\"panel-13-0-0-0\" class=\"so-panel widget widget_black-studio-tinymce widget_black_studio_tinymce panel-first-child panel-last-child\" data-index=\"0\" ><div class=\"textwidget\"><h4 class=\"text-center\"><span class=\"cb_heading cb_bg_primary\">Gemeinde im Alltag<\/span><\/h4>\n<h3>Unsere Angebote &amp; Gruppen<\/h3>\n<p>In kleineren, \u00fcberschaubaren Gruppen treffen wir uns auch unter der Woche. Dabei pflegen wir eine ungezwungene Gemeinschaft, lernen einander pers\u00f6nlich besser kennen und k\u00f6nnen am Leben der Anderen teilhaben und auch, wo n\u00f6tig, gegenseitig Hilfe sein.\nDabei geht es immer auch um die wirklich wichtigen Fragen des Lebens, zu denen wir Antworten in der Bibel suchen.\n\nDie Gruppen sind sehr unterschiedlich gepr\u00e4gt und daher ist sicherlich f\u00fcr alle etwas Passendes dabei. Gerne helfen wir Ihnen auch, \u201eIhr\u201c Angebot bzw. \u201eIhre\u201c Gruppe zu finden.<\/p>\n<br>\n<div class=\"text-center cb_btn_multi\">\n  <a href=\"#kinder\" class=\"btn btn-primary\"><i class=\"fas fa-arrow-down\"><\/i> Kinder<\/a>\n  <a href=\"#jugend\" class=\"btn btn-primary\"><i class=\"fas fa-arrow-down\"><\/i> Jugendliche<\/a>\n  <a href=\"#erwachsene\" class=\"btn btn-primary\"><i class=\"fas fa-arrow-down\"><\/i> Erwachsene<\/a>\n<\/div><\/div><\/div><\/div><div id=\"pgc-13-0-1\"  class=\"panel-grid-cell\" ><div id=\"panel-13-0-1-0\" class=\"so-panel widget widget_black-studio-tinymce widget_black_studio_tinymce panel-first-child panel-last-child\" data-index=\"1\" ><div class=\"cb_sidebar panel-widget-style panel-widget-style-for-13-0-1-0\" ><div class=\"textwidget\"><h3 style=\"margin-bottom: 10px;margin-top: 0\">Ansprechpartner<\/h3>\n<p>Joachim Gn\u00e4dinger<\/p>\n<p><a class=\"btn btn-primary\" href=\"mailto:info@christusbund-weilheim.de\"><i class=\"fas fa-envelope\"><\/i> E-Mail schreiben<\/a><\/p>\n<\/div><\/div><\/div><\/div><\/div><\/div><div id=\"pg-13-1\"  class=\"panel-grid panel-has-style\" ><div class=\"cb_container cb_bg_lightgray panel-row-style panel-row-style-for-13-1\" ><div id=\"pgc-13-1-0\"  class=\"panel-grid-cell\" ><div id=\"panel-13-1-0-0\" class=\"so-panel widget widget_black-studio-tinymce widget_black_studio_tinymce panel-first-child\" data-index=\"2\" ><div class=\"container panel-widget-style panel-widget-style-for-13-1-0-0\" ><div class=\"textwidget\"><div id=\"kinder\" class=\"cb_wp_anker\"><\/div>\n<h4 class=\"text-center\"><span class=\"cb_heading cb_bg_primary\">Kinder<\/span><\/h4>\n<div id=\"owl-carousel3\" class=\"owl-carousel cb_owl_box\">\n   <div class=\"item text-center\">\n    <a href=\".\/kindertreff\">\n      <img decoding=\"async\" class=\"img-circle\" src=\"\/weilheim\/wp-content\/uploads\/sites\/24\/2017\/12\/Kindertreff-Thumb.jpg\" alt=\"\" \/><\/a>\n    <h3>Kindertreff<\/h3>\n    <p>Donnerstags 16:15 bis 17:30 Uhr <br> 4-8 Jahre<\/p>\n    <a href=\".\/kindertreff\" class=\"btn btn-primary\" style=\"color:white\"><i class=\"fas fa-arrow-right\"><\/i> Mehr erfahren<\/a>\n  <\/div>\n  <div class=\"item text-center\">\n    <a href=\".\/kindertreff-hepsisau\">\n      <img decoding=\"async\" class=\"img-circle\" src=\"\/weilheim\/wp-content\/uploads\/sites\/24\/2017\/12\/Kindertreff-Thumb.jpg\" alt=\"\" \/><\/a>\n    <h3>Kindertreff-Hepsisau<\/h3>\n    <p>Mittwoch 16:15 bis 17:30 Uhr <br> 4-8 Jahre<\/p>\n    <a href=\".\/kindertreff-hepsisau\" class=\"btn btn-primary\" style=\"color:white\"><i class=\"fas fa-arrow-right\"><\/i> Mehr erfahren<\/a>\n  <\/div>\n  <div class=\"item text-center\">\n    <a href=\".\/bubenjungschar\">\n      <img decoding=\"async\" class=\"img-circle\" src=\"\/weilheim\/wp-content\/uploads\/sites\/24\/2016\/01\/jungschar_thumb.jpg\" alt=\"\" \/><\/a>\n    <h3>Bubenjungschar<\/h3>\n    <p>Montags 18:00 bis 19:30 Uhr <br> 9-13 Jahre<\/p>\n    <a href=\".\/bubenjungschar\" class=\"btn btn-primary\" style=\"color:white\"><i class=\"fas fa-arrow-right\"><\/i> Mehr erfahren<\/a>\n  <\/div>\n  <div class=\"item text-center\">\n    <a href=\".\/maedchenjungschar\">\n      <img decoding=\"async\" class=\"img-circle\" src=\"\/weilheim\/wp-content\/uploads\/sites\/24\/2017\/09\/MaedchenJungschar_Thumb.jpg\" alt=\"\" \/><\/a>\n    <h3>M\u00e4dchenjungschar<\/h3>\n    <p>Dienstags 18:00 bis 19:30 Uhr <br> 9-13 Jahre<\/p>\n    <a href=\".\/maedchenjungschar\" class=\"btn btn-primary\" style=\"color:white\"><i class=\"fas fa-arrow-right\"><\/i> Mehr erfahren<\/a>\n  <\/div>\n  <div class=\"item text-center\">\n    <a href=\".\/geschichtentelefon\">\n      <img decoding=\"async\" class=\"img-circle\" src=\"\/weilheim\/wp-content\/uploads\/sites\/24\/2016\/12\/geschichtentelefon_thumb.jpg\" alt=\"\" \/><\/a>\n    <h3>Geschichtentelefon<\/h3>\n    <p>Spannende Geschichten unter 07023 909493<\/p>\n    <a href=\".\/geschichtentelefon\" class=\"btn btn-primary\" style=\"color:white\"><i class=\"fas fa-arrow-right\"><\/i> Mehr erfahren<\/a>\n  <\/div>\n<\/div>\n\n<script type=\"text\/javascript\">\njQuery(document).ready(function($) {\r\n  $(\".owl-carousel\").owlCarousel({\r\n    lazyLoad: true,\r\n    nav: true,\r\n    dots: true,\r\n    autoHeight: false,\r\n    navText: [\r\n      '<i class=\"fal fa-angle-left\"><\/i>',\r\n      '<i class=\"fal fa-angle-right\"><\/i>'\r\n    ],\r\n    responsive: {\r\n        0: {\r\n          items: 1\r\n        },\r\n        768: {\r\n          items: 2\r\n        },\r\n        991: {\r\n          items: 3\r\n        }\r\n      }\r\n  });\r\n});\n<\/script><\/div><\/div><\/div><div id=\"panel-13-1-0-1\" class=\"so-panel widget widget_black-studio-tinymce widget_black_studio_tinymce\" data-index=\"3\" ><div class=\"container panel-widget-style panel-widget-style-for-13-1-0-1\" ><div class=\"textwidget\"><div id=\"jugend\" class=\"cb_wp_anker\"><\/div>\n<h4 class=\"text-center\"><span class=\"cb_heading cb_bg_primary\">Jugendliche<\/span><\/h4>\n<div id=\"owl-carousel2\" class=\"owl-carousel cb_owl_box\">\n<div class=\"item text-center\">\n    <a href=\".\/teen-bibel-kreis\">\n      <img decoding=\"async\" class=\"img-circle\" src=\"\/weilheim\/wp-content\/uploads\/sites\/24\/2017\/09\/Teeniekreis_thumb.jpg\" alt=\"\" \/><\/a>\n    <h3>Teen-Bibel-Kreis<\/h3>\n    <p>Donnerstags 19:00 - 21:00 Uhr <br> 13-18 Jahre<\/p>\n    <a href=\".\/teen-bibel-kreis\" class=\"btn btn-primary\" style=\"color:white\"><i class=\"fas fa-arrow-right\"><\/i> Mehr erfahren<\/a>\n  <\/div>\n  <div class=\"item text-center\">\n    <a href=\".\/jugendkreis\">\n      <img decoding=\"async\" class=\"img-circle\" src=\"\/weilheim\/wp-content\/uploads\/sites\/24\/2017\/09\/Jugendkreis_Thumb.jpg\" alt=\"\" \/><\/a>\n    <h3>Jugendkreis<\/h3>\n    <p>Freitags 19:30 Uhr <br> ab 17 Jahren<\/p>\n    <a href=\".\/jugendkreis\" class=\"btn btn-primary\" style=\"color:white\"><i class=\"fas fa-arrow-right\"><\/i> Mehr erfahren<\/a>\n  <\/div>\n<\/div>\n<script type=\"text\/javascript\">\njQuery(document).ready(function($) {\r\n  $(\".owl-carousel\").owlCarousel({\r\n    lazyLoad: true,\r\n    nav: true,\r\n    dots: true,\r\n    autoHeight: false,\r\n    navText: [\r\n      '<i class=\"fal fa-angle-left\"><\/i>',\r\n      '<i class=\"fal fa-angle-right\"><\/i>'\r\n    ],\r\n    responsive: {\r\n        0: {\r\n          items: 1\r\n        },\r\n        768: {\r\n          items: 2\r\n        },\r\n        991: {\r\n          items: 3\r\n        }\r\n      }\r\n  });\r\n});\n<\/script><\/div><\/div><\/div><div id=\"panel-13-1-0-2\" class=\"so-panel widget widget_black-studio-tinymce widget_black_studio_tinymce panel-last-child\" data-index=\"4\" ><div class=\"container panel-widget-style panel-widget-style-for-13-1-0-2\" ><div class=\"textwidget\"><div id=\"erwachsene\" class=\"cb_wp_anker_inner\"><\/div>\n<h4 class=\"text-center\"><span class=\"cb_heading cb_bg_primary\">Erwachsene<\/span><\/h4>\n<div id=\"owl-carousel1\" class=\"owl-carousel cb_owl_box\">\n <div class=\"item text-center\">\n    <a href=\".\/muki\">\n      <img decoding=\"async\" class=\"img-circle\" src=\"\/weilheim\/wp-content\/uploads\/sites\/24\/2017\/09\/Muki_Thumb.jpg\" alt=\"\" \/><\/a>\n    <h3>MuKi<\/h3>\n    <p>Eltern mit ihren Kleinkindern<\/p>\n    <a href=\".\/muki\" class=\"btn btn-primary\" style=\"color:white\"><i class=\"fas fa-arrow-right\"><\/i> Mehr erfahren<\/a>\n  <\/div>\n  <div class=\"item text-center\">\n    <a href=\".\/hauskreise\">\n      <img decoding=\"async\" class=\"img-circle\" src=\"\/weilheim\/wp-content\/uploads\/sites\/24\/2017\/09\/Hauskreis-Thumb.jpg\" alt=\"\" \/><\/a>\n    <h3>Hauskreise<\/h3>\n    <p>Alle<\/p>\n    <a href=\".\/hauskreise\" class=\"btn btn-primary\" style=\"color:white\"><i class=\"fas fa-arrow-right\"><\/i> Mehr erfahren<\/a>\n  <\/div>\n  <div class=\"item text-center\">\n    <a href=\".\/bibelkreis\">\n      <img decoding=\"async\" class=\"img-circle\" src=\"\/weilheim\/wp-content\/uploads\/sites\/24\/2017\/11\/bibelkreis_thumb.jpg\" alt=\"\" \/><\/a>\n    <h3>Bibelkreis<\/h3>\n    <p>Alle<\/p>\n    <a href=\".\/bibelkreis\" class=\"btn btn-primary\" style=\"color:white\"><i class=\"fas fa-arrow-right\"><\/i> Mehr erfahren<\/a>\n  <\/div>\n  <div class=\"item text-center\">\n    <a href=\".\/aufatmen\">\n      <img decoding=\"async\" class=\"img-circle\" src=\"\/weilheim\/wp-content\/uploads\/sites\/24\/2017\/09\/Aufatmen_Thumb.jpg\" alt=\"\" \/><\/a>\n    <h3>Aufatmen<\/h3>\n    <p>Frauen zwischen 40 und 60 Jahren<\/p>\n    <a href=\".\/aufatmen\" class=\"btn btn-primary\" style=\"color:white\"><i class=\"fas fa-arrow-right\"><\/i> Mehr erfahren<\/a>\n  <\/div>\n  <div class=\"item text-center\">\n    <a href=\".\/frauenNachmittag\">\n      <img decoding=\"async\" class=\"img-circle\" src=\"\/weilheim\/wp-content\/uploads\/sites\/24\/2017\/12\/FN_Thumb_2.jpg\" alt=\"\" \/><\/a>\n    <h3>FrauenNachmittag<\/h3>\n    <p>Frauen im besten Alter, also 55+<\/p>\n    <a href=\".\/frauenNachmittag\" class=\"btn btn-primary\" style=\"color:white\"><i class=\"fas fa-arrow-right\"><\/i> Mehr erfahren<\/a>\n  <\/div>\n <div class=\"item text-center\">\n    <a href=\".\/maennerTreff\">\n      <img decoding=\"async\" class=\"img-circle\" src=\"\/weilheim\/wp-content\/uploads\/sites\/24\/2018\/01\/Maennertreff_Thumb.jpg\" alt=\"\" \/><\/a>\n    <h3>M\u00e4nnerTreff<\/h3>\n    <p>M\u00e4nner im besten Alter, also 55+<\/p>\n    <a href=\".\/maennerTreff\" class=\"btn btn-primary\" style=\"color:white\"><i class=\"fas fa-arrow-right\"><\/i> Mehr erfahren<\/a>\n  <\/div>\n<\/div>\n<script type=\"text\/javascript\">\njQuery(document).ready(function($) {\r\n  $(\".owl-carousel\").owlCarousel({\r\n    lazyLoad: true,\r\n    nav: true,\r\n    dots: true,\r\n    autoHeight: false,\r\n    navText: [\r\n      '<i class=\"fal fa-angle-left\"><\/i>',\r\n      '<i class=\"fal fa-angle-right\"><\/i>'\r\n    ],\r\n    responsive: {\r\n        0: {\r\n          items: 1\r\n        },\r\n        768: {\r\n          items: 2\r\n        },\r\n        991: {\r\n          items: 3\r\n        }\r\n      }\r\n  });\r\n});\n<\/script><\/div><\/div><\/div><\/div><\/div><\/div><div id=\"pg-13-2\"  class=\"panel-grid panel-has-style\" ><div class=\"cb_container container panel-row-style panel-row-style-for-13-2\" ><div id=\"pgc-13-2-0\"  class=\"panel-grid-cell\" ><div id=\"panel-13-2-0-0\" class=\"so-panel widget widget_black-studio-tinymce widget_black_studio_tinymce panel-first-child panel-last-child\" data-index=\"5\" ><div class=\"textwidget\"><p><div class=\"r34ics-ajax-container loading\" id=\"ics-calendar-678857f4803fc\" data-view=\"list\" data-view-is-list-style=\"1\" data-view-is-list-long=\"1\" data-args=\"475648e83ce2f71fea298246e2ddda0a6098c278\" data-js-args=\"{&quot;debug&quot;:&quot;0&quot;}\">&nbsp;<\/div><\/p>\n<\/div><\/div><\/div><div id=\"pgc-13-2-1\"  class=\"panel-grid-cell\" ><\/div><\/div><\/div><\/div>","protected":false},"excerpt":{"rendered":"<p>Gemeinde im Alltag Unsere Angebote &amp; Gruppen In kleineren, \u00fcberschaubaren Gruppen treffen wir uns auch unter der Woche. Dabei pflegen wir eine ungezwungene Gemeinschaft, lernen einander pers\u00f6nlich besser kennen und k\u00f6nnen am Leben der Anderen teilhaben und auch, wo n\u00f6tig, [&hellip;]<\/p>\n","protected":false},"author":49,"featured_media":477,"parent":11,"menu_order":0,"comment_status":"closed","ping_status":"closed","template":"","meta":{"footnotes":""},"class_list":["post-13","page","type-page","status-publish","has-post-thumbnail","hentry"],"publishpress_future_action":{"enabled":false,"date":"2026-05-18 15:01:19","action":"change-status","newStatus":"draft","terms":[],"taxonomy":"","extraData":[]},"publishpress_future_workflow_manual_trigger":{"enabledWorkflows":[]},"_links":{"self":[{"href":"https:\/\/www.christusbund.de\/weilheim\/wp-json\/wp\/v2\/pages\/13","targetHints":{"allow":["GET"]}}],"collection":[{"href":"https:\/\/www.christusbund.de\/weilheim\/wp-json\/wp\/v2\/pages"}],"about":[{"href":"https:\/\/www.christusbund.de\/weilheim\/wp-json\/wp\/v2\/types\/page"}],"author":[{"embeddable":true,"href":"https:\/\/www.christusbund.de\/weilheim\/wp-json\/wp\/v2\/users\/49"}],"replies":[{"embeddable":true,"href":"https:\/\/www.christusbund.de\/weilheim\/wp-json\/wp\/v2\/comments?post=13"}],"version-history":[{"count":11,"href":"https:\/\/www.christusbund.de\/weilheim\/wp-json\/wp\/v2\/pages\/13\/revisions"}],"predecessor-version":[{"id":7402,"href":"https:\/\/www.christusbund.de\/weilheim\/wp-json\/wp\/v2\/pages\/13\/revisions\/7402"}],"up":[{"embeddable":true,"href":"https:\/\/www.christusbund.de\/weilheim\/wp-json\/wp\/v2\/pages\/11"}],"wp:featuredmedia":[{"embeddable":true,"href":"https:\/\/www.christusbund.de\/weilheim\/wp-json\/wp\/v2\/media\/477"}],"wp:attachment":[{"href":"https:\/\/www.christusbund.de\/weilheim\/wp-json\/wp\/v2\/media?parent=13"}],"curies":[{"name":"wp","href":"https:\/\/api.w.org\/{rel}","templated":true}]}}