{"id":11,"date":"2015-10-26T18:08:17","date_gmt":"2015-10-26T17:08:17","guid":{"rendered":"http:\/\/sandbox.christusbund.de\/wordpress\/newtheme\/?page_id=11"},"modified":"2024-11-17T15:18:21","modified_gmt":"2024-11-17T14:18:21","slug":"gemeinde","status":"publish","type":"page","link":"https:\/\/www.christusbund.de\/weilheim\/gemeinde\/","title":{"rendered":"Gemeinde"},"content":{"rendered":"<div id=\"pl-11\"  class=\"panel-layout\" ><div id=\"pg-11-0\"  class=\"panel-grid panel-has-style\" ><div class=\"container cb_container panel-row-style panel-row-style-for-11-0\" ><div id=\"pgc-11-0-0\"  class=\"panel-grid-cell\" ><div id=\"panel-11-0-0-0\" class=\"so-panel widget widget_black-studio-tinymce widget_black_studio_tinymce panel-first-child panel-last-child\" data-index=\"0\" ><h3 class=\"widget-title\">Gr\u00fc\u00df Gott, d\u00fcrfen wir uns vorstellen?<\/h3><div class=\"textwidget\"><p>In unserer Gemeinde treffen sich Menschen jeden Alters und unterschiedlicher Herkunft, die sinnvoll leben wollen.<\/p>\n<p>Jesus schenkt dieses echte Leben - und zwar f\u00fcr immer. Davon sind wir \u00fcberzeugt. Durch die Bibel lernen wir ihn kennen. Seine Einladung steht heute noch: \u201eKommt alle her zu mir...\u201c<\/p>\n<p>Unsere Einladung steht auch: Wer auch immer Sie sind - Sie sind herzlich willkommen!<br \/>\nSchauen Sie doch mal bei uns rein \u2013 einfach so und unverbindlich.<\/p>\n<\/div><\/div><\/div><div id=\"pgc-11-0-1\"  class=\"panel-grid-cell\" ><div id=\"panel-11-0-1-0\" class=\"so-panel widget widget_black-studio-tinymce widget_black_studio_tinymce panel-first-child panel-last-child\" data-index=\"1\" ><div class=\"cb_sidebar panel-widget-style panel-widget-style-for-11-0-1-0\" ><div class=\"textwidget\"><h3 style=\"margin-bottom: 10px;margin-top: 0\">Ansprechpartner<\/h3>\n<p>Joachim Lipsius<\/p>\n<p><a class=\"btn btn-primary\" href=\"mailto:jlipsius@christusbund-weilheim.de\"><i class=\"fas fa-envelope\"><\/i> E-Mail schreiben<\/a><\/p>\n<\/div><\/div><\/div><\/div><\/div><\/div><div id=\"pg-11-1\"  class=\"panel-grid panel-has-style\" ><div class=\"cb_container panel-row-style panel-row-style-for-11-1\" ><div id=\"pgc-11-1-0\"  class=\"panel-grid-cell\" ><div id=\"panel-11-1-0-0\" class=\"so-panel widget widget_siteorigin-panels-builder panel-first-child panel-last-child\" data-index=\"2\" ><div class=\"container panel-widget-style panel-widget-style-for-11-1-0-0\" ><div id=\"pl-w6739fb2d556bc\"  class=\"panel-layout\" ><div id=\"pg-w6739fb2d556bc-0\"  class=\"panel-grid panel-no-style\" ><div id=\"pgc-w6739fb2d556bc-0-0\"  class=\"panel-grid-cell\" ><div id=\"panel-w6739fb2d556bc-0-0-0\" class=\"so-panel widget widget_black-studio-tinymce widget_black_studio_tinymce panel-first-child panel-last-child\" data-index=\"0\" ><div class=\"textwidget\"><h2 class=\"text-center\">Was uns wichtig ist<\/h2>\n<p><span style=\"color: #acaa00\"><em>Jesus Christus sagt: \u201eIch versichere euch: wer meine Botschaft h\u00f6rt und an Gott glaubt, der mich gesandt hat, der hat das ewige Leben.\u201c Die Bibel, aus Johannes 5 Vers 24<\/em><\/span><\/p>\n<\/div><\/div><\/div><\/div><div id=\"pg-w6739fb2d556bc-1\"  class=\"panel-grid panel-no-style\" ><div id=\"pgc-w6739fb2d556bc-1-0\"  class=\"panel-grid-cell\" ><div id=\"panel-w6739fb2d556bc-1-0-0\" class=\"so-panel widget widget_black-studio-tinymce widget_black_studio_tinymce panel-first-child panel-last-child\" data-index=\"1\" ><div class=\"textwidget\"><strong>Jesus Christus ist Mittelpunkt unserer Gemeinde<\/strong>. In ihm kam Gott selbst in diese Welt. Durch seinen Tod am Kreuz hat er eine Br\u00fccke geschlagen \u00fcber die trennende Kluft zwischen dem heiligen Gott und uns unvollkommenen Menschen. Jetzt kann der Mensch durch den Glauben in Gemeinschaft mit Gott leben.\n<br><br>\n<strong>Unter \u201eGlauben\u201c verstehen wir eine ganz pers\u00f6nliche Beziehung zu Jesus Christus<\/strong>. Sie zeigt sich dadurch, dass wir im Gebet mit ihm reden und beim Lesen der Bibel auf ihn h\u00f6ren. Dabei macht uns der Geist Gottes klar, wer Jesus wirklich ist und dass wir ihn zu einem erf\u00fcllten Leben brauchen. So hilft er uns, nach seinem Willen zu leben.\n<br><br>\n<strong>Mit dem Tod ist nicht alles aus<\/strong>, denn Jesus blieb nicht im Grab. Er ist auferstanden. Dadurch gibt es ein v\u00f6llig erf\u00fclltes, ewiges Leben f\u00fcr alle, die ihm vertrauen. Jesus sagt: \u201cWeil ich lebe, werdet auch ihr leben.\u201c (Johannes 14,19) Das w\u00fcnschen wir uns f\u00fcr alle Menschen. Wir wollen verbindlich gemeinsam unterwegs sein, denn wir brauchen einander. Den Grad der Verbindlichkeit bestimmt jeder selbst. Es gibt keinen Zwang. Glaube ist immer frei.<\/div><\/div><\/div><div id=\"pgc-w6739fb2d556bc-1-1\"  class=\"panel-grid-cell\" ><div id=\"panel-w6739fb2d556bc-1-1-0\" class=\"so-panel widget widget_black-studio-tinymce widget_black_studio_tinymce panel-first-child panel-last-child\" data-index=\"2\" ><div class=\"textwidget\"><strong>Wir verstehen uns als eine Gruppe von Christen<\/strong> innerhalb der gro\u00dfen, weltweiten Gemeinde derer, die an Jesus Christus glauben. Mit ihnen wissen wir uns verbunden. Jesus ist nicht nur ein Gott f\u00fcr die Starken und \u00dcberlegenen. Er ist vor allem ein \u201eHeiland\u201c f\u00fcr alle, die ihre Schw\u00e4chen deutlich sehen und die ihre Schuld bedr\u00fcckt. In unserer Gemeinde treffen sich deshalb Menschen, die bereit sind, andere zu tragen und solche, die Unterst\u00fctzung ben\u00f6tigen. Das k\u00f6nnen auch ganz praktische Hilfen im Alltag sein.\n<br><br>\n<strong>Unsere Gemeinde lebt von ehrenamtlicher Mitarbeit<\/strong> und freiwilligen Spenden vieler Menschen. Wir erheben jedoch weder einen Mitgliedsbeitrag noch setzen wir eine Mitarbeit voraus - auch nicht unterschwellig. Jeder tr\u00e4gt bei, was er m\u00f6chte und kann. \n<br><br>\n<strong>Herzlich willkommen.<\/strong><br>\nNat\u00fcrlich k\u00f6nnen wir hier nur in wenigen S\u00e4tzen beschreiben, wer wir sind und was wir wollen. Deshalb w\u00fcrden wir uns freuen, wenn wir Sie in unseren R\u00e4umen pers\u00f6nlich begr\u00fc\u00dfen d\u00fcrften. Schauen Sie doch einfach mal bei uns rein und lernen Sie uns \"in echt\" kennen. Wie gesagt: einfach so und v\u00f6llig unverbindlich.<\/div><\/div><\/div><\/div><div id=\"pg-w6739fb2d556bc-2\"  class=\"panel-grid panel-no-style\" ><div id=\"pgc-w6739fb2d556bc-2-0\"  class=\"panel-grid-cell\" ><div id=\"panel-w6739fb2d556bc-2-0-0\" class=\"so-panel widget widget_black-studio-tinymce widget_black_studio_tinymce panel-first-child panel-last-child\" data-index=\"3\" ><div class=\"textwidget\"><h2 class=\"text-center\">Was wir glauben<\/h2>\n<\/div><\/div><\/div><\/div><div id=\"pg-w6739fb2d556bc-3\"  class=\"panel-grid panel-no-style\" ><div id=\"pgc-w6739fb2d556bc-3-0\"  class=\"panel-grid-cell\" ><div id=\"panel-w6739fb2d556bc-3-0-0\" class=\"so-panel widget widget_black-studio-tinymce widget_black_studio_tinymce panel-first-child panel-last-child\" data-index=\"4\" ><div class=\"textwidget\"><h4>1. Wer ist Gott?<\/h4>\nGott ist der Sch\u00f6pfer und Herrscher \u00fcber das ganze Universum. Er existiert seit Ewigkeit und in Ewigkeit in drei unterschiedlichen Personen: Gott, der Vater und Gott, der Sohn und Gott, der Heilige Geist. Diese Personen sind gleichwertig und sind gemeinsam ein Gott.\n<div style=\"color:#888;text-align:right\">Psalm 90,2; Matth\u00e4us 28,19; Johannes 10,30; 1. Petrus 1,2; 2.Korinther 13,13<\/div>\n\n<h4>2. Was ist der Mensch?<\/h4>\nGott erschuf den Menschen als sein Ebenbild. Der Mensch ist der H\u00f6hepunkt der g\u00f6ttlichen Sch\u00f6pfung. Obwohl der Mensch von Gott \"sehr gut\" erschaffen wurde, machte er sich durch seinen Ungehorsam gegen Gott zum Feind Gottes. Diese Einstellung des Menschen, in der Bibel \"S\u00fcnde\" genannt, trennt jeden Menschen von Gott.\n<div style=\"color:#888;text-align:right\">1.Mose 1,27; Psalm 8,3-6; Jesaja 53,6a; R\u00f6mer 3,10-12.23<\/div>\n\n<h4>3. Leben die Menschen ewig?<\/h4>\nDer Mensch wurde geschaffen zu einer ewigen Existenz. Er wird entweder ewig von Gott getrennt sein durch seine S\u00fcnde oder in ewiger Gemeinschaft mit Gott leben durch Gottes Vergebung und Rechtfertigung. Ewige Trennung von Gott ist die H\u00f6lle. Ewige Gemeinschaft mit Gott ist ewiges Leben im Himmel. Himmel und H\u00f6lle sind Orte ewiger Existenz.\n<div style=\"color:#888;text-align:right\">Mt 5,8; 25,44.46; Johannes 3,16-21; 5,21-25; 14,1-3; 17,24; R\u00f6mer 6,23; Offenbarung 20,15<\/div>\n\n<h4>4. Wer ist Jesus Christus?<\/h4>\nJesus Christus ist der einzige Sohn Gottes. Er ist eins mit Gott, dem Vater. Jesus kam als Mensch auf diese Welt und lebte ohne S\u00fcnde. Er opferte sich selbst am Kreuz und trug durch seinen stellvertretenden Tod die S\u00fcnde aller Menschen. Er ist nach drei Tagen leiblich auferstanden und bewies dadurch seine Macht \u00fcber S\u00fcnde und Tod. Er ist zur\u00fcckgegangen in den Himmel und wird wiederkommen, um als K\u00f6nig aller K\u00f6nige zu regieren.\n<div style=\"color:#888;text-align:right\">Matth\u00e4us 1,22-23; 3,16-17; Jesaja 9,5-6; Johannes 1,1-5.14.17; 14,1-3; Hebr\u00e4er 4,14.15; 1. Korinther 15,3-8; R\u00f6mer 1,3-4; Apostelgeschichte 1,9-11; 1. Timotheus 6,14-15; Titus 2,13; 1. Johannesbrief 5,20<\/div><\/div><\/div><\/div><div id=\"pgc-w6739fb2d556bc-3-1\"  class=\"panel-grid-cell\" ><div id=\"panel-w6739fb2d556bc-3-1-0\" class=\"so-panel widget widget_black-studio-tinymce widget_black_studio_tinymce panel-first-child panel-last-child\" data-index=\"5\" ><div class=\"textwidget\"><h4>5. Wie wird der Mensch vor Gott (ge-)recht?<\/h4>\nDass der Mensch vor Gott bestehen kann, ist ein Geschenk Gottes an den Menschen. Der Mensch kann seine Trennung von Gott nicht durch eigene Anstrengung oder durch gute Taten \u00fcberwinden. Bei seiner \u201eBekehrung\u201c (= Umkehr) zu Gott und der neuen geistlichen Geburt erkennt der Mensch, dass ausschlie\u00dflich das Vertrauen in die Vergebung durch Jesus Christus den Menschen vor der Strafe f\u00fcr seine S\u00fcnden, n\u00e4mlich dem ewigen Tod, retten kann. Das ewige Leben beginnt, sobald ein Mensch diese Vergebung durch Jesus Christus im Glauben annimmt und ihm die Verantwortung f\u00fcr sein Leben anvertraut.\n<div style=\"color:#888;text-align:right\">R\u00f6mer 6,23; Epheser 2,8-9; Johannes 1,12; 3,3.5.16; 14,6; Galater 3,26; R\u00f6mer 3,23-24.28; 5,1; Titus 3,5-7<\/div>\n\n<h4>6. Kann ich wissen, dass ich in den Himmel komme und ewig bei Gott lebe?<\/h4>\nDas ewige Leben durch Jesus Christus schenkt Gott dem Glaubenden f\u00fcr alle Zeit und Ewigkeit. Die Rechtfertigung wird st\u00e4ndig erneuert durch Gottes Gnade und kann nicht durch eigene Anstrengung des Christen erworben werde. Es ist allein die Gnade Gottes, die einem Christen die Gewissheit des ewigen Lebens gibt.\n<div style=\"color:#888;text-align:right\">Johannes 10,29; R\u00f6mer 8,15-17; 2. Timotheus 1,12; Hebr\u00e4er 7,25; 10,10.14; 1. Petrus 1,3-9; 1. Johannesbrief 5,11-12<\/div>\n\n<h4>7. Wer ist der Heilige Geist?<\/h4>\nDer Heilige Geist ist eins mit Gott dem Vater und Jesus dem Sohn Gottes. Er ist gegenw\u00e4rtig auf dieser Welt und macht Menschen bewusst, dass sie der Rechtfertigung durch Jesus Christus bed\u00fcrfen. Der Heilige Geist ist in jedem Christen gegenw\u00e4rtig vom Augenblick seiner Rechtfertigung durch Jesus Christus an. Er macht dem Christen klar, dass er ein Kind Gottes ist. Er erf\u00fcllt den Christen mit g\u00f6ttlicher Kraft zum Leben, dem Verst\u00e4ndnis geistlicher Wahrheit und g\u00f6ttlicher F\u00fchrung. Der Christ stellt sein Leben t\u00e4glich unter die F\u00fchrung des Heiligen Geistes.\n<div style=\"color:#888;text-align:right\">Johannes 16,7-13; 14,16-18; R\u00f6mer 8,15-17; 2. Korinther 3,17; Apostelgeschichte 1,8; R\u00f6mer 8,14-17.26; 1. Korinther 2,12; 3,16; Epheser 1,13-14; Galater 5,22-25<\/div>\n\n<h4>8. Was ist die Bibel?<\/h4>\nDie Bibel ist Gottes Wort an alle Menschen. Sie wurde von Menschen geschrieben, die unter der \u00fcbernat\u00fcrlichen F\u00fchrung des Heiligen Geistes standen. So wurde die ganze Bibel von Gott \u201egehaucht\u201c (= lat.: inspiriert). Die Bibel ist die einzig absolut verl\u00e4ssliche Quelle g\u00f6ttlicher Offenbarung und Wahrheit und hat daher g\u00f6ttliche Autorit\u00e4t f\u00fcr den Glauben und das Leben jedes Christen. Durch die Worte der Bibel begegnet uns Gott selbst. Die Worte Gottes sind notwendige Nahrung und Lebenselixier f\u00fcr jeden Christen. \n<div style=\"color:#888;text-align:right\">2. Timotheus 1,13; 3,16-17; 2. Petrus 1,20-21; Psalm 12,7; 19,8-9; 119,105; Spr\u00fcche 30,5<\/div><\/div><\/div><\/div><\/div><div id=\"pg-w6739fb2d556bc-4\"  class=\"panel-grid panel-has-style\" ><div class=\"panel-row-style panel-row-style-for-w6739fb2d556bc-4\" ><div id=\"pgc-w6739fb2d556bc-4-0\"  class=\"panel-grid-cell\" ><div id=\"panel-w6739fb2d556bc-4-0-0\" class=\"so-panel widget widget_black-studio-tinymce widget_black_studio_tinymce panel-first-child panel-last-child\" data-index=\"6\" ><div class=\"textwidget\"><div class=\"text-center\">\n  <a href=\".\/kontakt\" class=\"btn btn-primary\"><i class=\"fas fa-comment-o\"><\/i> Sie haben Fragen?<\/a>&nbsp;\n<\/div><\/div><\/div><\/div><\/div><\/div><\/div><\/div><\/div><\/div><\/div><\/div><div id=\"pg-11-2\"  class=\"panel-grid panel-has-style\" ><div class=\"cb_container cb_bg_lightgray panel-row-style panel-row-style-for-11-2\" ><div id=\"pgc-11-2-0\"  class=\"panel-grid-cell\" ><div id=\"panel-11-2-0-0\" class=\"so-panel widget widget_siteorigin-panels-builder panel-first-child panel-last-child\" data-index=\"3\" ><div class=\"container panel-widget-style panel-widget-style-for-11-2-0-0\" ><div id=\"pl-w672c619d9e256\"  class=\"panel-layout\" ><div id=\"pg-w672c619d9e256-0\"  class=\"panel-grid panel-no-style\" ><div id=\"pgc-w672c619d9e256-0-0\"  class=\"panel-grid-cell\" ><div id=\"panel-w672c619d9e256-0-0-0\" class=\"so-panel widget widget_black-studio-tinymce widget_black_studio_tinymce panel-first-child panel-last-child\" data-index=\"0\" ><div class=\"textwidget\"><h3 style=\"margin: 0 0 30px 0\">Wohin wir geh\u00f6ren<\/h3>\nDie Gemeinde \u201eChristusbund Weilheim\u201c ist mit rund 50 anderen Gemeinden und Gemeinschaften zum Christusbund e.V. zusammengeschlossen. Anfang des 20. Jahrhunderts entstand dieser als W\u00fcrttembergischer Br\u00fcderbund durch den Zusammenschluss einzelner Gemeinschaften im Schwarzwald, auf den Fildern, im Erms- und Remstal, im Sch\u00f6nbuch sowie im Raum Kirchheim\/Teck und auf der Schw\u00e4bischen Alb.\n<br>\nWir f\u00fchlen uns verbunden mit allen Kirchen, Freikirchen und christlichen Gruppen, bei denen Jesus Christus und die Bibel im Mittelpunkt stehen.\n<br><br>\n<a class=\"btn btn-primary\" href=\"https:\/\/www.christusbund.de\" target=\"_blank\" rel=\"noopener\">christusbund.de<\/a><\/div><\/div><\/div><div id=\"pgc-w672c619d9e256-0-1\"  class=\"panel-grid-cell\" ><div id=\"panel-w672c619d9e256-0-1-0\" class=\"so-panel widget widget_black-studio-tinymce widget_black_studio_tinymce panel-first-child panel-last-child\" data-index=\"1\" ><div class=\"textwidget\"><ul class=\"cb_iconList\">\n<li style=\"margin-bottom:5px\"><img decoding=\"async\" src=\"\/weilheim\/wp-content\/uploads\/sites\/24\/2017\/12\/Aufzug.png\" style=\"margin-right:15px\" \/>\n<div class=\"inlineIcon\">Ger\u00e4umiger Aufzug in alle Etagen<\/div>\n<\/li>\n<li style=\"margin-bottom:5px\"><img decoding=\"async\" src=\"\/weilheim\/wp-content\/uploads\/sites\/24\/2017\/12\/Hoeren_ind.png\" style=\"margin-right:15px\" \/>\n<div class=\"inlineIcon\">Induktive H\u00f6ranlage im Gottesdienstraum<\/div>\n<\/li>\n<li style=\"margin-bottom:5px\"><img decoding=\"async\" src=\"\/weilheim\/wp-content\/uploads\/sites\/24\/2017\/12\/WC_Rolli.png\" style=\"margin-right:15px\" \/>\n<div class=\"inlineIcon\">Behindertengerechte Toilette<\/div>\n<\/li>\n<li style=\"margin-bottom:5px\"><img decoding=\"async\" src=\"\/weilheim\/wp-content\/uploads\/sites\/24\/2017\/12\/Baby.png\" style=\"margin-right:15px\" \/>\n<div class=\"inlineIcon\">Wickelm\u00f6glichkeit w\u00e4hrend s\u00e4mtlicher Veranstaltungen<\/div>\n<\/li>\n<\/ul>\n<\/div><\/div><\/div><\/div><\/div><\/div><\/div><\/div><\/div><\/div><\/div>","protected":false},"excerpt":{"rendered":"<p>In unserer Gemeinde treffen sich Menschen jeden Alters und unterschiedlicher Herkunft, die sinnvoll leben wollen. Jesus schenkt dieses echte Leben &#8211; und zwar f\u00fcr immer. Davon sind wir \u00fcberzeugt. Durch die Bibel lernen wir ihn kennen. Seine Einladung steht heute [&hellip;]<\/p>\n","protected":false},"author":49,"featured_media":848,"parent":0,"menu_order":0,"comment_status":"closed","ping_status":"closed","template":"","meta":{"footnotes":""},"class_list":["post-11","page","type-page","status-publish","has-post-thumbnail","hentry"],"publishpress_future_action":{"enabled":false,"date":"2026-05-14 22:32:10","action":"change-status","newStatus":"draft","terms":[],"taxonomy":"","extraData":[]},"publishpress_future_workflow_manual_trigger":{"enabledWorkflows":[]},"_links":{"self":[{"href":"https:\/\/www.christusbund.de\/weilheim\/wp-json\/wp\/v2\/pages\/11","targetHints":{"allow":["GET"]}}],"collection":[{"href":"https:\/\/www.christusbund.de\/weilheim\/wp-json\/wp\/v2\/pages"}],"about":[{"href":"https:\/\/www.christusbund.de\/weilheim\/wp-json\/wp\/v2\/types\/page"}],"author":[{"embeddable":true,"href":"https:\/\/www.christusbund.de\/weilheim\/wp-json\/wp\/v2\/users\/49"}],"replies":[{"embeddable":true,"href":"https:\/\/www.christusbund.de\/weilheim\/wp-json\/wp\/v2\/comments?post=11"}],"version-history":[{"count":10,"href":"https:\/\/www.christusbund.de\/weilheim\/wp-json\/wp\/v2\/pages\/11\/revisions"}],"predecessor-version":[{"id":7277,"href":"https:\/\/www.christusbund.de\/weilheim\/wp-json\/wp\/v2\/pages\/11\/revisions\/7277"}],"wp:featuredmedia":[{"embeddable":true,"href":"https:\/\/www.christusbund.de\/weilheim\/wp-json\/wp\/v2\/media\/848"}],"wp:attachment":[{"href":"https:\/\/www.christusbund.de\/weilheim\/wp-json\/wp\/v2\/media?parent=11"}],"curies":[{"name":"wp","href":"https:\/\/api.w.org\/{rel}","templated":true}]}}