{"id":1027,"date":"2017-11-28T13:47:35","date_gmt":"2017-11-28T12:47:35","guid":{"rendered":"http:\/\/sandbox.christusbund.de\/wp\/weilheim\/?page_id=1027"},"modified":"2026-03-04T16:14:51","modified_gmt":"2026-03-04T15:14:51","slug":"frauennachmittag","status":"publish","type":"page","link":"https:\/\/www.christusbund.de\/weilheim\/erwachsene\/frauennachmittag\/","title":{"rendered":"FrauenNachmittag"},"content":{"rendered":"<div id=\"pl-1027\"  class=\"panel-layout\" ><div id=\"pg-1027-0\"  class=\"panel-grid panel-has-style\" ><div class=\"container cb_container panel-row-style panel-row-style-for-1027-0\" ><div id=\"pgc-1027-0-0\"  class=\"panel-grid-cell\" ><div id=\"panel-1027-0-0-0\" class=\"so-panel widget widget_black-studio-tinymce widget_black_studio_tinymce panel-first-child panel-last-child\" data-index=\"0\" ><h3 class=\"widget-title\">FrauenNachmittag<\/h3><div class=\"textwidget\"><p>Innehalten, Durchatmen, Kraft sch\u00f6pfen, Gemeinschaft pflegen, Wegweisung erhalten \u2013 deshalb kommen wir zusammen. Gemeinsam statt einsam. Wir plaudern, h\u00f6ren einander zu und h\u00f6ren aufeinander, dabei tauschen wir Erfahrungen aus und k\u00f6nnen so voneinander lernen. Das tun wir in entspannter Atmosph\u00e4re bei Kaffee und Geb\u00e4ck. Ein Schwerpunkt dabei ist das Nachdenken \u00fcber einen Abschnitt aus der Bibel. Verschiedene Referentinnen und Referenten erl\u00e4utern uns Gottes Wort und zeigen uns die Liebe von Jesus Christus, der uns ein sinnvolles Leben IN dieser Welt und Hoffnung und Gewissheit f\u00fcr das Leben NACH dieser Welt geben will.<\/p>\n<p>Herzlich eingeladen sind alle Frauen, egal welcher Konfession und Herkunft.<\/p>\n<p>Der FrauenNachmittag findet immer am ersten und dritten Donnerstag im Monat von 14:30 Uhr bis ca. 16:00 Uhr statt. Die Termine finden Sie in unserem Programm und im Weilheimer Mitteilungsblatt.<\/p>\n<h4>Programm:<\/h4>\n<p><img loading=\"lazy\" decoding=\"async\" src=\"https:\/\/www.christusbund.de\/weilheim\/wp-content\/uploads\/sites\/24\/2026\/03\/FN_2026.jpg\" alt=\"\" width=\"400\" height=\"770\" class=\"alignnone size-full wp-image-8586\" \/><\/p>\n<\/div><\/div><\/div><div id=\"pgc-1027-0-1\"  class=\"panel-grid-cell\" ><div id=\"panel-1027-0-1-0\" class=\"so-panel widget widget_black-studio-tinymce widget_black_studio_tinymce panel-first-child panel-last-child\" data-index=\"1\" ><div class=\"cb_sidebar panel-widget-style panel-widget-style-for-1027-0-1-0\" ><div class=\"textwidget\"><h3 class=\"ansprechpartner\" style=\"margin-bottom: 10px;margin-top: 0\">Ansprechpartner<\/h3>\n<p>Heiderose Rehkugler<\/p>\n<a class=\"btn btn-primary\" href=\"mailto:info@christusbund-weilheim.de\"><i class=\"fas fa-envelope\"><\/i> E-Mail schreiben<\/a><\/div><\/div><\/div><\/div><\/div><\/div><div id=\"pg-1027-1\"  class=\"panel-grid panel-has-style\" ><div class=\"cb_bg_lightgray cb_container panel-row-style panel-row-style-for-1027-1\" ><div id=\"pgc-1027-1-0\"  class=\"panel-grid-cell\" ><div id=\"panel-1027-1-0-0\" class=\"so-panel widget widget_siteorigin-panels-builder panel-first-child panel-last-child\" data-index=\"2\" ><div class=\"container panel-widget-style panel-widget-style-for-1027-1-0-0\" ><div id=\"pl-w5a5a0881446ca\"  class=\"panel-layout\" ><div id=\"pg-w5a5a0881446ca-0\"  class=\"panel-grid panel-no-style\" ><div id=\"pgc-w5a5a0881446ca-0-0\"  class=\"panel-grid-cell panel-grid-cell-mobile-last\" ><div id=\"panel-w5a5a0881446ca-0-0-0\" class=\"so-panel widget widget_black-studio-tinymce widget_black_studio_tinymce panel-first-child panel-last-child\" data-index=\"0\" ><div class=\"textwidget\"><h3 style=\"margin: 0 0 10px 0\">Auf einen Blick<\/h3>\n\n<ul class=\"cb_iconList\">\n  <li>\n    <span><i class=\"fas fa-users\"><\/i><\/span>\n    <p>\n       Frauen im besten Alter, also 55+<br>     \n    <\/p>\n  <\/li>\n  <li>\n    <span><i class=\"fas fa-clock\"><\/i><\/span>\n    <p>\n      Am ersten und dritten Donnerstag im Monat, von 14:30 bis 16:00 Uhr<br>\n    <\/p>\n  <\/li>\n  <li>\n    <span><i class=\"fas fa-map-marker\"><\/i><\/span>\n    <p>\n      Neuer L\u00f6wensaal, Kleiner Saal (EG)\n    <\/p>\n  <\/li>\n<\/ul><\/div><\/div><\/div><div id=\"pgc-w5a5a0881446ca-0-1\"  class=\"panel-grid-cell panel-grid-cell-empty\" ><\/div><\/div><\/div><\/div><\/div><\/div><\/div><\/div><\/div>","protected":false},"excerpt":{"rendered":"<p>Innehalten, Durchatmen, Kraft sch\u00f6pfen, Gemeinschaft pflegen, Wegweisung erhalten \u2013 deshalb kommen wir zusammen. Gemeinsam statt einsam. Wir plaudern, h\u00f6ren einander zu und h\u00f6ren aufeinander, dabei tauschen wir Erfahrungen aus und k\u00f6nnen so voneinander lernen. Das tun wir in entspannter Atmosph\u00e4re [&hellip;]<\/p>\n","protected":false},"author":49,"featured_media":1520,"parent":666,"menu_order":0,"comment_status":"closed","ping_status":"closed","template":"","meta":{"footnotes":""},"class_list":["post-1027","page","type-page","status-publish","has-post-thumbnail","hentry"],"publishpress_future_action":{"enabled":false,"date":"2026-05-18 17:14:50","action":"change-status","newStatus":"draft","terms":[],"taxonomy":"","extraData":[]},"publishpress_future_workflow_manual_trigger":{"enabledWorkflows":[]},"_links":{"self":[{"href":"https:\/\/www.christusbund.de\/weilheim\/wp-json\/wp\/v2\/pages\/1027","targetHints":{"allow":["GET"]}}],"collection":[{"href":"https:\/\/www.christusbund.de\/weilheim\/wp-json\/wp\/v2\/pages"}],"about":[{"href":"https:\/\/www.christusbund.de\/weilheim\/wp-json\/wp\/v2\/types\/page"}],"author":[{"embeddable":true,"href":"https:\/\/www.christusbund.de\/weilheim\/wp-json\/wp\/v2\/users\/49"}],"replies":[{"embeddable":true,"href":"https:\/\/www.christusbund.de\/weilheim\/wp-json\/wp\/v2\/comments?post=1027"}],"version-history":[{"count":11,"href":"https:\/\/www.christusbund.de\/weilheim\/wp-json\/wp\/v2\/pages\/1027\/revisions"}],"predecessor-version":[{"id":8587,"href":"https:\/\/www.christusbund.de\/weilheim\/wp-json\/wp\/v2\/pages\/1027\/revisions\/8587"}],"up":[{"embeddable":true,"href":"https:\/\/www.christusbund.de\/weilheim\/wp-json\/wp\/v2\/pages\/666"}],"wp:featuredmedia":[{"embeddable":true,"href":"https:\/\/www.christusbund.de\/weilheim\/wp-json\/wp\/v2\/media\/1520"}],"wp:attachment":[{"href":"https:\/\/www.christusbund.de\/weilheim\/wp-json\/wp\/v2\/media?parent=1027"}],"curies":[{"name":"wp","href":"https:\/\/api.w.org\/{rel}","templated":true}]}}