{"id":568,"date":"2025-07-18T21:00:14","date_gmt":"2025-07-18T19:00:14","guid":{"rendered":"http:\/\/sandbox.christusbund.de\/wp\/stetten\/?page_id=568"},"modified":"2025-06-28T11:37:18","modified_gmt":"2025-06-28T09:37:18","slug":"teenkreis","status":"publish","type":"page","link":"https:\/\/www.christusbund.de\/stetten\/gruppen\/teenkreis\/","title":{"rendered":"Teenkreis"},"content":{"rendered":"<div id=\"pl-568\"  class=\"panel-layout\" ><div id=\"pg-568-0\"  class=\"panel-grid panel-has-style\" ><div class=\"container cb_container panel-row-style panel-row-style-for-568-0\" ><div id=\"pgc-568-0-0\"  class=\"panel-grid-cell\" ><div id=\"panel-568-0-0-0\" class=\"so-panel widget widget_black-studio-tinymce widget_black_studio_tinymce panel-first-child panel-last-child\" data-index=\"0\" ><h3 class=\"widget-title\">Teenkreis<\/h3><div class=\"textwidget\"><p><a class=\"btn btn-primary btn-lg\" href=\"#Termine\"> <i class=\"fas fa-arrow-down\"><\/i> Termine<\/a><\/p>\n<hr \/>\n<h2 id=\"Info\"><\/h2>\n<h4>Informationen<\/h4>\n<p>\u2764\ufe0f-liche Einladung zum Teenkreis<\/p>\n<p>Du bist zwischen der 7. Klasse und 16 Jahre? Du bist daran interessiert etwas Neues auszuprobieren \ud83d\ude80, von einem wundervollen Gott zu erfahren \ud83d\udc63, Gemeinschaft und jede Menge Spa\u00df \ud83c\udfa2 mit anderen Teens zu haben? Dann bist du bei uns genau richtig \ud83d\udc4d\ud83c\udffc!<\/p>\n<p>Wir treffen uns einmal im Monat Freitags \ud83d\udcc5 von 18:00 - 21:00 Uhr um gemeinsam etwas \u00fcber Gott zu erfahren, in der Bibel zu lesen, Singen \ud83c\udfb8, Freunde zu treffen, Essen zu kochen \ud83c\udf74, Gemeinsam zu spielen \ud83c\udfae, Ausfl\u00fcge zu unternehmen \ud83c\udfd5 und vieles mehr.<\/p>\n<p>Komm doch einfach mal vorbei und erlebe unseren wunderbaren, verr\u00fcckten und lebendigen Teenkreis! Wir freuen uns, Dich kennen zu lernen \ud83c\udf89!<\/p>\n<p>Wir haben \u00fcbrigens eine Whatsapp-Gruppe \ud83d\udcf2 \u00fcber die Du alle wichtigen Info's <a class=\"Emoji_emoji__P7Lkz __variable_2bc503 EmojisList_emojis-list-item__Z9O9D\" title=\"\" href=\"https:\/\/emojipedia.org\/information\" data-src=\"\">\u2139\ufe0f<\/a> erh\u00e4lst. F\u00fcr n\u00e4here Informationen oder falls Du noch Fragen \u2753 hast, schreib uns einfach eine <a href=\"mailto:teenkreis@christusbund-stetten.de\">Email<\/a> \ud83d\udce7.<\/p>\n<hr \/>\n<h2 id=\"Termine\"><\/h2>\n<h4>\ud83d\udcc5 Termine ab Sommer 2025:<\/h4>\n<p>Coming soon<\/p>\n<p>&nbsp;<\/p>\n<p>&nbsp;<\/p>\n<p>&nbsp;<\/p>\n<p>&nbsp;<\/p>\n<p>&nbsp;<\/p>\n<p>&nbsp;<\/p>\n<\/div><\/div><\/div><div id=\"pgc-568-0-1\"  class=\"panel-grid-cell\" ><div id=\"panel-568-0-1-0\" class=\"so-panel widget widget_black-studio-tinymce widget_black_studio_tinymce panel-first-child panel-last-child\" data-index=\"1\" ><div class=\"cb_sidebar panel-widget-style panel-widget-style-for-568-0-1-0\" ><div class=\"textwidget\"><h3 style=\"margin-bottom: 10px; margin-top: 0;\">Ansprechpartner<\/h3>\n<p>Melissa &amp; Stefan<\/p>\n<p>Tel. 0157 803 87 439 (Stefan)<\/p>\n<p><a class=\"btn btn-primary\" href=\"mailto:teenkreis@christusbund-stetten.de\"><i class=\"fas fa-envelope\"><\/i> E-Mail schreiben<\/a><\/p>\n<\/div><\/div><\/div><\/div><\/div><\/div><div id=\"pg-568-1\"  class=\"panel-grid panel-has-style\" ><div class=\"cb_bg_lightgray cb_container panel-row-style panel-row-style-for-568-1\" ><div id=\"pgc-568-1-0\"  class=\"panel-grid-cell\" ><div id=\"panel-568-1-0-0\" class=\"so-panel widget widget_siteorigin-panels-builder panel-first-child panel-last-child\" data-index=\"2\" ><div class=\"container panel-widget-style panel-widget-style-for-568-1-0-0\" ><div id=\"pl-w66eaf1f9c928b\"  class=\"panel-layout\" ><div id=\"pg-w66eaf1f9c928b-0\"  class=\"panel-grid panel-no-style\" ><div id=\"pgc-w66eaf1f9c928b-0-0\"  class=\"panel-grid-cell\" ><div id=\"panel-w66eaf1f9c928b-0-0-0\" class=\"so-panel widget widget_black-studio-tinymce widget_black_studio_tinymce panel-first-child panel-last-child\" data-index=\"0\" ><div class=\"container panel-widget-style panel-widget-style-for-w66eaf1f9c928b-0-0-0\" ><div class=\"textwidget\"><h3 style=\"margin: 0 0 10px 0\">Auf einen Blick<\/h3>\n<ul class=\"cb_iconList\">\n<li>\n    <span><i class=\"fas fa-users\"><\/i><\/span> Teens zwischen 7. Klasse und 16 Jahre<br \/>\n      <a href=\"..\/..\/gruppen\"><i class=\"fas fa-chevron-circle-right\"><\/i> Alle Gruppen anzeigen<br \/>\n      <\/a>\n    <\/p>\n<\/li>\n<li>\n    <span><i class=\"fas fa-clock\"><\/i><\/span> Einmal Freitags im Monat von 18:00 bis 21:00 Uhr<br \/>\n      <a href=\"..\/..\/stetten\/#highlights\"><i class=\"fas fa-chevron-circle-right\"><\/i> Termine anzeigen<br \/>\n      <\/a>\n    <\/p>\n<\/li>\n<li>\n    <span><i class=\"fas fa-map-marker\"><\/i><\/span> Gemeindehaus, Jugendraum im 2.OG<br \/>\n      <a href=\"..\/..\/kontakt\/#map\"\"><i class=\"fas fa-chevron-circle-right\"><\/i> Anfahrt<br \/>\n      <\/a>\n    <\/p>\n<\/li>\n<\/ul>\n<\/div><\/div><\/div><\/div><div id=\"pgc-w66eaf1f9c928b-0-1\"  class=\"panel-grid-cell\" ><\/div><\/div><\/div><\/div><\/div><\/div><\/div><\/div><\/div>","protected":false},"excerpt":{"rendered":"<p>Termine Informationen \u2764\ufe0f-liche Einladung zum Teenkreis Du bist zwischen der 7. Klasse und 16 Jahre? Du bist daran interessiert etwas Neues auszuprobieren \ud83d\ude80, von einem wundervollen Gott zu erfahren \ud83d\udc63, Gemeinschaft und jede Menge Spa\u00df \ud83c\udfa2 mit anderen Teens zu [&hellip;]<\/p>\n","protected":false},"author":41,"featured_media":0,"parent":13,"menu_order":0,"comment_status":"closed","ping_status":"closed","template":"","meta":{"footnotes":""},"class_list":["post-568","page","type-page","status-publish","hentry"],"publishpress_future_action":{"enabled":false,"date":"2026-04-15 14:13:04","action":"change-status","newStatus":"draft","terms":[],"taxonomy":"","extraData":[]},"publishpress_future_workflow_manual_trigger":{"enabledWorkflows":[]},"_links":{"self":[{"href":"https:\/\/www.christusbund.de\/stetten\/wp-json\/wp\/v2\/pages\/568","targetHints":{"allow":["GET"]}}],"collection":[{"href":"https:\/\/www.christusbund.de\/stetten\/wp-json\/wp\/v2\/pages"}],"about":[{"href":"https:\/\/www.christusbund.de\/stetten\/wp-json\/wp\/v2\/types\/page"}],"author":[{"embeddable":true,"href":"https:\/\/www.christusbund.de\/stetten\/wp-json\/wp\/v2\/users\/41"}],"replies":[{"embeddable":true,"href":"https:\/\/www.christusbund.de\/stetten\/wp-json\/wp\/v2\/comments?post=568"}],"version-history":[{"count":11,"href":"https:\/\/www.christusbund.de\/stetten\/wp-json\/wp\/v2\/pages\/568\/revisions"}],"predecessor-version":[{"id":4007,"href":"https:\/\/www.christusbund.de\/stetten\/wp-json\/wp\/v2\/pages\/568\/revisions\/4007"}],"up":[{"embeddable":true,"href":"https:\/\/www.christusbund.de\/stetten\/wp-json\/wp\/v2\/pages\/13"}],"wp:attachment":[{"href":"https:\/\/www.christusbund.de\/stetten\/wp-json\/wp\/v2\/media?parent=568"}],"curies":[{"name":"wp","href":"https:\/\/api.w.org\/{rel}","templated":true}]}}