{"id":344,"date":"2016-01-06T18:12:16","date_gmt":"2016-01-06T18:12:16","guid":{"rendered":"http:\/\/sandbox.christusbund.de\/wp\/ruit\/?page_id=344"},"modified":"2026-02-20T19:10:33","modified_gmt":"2026-02-20T18:10:33","slug":"datenschutz","status":"publish","type":"page","link":"https:\/\/www.christusbund.de\/ruit\/datenschutz\/","title":{"rendered":"Datenschutz"},"content":{"rendered":"<div id=\"pl-344\"  class=\"panel-layout\" ><div id=\"pg-344-0\"  class=\"panel-grid panel-has-style\" ><div class=\"container cb_container panel-row-style panel-row-style-for-344-0\" ><div id=\"pgc-344-0-0\"  class=\"panel-grid-cell\" ><div id=\"panel-344-0-0-0\" class=\"so-panel widget widget_black-studio-tinymce widget_black_studio_tinymce panel-first-child panel-last-child\" data-index=\"0\" ><div class=\"textwidget\"><h1>Datenschutzerkl\u00e4rung<\/h1>\n<p>\n\tUns als W\u00fcrttembergischer Christusbund Ruit ist der Schutz Ihrer Daten und die Wahrung Ihrer Privatsph\u00e4re ein wichtiges Anliegen. Um zu gew\u00e4hrleisten, dass Sie in vollem Umfang \u00fcber die Erfassung und Verarbeitung personenbezogener Daten auf unserer Website Bescheid wissen, nehmen Sie bitte folgende Informationen zur Kenntnis: \n<\/p>\n<h2>1. Was bedeutet Datenschutz?<\/h2>\n<p>\n\tWenn Sie unsere Website verwenden, werden verschiedene personenbezogene Daten erhoben, gespeichert und verarbeitet. Bei personenbezogenen Daten handelt es sich um Daten, mit denen Sie pers\u00f6nlich identifiziert werden k\u00f6nnen. Hierunter fallen z.B. Name, Adresse, E-Mail-Adresse, Telefonnummer, Geburtsdatum, aber auch Nutzungsdaten wie Standortdaten, IP-Adressen oder Cookies. \n<\/p>\n<p>\n\tDie Sicherheit und Vertraulichkeit Ihrer pers\u00f6nlichen Daten hat f\u00fcr uns oberste Priorit\u00e4t. Wir behandeln Ihre personenbezogenen Daten vertraulich und entsprechend der gesetzlichen Datenschutzvorschriften sowie dieser Datenschutzerkl\u00e4rung. Nach dem Prinzip der Datensparsamkeit erheben und verarbeiten wir nur so viele Daten, wie tats\u00e4chlich f\u00fcr den entsprechenden Zweck ben\u00f6tigt werden. \n<\/p>\n<p>\n\tZum Schutz Ihrer pers\u00f6nlichen Daten treffen wir \u2013 unter Ber\u00fccksichtigung verschiedener Faktoren \u2013 geeignete technische und organisatorische Ma\u00dfnahmen, um ein dem Risiko angemessenes Schutzniveau f\u00fcr Ihre Daten zu gew\u00e4hrleisten. Wir m\u00fcssen Sie jedoch darauf hinweisen, dass die Daten\u00fcbertragung im Internet (z.B. bei der Kommunikation per E-Mail) Sicherheitsl\u00fccken aufweisen kann und somit ein l\u00fcckenloser Schutz vor Zugriffen Dritter nicht m\u00f6glich ist. \n<\/p>\n\n<h2>2. Wer ist Ihr Ansprechpartner?<\/h2>\n<p>\n\tDie Datenerfassung- und verarbeitung erfolgt durch den Christusbund Ruit, der damit verantwortliche Stelle im Sinne des Datenschutzrechts ist. Die Kontaktdaten des Verantwortlichen lauten: \n<\/p>\n<p>\n\tG\u00fcnther B\u00e4uerle\n<\/p>\n\n<h2>3. Welche Rechte haben Sie bez\u00fcglich Ihrer Daten?<\/h2>\n<p>\n\tWir erheben und verarbeiten Ihre personenbezogenen Daten ausschlie\u00dflich im Rahmen der Bestimmungen des Datenschutzrechts der Bundesrepublik Deutschland und der Europ\u00e4ischen Union. Weitere Informationen zum Thema Datenschutz und Ihren Rechten erhalten Sie gern auf Anfrage unter der angegebenen Adresse.\n<\/p>\n<h3>Recht auf Auskunft, Sperrung und L\u00f6schung<\/h3>\n<p>\n\tIm Rahmen der geltenden gesetzlichen Bestimmungen haben Sie jederzeit das Recht unentgeltliche Auskunft \u00fcber Ihre gespeicherten personenbezogenen Daten, deren Herkunft, Empf\u00e4nger und den Zweck der Datenverarbeitung zu erhalten. Gegebenenfalls besteht ein Recht auf Berichtigung, Sperrung oder L\u00f6schung dieser Daten. \n<\/p>\n<h3>Recht auf Daten\u00fcbertragbarkeit<\/h3>\n<p>\n\tSie haben das Recht, Daten, die wir auf Grundlage Ihrer Einwilligung oder in Erf\u00fcllung eines Vertrags automatisiert verarbeiten, an Sie oder einen Dritten in einem g\u00e4ngigen maschinenlesbaren Format aush\u00e4ndigen zu lassen. Verlangen Sie die direkte \u00dcbertragung der Daten an einen anderen Verantwortlichen, k\u00f6nnen wir Ihrem Wunsch nur nachkommen, wenn dies auch technisch machbar ist. \n<\/p>\n<h3>Widerruf Ihrer Einwilligung zur Datenverarbeitung<\/h3>\n<p>\n\tDie Erhebung, Verarbeitung und Nutzung personenbezogener Daten ist grunds\u00e4tzlich untersagt, es sei denn, gesetzliche Regelungen gestatten es oder Sie haben uns ausdr\u00fccklich Ihre Einwilligung erteilt. Bereits erteilte Einwilligungen k\u00f6nnen Sie jederzeit widerrufen. Senden Sie uns dazu z.B. eine formlose Mitteilung per E-Mail. Die Rechtm\u00e4\u00dfigkeit der bis zum Widerruf erfolgten Datenverarbeitung bleibt vom Widerruf unber\u00fchrt. \n<\/p>\n<h3>Beschwerderecht bei der zust\u00e4ndigen Aufsichtsbeh\u00f6rde<\/h3>\n<p>\n\tSollte es trotz unserer Bem\u00fchungen zu datenschutzrechtlichen Verst\u00f6\u00dfen kommen, steht dem Betroffenen ein Beschwerderecht bei der zust\u00e4ndigen Aufsichtsbeh\u00f6rde zu. In unserem Fall ist die zust\u00e4ndige Aufsichtsbeh\u00f6rde in datenschutzrechtlichen Fragen der Landesbeauftragte f\u00fcr den Datenschutz und die Informationsfreiheit des Bundeslandes Baden-W\u00fcrttemberg. Die Kontaktdaten finden Sie unter <a href=\"https:\/\/www.baden-wuerttemberg.datenschutz.de\/\">https:\/\/www.baden-wuerttemberg.datenschutz.de<\/a>. \n<\/p>\n\n<h2>4. Wie sch\u00fctzen wir Ihre Daten?<\/h2>\n<p>\n\tZum Schutz der \u00dcbertragung vertraulicher Inhalte (z.B. beim Absenden einer Anmeldung oder Kontaktanfrage) nutzen wir auf unseren Webseiten das Verschl\u00fcsselungsprotokoll TLS (fr\u00fcher SSL). Eine verschl\u00fcsselte Verbindung erkennen Sie an dem Schloss-Symbol in Ihrem Browser sowie der Protokollbezeichnung \"https\" in der URL in Ihrer Browser-Adresszeile. Rufen Sie unsere Webseiten \u00fcber das HTTPS-Protokoll auf, werden die Daten, die Sie an uns \u00fcbermitteln, abh\u00f6rsicher \u00fcbertragen und k\u00f6nnen nicht von Dritten mitgelesen werden. \n<\/p>\n\n<h2>5. Wie erfassen und verarbeiten wir Ihre Daten?<\/h2>\n<p>\n\tDie Erfassung Ihrer Daten kann auf zwei Arten geschehen. Ihre Daten werden einerseits dadurch erhoben, dass Sie uns diese mit Ihrer Einwilligung direkt mitteilen. Das geschieht z.B. bei der Nutzung eines Kontaktformulars sowie bei einer Anmeldung oder Buchungsanfrage. Andererseits werden Daten auch automatisch beim Besuch der Seite durch unsere IT-Systeme erfasst (siehe Cookies und Server-Log-Dateien). Wie wir Ihre Daten genau erfassen und verarbeiten, k\u00f6nnen Sie im Folgenden nachlesen. \n<\/p>\n<h3>Kontakformular<\/h3>\n<p>\n\tWenn Sie uns per Kontaktformular Anfragen zukommen lassen, werden Ihre Angaben inklusive Kontaktdaten an die zust\u00e4ndige Stelle bzw. den zust\u00e4ndigen Mitarbeiter per E-Mail weitergeleitet. Zwecks Bearbeitung der Anfrage und f\u00fcr den Fall von Anschlussfragen speichern wir Ihre Daten teilweise auf unseren Servern in Deutschland. Ihre personenbezogenen Daten geben wir nicht ohne Ihre Einwilligung an Dritte weiter. \n<\/p>\n<p>\n\tDie Verarbeitung der in das Formular eingegebenen Daten erfolgt somit ausschlie\u00dflich auf Grundlage Ihrer Einwilligung (Art. 6 Abs. 1 lit. a DSGVO). Sie k\u00f6nnen diese Einwilligung jederzeit widerrufen. Dazu reicht z.B. eine formlose Mitteilung per E-Mail an uns. Die Rechtm\u00e4\u00dfigkeit der bis zum Widerruf erfolgten Datenverarbeitungsvorg\u00e4nge bleibt vom Widerruf unber\u00fchrt. \n<\/p>\n<p>\n\tDie von Ihnen im Kontaktformular eingegebenen Daten verbleiben bei uns, bis Sie uns zur L\u00f6schung auffordern, Ihre Einwilligung zur Speicherung widerrufen oder der Zweck f\u00fcr die Datenspeicherung entf\u00e4llt (z.B. nach abgeschlossener Bearbeitung Ihrer Anfrage). Zwingende gesetzliche Bestimmungen \u2013 insbesondere Aufbewahrungsfristen \u2013 bleiben unber\u00fchrt. \n<\/p>\n<h3>Newsletter<\/h3>\n<p>\n\tWenn Sie auf unserer Website angebotene Newsletter beziehen m\u00f6chten, ben\u00f6tigen wir von Ihnen eine E-Mail-Adresse, den Nachweis, dass Sie Inhaber der angegeben E-Mail-Adresse sind sowie Ihr Einverst\u00e4ndnis zum Empfang des Newsletters. Weitere Daten werden nicht bzw. nur auf freiwilliger Basis erhoben. Diese Daten verwenden wir ausschlie\u00dflich f\u00fcr den Versand der angeforderten Informationen und geben diese nicht an Dritte weiter. \n<\/p>\n<p>\n\tDie Verarbeitung der in das Newsletteranmeldeformular eingegebenen Daten erfolgt ausschlie\u00dflich auf Grundlage Ihrer Einwilligung (Art. 6 Abs. 1 lit. a DSGVO). Die erteilte Einwilligung zur Speicherung der Daten sowie deren Nutzung zum Versand des Newsletters k\u00f6nnen Sie jederzeit widerrufen. Nutzen Sie dazu z.B. den \u201cAbbestellen\u201d-Link am Ende jedes Newsletters. Die Rechtm\u00e4\u00dfigkeit der bereits erfolgten Datenverarbeitungsvorg\u00e4nge bleibt vom Widerruf unber\u00fchrt. \n<\/p>\n<p>\n\tDie von Ihnen zum Zwecke des Newsletter-Bezugs bei uns hinterlegten Daten werden von uns bis zu Ihrer Austragung aus dem Newsletter gespeichert und nach der Abbestellung des Newsletters gel\u00f6scht. Daten, die zu anderen Zwecken bei uns gespeichert wurden (z.B. E-Mail-Adressen f\u00fcr den Mitgliederbereich) bleiben hiervon unber\u00fchrt. \n<\/p>\n<h3>Cookies<\/h3>\n<p>\n\tAuf unserer Website werden sogenannte Cookies eingesetzt. Dabei handelt es sich um kleine Textdateien, die in Ihrem Browser lokal f\u00fcr einige Zeit gespeichert werden. Wir setzen Cookies ein, um unser Angebot benutzerfreundlicher, effektiver und sicherer zu machen. Die Dateien richten auf Ihrem Ger\u00e4t keinen Schaden an und enthalten keine Viren. \n<\/p>\n<p>\n\tDie meisten der von uns verwendeten Cookies, sogenannte \"Session-Cookies\", werden nach Ende Ihres Besuchs automatisch gel\u00f6scht. Andere Cookies bleiben auf Ihrem Ger\u00e4t gespeichert bis Sie diese l\u00f6schen. Diese Cookies erm\u00f6glichen es uns, Ihren Browser beim n\u00e4chsten Besuch wiederzukennen. \n<\/p>\n<p>\n\tInformieren Sie sich bei Ihrem Browser-Hersteller, wie Sie auf Wunsch \u00fcber das Setzen von Cookies informiert werden oder die Annahme von Cookies f\u00fcr bestimmte Seiten oder generell ausschlie\u00dfen k\u00f6nnen. Au\u00dferdem ist es m\u00f6glich das automatische L\u00f6schen von Cookies beim Schlie\u00dfen Ihres Browsers zu aktivieren. Bitte beachten Sie, dass die Deaktivierung von Cookies die Funktionalit\u00e4t unserer Website einschr\u00e4nken kann. \n<\/p>\n<p>\n\tCookies, die zur Durchf\u00fchrung des elektronischen Kommunikationsvorgangs oder zur Bereitstellung bestimmter, von Ihnen erw\u00fcnschter Funktionen erforderlich sind, werden auf Grundlage von Art. 6 Abs. 1 lit. f DSGVO gespeichert. Wir als Websitebetreiber haben ein berechtigtes Interesse an der Speicherung von Cookies zur technisch fehlerfreien und optimierten Bereitstellung unserer Dienste. Inwieweit wir andere Cookies (z.B. Cookies zur Analyse Ihres Surfverhaltens) einsetzen, erfahren Sie gesondert im Abschnitt \u201eWie betreiben wir Web Analytics\u201c. \n<\/p>\t\n<h3>Zugriffsdaten (Server-Log-Dateien)<\/h3>\n<p>\n\tUnsere Internetangebote werden bei ALL-INKL.COM - Neue Medien M\u00fcnnich, Inhaber Ren\u00e9 M\u00fcnnich, Hauptstra\u00dfe 68, 02742, Friedersdorf gehostet. Dieser Dienstleister erhebt und speichert f\u00fcr uns in sogenannten Server-Log-Dateien folgende Informationen, die Ihr Endger\u00e4t automatisch \u00fcbermittelt: \n<\/p>\n<ul>\n\t<li>Besuchte Website <\/li>\n\t<li>Uhrzeit zum Zeitpunkt des Zugriffes <\/li>\n\t<li>Menge der gesendeten Daten in Byte <\/li>\n\t<li>Quelle\/Verweis, von welchem Sie auf die Seite gelangten <\/li>\n\t<li>Quelle\/Verweis, von welchem Sie auf die Seite gelangten <\/li>\n\t<li>Verwendetes Betriebssystem <\/li>\n\t<li>Verwendete IP-Adresse <li>\n<\/ul>\n<p>\n\tWir verwenden diese Informationen ausschlie\u00dflich zur Optimierung und Fehleranalyse. Ein Abgleich mit anderen Datenbest\u00e4nden oder eine Weitergabe an Dritte, auch in Ausz\u00fcgen, findet nicht statt. Wir behalten uns das Recht vor, diese Daten bei Verdacht auf eine rechtswidrige Nutzung unseres Internetauftrittes nachtr\u00e4glich zu kontrollieren und an befugte Dritte weiterzugeben. Grundlage f\u00fcr die Datenverarbeitung ist Art. 6 Abs. 1 lit. b DSGVO, der die Verarbeitung von Daten zur Erf\u00fcllung eines Vertrags oder vorvertraglicher Ma\u00dfnahmen gestattet. \n<\/p>\n\n<h2>6. Wie betreiben wir Web Analytics?<\/h2>\n<p>\n\tAuf unserer Website werden unter Einsatz der Webanalysedienst-Software Matomo (fr\u00fcher Piwik), einem Dienst des Anbieters InnoCraft Ltd., 150 Willis St, 6011 Wellington, Neuseeland, personenbezogene Daten erfasst und gespeichert. Dies geschieht auf Basis unseres berechtigten Interesses an der statistischen Analyse des Nutzerverhaltens zu Optimierungs- und Marketingzwecken gem\u00e4\u00df Art. 6 Abs. 1 lit. f DSGVO. Aus diesen Daten k\u00f6nnen zum selben Zweck pseudonymisierte Nutzungsprofile erstellt und ausgewertet werden. Hierzu k\u00f6nnen Cookies eingesetzt werden. Bei Cookies handelt es sich um kleine Textdateien, die lokal im Zwischenspeicher des Internet-Browsers des Seitenbesuchers gespeichert werden (siehe Cookies). Die mit der dem Tool Matomo erhobenen Daten (einschlie\u00dflich Ihrer pseudonymisierten IP-Adresse) werden auf unseren Servern in Deutschland verarbeitet. \n<\/p>\n<p>\n\tDie durch das Cookie erzeugten Informationen im pseudonymen Nutzerprofil werden nicht dazu verwendet, den Besucher dieser Website pers\u00f6nlich zu identifizieren und nicht mit personenbezogenen Daten \u00fcber den Tr\u00e4ger des Pseudonyms zusammengef\u00fchrt. \n<\/p>\n<p>\n\tWenn Sie mit der Speicherung und Auswertung dieser Daten aus Ihrem Besuch nicht einverstanden sind, k\u00f6nnen Sie der Speicherung und Nutzung nachfolgend jederzeit widersprechen. In diesem Fall wird in Ihrem Browser ein sogenannter Opt-Out-Cookie abgelegt. Dieser verhindert die Erhebung von Sitzungsdaten durch Matomo. Bitte beachten Sie, dass bei der vollst\u00e4ndigen L\u00f6schung Ihrer Cookies auch das Opt-Out-Cookie gel\u00f6scht wird und gegebenenfalls von Ihnen erneut aktiviert werden muss. \n<\/p>\n\n<h2>7. Welche Dienste von Drittanbietern werden eingesetzt?<\/h2>\n<h3>Youtube<\/h3>\t\n<p>\n\tAuf unserer Website sind Videos des Anbieters YouTube eingebunden (YouTube LLC, 901 Cherry Avenue, San Bruno, CA 94066, USA, vertreten durch Google Inc. mit Sitz in 1600 Amphitheatre Parkway, Mountain View, CA 94043, USA). \n<\/p>\n<p>\n\tUnsere Videos haben wir im sogenannten \u201eerweiterten Datenschutzmodus\u201c eingebettet, um Ihnen eine datenschutzfreundliche Ansicht zu erm\u00f6glichen. Wenn Sie die Videos abspielen, wird eine Verbindung zu einem YouTube-Server hergestellt. Dabei wird dem YouTube-Server mitgeteilt, welche unserer Seiten Sie besucht haben. \n<\/p>\n<p>\n\tWenn Sie in Ihrem YouTube-Account eingeloggt sind, erm\u00f6glichen Sie YouTube, Ihr Surfverhalten direkt Ihrem pers\u00f6nlichen Profil zuzuordnen. Sie k\u00f6nnen dies verhindern, indem Sie sich vor der Nutzung unseres Internetauftrittes aus Ihrem YouTube-Benutzerkonto sowie anderen Benutzerkonten der Firmen YouTube LLC und Google Inc. abmelden und die entsprechenden Cookies der Firmen l\u00f6schen. \n<\/p>\n<p>\n\tDie Nutzung von YouTube erfolgt im Interesse einer ansprechenden Darstellung unserer Online-Angebote. Dies stellt ein berechtigtes Interesse im Sinne von Art. 6 Abs. 1 lit. f DSGVO dar. \n<\/p>\n<p>\n\tWeitere Informationen zur Datenverarbeitung und Hinweise zum Datenschutz durch YouTube finden Sie unter <a href=\"http:\/\/www.google.de\/intl\/de\/policies\/privacy\/\">www.google.de\/intl\/de\/policies\/privacy\/<\/a>. \n<\/p>\n<h3>Vimeo<\/h3>\n<p>\n\tAuf unserer Website sind Videos des Anbieters Vimeo eingebunden (Vimeo Inc., 555 West 18th Street, New York, New York 10011, USA). \n<\/p>\n<p>\n\tWenn Sie eine Seite mit eingebettetem Video besuchen, wird eine Verbindung zu den Servern von Vimeo hergestellt. Dabei wird dem Vimeo-Server mitgeteilt, welche unserer Seiten Sie besucht haben. Zudem erfasst Vimeo Ihre IP-Adresse. Die Daten werden auch dann erhoben, wenn Sie nicht bei Vimeo eingeloggt sind und keinen Vimeo-Account besitzen. Die von Vimeo erfassten Informationen werden an den Vimeo-Server in den USA \u00fcbermittelt. Wenn Sie in Ihrem Vimeo-Account eingeloggt sind, erm\u00f6glichen Sie Vimeo, Ihr Surfverhalten direkt Ihrem pers\u00f6nlichen Profil zuzuordnen. Dies k\u00f6nnen Sie verhindern, indem Sie sich aus Ihrem Vimeo-Account ausloggen. \n<\/p>\n<p>\n\tDie Nutzung von Vimeo erfolgt im Interesse einer ansprechenden Darstellung unserer Online-Angebote. Dies stellt ein berechtigtes Interesse im Sinne von Art. 6 Abs. 1 lit. f DSGVO dar. \n<\/p>\n<p>\n\tWeitere Informationen zum Umgang mit Nutzerdaten finden Sie in der Datenschutzerkl\u00e4rung von Vimeo unter: <a href=\"https:\/\/vimeo.com\/privacy\">https:\/\/vimeo.com\/privacy<\/a>. \n<\/p>\n<h3>Mapbox<\/h3>\n<p>\n\tAuf unserer Website nutzen wir \u00fcber eine API den Kartendienst Mapbox. Anbieter ist die Mapbox Inc., 1714 14th Street NW, Washington DC, 20009-4309, USA. \n<\/p>\n<p>\n\tZur Nutzung der Funktionen von Mapbox ist die \u00dcbertragung und Speicherung Ihrer IP Adresse notwendig. Diese Informationen werden in der Regel an einen Server in den USA \u00fcbertragen und dort gespeichert. Wir haben keinen Einfluss auf diese Daten\u00fcbertragung. Die Nutzung von Mapbox erfolgt im Interesse einer ansprechenden Darstellung unserer Online-Angebote und an einer leichten Auffindbarkeit der von uns auf der Website angegebenen Orte. Dies stellt ein berechtigtes Interesse im Sinne von Art. 6 Abs. 1 lit. f DSGVO dar. \n<\/p>\n<p>\n\tWeitere Informationen zum Umgang mit Nutzerdaten finden Sie in der Datenschutzerkl\u00e4rung von Mapbox unter: <a href=\"https:\/\/www.mapbox.com\/privacy\/\">https:\/\/www.mapbox.com\/privacy\/<\/a>. \n<\/p>\n<h3>Google Web Fonts<\/h3>\n<p>\n\tUnsere Website nutzen zur einheitlichen Darstellung von Schriftarten so genannte Web Fonts die von der Google LLC., 1600 Amphitheatre Parkway, Mountain View, CA 94043, USA (\u201eGoogle\u201c) bereitgestellt werden. Beim Aufruf einer Seite l\u00e4dt Ihr Browser die ben\u00f6tigten Web Fonts in ihren Browser-Cache um Texte und Schriftarten korrekt anzuzeigen. \n<\/p>\n<p>\n\tZu diesem Zweck muss der von Ihnen verwendete Browser Verbindung zu den Servern von Google aufnehmen. Hierdurch erlangt Google Kenntnis dar\u00fcber, dass \u00fcber Ihre IP-Adresse unsere Website aufgerufen wurde. Die Nutzung von Google Web Fonts erfolgt im Interesse einer einheitlichen und ansprechenden Darstellung unserer Online-Angebote. Dies stellt ein berechtigtes Interesse im Sinne von Art. 6 Abs. 1 lit. f DSGVO dar. Wenn Ihr Browser Web Fonts nicht unterst\u00fctzt, wird eine Standardschrift von Ihrem Computer genutzt. \n<\/p>\n<p>\n\tWeitere Informationen zu Google Web Fonts finden Sie unter <a href=\"https:\/\/developers.google.com\/fonts\/faq\">https:\/\/developers.google.com\/fonts\/faq<\/a> und in der Datenschutzerkl\u00e4rung von Google: <a href=\"https:\/\/www.google.com\/policies\/privacy\/\">https:\/\/www.google.com\/policies\/privacy\/<\/a>. \n<\/p><\/div><\/div><\/div><div id=\"pgc-344-0-1\"  class=\"panel-grid-cell\" ><div id=\"panel-344-0-1-0\" class=\"so-panel widget widget_black-studio-tinymce widget_black_studio_tinymce panel-first-child panel-last-child\" data-index=\"1\" ><div class=\"cb_sidebar panel-widget-style panel-widget-style-for-344-0-1-0\" ><div class=\"textwidget\"><h3 style=\"margin-bottom: 10px; margin-top: 0;\">Kontakt<\/h3>\n<p>Bei Fragen helfen wir Ihnen gerne weiter.<\/p>\n<a class=\"btn btn-primary\" href=\"http:\/\/christusbund.de\/ruit\/kontakt\"><i class=\"fas fa-comment-o\"><\/i> Kontakt<\/a><\/div><\/div><\/div><\/div><\/div><\/div><\/div>","protected":false},"excerpt":{"rendered":"<p>Datenschutzerkl\u00e4rung Uns als W\u00fcrttembergischer Christusbund Ruit ist der Schutz Ihrer Daten und die Wahrung Ihrer Privatsph\u00e4re ein wichtiges Anliegen. Um zu gew\u00e4hrleisten, dass Sie in vollem Umfang \u00fcber die Erfassung und Verarbeitung personenbezogener Daten auf unserer Website Bescheid wissen, nehmen [&hellip;]<\/p>\n","protected":false},"author":1,"featured_media":0,"parent":0,"menu_order":11,"comment_status":"closed","ping_status":"closed","template":"","meta":{"footnotes":""},"class_list":["post-344","page","type-page","status-publish","hentry"],"yoast_head":"<!-- This site is optimized with the Yoast SEO plugin v27.4 - https:\/\/yoast.com\/product\/yoast-seo-wordpress\/ -->\n<title>Datenschutz - Christusbund Ruit<\/title>\n<meta name=\"description\" content=\"Datenschutz f\u00fcr die Verwendung der Website der christlichen Gemeinde Christusbund Ruit in Ostfildern.\" \/>\n<meta name=\"robots\" content=\"index, follow, max-snippet:-1, max-image-preview:large, max-video-preview:-1\" \/>\n<link rel=\"canonical\" href=\"https:\/\/www.christusbund.de\/ruit\/datenschutz\/\" \/>\n<meta property=\"og:locale\" content=\"de_DE\" \/>\n<meta property=\"og:type\" content=\"article\" \/>\n<meta property=\"og:title\" content=\"Datenschutz - Christusbund Ruit\" \/>\n<meta property=\"og:description\" content=\"Datenschutz f\u00fcr die Verwendung der Website der christlichen Gemeinde Christusbund Ruit in Ostfildern.\" \/>\n<meta property=\"og:url\" content=\"https:\/\/www.christusbund.de\/ruit\/datenschutz\/\" \/>\n<meta property=\"og:site_name\" content=\"Christusbund Ruit\" \/>\n<meta property=\"article:modified_time\" content=\"2026-02-20T18:10:33+00:00\" \/>\n<meta name=\"twitter:card\" content=\"summary_large_image\" \/>\n<meta name=\"twitter:label1\" content=\"Gesch\u00e4tzte Lesezeit\" \/>\n\t<meta name=\"twitter:data1\" content=\"12\u00a0Minuten\" \/>\n<script type=\"application\/ld+json\" class=\"yoast-schema-graph\">{\"@context\":\"https:\\\/\\\/schema.org\",\"@graph\":[{\"@type\":\"WebPage\",\"@id\":\"https:\\\/\\\/www.christusbund.de\\\/ruit\\\/datenschutz\\\/\",\"url\":\"https:\\\/\\\/www.christusbund.de\\\/ruit\\\/datenschutz\\\/\",\"name\":\"Datenschutz - Christusbund Ruit\",\"isPartOf\":{\"@id\":\"https:\\\/\\\/www.christusbund.de\\\/ruit\\\/#website\"},\"datePublished\":\"2016-01-06T18:12:16+00:00\",\"dateModified\":\"2026-02-20T18:10:33+00:00\",\"description\":\"Datenschutz f\u00fcr die Verwendung der Website der christlichen Gemeinde Christusbund Ruit in Ostfildern.\",\"breadcrumb\":{\"@id\":\"https:\\\/\\\/www.christusbund.de\\\/ruit\\\/datenschutz\\\/#breadcrumb\"},\"inLanguage\":\"de\",\"potentialAction\":[{\"@type\":\"ReadAction\",\"target\":[\"https:\\\/\\\/www.christusbund.de\\\/ruit\\\/datenschutz\\\/\"]}]},{\"@type\":\"BreadcrumbList\",\"@id\":\"https:\\\/\\\/www.christusbund.de\\\/ruit\\\/datenschutz\\\/#breadcrumb\",\"itemListElement\":[{\"@type\":\"ListItem\",\"position\":1,\"name\":\"Start\",\"item\":\"https:\\\/\\\/www.christusbund.de\\\/ruit\\\/\"},{\"@type\":\"ListItem\",\"position\":2,\"name\":\"Datenschutz\"}]},{\"@type\":\"WebSite\",\"@id\":\"https:\\\/\\\/www.christusbund.de\\\/ruit\\\/#website\",\"url\":\"https:\\\/\\\/www.christusbund.de\\\/ruit\\\/\",\"name\":\"Christusbund Ruit\",\"description\":\"\",\"potentialAction\":[{\"@type\":\"SearchAction\",\"target\":{\"@type\":\"EntryPoint\",\"urlTemplate\":\"https:\\\/\\\/www.christusbund.de\\\/ruit\\\/?s={search_term_string}\"},\"query-input\":{\"@type\":\"PropertyValueSpecification\",\"valueRequired\":true,\"valueName\":\"search_term_string\"}}],\"inLanguage\":\"de\"}]}<\/script>\n<!-- \/ Yoast SEO plugin. -->","yoast_head_json":{"title":"Datenschutz - Christusbund Ruit","description":"Datenschutz f\u00fcr die Verwendung der Website der christlichen Gemeinde Christusbund Ruit in Ostfildern.","robots":{"index":"index","follow":"follow","max-snippet":"max-snippet:-1","max-image-preview":"max-image-preview:large","max-video-preview":"max-video-preview:-1"},"canonical":"https:\/\/www.christusbund.de\/ruit\/datenschutz\/","og_locale":"de_DE","og_type":"article","og_title":"Datenschutz - Christusbund Ruit","og_description":"Datenschutz f\u00fcr die Verwendung der Website der christlichen Gemeinde Christusbund Ruit in Ostfildern.","og_url":"https:\/\/www.christusbund.de\/ruit\/datenschutz\/","og_site_name":"Christusbund Ruit","article_modified_time":"2026-02-20T18:10:33+00:00","twitter_card":"summary_large_image","twitter_misc":{"Gesch\u00e4tzte Lesezeit":"12\u00a0Minuten"},"schema":{"@context":"https:\/\/schema.org","@graph":[{"@type":"WebPage","@id":"https:\/\/www.christusbund.de\/ruit\/datenschutz\/","url":"https:\/\/www.christusbund.de\/ruit\/datenschutz\/","name":"Datenschutz - Christusbund Ruit","isPartOf":{"@id":"https:\/\/www.christusbund.de\/ruit\/#website"},"datePublished":"2016-01-06T18:12:16+00:00","dateModified":"2026-02-20T18:10:33+00:00","description":"Datenschutz f\u00fcr die Verwendung der Website der christlichen Gemeinde Christusbund Ruit in Ostfildern.","breadcrumb":{"@id":"https:\/\/www.christusbund.de\/ruit\/datenschutz\/#breadcrumb"},"inLanguage":"de","potentialAction":[{"@type":"ReadAction","target":["https:\/\/www.christusbund.de\/ruit\/datenschutz\/"]}]},{"@type":"BreadcrumbList","@id":"https:\/\/www.christusbund.de\/ruit\/datenschutz\/#breadcrumb","itemListElement":[{"@type":"ListItem","position":1,"name":"Start","item":"https:\/\/www.christusbund.de\/ruit\/"},{"@type":"ListItem","position":2,"name":"Datenschutz"}]},{"@type":"WebSite","@id":"https:\/\/www.christusbund.de\/ruit\/#website","url":"https:\/\/www.christusbund.de\/ruit\/","name":"Christusbund Ruit","description":"","potentialAction":[{"@type":"SearchAction","target":{"@type":"EntryPoint","urlTemplate":"https:\/\/www.christusbund.de\/ruit\/?s={search_term_string}"},"query-input":{"@type":"PropertyValueSpecification","valueRequired":true,"valueName":"search_term_string"}}],"inLanguage":"de"}]}},"publishpress_future_action":{"enabled":false,"date":"2026-05-09 06:37:16","action":"change-status","newStatus":"draft","terms":[],"taxonomy":"","extraData":[]},"publishpress_future_workflow_manual_trigger":{"enabledWorkflows":[]},"_links":{"self":[{"href":"https:\/\/www.christusbund.de\/ruit\/wp-json\/wp\/v2\/pages\/344","targetHints":{"allow":["GET"]}}],"collection":[{"href":"https:\/\/www.christusbund.de\/ruit\/wp-json\/wp\/v2\/pages"}],"about":[{"href":"https:\/\/www.christusbund.de\/ruit\/wp-json\/wp\/v2\/types\/page"}],"author":[{"embeddable":true,"href":"https:\/\/www.christusbund.de\/ruit\/wp-json\/wp\/v2\/users\/1"}],"replies":[{"embeddable":true,"href":"https:\/\/www.christusbund.de\/ruit\/wp-json\/wp\/v2\/comments?post=344"}],"version-history":[{"count":4,"href":"https:\/\/www.christusbund.de\/ruit\/wp-json\/wp\/v2\/pages\/344\/revisions"}],"predecessor-version":[{"id":7438,"href":"https:\/\/www.christusbund.de\/ruit\/wp-json\/wp\/v2\/pages\/344\/revisions\/7438"}],"wp:attachment":[{"href":"https:\/\/www.christusbund.de\/ruit\/wp-json\/wp\/v2\/media?parent=344"}],"curies":[{"name":"wp","href":"https:\/\/api.w.org\/{rel}","templated":true}]}}