{"id":179,"date":"2015-11-18T23:45:33","date_gmt":"2015-11-18T22:45:33","guid":{"rendered":"http:\/\/sandbox.christusbund.de\/wordpress\/newtheme\/?page_id=179"},"modified":"2026-02-20T17:25:15","modified_gmt":"2026-02-20T16:25:15","slug":"gottesdienst","status":"publish","type":"page","link":"https:\/\/www.christusbund.de\/ruit\/gottesdienst\/","title":{"rendered":"Gottesdienst"},"content":{"rendered":"<div id=\"pl-179\"  class=\"panel-layout\" ><div id=\"pg-179-0\"  class=\"panel-grid panel-has-style\" ><div class=\"container cb_container panel-row-style panel-row-style-for-179-0\" ><div id=\"pgc-179-0-0\"  class=\"panel-grid-cell\" ><div id=\"panel-179-0-0-0\" class=\"so-panel widget widget_black-studio-tinymce widget_black_studio_tinymce panel-first-child panel-last-child\" data-index=\"0\" ><div class=\"textwidget\"><p><strong>Sonntags um 17:30 Uhr - jeden ersten Sonntag im Monat um 10:30 Uhr<\/strong><\/p>\n<p class=\"bodytext\">Im Gottesdienst steht Gottes Reden und Handeln mit uns Menschen im Mittelpunkt. Der Gottesdienst ist die zentrale Veranstaltung der Gemeinde, zu der wir jeden herzlich einladen. Predigt, Lieder und Gebete in zeitgem\u00e4\u00dfer Sprache bilden den Kern unserer Gottesdienste.<\/p>\n<p class=\"bodytext\">Damit Eltern mit Kleinkindern am Gottesdienst teilnehmen k\u00f6nnen, gibt es einen \u00dcbertragungsraum. F\u00fcr gr\u00f6\u00dfere Kinder gibt es den Kindergottesdienst.<\/p>\n<p class=\"bodytext\">Wir freuen uns auf eine Zeit der Begegnung nach dem Gottesdienst!<\/p>\n<p class=\"bodytext\">Nach den Gottesdiensten am Morgen (jeden ersten Sonntag im Monat um 10:30 Uhr) treffen wir uns vor Ort f\u00fcr ein gemeinsames Mittagessen und genie\u00dfen ein gutes Miteinander.<\/p>\n<p>Anfahrt: <a href=\"https:\/\/www.christusbund.de\/ruit\/gottesdienst\/anfahrt\/\">hier zu finden<\/a><\/p>\n<\/div><\/div><\/div><div id=\"pgc-179-0-1\"  class=\"panel-grid-cell\" ><div id=\"panel-179-0-1-0\" class=\"so-panel widget widget_black-studio-tinymce widget_black_studio_tinymce panel-first-child panel-last-child\" data-index=\"1\" ><div class=\"textwidget\"><div class=\"owl-pictures owl-carousel cb_owl_pictures\">\n<div class=\"item\">\n    <a href=\"https:\/\/www.christusbund.de\/ruit\/wp-content\/uploads\/sites\/31\/gottesdienst1.jpg\" class=\"swipebox\"><br \/>\n      <img decoding=\"async\" src=\"https:\/\/www.christusbund.de\/ruit\/wp-content\/uploads\/sites\/31\/gottesdienst1.jpg\" alt=\"Gottesdienst\"><br \/>\n    <\/a>\n  <\/div>\n<div class=\"item\">\n    <a href=\"https:\/\/www.christusbund.de\/ruit\/wp-content\/uploads\/sites\/31\/gottesdienst3.png\" class=\"swipebox\"><br \/>\n      <img decoding=\"async\" src=\"https:\/\/www.christusbund.de\/ruit\/wp-content\/uploads\/sites\/31\/gottesdienst3.png\" alt=\"Gottesdienst\"><br \/>\n    <\/a>\n  <\/div>\n<div class=\"item\">\n    <a href=\"https:\/\/www.christusbund.de\/ruit\/wp-content\/uploads\/sites\/31\/gottesdienst2.png\" class=\"swipebox\"><br \/>\n      <img decoding=\"async\" src=\"https:\/\/www.christusbund.de\/ruit\/wp-content\/uploads\/sites\/31\/gottesdienst2.png\" alt=\"Gottesdienst\"><br \/>\n    <\/a>\n  <\/div>\n<div class=\"item\">\n    <a href=\"https:\/\/www.christusbund.de\/ruit\/wp-content\/uploads\/sites\/31\/6.jpeg\" class=\"swipebox\"><br \/>\n      <img decoding=\"async\" src=\"https:\/\/www.christusbund.de\/ruit\/wp-content\/uploads\/sites\/31\/6.jpeg\" alt=\"Gottesdienst\"><br \/>\n    <\/a>\n  <\/div>\n<div class=\"item\">\n    <a href=\"https:\/\/www.christusbund.de\/ruit\/wp-content\/uploads\/sites\/31\/Gottesdienst2-1-scaled.jpg\" class=\"swipebox\"><br \/>\n      <img decoding=\"async\" src=\"https:\/\/www.christusbund.de\/ruit\/wp-content\/uploads\/sites\/31\/Gottesdienst2-1-scaled.jpg\" alt=\"Gottesdienst\"><br \/>\n    <\/a>\n  <\/div>\n<\/div>\n<p><script type=\"text\/javascript\">\njQuery(document).ready(function($) {\r\n  $(\".owl-pictures\").owlCarousel({\r\n    autoplay: 3000,\r\n    lazyLoad: true,\r\n    loop: true,\r\n    nav: true,\r\n    dots: true,\r\n    autoHeight: false,\r\n    navText: [\r\n      '<i class=\"fal fa-angle-left\"><\/i>',\r\n      '<i class=\"fal fa-angle-right\"><\/i>'\r\n    ],\r\n    responsive: {\r\n        0: {\r\n          items: 1\r\n        }\r\n      }\r\n  });\r\n});\n<\/script><\/p>\n<\/div><\/div><\/div><\/div><\/div><\/div>","protected":false},"excerpt":{"rendered":"<p>Sonntags um 17:30 Uhr &#8211; jeden ersten Sonntag im Monat um 10:30 Uhr Im Gottesdienst steht Gottes Reden und Handeln mit uns Menschen im Mittelpunkt. Der Gottesdienst ist die zentrale Veranstaltung der Gemeinde, zu der wir jeden herzlich einladen. Predigt, [&hellip;]<\/p>\n","protected":false},"author":1,"featured_media":6098,"parent":0,"menu_order":10,"comment_status":"closed","ping_status":"closed","template":"","meta":{"footnotes":""},"class_list":["post-179","page","type-page","status-publish","has-post-thumbnail","hentry"],"yoast_head":"<!-- This site is optimized with the Yoast SEO plugin v26.8 - https:\/\/yoast.com\/product\/yoast-seo-wordpress\/ -->\n<title>Gottesdienst - Christusbund Ruit<\/title>\n<meta name=\"description\" content=\"Unser moderner Gottesdienst - sonntags um 17:30 Uhr und jeden ersten Sonntag im Monat um 10:30 Uhr mit gemeinsamen Mittagessen\" \/>\n<meta name=\"robots\" content=\"index, follow, max-snippet:-1, max-image-preview:large, max-video-preview:-1\" \/>\n<link rel=\"canonical\" href=\"https:\/\/www.christusbund.de\/ruit\/gottesdienst\/\" \/>\n<meta property=\"og:locale\" content=\"de_DE\" \/>\n<meta property=\"og:type\" content=\"article\" \/>\n<meta property=\"og:title\" content=\"Gottesdienst - Christusbund Ruit\" \/>\n<meta property=\"og:description\" content=\"Unser moderner Gottesdienst - sonntags um 17:30 Uhr und jeden ersten Sonntag im Monat um 10:30 Uhr mit gemeinsamen Mittagessen\" \/>\n<meta property=\"og:url\" content=\"https:\/\/www.christusbund.de\/ruit\/gottesdienst\/\" \/>\n<meta property=\"og:site_name\" content=\"Christusbund Ruit\" \/>\n<meta property=\"article:modified_time\" content=\"2026-02-20T16:25:15+00:00\" \/>\n<meta property=\"og:image\" content=\"https:\/\/www.christusbund.de\/ruit\/wp-content\/uploads\/sites\/31\/cropped-header_gd_crop.jpg\" \/>\n\t<meta property=\"og:image:width\" content=\"1170\" \/>\n\t<meta property=\"og:image:height\" content=\"304\" \/>\n\t<meta property=\"og:image:type\" content=\"image\/jpeg\" \/>\n<meta name=\"twitter:card\" content=\"summary_large_image\" \/>\n<meta name=\"twitter:label1\" content=\"Gesch\u00e4tzte Lesezeit\" \/>\n\t<meta name=\"twitter:data1\" content=\"2\u00a0Minuten\" \/>\n<script type=\"application\/ld+json\" class=\"yoast-schema-graph\">{\"@context\":\"https:\/\/schema.org\",\"@graph\":[{\"@type\":\"WebPage\",\"@id\":\"https:\/\/www.christusbund.de\/ruit\/gottesdienst\/\",\"url\":\"https:\/\/www.christusbund.de\/ruit\/gottesdienst\/\",\"name\":\"Gottesdienst - Christusbund Ruit\",\"isPartOf\":{\"@id\":\"https:\/\/www.christusbund.de\/ruit\/#website\"},\"primaryImageOfPage\":{\"@id\":\"https:\/\/www.christusbund.de\/ruit\/gottesdienst\/#primaryimage\"},\"image\":{\"@id\":\"https:\/\/www.christusbund.de\/ruit\/gottesdienst\/#primaryimage\"},\"thumbnailUrl\":\"https:\/\/www.christusbund.de\/ruit\/wp-content\/uploads\/sites\/31\/cropped-header_gd_crop.jpg\",\"datePublished\":\"2015-11-18T22:45:33+00:00\",\"dateModified\":\"2026-02-20T16:25:15+00:00\",\"description\":\"Unser moderner Gottesdienst - sonntags um 17:30 Uhr und jeden ersten Sonntag im Monat um 10:30 Uhr mit gemeinsamen Mittagessen\",\"breadcrumb\":{\"@id\":\"https:\/\/www.christusbund.de\/ruit\/gottesdienst\/#breadcrumb\"},\"inLanguage\":\"de\",\"potentialAction\":[{\"@type\":\"ReadAction\",\"target\":[\"https:\/\/www.christusbund.de\/ruit\/gottesdienst\/\"]}]},{\"@type\":\"ImageObject\",\"inLanguage\":\"de\",\"@id\":\"https:\/\/www.christusbund.de\/ruit\/gottesdienst\/#primaryimage\",\"url\":\"https:\/\/www.christusbund.de\/ruit\/wp-content\/uploads\/sites\/31\/cropped-header_gd_crop.jpg\",\"contentUrl\":\"https:\/\/www.christusbund.de\/ruit\/wp-content\/uploads\/sites\/31\/cropped-header_gd_crop.jpg\",\"width\":1170,\"height\":304,\"caption\":\"Gottesdienst in der christlichen Gemeinde Christusbund Ruit\"},{\"@type\":\"BreadcrumbList\",\"@id\":\"https:\/\/www.christusbund.de\/ruit\/gottesdienst\/#breadcrumb\",\"itemListElement\":[{\"@type\":\"ListItem\",\"position\":1,\"name\":\"Start\",\"item\":\"https:\/\/www.christusbund.de\/ruit\/\"},{\"@type\":\"ListItem\",\"position\":2,\"name\":\"Gottesdienst\"}]},{\"@type\":\"WebSite\",\"@id\":\"https:\/\/www.christusbund.de\/ruit\/#website\",\"url\":\"https:\/\/www.christusbund.de\/ruit\/\",\"name\":\"Christusbund Ruit\",\"description\":\"\",\"potentialAction\":[{\"@type\":\"SearchAction\",\"target\":{\"@type\":\"EntryPoint\",\"urlTemplate\":\"https:\/\/www.christusbund.de\/ruit\/?s={search_term_string}\"},\"query-input\":{\"@type\":\"PropertyValueSpecification\",\"valueRequired\":true,\"valueName\":\"search_term_string\"}}],\"inLanguage\":\"de\"}]}<\/script>\n<!-- \/ Yoast SEO plugin. -->","yoast_head_json":{"title":"Gottesdienst - Christusbund Ruit","description":"Unser moderner Gottesdienst - sonntags um 17:30 Uhr und jeden ersten Sonntag im Monat um 10:30 Uhr mit gemeinsamen Mittagessen","robots":{"index":"index","follow":"follow","max-snippet":"max-snippet:-1","max-image-preview":"max-image-preview:large","max-video-preview":"max-video-preview:-1"},"canonical":"https:\/\/www.christusbund.de\/ruit\/gottesdienst\/","og_locale":"de_DE","og_type":"article","og_title":"Gottesdienst - Christusbund Ruit","og_description":"Unser moderner Gottesdienst - sonntags um 17:30 Uhr und jeden ersten Sonntag im Monat um 10:30 Uhr mit gemeinsamen Mittagessen","og_url":"https:\/\/www.christusbund.de\/ruit\/gottesdienst\/","og_site_name":"Christusbund Ruit","article_modified_time":"2026-02-20T16:25:15+00:00","og_image":[{"width":1170,"height":304,"url":"https:\/\/www.christusbund.de\/ruit\/wp-content\/uploads\/sites\/31\/cropped-header_gd_crop.jpg","type":"image\/jpeg"}],"twitter_card":"summary_large_image","twitter_misc":{"Gesch\u00e4tzte Lesezeit":"2\u00a0Minuten"},"schema":{"@context":"https:\/\/schema.org","@graph":[{"@type":"WebPage","@id":"https:\/\/www.christusbund.de\/ruit\/gottesdienst\/","url":"https:\/\/www.christusbund.de\/ruit\/gottesdienst\/","name":"Gottesdienst - Christusbund Ruit","isPartOf":{"@id":"https:\/\/www.christusbund.de\/ruit\/#website"},"primaryImageOfPage":{"@id":"https:\/\/www.christusbund.de\/ruit\/gottesdienst\/#primaryimage"},"image":{"@id":"https:\/\/www.christusbund.de\/ruit\/gottesdienst\/#primaryimage"},"thumbnailUrl":"https:\/\/www.christusbund.de\/ruit\/wp-content\/uploads\/sites\/31\/cropped-header_gd_crop.jpg","datePublished":"2015-11-18T22:45:33+00:00","dateModified":"2026-02-20T16:25:15+00:00","description":"Unser moderner Gottesdienst - sonntags um 17:30 Uhr und jeden ersten Sonntag im Monat um 10:30 Uhr mit gemeinsamen Mittagessen","breadcrumb":{"@id":"https:\/\/www.christusbund.de\/ruit\/gottesdienst\/#breadcrumb"},"inLanguage":"de","potentialAction":[{"@type":"ReadAction","target":["https:\/\/www.christusbund.de\/ruit\/gottesdienst\/"]}]},{"@type":"ImageObject","inLanguage":"de","@id":"https:\/\/www.christusbund.de\/ruit\/gottesdienst\/#primaryimage","url":"https:\/\/www.christusbund.de\/ruit\/wp-content\/uploads\/sites\/31\/cropped-header_gd_crop.jpg","contentUrl":"https:\/\/www.christusbund.de\/ruit\/wp-content\/uploads\/sites\/31\/cropped-header_gd_crop.jpg","width":1170,"height":304,"caption":"Gottesdienst in der christlichen Gemeinde Christusbund Ruit"},{"@type":"BreadcrumbList","@id":"https:\/\/www.christusbund.de\/ruit\/gottesdienst\/#breadcrumb","itemListElement":[{"@type":"ListItem","position":1,"name":"Start","item":"https:\/\/www.christusbund.de\/ruit\/"},{"@type":"ListItem","position":2,"name":"Gottesdienst"}]},{"@type":"WebSite","@id":"https:\/\/www.christusbund.de\/ruit\/#website","url":"https:\/\/www.christusbund.de\/ruit\/","name":"Christusbund Ruit","description":"","potentialAction":[{"@type":"SearchAction","target":{"@type":"EntryPoint","urlTemplate":"https:\/\/www.christusbund.de\/ruit\/?s={search_term_string}"},"query-input":{"@type":"PropertyValueSpecification","valueRequired":true,"valueName":"search_term_string"}}],"inLanguage":"de"}]}},"publishpress_future_action":{"enabled":false,"date":"2026-04-11 21:21:00","action":"change-status","newStatus":"draft","terms":[],"taxonomy":"","extraData":[]},"publishpress_future_workflow_manual_trigger":{"enabledWorkflows":[]},"_links":{"self":[{"href":"https:\/\/www.christusbund.de\/ruit\/wp-json\/wp\/v2\/pages\/179","targetHints":{"allow":["GET"]}}],"collection":[{"href":"https:\/\/www.christusbund.de\/ruit\/wp-json\/wp\/v2\/pages"}],"about":[{"href":"https:\/\/www.christusbund.de\/ruit\/wp-json\/wp\/v2\/types\/page"}],"author":[{"embeddable":true,"href":"https:\/\/www.christusbund.de\/ruit\/wp-json\/wp\/v2\/users\/1"}],"replies":[{"embeddable":true,"href":"https:\/\/www.christusbund.de\/ruit\/wp-json\/wp\/v2\/comments?post=179"}],"version-history":[{"count":10,"href":"https:\/\/www.christusbund.de\/ruit\/wp-json\/wp\/v2\/pages\/179\/revisions"}],"predecessor-version":[{"id":7233,"href":"https:\/\/www.christusbund.de\/ruit\/wp-json\/wp\/v2\/pages\/179\/revisions\/7233"}],"wp:featuredmedia":[{"embeddable":true,"href":"https:\/\/www.christusbund.de\/ruit\/wp-json\/wp\/v2\/media\/6098"}],"wp:attachment":[{"href":"https:\/\/www.christusbund.de\/ruit\/wp-json\/wp\/v2\/media?parent=179"}],"curies":[{"name":"wp","href":"https:\/\/api.w.org\/{rel}","templated":true}]}}