{"id":160,"date":"2015-10-26T11:33:43","date_gmt":"2015-10-26T10:33:43","guid":{"rendered":"http:\/\/sandbox.christusbund.de\/wordpress\/newtheme\/?page_id=6"},"modified":"2026-02-20T17:23:30","modified_gmt":"2026-02-20T16:23:30","slug":"christusbund-ruit-freikirche-in-ostfildern","status":"publish","type":"page","link":"https:\/\/www.christusbund.de\/ruit\/","title":{"rendered":"Startseite"},"content":{"rendered":"<div id=\"pl-160\"  class=\"panel-layout\" ><div id=\"pg-160-0\"  class=\"panel-grid panel-has-style\" ><div class=\"full-width panel-row-style panel-row-style-for-160-0\" ><div id=\"pgc-160-0-0\"  class=\"panel-grid-cell\" ><div id=\"panel-160-0-0-0\" class=\"so-panel widget widget_black-studio-tinymce widget_black_studio_tinymce panel-first-child panel-last-child\" data-index=\"0\" ><div class=\"textwidget\"><section id=\"home\" class=\"contentHead cb_start\">\n<div class=\"contentHead_bg\"><\/div>\n<div class=\"jumbotron\">\n<div class=\"container\"><div id=\"cb_spotlight_slider\" class=\"owl-carousel\">\r\n<a class=\"item text-center cb_spotlight_item\" target=\"_blank\" href=\"https:\/\/www.christusbund.de\/ruit\/wp-content\/uploads\/sites\/31\/kreativwerkstatt_flyer.jpeg\" rel=\"noopener\">\r\n  <div class=\"cb_spotlight_widget\">\r\n    <div class=\"cb_spotlight_img\" style=\"background: url('https:\/\/www.christusbund.de\/ruit\/wp-content\/uploads\/sites\/31\/kreativwerkstatt.jpeg')\"><\/div>\r\n    <div class=\"cb_spotlight_text\"><strong>Basteln, Kreativsein, Spielen und eine Geschichte f\u00fcr Kids von 3-6 Jahren<\/strong><br \/>26.2. und 19.3. 13-17 Uhr<\/div>\r\n  <\/div>\r\n<\/a>\r\n\n\r\n<a class=\"item text-center cb_spotlight_item\" href=\"https:\/\/www.christusbund.de\/ruit\/gruppen\/#krabbelgruppe\" target=\"_blank\" rel=\"noopener\">\r\n  <div class=\"cb_spotlight_widget\">\r\n    <div class=\"cb_spotlight_img\" style=\"background: url('https:\/\/www.christusbund.de\/ruit\/wp-content\/uploads\/sites\/31\/krabbelgruppe_slider.jpeg')\"><\/div>\r\n    <div class=\"cb_spotlight_text\">Immer mittwochs um 9:30 Uhr f\u00fcr jeden, der kommen m\u00f6chte<\/div>\r\n  <\/div>\r\n<\/a>\r\n\n\r\n<a class=\"item text-center cb_spotlight_item\" href=\"https:\/\/www.christusbund.de\/ruit\/gruppen\/#cafe-international\" rel=\"noopener\">\r\n  <div class=\"cb_spotlight_widget\">\r\n    <div class=\"cb_spotlight_img\" style=\"background: url('https:\/\/www.christusbund.de\/ruit\/wp-content\/uploads\/sites\/31\/cafe-international_slider.jpg')\"><\/div>\r\n    <div class=\"cb_spotlight_title\">Caf\u00e9 International<\/div>\r\n    <div class=\"cb_spotlight_text\">Jeden 3. Mittwoch im Monat um 17:00 Uhr<br \/>F\u00fcr Gefl\u00fcchtete, Migranten und alle interessierten Deutschen<\/div>\r\n  <\/div>\r\n<\/a>\r\n\n\r\n<a class=\"item text-center cb_spotlight_item\" href=\"https:\/\/www.christusbund.de\/ruit\/gruppen#bibeltreff\">\r\n  <div class=\"cb_spotlight_widget\">\r\n    <div class=\"cb_spotlight_img\" style=\"background: url('https:\/\/www.christusbund.de\/ruit\/wp-content\/uploads\/sites\/31\/bibeltreff_slider.png')\"><\/div>\r\n    <div class=\"cb_spotlight_text\">\r\n      Fortlaufende Themen mit Bezirkspastor Jochen K\u00f6nig - jeder dritte Dienstag im Monat.\r\n    <\/div>\r\n  <\/div>\r\n<\/a>\r\n\n\r\n<a class=\"item text-center cb_spotlight_item\" href=\"https:\/\/www.youtube.com\/channel\/UCbUqHZ33gj8SwX9GvjdSDeA\">\r\n          <div class=\"cb_spotlight_widget\">\r\n            <div class=\"cb_spotlight_img\" style=\"background: url('https:\/\/www.christusbund.de\/ruit\/wp-content\/uploads\/sites\/31\/youtube_slider.jpg')\"><\/div>\r\n            <div class=\"cb_spotlight_title\">Online-Gottesdienste<\/div>\r\n            <div class=\"cb_spotlight_text\"><strong>Immer sonntags um 17:30 Uhr!<br \/>(jeden 1. Sonntag im Monat um 10:30 Uhr)<\/strong><br\/>Unsere w\u00f6chentlichen Live-Stream-Gottesdienste sind auf unserem YouTube-Kanal zu finden.<\/div>\r\n          <\/div>\r\n        <\/a>\r\n\n<\/div>\n<div class=\"scrolldown text-center\"><\/div>\n<\/div>\n<\/div>\n<\/section><script type=\"text\/javascript\">\njQuery(document).ready(function($) {\r\n  $(\"#cb_spotlight_slider\").owlCarousel({\r\n    autoplay: true,\r\n    autoplayTimeout: 12000,\r\n    lazyLoad: true,\r\n    autoplayHoverPause: true,\r\n    loop: true,\r\n    nav: true,\r\n    dots: true,\r\n    autoHeight: false,\r\n    navText: [\r\n      '<i class=\"fal fa-angle-left\"><\/i>',\r\n      '<i class=\"fal fa-angle-right\"><\/i>'\r\n    ],\r\n    responsive: {\r\n        0: {\r\n          items: 1\r\n        },\r\n        768: {\r\n          items: 2\r\n        },\r\n        991: {\r\n          items: 3\r\n        }\r\n      }\r\n  });\r\n});\n<\/script><\/div><\/div><\/div><\/div><\/div><div id=\"pg-160-1\"  class=\"panel-grid panel-has-style\" ><div class=\"cb_container container no-widget-title panel-row-style panel-row-style-for-160-1\" ><div id=\"pgc-160-1-0\"  class=\"panel-grid-cell\" ><div id=\"panel-160-1-0-0\" class=\"so-panel widget widget_siteorigin-panels-builder panel-first-child panel-last-child\" data-index=\"1\" ><div class=\"panel-widget-style panel-widget-style-for-160-1-0-0\" ><div id=\"pl-w66a4bfaa86062\"  class=\"panel-layout\" ><div id=\"pg-w66a4bfaa86062-0\"  class=\"panel-grid panel-no-style\" ><div id=\"pgc-w66a4bfaa86062-0-0\"  class=\"panel-grid-cell\" ><div id=\"panel-w66a4bfaa86062-0-0-0\" class=\"so-panel widget widget_black-studio-tinymce widget_black_studio_tinymce panel-first-child panel-last-child\" data-index=\"0\" ><div class=\"panel-widget-style panel-widget-style-for-w66a4bfaa86062-0-0-0\" ><div class=\"textwidget\"><script src=\"https:\/\/apis.google.com\/js\/platform.js\"><\/script>\n<div class=\"g-ytsubscribe\" data-channelid=\"UCbUqHZ33gj8SwX9GvjdSDeA\" data-layout=\"full\" data-count=\"default\"><\/div>\n<\/div><\/div><\/div><\/div><\/div><\/div><\/div><\/div><\/div><\/div><\/div><div id=\"pg-160-2\"  class=\"panel-grid panel-has-style\" ><div class=\"cb_container cb_bg_lightgray panel-row-style panel-row-style-for-160-2\" ><div id=\"pgc-160-2-0\"  class=\"panel-grid-cell\" ><div id=\"panel-160-2-0-0\" class=\"so-panel widget widget_black-studio-tinymce widget_black_studio_tinymce panel-first-child panel-last-child\" data-index=\"2\" ><div class=\"textwidget\"><div id=\"highlights\" class=\"cb_wp_anker\"><\/div>\n<div class=\"container-fluid cb_highlights\">\n  <div class=\"row\">\n    <div class=\"col-md-8 col-md-offset-2\">\n      <!--<h4 class=\"text-center\" style=\"margin-bottom: 10px;\"><span class=\"cb_heading cb_bg_primary\">Herzlich Willkommen<\/span><\/h4>-->\n      <h3 class=\"text-center\" style=\"margin-bottom: 10px;\">Herzlich Willkommen<\/h3>\n      <div class=\"row text-center\">\n        <div class=\"col-sm-4 col-xs-12\">\n          <a class=\"cb_circle\" href=\".\/gruppen\/\">\n            <span class=\"fad fa-mug\"><\/span>\n          <\/a>\n          <h4>Gruppen<\/h4>\n          <p>Eine \u00dcbersicht \u00fcber unsere Gruppen und regelm\u00e4\u00dfigen Aktionen<!--<br \/><br \/>--><\/p>\n          <!--<a class=\"btn btn-primary\" href=\".\/gruppen\/\">Unsere Gruppen<\/a>-->\n        <\/div>\n        <div class=\"col-sm-4 col-xs-12\">\n          <a class=\"cb_circle\" href=\".\/gottesdienst\/\">\n            <span class=\"fas fa-heart\"><\/span>\n          <\/a>\n          <h4>Gottesdienst<\/h4>\n          <p>Herzliche Einladung zu unseren Gottesdiensten jeden Sonntag um 17:30 Uhr (Ausnahme: jeder 1. Sonntag im Monat um 10:30 Uhr mit anschlie\u00dfendem gemeinsamen Mittagessen)<\/p>\n          <!--<a class=\"btn btn-primary\" href=\".\/gottesdienst\/\">Weitere Informationen<\/a>-->\n        <\/div>\n        <div class=\"col-sm-4 col-xs-12\">\n          <a class=\"cb_circle\" href=\".\/kontakt\/\">\n            <span class=\"fas fa-comment\"><\/span>\n          <\/a>\n          <h4>Kontakt<\/h4>\n          <p>Wir stehen gerne mit euch in Verbindung<!--<br \/><br \/>--><\/p>\n          <!--<a class=\"btn btn-primary\" href=\".\/kontakt\/\">Zum Kontaktformular<\/a>-->\n        <\/div>\n      <\/div>\n    <\/div>\n  <\/div>\n<\/div><\/div><\/div><\/div><\/div><\/div><div id=\"pg-160-3\"  class=\"panel-grid panel-has-style\" ><div class=\"cb_container container no-widget-title panel-row-style panel-row-style-for-160-3\" ><div id=\"pgc-160-3-0\"  class=\"panel-grid-cell\" ><div id=\"panel-160-3-0-0\" class=\"so-panel widget widget_siteorigin-panels-builder panel-first-child panel-last-child\" data-index=\"3\" ><div id=\"pl-w66a4b788caedf\"  class=\"panel-layout\" ><div id=\"pg-w66a4b788caedf-0\"  class=\"panel-grid panel-has-style\" ><div class=\"panel-row-style panel-row-style-for-w66a4b788caedf-0\" ><div id=\"pgc-w66a4b788caedf-0-0\"  class=\"panel-grid-cell\" ><div id=\"panel-w66a4b788caedf-0-0-0\" class=\"so-panel widget widget_black-studio-tinymce widget_black_studio_tinymce panel-first-child\" data-index=\"0\" ><div class=\"textwidget\"><p><!--\n\n<h4 class=\"text-center\" id=\"calendar\"><span class=\"cb_heading cb_bg_primary\">Kalender<\/span><\/h4>\n\n--><\/p>\n<h3 class=\"text-center\" style=\"margin-bottom: 10px;\">Termine<\/h3>\n<p><iframe loading=\"lazy\" width=\"100%\" height=\"800px\" style=\"border-width:0px\" src=\"https:\/\/christusbund-ruit.church.tools\/?q=churchcal&embedded=true&viewname=calView#CalView\/\"><\/iframe><\/p>\n<\/div><\/div><\/div><\/div><\/div><\/div><\/div><\/div><\/div><\/div><div id=\"pg-160-4\"  class=\"panel-grid panel-has-style\" ><div class=\"full-width panel-row-style panel-row-style-for-160-4\" ><div id=\"pgc-160-4-0\"  class=\"panel-grid-cell\" ><div id=\"panel-160-4-0-0\" class=\"so-panel widget widget_black-studio-tinymce widget_black_studio_tinymce panel-first-child panel-last-child\" data-index=\"4\" ><div class=\"textwidget\"><div id=\"map\"><\/div>\n\n<script type=\"text\/javascript\">\nmaplibregl.accessToken = 'pk.eyJ1IjoiY2JkZXZlbG9wZXIiLCJhIjoiU0FlYUk4ayJ9.yZN1LhjJhopp3Zt6AlAUkQ';\r\nvar map = new maplibregl.Map({\r\n  container: 'map',\r\n  style: 'https:\/\/api.maptiler.com\/maps\/ab4c5dbe-da20-4004-9ff0-e4c1d145b182\/style.json?key=Y4CkKkGMyEQkCkxyuft5',\r\n  center: [9.255070, 48.730727],\r\n  zoom: 12,\r\n  pitch: 50\r\n});\r\nmap.addControl(new maplibregl.NavigationControl());\r\nmap.scrollZoom.disable();\r\n\r\nnew maplibregl.Marker({\r\n    color: '#acaa00',\r\n    closeButton: false\r\n  })\r\n  .setLngLat([9.255070, 48.730727])\r\n  .setPopup(new maplibregl.Popup({\r\n      offset: 25, focusAfterOpen: false\r\n    }) \/\/ add popups\r\n    .setHTML(\"<strong>Christusbund Ruit<\/strong><br>Hummelbergstr. 8 | 73760 Ostfildern<br><a class='pointer' href='https:\/\/goo.gl\/maps\/i2RzpgXwuky' target='_blank'><i class='far fa-chevron-circle-right'><\/i> Google Maps<\/a>\"))\r\n  .addTo(map)\r\n  .togglePopup();\n<\/script><\/div><\/div><\/div><\/div><\/div><\/div>","protected":false},"excerpt":{"rendered":"<p>Herzlich Willkommen Gruppen Eine \u00dcbersicht \u00fcber unsere Gruppen und regelm\u00e4\u00dfigen Aktionen Gottesdienst Herzliche Einladung zu unseren Gottesdiensten jeden Sonntag um 17:30 Uhr (Ausnahme: jeder 1. Sonntag im Monat um 10:30 Uhr mit anschlie\u00dfendem gemeinsamen Mittagessen) Kontakt Wir stehen gerne mit [&hellip;]<\/p>\n","protected":false},"author":1,"featured_media":0,"parent":0,"menu_order":9,"comment_status":"closed","ping_status":"closed","template":"page-templates\/page_empty.php","meta":{"footnotes":""},"class_list":["post-160","page","type-page","status-publish","hentry"],"yoast_head":"<!-- This site is optimized with the Yoast SEO plugin v27.4 - https:\/\/yoast.com\/product\/yoast-seo-wordpress\/ -->\n<title>Startseite - Christusbund Ruit<\/title>\n<meta name=\"description\" content=\"Als christliche Gemeinde in Ostfildern (Stadtteil Ruit) ist unsere zentrale Veranstaltung der Gottesdienst neben vielen Gruppen und Kreisen.\" \/>\n<meta name=\"robots\" content=\"index, follow, max-snippet:-1, max-image-preview:large, max-video-preview:-1\" \/>\n<link rel=\"canonical\" href=\"https:\/\/www.christusbund.de\/ruit\/\" \/>\n<meta property=\"og:locale\" content=\"de_DE\" \/>\n<meta property=\"og:type\" content=\"article\" \/>\n<meta property=\"og:title\" content=\"Startseite - Christusbund Ruit\" \/>\n<meta property=\"og:description\" content=\"Als christliche Gemeinde in Ostfildern (Stadtteil Ruit) ist unsere zentrale Veranstaltung der Gottesdienst neben vielen Gruppen und Kreisen.\" \/>\n<meta property=\"og:url\" content=\"https:\/\/www.christusbund.de\/ruit\/\" \/>\n<meta property=\"og:site_name\" content=\"Christusbund Ruit\" \/>\n<meta property=\"article:modified_time\" content=\"2026-02-20T16:23:30+00:00\" \/>\n<meta name=\"twitter:card\" content=\"summary_large_image\" \/>\n<meta name=\"twitter:label1\" content=\"Gesch\u00e4tzte Lesezeit\" \/>\n\t<meta name=\"twitter:data1\" content=\"1\u00a0Minute\" \/>\n<script type=\"application\/ld+json\" class=\"yoast-schema-graph\">{\"@context\":\"https:\\\/\\\/schema.org\",\"@graph\":[{\"@type\":\"WebPage\",\"@id\":\"https:\\\/\\\/www.christusbund.de\\\/ruit\\\/\",\"url\":\"https:\\\/\\\/www.christusbund.de\\\/ruit\\\/\",\"name\":\"Startseite - Christusbund Ruit\",\"isPartOf\":{\"@id\":\"https:\\\/\\\/www.christusbund.de\\\/ruit\\\/#website\"},\"datePublished\":\"2015-10-26T10:33:43+00:00\",\"dateModified\":\"2026-02-20T16:23:30+00:00\",\"description\":\"Als christliche Gemeinde in Ostfildern (Stadtteil Ruit) ist unsere zentrale Veranstaltung der Gottesdienst neben vielen Gruppen und Kreisen.\",\"breadcrumb\":{\"@id\":\"https:\\\/\\\/www.christusbund.de\\\/ruit\\\/#breadcrumb\"},\"inLanguage\":\"de\",\"potentialAction\":[{\"@type\":\"ReadAction\",\"target\":[\"https:\\\/\\\/www.christusbund.de\\\/ruit\\\/\"]}]},{\"@type\":\"BreadcrumbList\",\"@id\":\"https:\\\/\\\/www.christusbund.de\\\/ruit\\\/#breadcrumb\",\"itemListElement\":[{\"@type\":\"ListItem\",\"position\":1,\"name\":\"Start\",\"item\":\"https:\\\/\\\/www.christusbund.de\\\/ruit\\\/\"},{\"@type\":\"ListItem\",\"position\":2,\"name\":\"Startseite\"}]},{\"@type\":\"WebSite\",\"@id\":\"https:\\\/\\\/www.christusbund.de\\\/ruit\\\/#website\",\"url\":\"https:\\\/\\\/www.christusbund.de\\\/ruit\\\/\",\"name\":\"Christusbund Ruit\",\"description\":\"\",\"potentialAction\":[{\"@type\":\"SearchAction\",\"target\":{\"@type\":\"EntryPoint\",\"urlTemplate\":\"https:\\\/\\\/www.christusbund.de\\\/ruit\\\/?s={search_term_string}\"},\"query-input\":{\"@type\":\"PropertyValueSpecification\",\"valueRequired\":true,\"valueName\":\"search_term_string\"}}],\"inLanguage\":\"de\"}]}<\/script>\n<!-- \/ Yoast SEO plugin. -->","yoast_head_json":{"title":"Startseite - Christusbund Ruit","description":"Als christliche Gemeinde in Ostfildern (Stadtteil Ruit) ist unsere zentrale Veranstaltung der Gottesdienst neben vielen Gruppen und Kreisen.","robots":{"index":"index","follow":"follow","max-snippet":"max-snippet:-1","max-image-preview":"max-image-preview:large","max-video-preview":"max-video-preview:-1"},"canonical":"https:\/\/www.christusbund.de\/ruit\/","og_locale":"de_DE","og_type":"article","og_title":"Startseite - Christusbund Ruit","og_description":"Als christliche Gemeinde in Ostfildern (Stadtteil Ruit) ist unsere zentrale Veranstaltung der Gottesdienst neben vielen Gruppen und Kreisen.","og_url":"https:\/\/www.christusbund.de\/ruit\/","og_site_name":"Christusbund Ruit","article_modified_time":"2026-02-20T16:23:30+00:00","twitter_card":"summary_large_image","twitter_misc":{"Gesch\u00e4tzte Lesezeit":"1\u00a0Minute"},"schema":{"@context":"https:\/\/schema.org","@graph":[{"@type":"WebPage","@id":"https:\/\/www.christusbund.de\/ruit\/","url":"https:\/\/www.christusbund.de\/ruit\/","name":"Startseite - Christusbund Ruit","isPartOf":{"@id":"https:\/\/www.christusbund.de\/ruit\/#website"},"datePublished":"2015-10-26T10:33:43+00:00","dateModified":"2026-02-20T16:23:30+00:00","description":"Als christliche Gemeinde in Ostfildern (Stadtteil Ruit) ist unsere zentrale Veranstaltung der Gottesdienst neben vielen Gruppen und Kreisen.","breadcrumb":{"@id":"https:\/\/www.christusbund.de\/ruit\/#breadcrumb"},"inLanguage":"de","potentialAction":[{"@type":"ReadAction","target":["https:\/\/www.christusbund.de\/ruit\/"]}]},{"@type":"BreadcrumbList","@id":"https:\/\/www.christusbund.de\/ruit\/#breadcrumb","itemListElement":[{"@type":"ListItem","position":1,"name":"Start","item":"https:\/\/www.christusbund.de\/ruit\/"},{"@type":"ListItem","position":2,"name":"Startseite"}]},{"@type":"WebSite","@id":"https:\/\/www.christusbund.de\/ruit\/#website","url":"https:\/\/www.christusbund.de\/ruit\/","name":"Christusbund Ruit","description":"","potentialAction":[{"@type":"SearchAction","target":{"@type":"EntryPoint","urlTemplate":"https:\/\/www.christusbund.de\/ruit\/?s={search_term_string}"},"query-input":{"@type":"PropertyValueSpecification","valueRequired":true,"valueName":"search_term_string"}}],"inLanguage":"de"}]}},"publishpress_future_action":{"enabled":false,"date":"2026-05-01 15:59:38","action":"change-status","newStatus":"draft","terms":[],"taxonomy":"","extraData":[]},"publishpress_future_workflow_manual_trigger":{"enabledWorkflows":[]},"_links":{"self":[{"href":"https:\/\/www.christusbund.de\/ruit\/wp-json\/wp\/v2\/pages\/160","targetHints":{"allow":["GET"]}}],"collection":[{"href":"https:\/\/www.christusbund.de\/ruit\/wp-json\/wp\/v2\/pages"}],"about":[{"href":"https:\/\/www.christusbund.de\/ruit\/wp-json\/wp\/v2\/types\/page"}],"author":[{"embeddable":true,"href":"https:\/\/www.christusbund.de\/ruit\/wp-json\/wp\/v2\/users\/1"}],"replies":[{"embeddable":true,"href":"https:\/\/www.christusbund.de\/ruit\/wp-json\/wp\/v2\/comments?post=160"}],"version-history":[{"count":12,"href":"https:\/\/www.christusbund.de\/ruit\/wp-json\/wp\/v2\/pages\/160\/revisions"}],"predecessor-version":[{"id":7477,"href":"https:\/\/www.christusbund.de\/ruit\/wp-json\/wp\/v2\/pages\/160\/revisions\/7477"}],"wp:attachment":[{"href":"https:\/\/www.christusbund.de\/ruit\/wp-json\/wp\/v2\/media?parent=160"}],"curies":[{"name":"wp","href":"https:\/\/api.w.org\/{rel}","templated":true}]}}