{"id":39,"date":"2015-12-05T17:37:15","date_gmt":"2015-12-05T16:37:15","guid":{"rendered":"http:\/\/sandbox.christusbund.de\/wp\/oberstdorf\/?page_id=39"},"modified":"2020-01-12T01:15:12","modified_gmt":"2020-01-12T00:15:12","slug":"umgebung","status":"publish","type":"page","link":"https:\/\/www.christusbund.de\/oberstdorf\/umgebung\/","title":{"rendered":"Umgebung"},"content":{"rendered":"<div id=\"pl-39\"  class=\"panel-layout\" ><div id=\"pg-39-0\"  class=\"panel-grid panel-has-style\" ><div class=\"cb_container-with-sidebar container panel-row-style panel-row-style-for-39-0\" ><div id=\"pgc-39-0-0\"  class=\"panel-grid-cell\" ><div id=\"panel-39-0-0-0\" class=\"so-panel widget widget_black-studio-tinymce widget_black_studio_tinymce panel-first-child panel-last-child\" data-index=\"0\" ><div class=\"textwidget\"><h2>Urlaubsparadies Oberstdorf<\/h2>\n\n<p>Das Oberallg\u00e4u bietet zu jeder Jahreszeit neben seiner wunderbaren Landschaft viele Sehensw\u00fcrdigkeiten und Ausflugsziele. Ob Sie eher der sportliche oder der kulturorientierte Urlaubertyp sind - In Oberstdorf und seiner Umgebung findet sich garantiert f\u00fcr jeden etwas.<\/p>\n\n<p>Vom G\u00e4stehaus Bergfrieden aus leicht zu erreichen (eine Viertelstunde zu Fu\u00df) ist der malerische Ortskern von Oberstdorf mit seinen schmucken, altehrw\u00fcrdigen H\u00e4usern und seinen kunsthistorisch interessanten Kapellen. Viel \u00fcber die Geschichte der Gegend gibt es im Heimatmuseum zu lernen, einem Geb\u00e4ude aus dem 17. Jahrhundert. Hier befinden sich unter anderem Ausstellungen zu Wohnkultur, Trachten und Brauchtum, zur Land- und Alpwirtschaft, zu alten Handwerken und zum Alpinismus. Oberstdorf bietet au\u00dferdem breit gef\u00e4cherte Shoppingm\u00f6glichkeiten und eine Vielzahl kultureller Veranstaltungen. Umfassende Infos finden Sie auf www.oberstdorf.de.<\/p>\n\n<p>Wenn Sie die Natur und das Abenteuer lieben, kommen Sie hier voll auf Ihre Kosten. Zu Land: einfache Spazierg\u00e4nge in romantischen T\u00e4lern, anspruchsvolle Bergtouren auf pr\u00e4chtige Gipfel, ausgesetzte Felspartien auf Klettersteigen. Zu Wasser: Baden in versteckten Bergseen und Bootstouren auf der Iller. In der Luft: Gleitschirmfliegen vom Nebelhorn oder ein Alpenrundflug vom nahegelegenen Sportflugplatz.<\/p>\n\n<p>Im September k\u00f6nnen Sie in Oberstdorf und den umliegenden Gemeinden den traditionellen Viehscheid miterleben, den allj\u00e4hrlichen Almabtrieb. Die Rinder werden bunt geschm\u00fcckt, und die Einheimischen feiern diesen Festtag in ihren sch\u00f6nsten Trachten.<\/p>\n\n<p>W\u00e4hrend der kalten Jahreszeit verwandelt sich unsere Berglandschaft in ein wahres Winter-Wunderland. Skifahren, Langlaufen, Winterwandern, Schlittschuhlaufen - da bleiben keine W\u00fcnsche offen.<\/p><\/div><\/div><\/div><div id=\"pgc-39-0-1\"  class=\"panel-grid-cell\" ><div id=\"panel-39-0-1-0\" class=\"so-panel widget widget_black-studio-tinymce widget_black_studio_tinymce panel-first-child panel-last-child\" data-index=\"1\" ><div class=\"cb_sidebar panel-widget-style panel-widget-style-for-39-0-1-0\" ><div class=\"textwidget\"><h3 style=\"margin-bottom: 10px; margin-top: 0;\">Unsere Tipps<\/h3>\n<p>Entdecken Sie reizvolle Landschaften, zahlreiche Sportangebote und lohnenswerte Ausflugsziele:<\/p>\n<p><a class=\"btn btn-primary\" href=\".\/tipps\/\"><i class=\"fas fa-binoculars\"><\/i> Sehenswertes<\/a><\/p>\n<p><a class=\"btn btn-primary\" href=\".\/sommer\/\"><i class=\"fas fa-sun\"><\/i> Tipps im Sommer<\/a><\/p>\n<p><a class=\"btn btn-primary\" href=\".\/winter\/\"><i class=\"fas fa-asterisk\"><\/i> Tipps im Winter<\/a><p><\/div><\/div><\/div><\/div><\/div><\/div><div id=\"pg-39-1\"  class=\"panel-grid panel-has-style\" ><div class=\"cb_container cb_bg_lightgray panel-row-style panel-row-style-for-39-1\" ><div id=\"pgc-39-1-0\"  class=\"panel-grid-cell\" ><div id=\"panel-39-1-0-0\" class=\"so-panel widget widget_black-studio-tinymce widget_black_studio_tinymce panel-first-child panel-last-child\" data-index=\"2\" ><div class=\"container panel-widget-style panel-widget-style-for-39-1-0-0\" ><div class=\"textwidget\"><div id=\"owl-umgebung\" class=\"owl-carousel cb_owl_pictures\">\n  <div class=\"item\">\n    <a href=\"..\/wp-content\/uploads\/sites\/5\/freibergsee-herbst-1-tourismus-oberstdorf.jpg\" class=\"swipebox\">\n      <img decoding=\"async\" src=\"..\/wp-content\/uploads\/sites\/5\/freibergsee-herbst-1-tourismus-oberstdorf.jpg\" alt=\"Freibergsee im Herbst\">\n    <\/a>\n  <\/div>\n  <div class=\"item\">\n    <a href=\"..\/wp-content\/uploads\/sites\/5\/kuh-oytal-tourismus-oberstdorf.jpg\" class=\"swipebox\">\n      <img decoding=\"async\" src=\"..\/wp-content\/uploads\/sites\/5\/kuh-oytal-tourismus-oberstdorf.jpg\" alt=\"Gottes Sch\u00f6pfung erleben\">\n    <\/a>\n  <\/div>\n  <div class=\"item\">\n    <a href=\"..\/wp-content\/uploads\/sites\/5\/gerstruben-winter-tourismus-oberstdorf.jpg\" class=\"swipebox\">\n      <img decoding=\"async\" src=\"..\/wp-content\/uploads\/sites\/5\/gerstruben-winter-tourismus-oberstdorf.jpg\" alt=\"Wundersch\u00f6ne Winterlandschaften (Gerstruben)\">\n    <\/a>\n  <\/div>\n  <div class=\"item\">\n    <a href=\"..\/wp-content\/uploads\/sites\/5\/berlandschaft.jpg\" class=\"swipebox\">\n      <img decoding=\"async\" src=\"..\/wp-content\/uploads\/sites\/5\/berlandschaft.jpg\" alt=\"Traumhafte Berglandschaften\">\n    <\/a>\n  <\/div>\n  <div class=\"item\">\n    <a href=\"..\/wp-content\/uploads\/sites\/5\/mountainbike-rohrmoostal-1-tourismus-oberstdorf.jpg\" class=\"swipebox\">\n      <img decoding=\"async\" src=\"..\/wp-content\/uploads\/sites\/5\/mountainbike-rohrmoostal-1-tourismus-oberstdorf.jpg\" alt=\"Fahrrad- \/ Mountainbiketouren im Rohrmoostal\">\n    <\/a>\n  <\/div>\n<\/div>\n<script type=\"text\/javascript\">\njQuery(document).ready(function($) {\r\n  $(\".cb_owl_pictures\").owlCarousel({\r\n    autoplay: 3000,\r\n    lazyLoad: false,\r\n    loop: true,\r\n    nav: true,\r\n    dots: true,\r\n    autoHeight: false,\r\n    navText: [\r\n      '<i class=\"fal fa-angle-left\"><\/i>',\r\n      '<i class=\"fal fa-angle-right\"><\/i>'\r\n    ],\r\n    responsive: {\r\n        0: {\r\n          items: 1\r\n        },\r\n        768: {\r\n          items: 3\r\n        }\r\n      }\r\n  });\r\n});\n<\/script><\/div><\/div><\/div><\/div><\/div><\/div><\/div>","protected":false},"excerpt":{"rendered":"<p>Urlaubsparadies Oberstdorf Das Oberallg\u00e4u bietet zu jeder Jahreszeit neben seiner wunderbaren Landschaft viele Sehensw\u00fcrdigkeiten und Ausflugsziele. Ob Sie eher der sportliche oder der kulturorientierte Urlaubertyp sind &#8211; In Oberstdorf und seiner Umgebung findet sich garantiert f\u00fcr jeden etwas. Vom G\u00e4stehaus [&hellip;]<\/p>\n","protected":false},"author":2,"featured_media":605,"parent":0,"menu_order":0,"comment_status":"closed","ping_status":"closed","template":"","meta":{"footnotes":""},"class_list":["post-39","page","type-page","status-publish","has-post-thumbnail","hentry"],"yoast_head":"<!-- This site is optimized with the Yoast SEO plugin v27.4 - https:\/\/yoast.com\/product\/yoast-seo-wordpress\/ -->\n<title>Umgebung | Christliches G\u00e4stehaus Bergfrieden<\/title>\n<meta name=\"robots\" content=\"index, follow, max-snippet:-1, max-image-preview:large, max-video-preview:-1\" \/>\n<link rel=\"canonical\" href=\"https:\/\/www.christusbund.de\/oberstdorf\/umgebung\/\" \/>\n<meta property=\"og:locale\" content=\"de_DE\" \/>\n<meta property=\"og:type\" content=\"article\" \/>\n<meta property=\"og:title\" content=\"Umgebung | Christliches G\u00e4stehaus Bergfrieden\" \/>\n<meta property=\"og:description\" content=\"Urlaubsparadies Oberstdorf Das Oberallg\u00e4u bietet zu jeder Jahreszeit neben seiner wunderbaren Landschaft viele Sehensw\u00fcrdigkeiten und Ausflugsziele. Ob Sie eher der sportliche oder der kulturorientierte Urlaubertyp sind - In Oberstdorf und seiner Umgebung findet sich garantiert f\u00fcr jeden etwas. Vom G\u00e4stehaus [&hellip;]\" \/>\n<meta property=\"og:url\" content=\"https:\/\/www.christusbund.de\/oberstdorf\/umgebung\/\" \/>\n<meta property=\"og:site_name\" content=\"Christliches G\u00e4stehaus Bergfrieden\" \/>\n<meta property=\"article:modified_time\" content=\"2020-01-12T00:15:12+00:00\" \/>\n<meta property=\"og:image\" content=\"https:\/\/www.christusbund.de\/oberstdorf\/wp-content\/uploads\/sites\/5\/b_16.jpg\" \/>\n\t<meta property=\"og:image:width\" content=\"1000\" \/>\n\t<meta property=\"og:image:height\" content=\"666\" \/>\n\t<meta property=\"og:image:type\" content=\"image\/jpeg\" \/>\n<meta name=\"twitter:card\" content=\"summary_large_image\" \/>\n<meta name=\"twitter:label1\" content=\"Gesch\u00e4tzte Lesezeit\" \/>\n\t<meta name=\"twitter:data1\" content=\"1\u00a0Minute\" \/>\n<script type=\"application\/ld+json\" class=\"yoast-schema-graph\">{\"@context\":\"https:\\\/\\\/schema.org\",\"@graph\":[{\"@type\":\"WebPage\",\"@id\":\"https:\\\/\\\/www.christusbund.de\\\/oberstdorf\\\/umgebung\\\/\",\"url\":\"https:\\\/\\\/www.christusbund.de\\\/oberstdorf\\\/umgebung\\\/\",\"name\":\"Umgebung | Christliches G\u00e4stehaus Bergfrieden\",\"isPartOf\":{\"@id\":\"https:\\\/\\\/www.christusbund.de\\\/oberstdorf\\\/#website\"},\"primaryImageOfPage\":{\"@id\":\"https:\\\/\\\/www.christusbund.de\\\/oberstdorf\\\/umgebung\\\/#primaryimage\"},\"image\":{\"@id\":\"https:\\\/\\\/www.christusbund.de\\\/oberstdorf\\\/umgebung\\\/#primaryimage\"},\"thumbnailUrl\":\"https:\\\/\\\/www.christusbund.de\\\/oberstdorf\\\/wp-content\\\/uploads\\\/sites\\\/5\\\/b_16.jpg\",\"datePublished\":\"2015-12-05T16:37:15+00:00\",\"dateModified\":\"2020-01-12T00:15:12+00:00\",\"breadcrumb\":{\"@id\":\"https:\\\/\\\/www.christusbund.de\\\/oberstdorf\\\/umgebung\\\/#breadcrumb\"},\"inLanguage\":\"de\",\"potentialAction\":[{\"@type\":\"ReadAction\",\"target\":[\"https:\\\/\\\/www.christusbund.de\\\/oberstdorf\\\/umgebung\\\/\"]}]},{\"@type\":\"ImageObject\",\"inLanguage\":\"de\",\"@id\":\"https:\\\/\\\/www.christusbund.de\\\/oberstdorf\\\/umgebung\\\/#primaryimage\",\"url\":\"https:\\\/\\\/www.christusbund.de\\\/oberstdorf\\\/wp-content\\\/uploads\\\/sites\\\/5\\\/b_16.jpg\",\"contentUrl\":\"https:\\\/\\\/www.christusbund.de\\\/oberstdorf\\\/wp-content\\\/uploads\\\/sites\\\/5\\\/b_16.jpg\",\"width\":1000,\"height\":666},{\"@type\":\"BreadcrumbList\",\"@id\":\"https:\\\/\\\/www.christusbund.de\\\/oberstdorf\\\/umgebung\\\/#breadcrumb\",\"itemListElement\":[{\"@type\":\"ListItem\",\"position\":1,\"name\":\"Startseite\",\"item\":\"https:\\\/\\\/www.christusbund.de\\\/oberstdorf\\\/\"},{\"@type\":\"ListItem\",\"position\":2,\"name\":\"Umgebung\"}]},{\"@type\":\"WebSite\",\"@id\":\"https:\\\/\\\/www.christusbund.de\\\/oberstdorf\\\/#website\",\"url\":\"https:\\\/\\\/www.christusbund.de\\\/oberstdorf\\\/\",\"name\":\"Christliches G\u00e4stehaus Bergfrieden\",\"description\":\"Christusbund\",\"potentialAction\":[{\"@type\":\"SearchAction\",\"target\":{\"@type\":\"EntryPoint\",\"urlTemplate\":\"https:\\\/\\\/www.christusbund.de\\\/oberstdorf\\\/?s={search_term_string}\"},\"query-input\":{\"@type\":\"PropertyValueSpecification\",\"valueRequired\":true,\"valueName\":\"search_term_string\"}}],\"inLanguage\":\"de\"}]}<\/script>\n<!-- \/ Yoast SEO plugin. -->","yoast_head_json":{"title":"Umgebung | Christliches G\u00e4stehaus Bergfrieden","robots":{"index":"index","follow":"follow","max-snippet":"max-snippet:-1","max-image-preview":"max-image-preview:large","max-video-preview":"max-video-preview:-1"},"canonical":"https:\/\/www.christusbund.de\/oberstdorf\/umgebung\/","og_locale":"de_DE","og_type":"article","og_title":"Umgebung | Christliches G\u00e4stehaus Bergfrieden","og_description":"Urlaubsparadies Oberstdorf Das Oberallg\u00e4u bietet zu jeder Jahreszeit neben seiner wunderbaren Landschaft viele Sehensw\u00fcrdigkeiten und Ausflugsziele. Ob Sie eher der sportliche oder der kulturorientierte Urlaubertyp sind - In Oberstdorf und seiner Umgebung findet sich garantiert f\u00fcr jeden etwas. Vom G\u00e4stehaus [&hellip;]","og_url":"https:\/\/www.christusbund.de\/oberstdorf\/umgebung\/","og_site_name":"Christliches G\u00e4stehaus Bergfrieden","article_modified_time":"2020-01-12T00:15:12+00:00","og_image":[{"width":1000,"height":666,"url":"https:\/\/www.christusbund.de\/oberstdorf\/wp-content\/uploads\/sites\/5\/b_16.jpg","type":"image\/jpeg"}],"twitter_card":"summary_large_image","twitter_misc":{"Gesch\u00e4tzte Lesezeit":"1\u00a0Minute"},"schema":{"@context":"https:\/\/schema.org","@graph":[{"@type":"WebPage","@id":"https:\/\/www.christusbund.de\/oberstdorf\/umgebung\/","url":"https:\/\/www.christusbund.de\/oberstdorf\/umgebung\/","name":"Umgebung | Christliches G\u00e4stehaus Bergfrieden","isPartOf":{"@id":"https:\/\/www.christusbund.de\/oberstdorf\/#website"},"primaryImageOfPage":{"@id":"https:\/\/www.christusbund.de\/oberstdorf\/umgebung\/#primaryimage"},"image":{"@id":"https:\/\/www.christusbund.de\/oberstdorf\/umgebung\/#primaryimage"},"thumbnailUrl":"https:\/\/www.christusbund.de\/oberstdorf\/wp-content\/uploads\/sites\/5\/b_16.jpg","datePublished":"2015-12-05T16:37:15+00:00","dateModified":"2020-01-12T00:15:12+00:00","breadcrumb":{"@id":"https:\/\/www.christusbund.de\/oberstdorf\/umgebung\/#breadcrumb"},"inLanguage":"de","potentialAction":[{"@type":"ReadAction","target":["https:\/\/www.christusbund.de\/oberstdorf\/umgebung\/"]}]},{"@type":"ImageObject","inLanguage":"de","@id":"https:\/\/www.christusbund.de\/oberstdorf\/umgebung\/#primaryimage","url":"https:\/\/www.christusbund.de\/oberstdorf\/wp-content\/uploads\/sites\/5\/b_16.jpg","contentUrl":"https:\/\/www.christusbund.de\/oberstdorf\/wp-content\/uploads\/sites\/5\/b_16.jpg","width":1000,"height":666},{"@type":"BreadcrumbList","@id":"https:\/\/www.christusbund.de\/oberstdorf\/umgebung\/#breadcrumb","itemListElement":[{"@type":"ListItem","position":1,"name":"Startseite","item":"https:\/\/www.christusbund.de\/oberstdorf\/"},{"@type":"ListItem","position":2,"name":"Umgebung"}]},{"@type":"WebSite","@id":"https:\/\/www.christusbund.de\/oberstdorf\/#website","url":"https:\/\/www.christusbund.de\/oberstdorf\/","name":"Christliches G\u00e4stehaus Bergfrieden","description":"Christusbund","potentialAction":[{"@type":"SearchAction","target":{"@type":"EntryPoint","urlTemplate":"https:\/\/www.christusbund.de\/oberstdorf\/?s={search_term_string}"},"query-input":{"@type":"PropertyValueSpecification","valueRequired":true,"valueName":"search_term_string"}}],"inLanguage":"de"}]}},"publishpress_future_action":{"enabled":false,"date":"2026-04-29 03:02:59","action":"change-status","newStatus":"draft","terms":[],"taxonomy":"","extraData":[]},"publishpress_future_workflow_manual_trigger":{"enabledWorkflows":[]},"_links":{"self":[{"href":"https:\/\/www.christusbund.de\/oberstdorf\/wp-json\/wp\/v2\/pages\/39","targetHints":{"allow":["GET"]}}],"collection":[{"href":"https:\/\/www.christusbund.de\/oberstdorf\/wp-json\/wp\/v2\/pages"}],"about":[{"href":"https:\/\/www.christusbund.de\/oberstdorf\/wp-json\/wp\/v2\/types\/page"}],"author":[{"embeddable":true,"href":"https:\/\/www.christusbund.de\/oberstdorf\/wp-json\/wp\/v2\/users\/2"}],"replies":[{"embeddable":true,"href":"https:\/\/www.christusbund.de\/oberstdorf\/wp-json\/wp\/v2\/comments?post=39"}],"version-history":[{"count":3,"href":"https:\/\/www.christusbund.de\/oberstdorf\/wp-json\/wp\/v2\/pages\/39\/revisions"}],"predecessor-version":[{"id":2960,"href":"https:\/\/www.christusbund.de\/oberstdorf\/wp-json\/wp\/v2\/pages\/39\/revisions\/2960"}],"wp:featuredmedia":[{"embeddable":true,"href":"https:\/\/www.christusbund.de\/oberstdorf\/wp-json\/wp\/v2\/media\/605"}],"wp:attachment":[{"href":"https:\/\/www.christusbund.de\/oberstdorf\/wp-json\/wp\/v2\/media?parent=39"}],"curies":[{"name":"wp","href":"https:\/\/api.w.org\/{rel}","templated":true}]}}