{"id":151,"date":"2015-12-06T20:27:57","date_gmt":"2015-12-06T19:27:57","guid":{"rendered":"http:\/\/sandbox.christusbund.de\/wp\/oberstdorf\/?page_id=151"},"modified":"2023-09-13T08:43:53","modified_gmt":"2023-09-13T06:43:53","slug":"anreise","status":"publish","type":"page","link":"https:\/\/www.christusbund.de\/oberstdorf\/gaestehaus\/anreise\/","title":{"rendered":"Anreise"},"content":{"rendered":"<div id=\"pl-151\"  class=\"panel-layout\" ><div id=\"pg-151-0\"  class=\"panel-grid panel-has-style\" ><div class=\"cb_container-with-sidebar container panel-row-style panel-row-style-for-151-0\" ><div id=\"pgc-151-0-0\"  class=\"panel-grid-cell\" ><div id=\"panel-151-0-0-0\" class=\"so-panel widget widget_black-studio-tinymce widget_black_studio_tinymce panel-first-child panel-last-child\" data-index=\"0\" ><div class=\"textwidget\"><h2>Wir freuen uns auf Sie! <br><small>Anreise & Wegbeschreibung<\/small><\/h2>\n\n<p>Die Zimmer k\u00f6nnen am Anreisetag ab 15:00 Uhr bezogen werden. Am Abreisetag sind die Zimmer bis nach dem Fr\u00fchst\u00fcck zu r\u00e4umen.<\/p>\n\n<h4 style=\"margin-bottom: 10px;\">Anreise mit dem Auto<\/h4>\n<p>- aus Richtung Norden: A 7 bis Kempten - B 19 bis Oberstdorf<br>- aus Richtung M\u00fcnchen: A 96 bis Buchloe - B 12 bis Kempten - B 19 bis Oberstdorf<\/p>\n<p>Beim Kreisel kurz vor Oberstdorf (unmittelbar nach dem Hotel \"Explorer\" und dem McDonald's) geradeaus weiterfahren. Beim n\u00e4chsten Kreisel dem Hinweisschild \u201eEissportzentrum, Nebelhornbahn, Audi Arena\" folgen. Achtung: Gleich nach Verlassen des Kreisels nochmals rechts! An Nebelhornbahn und Eisstadion vorbei Richtung Audi Arena (Skisprunganlage). Unmittelbar vor deren Eingang rechts steil den Berg hinauf (Fahrverbotsschild ignorieren). Nach ca. 800 m erreichen Sie unser G\u00e4stehaus (rechte Stra\u00dfenseite). Parkpl\u00e4tze am Haus.<\/p>\n\n<p>Die Stra\u00dfen in die Oberstdorfer Bergt\u00e4ler sind nicht f\u00fcr den \u00f6ffentlichen Verkehr freigegeben. Bei der Anreise d\u00fcrfen Sie trotzdem zu unserem G\u00e4stehaus ins Oytal fahren (Fahrverbot ignorieren!). Sie erhalten dann von uns eine Auffahrtsgenehmigung (Geb\u00fchr 2,50 \u20ac), die Sie berechtigt, die Sperrstra\u00dfe f\u00fcr die Dauer Ihres Aufenthalts im Bergfrieden zu benutzen.<\/p>\n\n<h4 style=\"margin-bottom: 10px;\">Anreise mit der Bahn<\/h4>\n<p>Der Oberstdorfer Bahnhof liegt im Ortszentrum. Von dort mit dem Taxi (Telefon: +49 (0) 8322 98210) zur Oytalstr. 4. In Sonderf\u00e4llen organisieren wir auch eine Abholung. Schicken Sie Ihr Gep\u00e4ck eine Woche vorher per <a href=\"https:\/\/www.dhl.de\/reisegepaeck\" target=\"_blank\">Post<\/a> oder per <a href=\"https:\/\/www.myhermes.de\/wps\/portal\/paket\/Home\/privatkunden\/preise\/nationaler-versand\/gepaeckversand\" target=\"_blank\">Hermes-Versand<\/a> nach Oberstdorf! Es besteht au\u00dferdem die M\u00f6glichkeit, das Gep\u00e4ck von zu Hause abholen zu lassen.<\/p>\n\n<h4 style=\"margin-bottom: 10px;\">Anreise mit dem Flugzeug<\/h4>\n<p>Die n\u00e4chstgelegenen Flugh\u00e4fen sind Memmingen (80 km) und M\u00fcnchen (170 km). Von dort weiter mit Bahn und Taxi.<\/p><\/div><\/div><\/div><div id=\"pgc-151-0-1\"  class=\"panel-grid-cell\" ><div id=\"panel-151-0-1-0\" class=\"so-panel widget widget_black-studio-tinymce widget_black_studio_tinymce panel-first-child\" data-index=\"1\" ><div class=\"cb_sidebar panel-widget-style panel-widget-style-for-151-0-1-0\" ><div class=\"textwidget\"><h3 style=\"margin-bottom: 10px; margin-top: 0;\">Zieladresse<\/h3>\nChristusbund e.V.<br>\nChristliches G\u00e4stehaus Bergfrieden<br>\nOytalstra\u00dfe 4<br>\n87561 Oberstdorf<\/p>\n\n<p><a href=\"https:\/\/www.google.de\/maps\/dir\/\/Christliches+G%C3%A4stehaus+Bergfrieden+e.V.,+Oytalstra%C3%9Fe+4,+87561+Oberstdorf\/@47.4007536,10.2905913,17z\/data=!4m13!1m4!3m3!1s0x479c9a49c6dbf51b:0xe7b09d27ddb99442!2sChristliches+G%C3%A4stehaus+Bergfrieden+e.V.!3b1!4m7!1m0!1m5!1m1!1s0x479c9a49c6dbf51b:0xe7b09d27ddb99442!2m2!1d10.29278!2d47.40075\" class=\"btn btn-primary\" target=\"_blank\"><i class=\"fas fa-map-marker\"><\/i> Routenplaner<\/a><\/p><\/div><\/div><\/div><div id=\"panel-151-0-1-1\" class=\"so-panel widget widget_black-studio-tinymce widget_black_studio_tinymce panel-last-child\" data-index=\"2\" ><div class=\"cb_sidebar panel-widget-style panel-widget-style-for-151-0-1-1\" ><div class=\"textwidget\"><h3 style=\"margin-bottom: 10px; margin-top: 0;\">Sie haben Fragen?<\/h3>\n<p>Wir helfen Ihnen gerne weiter:<\/p>\n<p><a class=\"btn btn-lightgray\" href=\"..\/..\/kontakt\/\"><i class=\"fas fa-comment\"><\/i> Kontakt<\/a><\/p><\/div><\/div><\/div><\/div><\/div><\/div><div id=\"pg-151-1\"  class=\"panel-grid panel-has-style\" ><div class=\"full-width panel-row-style panel-row-style-for-151-1\" ><div id=\"pgc-151-1-0\"  class=\"panel-grid-cell\" ><div id=\"panel-151-1-0-0\" class=\"so-panel widget widget_black-studio-tinymce widget_black_studio_tinymce panel-first-child panel-last-child\" data-index=\"3\" ><div class=\"textwidget\"><div id=\"map\"><\/div>\n<script type=\"text\/javascript\">\nvar map = new maplibregl.Map({\r\n  container: 'map',\r\n  style: 'https:\/\/api.maptiler.com\/maps\/ab4c5dbe-da20-4004-9ff0-e4c1d145b182\/style.json?key=Y4CkKkGMyEQkCkxyuft5',\r\n  center: [10.292780, 47.400750],\r\n  zoom: 8,\r\n  pitch: 50\r\n});\r\nmap.addControl(new maplibregl.NavigationControl());\r\nmap.scrollZoom.disable();\r\n\r\nnew maplibregl.Marker({\r\n    color: '#acaa00',\r\n    closeButton: false\r\n  })\r\n  .setLngLat([10.292780, 47.400750])\r\n  .setPopup(new maplibregl.Popup({\r\n      offset: 25, focusAfterOpen: false, focusAfterOpen: false, focusAfterOpen: false\r\n    }) \/\/ add popups\r\n    .setHTML(\"<strong>Christliches G\u00e4stehaus Bergfrieden<\/strong><br>Oytalstra\u00dfe 4 | 87561 Oberstdorf<br>Tel. 08322 9598-0<br><a class='pointer' href='https:\/\/goo.gl\/maps\/vY2abNKg1Q25o1kC9' target='_blank'><i class='far fa-arrow-circle-right''><\/i> Google Maps<\/a>\"))\r\n  .addTo(map)\r\n  .togglePopup();\n<\/script><\/div><\/div><\/div><\/div><\/div><\/div>","protected":false},"excerpt":{"rendered":"<p>Wir freuen uns auf Sie! Anreise &#038; Wegbeschreibung Die Zimmer k\u00f6nnen am Anreisetag ab 15:00 Uhr bezogen werden. Am Abreisetag sind die Zimmer bis nach dem Fr\u00fchst\u00fcck zu r\u00e4umen. Anreise mit dem Auto &#8211; aus Richtung Norden: A 7 bis [&hellip;]<\/p>\n","protected":false},"author":2,"featured_media":229,"parent":37,"menu_order":0,"comment_status":"closed","ping_status":"closed","template":"","meta":{"footnotes":""},"class_list":["post-151","page","type-page","status-publish","has-post-thumbnail","hentry"],"yoast_head":"<!-- This site is optimized with the Yoast SEO plugin v26.8 - https:\/\/yoast.com\/product\/yoast-seo-wordpress\/ -->\n<title>Anreise | Christliches G\u00e4stehaus Bergfrieden<\/title>\n<meta name=\"robots\" content=\"index, follow, max-snippet:-1, max-image-preview:large, max-video-preview:-1\" \/>\n<link rel=\"canonical\" href=\"https:\/\/www.christusbund.de\/oberstdorf\/gaestehaus\/anreise\/\" \/>\n<meta property=\"og:locale\" content=\"de_DE\" \/>\n<meta property=\"og:type\" content=\"article\" \/>\n<meta property=\"og:title\" content=\"Anreise | Christliches G\u00e4stehaus Bergfrieden\" \/>\n<meta property=\"og:description\" content=\"Wir freuen uns auf Sie! Anreise &amp; Wegbeschreibung Die Zimmer k\u00f6nnen am Anreisetag ab 15:00 Uhr bezogen werden. Am Abreisetag sind die Zimmer bis nach dem Fr\u00fchst\u00fcck zu r\u00e4umen. Anreise mit dem Auto - aus Richtung Norden: A 7 bis [&hellip;]\" \/>\n<meta property=\"og:url\" content=\"https:\/\/www.christusbund.de\/oberstdorf\/gaestehaus\/anreise\/\" \/>\n<meta property=\"og:site_name\" content=\"Christliches G\u00e4stehaus Bergfrieden\" \/>\n<meta property=\"article:modified_time\" content=\"2023-09-13T06:43:53+00:00\" \/>\n<meta property=\"og:image\" content=\"https:\/\/www.christusbund.de\/oberstdorf\/wp-content\/uploads\/sites\/5\/bg_14.jpg\" \/>\n\t<meta property=\"og:image:width\" content=\"1503\" \/>\n\t<meta property=\"og:image:height\" content=\"1000\" \/>\n\t<meta property=\"og:image:type\" content=\"image\/jpeg\" \/>\n<meta name=\"twitter:card\" content=\"summary_large_image\" \/>\n<meta name=\"twitter:label1\" content=\"Gesch\u00e4tzte Lesezeit\" \/>\n\t<meta name=\"twitter:data1\" content=\"2\u00a0Minuten\" \/>\n<script type=\"application\/ld+json\" class=\"yoast-schema-graph\">{\"@context\":\"https:\/\/schema.org\",\"@graph\":[{\"@type\":\"WebPage\",\"@id\":\"https:\/\/www.christusbund.de\/oberstdorf\/gaestehaus\/anreise\/\",\"url\":\"https:\/\/www.christusbund.de\/oberstdorf\/gaestehaus\/anreise\/\",\"name\":\"Anreise | Christliches G\u00e4stehaus Bergfrieden\",\"isPartOf\":{\"@id\":\"https:\/\/www.christusbund.de\/oberstdorf\/#website\"},\"primaryImageOfPage\":{\"@id\":\"https:\/\/www.christusbund.de\/oberstdorf\/gaestehaus\/anreise\/#primaryimage\"},\"image\":{\"@id\":\"https:\/\/www.christusbund.de\/oberstdorf\/gaestehaus\/anreise\/#primaryimage\"},\"thumbnailUrl\":\"https:\/\/www.christusbund.de\/oberstdorf\/wp-content\/uploads\/sites\/5\/bg_14.jpg\",\"datePublished\":\"2015-12-06T19:27:57+00:00\",\"dateModified\":\"2023-09-13T06:43:53+00:00\",\"breadcrumb\":{\"@id\":\"https:\/\/www.christusbund.de\/oberstdorf\/gaestehaus\/anreise\/#breadcrumb\"},\"inLanguage\":\"de\",\"potentialAction\":[{\"@type\":\"ReadAction\",\"target\":[\"https:\/\/www.christusbund.de\/oberstdorf\/gaestehaus\/anreise\/\"]}]},{\"@type\":\"ImageObject\",\"inLanguage\":\"de\",\"@id\":\"https:\/\/www.christusbund.de\/oberstdorf\/gaestehaus\/anreise\/#primaryimage\",\"url\":\"https:\/\/www.christusbund.de\/oberstdorf\/wp-content\/uploads\/sites\/5\/bg_14.jpg\",\"contentUrl\":\"https:\/\/www.christusbund.de\/oberstdorf\/wp-content\/uploads\/sites\/5\/bg_14.jpg\",\"width\":1503,\"height\":1000},{\"@type\":\"BreadcrumbList\",\"@id\":\"https:\/\/www.christusbund.de\/oberstdorf\/gaestehaus\/anreise\/#breadcrumb\",\"itemListElement\":[{\"@type\":\"ListItem\",\"position\":1,\"name\":\"Startseite\",\"item\":\"https:\/\/www.christusbund.de\/oberstdorf\/\"},{\"@type\":\"ListItem\",\"position\":2,\"name\":\"Hausinfos\",\"item\":\"https:\/\/www.christusbund.de\/oberstdorf\/gaestehaus\/\"},{\"@type\":\"ListItem\",\"position\":3,\"name\":\"Anreise\"}]},{\"@type\":\"WebSite\",\"@id\":\"https:\/\/www.christusbund.de\/oberstdorf\/#website\",\"url\":\"https:\/\/www.christusbund.de\/oberstdorf\/\",\"name\":\"Christliches G\u00e4stehaus Bergfrieden\",\"description\":\"Christusbund\",\"potentialAction\":[{\"@type\":\"SearchAction\",\"target\":{\"@type\":\"EntryPoint\",\"urlTemplate\":\"https:\/\/www.christusbund.de\/oberstdorf\/?s={search_term_string}\"},\"query-input\":{\"@type\":\"PropertyValueSpecification\",\"valueRequired\":true,\"valueName\":\"search_term_string\"}}],\"inLanguage\":\"de\"}]}<\/script>\n<!-- \/ Yoast SEO plugin. -->","yoast_head_json":{"title":"Anreise | Christliches G\u00e4stehaus Bergfrieden","robots":{"index":"index","follow":"follow","max-snippet":"max-snippet:-1","max-image-preview":"max-image-preview:large","max-video-preview":"max-video-preview:-1"},"canonical":"https:\/\/www.christusbund.de\/oberstdorf\/gaestehaus\/anreise\/","og_locale":"de_DE","og_type":"article","og_title":"Anreise | Christliches G\u00e4stehaus Bergfrieden","og_description":"Wir freuen uns auf Sie! Anreise & Wegbeschreibung Die Zimmer k\u00f6nnen am Anreisetag ab 15:00 Uhr bezogen werden. Am Abreisetag sind die Zimmer bis nach dem Fr\u00fchst\u00fcck zu r\u00e4umen. Anreise mit dem Auto - aus Richtung Norden: A 7 bis [&hellip;]","og_url":"https:\/\/www.christusbund.de\/oberstdorf\/gaestehaus\/anreise\/","og_site_name":"Christliches G\u00e4stehaus Bergfrieden","article_modified_time":"2023-09-13T06:43:53+00:00","og_image":[{"width":1503,"height":1000,"url":"https:\/\/www.christusbund.de\/oberstdorf\/wp-content\/uploads\/sites\/5\/bg_14.jpg","type":"image\/jpeg"}],"twitter_card":"summary_large_image","twitter_misc":{"Gesch\u00e4tzte Lesezeit":"2\u00a0Minuten"},"schema":{"@context":"https:\/\/schema.org","@graph":[{"@type":"WebPage","@id":"https:\/\/www.christusbund.de\/oberstdorf\/gaestehaus\/anreise\/","url":"https:\/\/www.christusbund.de\/oberstdorf\/gaestehaus\/anreise\/","name":"Anreise | Christliches G\u00e4stehaus Bergfrieden","isPartOf":{"@id":"https:\/\/www.christusbund.de\/oberstdorf\/#website"},"primaryImageOfPage":{"@id":"https:\/\/www.christusbund.de\/oberstdorf\/gaestehaus\/anreise\/#primaryimage"},"image":{"@id":"https:\/\/www.christusbund.de\/oberstdorf\/gaestehaus\/anreise\/#primaryimage"},"thumbnailUrl":"https:\/\/www.christusbund.de\/oberstdorf\/wp-content\/uploads\/sites\/5\/bg_14.jpg","datePublished":"2015-12-06T19:27:57+00:00","dateModified":"2023-09-13T06:43:53+00:00","breadcrumb":{"@id":"https:\/\/www.christusbund.de\/oberstdorf\/gaestehaus\/anreise\/#breadcrumb"},"inLanguage":"de","potentialAction":[{"@type":"ReadAction","target":["https:\/\/www.christusbund.de\/oberstdorf\/gaestehaus\/anreise\/"]}]},{"@type":"ImageObject","inLanguage":"de","@id":"https:\/\/www.christusbund.de\/oberstdorf\/gaestehaus\/anreise\/#primaryimage","url":"https:\/\/www.christusbund.de\/oberstdorf\/wp-content\/uploads\/sites\/5\/bg_14.jpg","contentUrl":"https:\/\/www.christusbund.de\/oberstdorf\/wp-content\/uploads\/sites\/5\/bg_14.jpg","width":1503,"height":1000},{"@type":"BreadcrumbList","@id":"https:\/\/www.christusbund.de\/oberstdorf\/gaestehaus\/anreise\/#breadcrumb","itemListElement":[{"@type":"ListItem","position":1,"name":"Startseite","item":"https:\/\/www.christusbund.de\/oberstdorf\/"},{"@type":"ListItem","position":2,"name":"Hausinfos","item":"https:\/\/www.christusbund.de\/oberstdorf\/gaestehaus\/"},{"@type":"ListItem","position":3,"name":"Anreise"}]},{"@type":"WebSite","@id":"https:\/\/www.christusbund.de\/oberstdorf\/#website","url":"https:\/\/www.christusbund.de\/oberstdorf\/","name":"Christliches G\u00e4stehaus Bergfrieden","description":"Christusbund","potentialAction":[{"@type":"SearchAction","target":{"@type":"EntryPoint","urlTemplate":"https:\/\/www.christusbund.de\/oberstdorf\/?s={search_term_string}"},"query-input":{"@type":"PropertyValueSpecification","valueRequired":true,"valueName":"search_term_string"}}],"inLanguage":"de"}]}},"publishpress_future_action":{"enabled":false,"date":"2026-04-12 18:38:07","action":"change-status","newStatus":"draft","terms":[],"taxonomy":"","extraData":[]},"publishpress_future_workflow_manual_trigger":{"enabledWorkflows":[]},"_links":{"self":[{"href":"https:\/\/www.christusbund.de\/oberstdorf\/wp-json\/wp\/v2\/pages\/151","targetHints":{"allow":["GET"]}}],"collection":[{"href":"https:\/\/www.christusbund.de\/oberstdorf\/wp-json\/wp\/v2\/pages"}],"about":[{"href":"https:\/\/www.christusbund.de\/oberstdorf\/wp-json\/wp\/v2\/types\/page"}],"author":[{"embeddable":true,"href":"https:\/\/www.christusbund.de\/oberstdorf\/wp-json\/wp\/v2\/users\/2"}],"replies":[{"embeddable":true,"href":"https:\/\/www.christusbund.de\/oberstdorf\/wp-json\/wp\/v2\/comments?post=151"}],"version-history":[{"count":8,"href":"https:\/\/www.christusbund.de\/oberstdorf\/wp-json\/wp\/v2\/pages\/151\/revisions"}],"predecessor-version":[{"id":5013,"href":"https:\/\/www.christusbund.de\/oberstdorf\/wp-json\/wp\/v2\/pages\/151\/revisions\/5013"}],"up":[{"embeddable":true,"href":"https:\/\/www.christusbund.de\/oberstdorf\/wp-json\/wp\/v2\/pages\/37"}],"wp:featuredmedia":[{"embeddable":true,"href":"https:\/\/www.christusbund.de\/oberstdorf\/wp-json\/wp\/v2\/media\/229"}],"wp:attachment":[{"href":"https:\/\/www.christusbund.de\/oberstdorf\/wp-json\/wp\/v2\/media?parent=151"}],"curies":[{"name":"wp","href":"https:\/\/api.w.org\/{rel}","templated":true}]}}