{"id":30,"date":"2016-10-21T09:34:38","date_gmt":"2016-10-21T07:34:38","guid":{"rendered":"http:\/\/sandbox.christusbund.de\/wp\/kroatien\/?page_id=30"},"modified":"2025-06-10T11:03:08","modified_gmt":"2025-06-10T09:03:08","slug":"gruppen","status":"publish","type":"page","link":"https:\/\/www.christusbund.de\/kroatien\/gruppen\/","title":{"rendered":"Gruppen"},"content":{"rendered":"<div id=\"pl-30\"  class=\"panel-layout\" ><div id=\"pg-30-0\"  class=\"panel-grid panel-has-style\" ><div class=\"cb_container-with-sidebar container panel-row-style panel-row-style-for-30-0\" ><div id=\"pgc-30-0-0\"  class=\"panel-grid-cell\" ><div id=\"panel-30-0-0-0\" class=\"so-panel widget widget_black-studio-tinymce widget_black_studio_tinymce panel-first-child panel-last-child\" data-index=\"0\" ><div class=\"textwidget\"><h2>Vermietung an christliche Gruppen<\/h2>\n<p>Au\u00dferhalb der Sommerferien von Baden-W\u00fcrttemberg laden wir christliche Gruppen, Gemeinden und kirchliche Vereine ein, unser Freizeitheim f\u00fcr Tagungen, Seminare und Freizeiten zu mieten. Neben dem klimatisierten Vortragssaal mit ca. 120 Pl\u00e4tzen, dem Speisesaal f\u00fcr bis zu 140 Personen, stehen noch drei weitere Gruppenr\u00e4ume zur Verf\u00fcgung. F\u00fcr das leibliche Wohl sorgen unsere kroatischen Mitarbeiter vor Ort (Vollpension). Bei Interesse erhalten Sie weitere Details und Preise auf Anfrage.<\/p>\n<p>Bitte teilen Sie uns dazu Ihren Wunschtermin und die voraussichtliche Gruppengr\u00f6\u00dfe mit. Wir werden Ihre Anfrage pr\u00fcfen und uns zeitnah wieder bei Ihnen melden.<\/p>\n<p><a class=\"btn btn-primary\" href=\".\/buchung\"><i class=\"fas fa-arrow-right\"><\/i> Gruppenanfrage<\/a><\/p>\n<\/div><\/div><\/div><div id=\"pgc-30-0-1\"  class=\"panel-grid-cell\" ><div id=\"panel-30-0-1-0\" class=\"so-panel widget widget_black-studio-tinymce widget_black_studio_tinymce panel-first-child panel-last-child\" data-index=\"1\" ><div class=\"cb_sidebar panel-widget-style panel-widget-style-for-30-0-1-0\" ><div class=\"textwidget\"><h3 style=\"margin-bottom: 10px;margin-top: 0\">Das lohnt sich!<\/h3>\n<p>Tipps zur Freizeitgestaltung und sehenswerte Ausflugsziele in Crikvenica und Umgebung:<\/p>\n<a class=\"btn btn-primary\" href=\".\/tipps\/\"><i class=\"fas fa-binoculars\"><\/i> Tipps & Ausflugsziele<\/a><\/div><\/div><\/div><\/div><\/div><\/div><\/div>","protected":false},"excerpt":{"rendered":"<p>Vermietung an christliche Gruppen Au\u00dferhalb der Sommerferien von Baden-W\u00fcrttemberg laden wir christliche Gruppen, Gemeinden und kirchliche Vereine ein, unser Freizeitheim f\u00fcr Tagungen, Seminare und Freizeiten zu mieten. Neben dem klimatisierten Vortragssaal mit ca. 120 Pl\u00e4tzen, dem Speisesaal f\u00fcr bis zu [&hellip;]<\/p>\n","protected":false},"author":2,"featured_media":332,"parent":0,"menu_order":0,"comment_status":"closed","ping_status":"closed","template":"","meta":{"footnotes":""},"class_list":["post-30","page","type-page","status-publish","has-post-thumbnail","hentry"],"yoast_head":"<!-- This site is optimized with the Yoast SEO plugin v27.6 - https:\/\/yoast.com\/product\/yoast-seo-wordpress\/ -->\n<title>Gruppen | Freizeitheim Kroatien<\/title>\n<meta name=\"robots\" content=\"index, follow, max-snippet:-1, max-image-preview:large, max-video-preview:-1\" \/>\n<link rel=\"canonical\" href=\"https:\/\/www.christusbund.de\/kroatien\/gruppen\/\" \/>\n<meta property=\"og:locale\" content=\"de_DE\" \/>\n<meta property=\"og:type\" content=\"article\" \/>\n<meta property=\"og:title\" content=\"Gruppen | Freizeitheim Kroatien\" \/>\n<meta property=\"og:description\" content=\"Vermietung an christliche Gruppen Au\u00dferhalb der Sommerferien von Baden-W\u00fcrttemberg laden wir christliche Gruppen, Gemeinden und kirchliche Vereine ein, unser Freizeitheim f\u00fcr Tagungen, Seminare und Freizeiten zu mieten. Neben dem klimatisierten Vortragssaal mit ca. 120 Pl\u00e4tzen, dem Speisesaal f\u00fcr bis zu [&hellip;]\" \/>\n<meta property=\"og:url\" content=\"https:\/\/www.christusbund.de\/kroatien\/gruppen\/\" \/>\n<meta property=\"og:site_name\" content=\"Freizeitheim Kroatien\" \/>\n<meta property=\"article:modified_time\" content=\"2025-06-10T09:03:08+00:00\" \/>\n<meta property=\"og:image\" content=\"https:\/\/www.christusbund.de\/kroatien\/wp-content\/uploads\/sites\/6\/bg_gruppe.jpg\" \/>\n\t<meta property=\"og:image:width\" content=\"1200\" \/>\n\t<meta property=\"og:image:height\" content=\"798\" \/>\n\t<meta property=\"og:image:type\" content=\"image\/jpeg\" \/>\n<meta name=\"twitter:card\" content=\"summary_large_image\" \/>\n<meta name=\"twitter:label1\" content=\"Gesch\u00e4tzte Lesezeit\" \/>\n\t<meta name=\"twitter:data1\" content=\"1\u00a0Minute\" \/>\n<script type=\"application\/ld+json\" class=\"yoast-schema-graph\">{\"@context\":\"https:\\\/\\\/schema.org\",\"@graph\":[{\"@type\":\"WebPage\",\"@id\":\"https:\\\/\\\/www.christusbund.de\\\/kroatien\\\/gruppen\\\/\",\"url\":\"https:\\\/\\\/www.christusbund.de\\\/kroatien\\\/gruppen\\\/\",\"name\":\"Gruppen | Freizeitheim Kroatien\",\"isPartOf\":{\"@id\":\"https:\\\/\\\/www.christusbund.de\\\/kroatien\\\/#website\"},\"primaryImageOfPage\":{\"@id\":\"https:\\\/\\\/www.christusbund.de\\\/kroatien\\\/gruppen\\\/#primaryimage\"},\"image\":{\"@id\":\"https:\\\/\\\/www.christusbund.de\\\/kroatien\\\/gruppen\\\/#primaryimage\"},\"thumbnailUrl\":\"https:\\\/\\\/www.christusbund.de\\\/kroatien\\\/wp-content\\\/uploads\\\/sites\\\/6\\\/bg_gruppe.jpg\",\"datePublished\":\"2016-10-21T07:34:38+00:00\",\"dateModified\":\"2025-06-10T09:03:08+00:00\",\"breadcrumb\":{\"@id\":\"https:\\\/\\\/www.christusbund.de\\\/kroatien\\\/gruppen\\\/#breadcrumb\"},\"inLanguage\":\"de\",\"potentialAction\":[{\"@type\":\"ReadAction\",\"target\":[\"https:\\\/\\\/www.christusbund.de\\\/kroatien\\\/gruppen\\\/\"]}]},{\"@type\":\"ImageObject\",\"inLanguage\":\"de\",\"@id\":\"https:\\\/\\\/www.christusbund.de\\\/kroatien\\\/gruppen\\\/#primaryimage\",\"url\":\"https:\\\/\\\/www.christusbund.de\\\/kroatien\\\/wp-content\\\/uploads\\\/sites\\\/6\\\/bg_gruppe.jpg\",\"contentUrl\":\"https:\\\/\\\/www.christusbund.de\\\/kroatien\\\/wp-content\\\/uploads\\\/sites\\\/6\\\/bg_gruppe.jpg\",\"width\":1200,\"height\":798},{\"@type\":\"BreadcrumbList\",\"@id\":\"https:\\\/\\\/www.christusbund.de\\\/kroatien\\\/gruppen\\\/#breadcrumb\",\"itemListElement\":[{\"@type\":\"ListItem\",\"position\":1,\"name\":\"Startseite\",\"item\":\"https:\\\/\\\/www.christusbund.de\\\/kroatien\\\/\"},{\"@type\":\"ListItem\",\"position\":2,\"name\":\"Gruppen\"}]},{\"@type\":\"WebSite\",\"@id\":\"https:\\\/\\\/www.christusbund.de\\\/kroatien\\\/#website\",\"url\":\"https:\\\/\\\/www.christusbund.de\\\/kroatien\\\/\",\"name\":\"Freizeitheim Kroatien\",\"description\":\"Christusbund\",\"potentialAction\":[{\"@type\":\"SearchAction\",\"target\":{\"@type\":\"EntryPoint\",\"urlTemplate\":\"https:\\\/\\\/www.christusbund.de\\\/kroatien\\\/?s={search_term_string}\"},\"query-input\":{\"@type\":\"PropertyValueSpecification\",\"valueRequired\":true,\"valueName\":\"search_term_string\"}}],\"inLanguage\":\"de\"}]}<\/script>\n<!-- \/ Yoast SEO plugin. -->","yoast_head_json":{"title":"Gruppen | Freizeitheim Kroatien","robots":{"index":"index","follow":"follow","max-snippet":"max-snippet:-1","max-image-preview":"max-image-preview:large","max-video-preview":"max-video-preview:-1"},"canonical":"https:\/\/www.christusbund.de\/kroatien\/gruppen\/","og_locale":"de_DE","og_type":"article","og_title":"Gruppen | Freizeitheim Kroatien","og_description":"Vermietung an christliche Gruppen Au\u00dferhalb der Sommerferien von Baden-W\u00fcrttemberg laden wir christliche Gruppen, Gemeinden und kirchliche Vereine ein, unser Freizeitheim f\u00fcr Tagungen, Seminare und Freizeiten zu mieten. Neben dem klimatisierten Vortragssaal mit ca. 120 Pl\u00e4tzen, dem Speisesaal f\u00fcr bis zu [&hellip;]","og_url":"https:\/\/www.christusbund.de\/kroatien\/gruppen\/","og_site_name":"Freizeitheim Kroatien","article_modified_time":"2025-06-10T09:03:08+00:00","og_image":[{"width":1200,"height":798,"url":"https:\/\/www.christusbund.de\/kroatien\/wp-content\/uploads\/sites\/6\/bg_gruppe.jpg","type":"image\/jpeg"}],"twitter_card":"summary_large_image","twitter_misc":{"Gesch\u00e4tzte Lesezeit":"1\u00a0Minute"},"schema":{"@context":"https:\/\/schema.org","@graph":[{"@type":"WebPage","@id":"https:\/\/www.christusbund.de\/kroatien\/gruppen\/","url":"https:\/\/www.christusbund.de\/kroatien\/gruppen\/","name":"Gruppen | Freizeitheim Kroatien","isPartOf":{"@id":"https:\/\/www.christusbund.de\/kroatien\/#website"},"primaryImageOfPage":{"@id":"https:\/\/www.christusbund.de\/kroatien\/gruppen\/#primaryimage"},"image":{"@id":"https:\/\/www.christusbund.de\/kroatien\/gruppen\/#primaryimage"},"thumbnailUrl":"https:\/\/www.christusbund.de\/kroatien\/wp-content\/uploads\/sites\/6\/bg_gruppe.jpg","datePublished":"2016-10-21T07:34:38+00:00","dateModified":"2025-06-10T09:03:08+00:00","breadcrumb":{"@id":"https:\/\/www.christusbund.de\/kroatien\/gruppen\/#breadcrumb"},"inLanguage":"de","potentialAction":[{"@type":"ReadAction","target":["https:\/\/www.christusbund.de\/kroatien\/gruppen\/"]}]},{"@type":"ImageObject","inLanguage":"de","@id":"https:\/\/www.christusbund.de\/kroatien\/gruppen\/#primaryimage","url":"https:\/\/www.christusbund.de\/kroatien\/wp-content\/uploads\/sites\/6\/bg_gruppe.jpg","contentUrl":"https:\/\/www.christusbund.de\/kroatien\/wp-content\/uploads\/sites\/6\/bg_gruppe.jpg","width":1200,"height":798},{"@type":"BreadcrumbList","@id":"https:\/\/www.christusbund.de\/kroatien\/gruppen\/#breadcrumb","itemListElement":[{"@type":"ListItem","position":1,"name":"Startseite","item":"https:\/\/www.christusbund.de\/kroatien\/"},{"@type":"ListItem","position":2,"name":"Gruppen"}]},{"@type":"WebSite","@id":"https:\/\/www.christusbund.de\/kroatien\/#website","url":"https:\/\/www.christusbund.de\/kroatien\/","name":"Freizeitheim Kroatien","description":"Christusbund","potentialAction":[{"@type":"SearchAction","target":{"@type":"EntryPoint","urlTemplate":"https:\/\/www.christusbund.de\/kroatien\/?s={search_term_string}"},"query-input":{"@type":"PropertyValueSpecification","valueRequired":true,"valueName":"search_term_string"}}],"inLanguage":"de"}]}},"publishpress_future_action":{"enabled":false,"date":"2026-05-23 08:34:08","action":"change-status","newStatus":"draft","terms":[],"taxonomy":"","extraData":[]},"publishpress_future_workflow_manual_trigger":{"enabledWorkflows":[]},"_links":{"self":[{"href":"https:\/\/www.christusbund.de\/kroatien\/wp-json\/wp\/v2\/pages\/30","targetHints":{"allow":["GET"]}}],"collection":[{"href":"https:\/\/www.christusbund.de\/kroatien\/wp-json\/wp\/v2\/pages"}],"about":[{"href":"https:\/\/www.christusbund.de\/kroatien\/wp-json\/wp\/v2\/types\/page"}],"author":[{"embeddable":true,"href":"https:\/\/www.christusbund.de\/kroatien\/wp-json\/wp\/v2\/users\/2"}],"replies":[{"embeddable":true,"href":"https:\/\/www.christusbund.de\/kroatien\/wp-json\/wp\/v2\/comments?post=30"}],"version-history":[{"count":6,"href":"https:\/\/www.christusbund.de\/kroatien\/wp-json\/wp\/v2\/pages\/30\/revisions"}],"predecessor-version":[{"id":601,"href":"https:\/\/www.christusbund.de\/kroatien\/wp-json\/wp\/v2\/pages\/30\/revisions\/601"}],"wp:featuredmedia":[{"embeddable":true,"href":"https:\/\/www.christusbund.de\/kroatien\/wp-json\/wp\/v2\/media\/332"}],"wp:attachment":[{"href":"https:\/\/www.christusbund.de\/kroatien\/wp-json\/wp\/v2\/media?parent=30"}],"curies":[{"name":"wp","href":"https:\/\/api.w.org\/{rel}","templated":true}]}}