{"id":24,"date":"2016-10-21T09:25:03","date_gmt":"2016-10-21T07:25:03","guid":{"rendered":"http:\/\/sandbox.christusbund.de\/wp\/kroatien\/?page_id=24"},"modified":"2025-06-10T11:02:11","modified_gmt":"2025-06-10T09:02:11","slug":"kontakt","status":"publish","type":"page","link":"https:\/\/www.christusbund.de\/kroatien\/kontakt\/","title":{"rendered":"Kontakt"},"content":{"rendered":"<div id=\"pl-24\"  class=\"panel-layout\" ><div id=\"pg-24-0\"  class=\"panel-grid panel-has-style\" ><div class=\"cb_container-with-sidebar container panel-row-style panel-row-style-for-24-0\" ><div id=\"pgc-24-0-0\"  class=\"panel-grid-cell\" ><div id=\"panel-24-0-0-0\" class=\"so-panel widget widget_black-studio-tinymce widget_black_studio_tinymce panel-first-child\" data-index=\"0\" ><div class=\"textwidget\"><h2>Wir helfen Ihnen gerne weiter!<\/h2>\n<p>Unsere Mitarbeiter in der Gesch\u00e4ftsstelle Freizeitheime in Friolzheim stehen Ihnen f\u00fcr deutsch- und englischsprachige Fragen und Anregungen gerne zur Verf\u00fcgung. Sie erreichen uns entweder direkt per Telefon unter +49 7044 41155 oder verwenden Sie folgendes Formular, um per E-Mail Kontakt mit uns aufzunehmen.<\/p>\n\n<p><strong>Hinweis:<\/strong> Bitte beachten Sie, dass wir unser Freizeitheim nur an christliche Gruppen vermieten. Einzelne \u00dcbernachtungen oder ein individueller Aufenthalt sind nicht m\u00f6glich (kein Hotelbetrieb)!<\/p>\n<\/div><\/div><div id=\"panel-24-0-0-1\" class=\"so-panel widget widget_black-studio-tinymce widget_black_studio_tinymce panel-last-child\" data-index=\"1\" ><div class=\"textwidget\">\n<div class=\"wpcf7 no-js\" id=\"wpcf7-f62-o1\" lang=\"de-DE\" dir=\"ltr\" data-wpcf7-id=\"62\">\n<div class=\"screen-reader-response\"><p role=\"status\" aria-live=\"polite\" aria-atomic=\"true\"><\/p> <ul><\/ul><\/div>\n<form action=\"\/kroatien\/wp-json\/wp\/v2\/pages\/24#wpcf7-f62-o1\" method=\"post\" class=\"wpcf7-form init\" aria-label=\"Kontaktformular\" novalidate=\"novalidate\" data-status=\"init\">\n<fieldset class=\"hidden-fields-container\"><input type=\"hidden\" name=\"_wpcf7\" value=\"62\" \/><input type=\"hidden\" name=\"_wpcf7_version\" value=\"6.1.5\" \/><input type=\"hidden\" name=\"_wpcf7_locale\" value=\"de_DE\" \/><input type=\"hidden\" name=\"_wpcf7_unit_tag\" value=\"wpcf7-f62-o1\" \/><input type=\"hidden\" name=\"_wpcf7_container_post\" value=\"0\" \/><input type=\"hidden\" name=\"_wpcf7_posted_data_hash\" value=\"\" \/>\n<\/fieldset>\n<div class=\"form-group\">\n\t<p><label>Anfrage aus: <span class=\"required color-primary\">*<\/span><\/label><br \/>\n<span class=\"wpcf7-form-control-wrap\" data-name=\"your-recipient\"><select class=\"wpcf7-form-control wpcf7-select wpcf7-validates-as-required form-control selectpicker\" aria-required=\"true\" aria-invalid=\"false\" name=\"your-recipient\"><option value=\"Deutschland &amp; Andere (DE\/EN)\">Deutschland &amp; Andere (DE\/EN)<\/option><option value=\"Kroatien &amp; Osteuropa (HR\/EN)\">Kroatien &amp; Osteuropa (HR\/EN)<\/option><\/select><\/span>\n\t<\/p>\n<\/div>\n<div class=\"form-group\">\n\t<p><label for=\"your-name\">Vor- und Nachname <span class=\"required color-primary\">*<\/span><\/label><br \/>\n<span class=\"wpcf7-form-control-wrap\" data-name=\"your-name\"><input size=\"40\" maxlength=\"400\" class=\"wpcf7-form-control wpcf7-text wpcf7-validates-as-required form-control\" id=\"your-name\" aria-required=\"true\" aria-invalid=\"false\" placeholder=\"Vor- und Nachname\" value=\"\" type=\"text\" name=\"your-name\" \/><\/span>\n\t<\/p>\n<\/div>\n<div class=\"form-group\">\n\t<p><label for=\"your-email \">E-Mail-Adresse <span class=\"required color-primary\">*<\/span><\/label><br \/>\n<span class=\"wpcf7-form-control-wrap\" data-name=\"your-email\"><input size=\"40\" maxlength=\"400\" class=\"wpcf7-form-control wpcf7-email wpcf7-validates-as-required wpcf7-text wpcf7-validates-as-email form-control\" id=\"your-email\" aria-required=\"true\" aria-invalid=\"false\" placeholder=\"E-Mail-Adresse\" value=\"\" type=\"email\" name=\"your-email\" \/><\/span>\n\t<\/p>\n<\/div>\n<div class=\"form-group\">\n\t<p><label for=\"your-phone\">Telefonnummer<\/label><br \/>\n<span class=\"wpcf7-form-control-wrap\" data-name=\"your-phone\"><input size=\"40\" maxlength=\"400\" class=\"wpcf7-form-control wpcf7-tel wpcf7-text wpcf7-validates-as-tel form-control\" id=\"your-phone\" aria-invalid=\"false\" placeholder=\"Telefonnummer (f\u00fcr R\u00fcckfragen)\" value=\"\" type=\"tel\" name=\"your-phone\" \/><\/span>\n\t<\/p>\n<\/div>\n<div class=\"form-group\">\n\t<p><label for=\"your-subject\">Betreff <span class=\"required color-primary\">*<\/span><\/label><br \/>\n<span class=\"wpcf7-form-control-wrap\" data-name=\"your-subject\"><input size=\"40\" maxlength=\"400\" class=\"wpcf7-form-control wpcf7-text wpcf7-validates-as-required form-control\" id=\"your-subject\" aria-required=\"true\" aria-invalid=\"false\" placeholder=\"Betreff\" value=\"\" type=\"text\" name=\"your-subject\" \/><\/span>\n\t<\/p>\n<\/div>\n<div class=\"form-group\">\n\t<p><label for=\"your-message\">Nachricht <span class=\"required color-primary\">*<\/span><\/label><br \/>\n<span class=\"wpcf7-form-control-wrap\" data-name=\"your-message\"><textarea cols=\"40\" rows=\"10\" maxlength=\"2000\" class=\"wpcf7-form-control wpcf7-textarea wpcf7-validates-as-required form-control\" id=\"your-message\" aria-required=\"true\" aria-invalid=\"false\" placeholder=\"Ihre Nachricht an uns\" name=\"your-message\"><\/textarea><\/span>\n\t<\/p>\n<\/div>\n<div class=\"form-group\">\n\t<p>Detaillierte Informationen zu unserem Umgang mit Ihren personenbezogenen Daten sowie zu Ihrem Widerrufsrecht finden Sie in unserer <a href='https:\/\/www.christusbund.de\/datenschutz' target=\"_blank\">Datenschutzerkl\u00e4rung<\/a>.\n\t<\/p>\n\t<p><span class=\"wpcf7-form-control-wrap\" data-name=\"your-acceptance-privacy\"><span class=\"wpcf7-form-control wpcf7-checkbox wpcf7-validates-as-required\"><span class=\"wpcf7-list-item first last\"><input type=\"checkbox\" name=\"your-acceptance-privacy[]\" value=\"* Ich stimme zu, dass meine Angaben zur Bearbeitung meiner Anfrage erfasst und verarbeitet werden.\" \/><span class=\"wpcf7-list-item-label\">* Ich stimme zu, dass meine Angaben zur Bearbeitung meiner Anfrage erfasst und verarbeitet werden.<\/span><\/span><\/span><\/span>\n\t<\/p>\n<\/div>\n<p><input class=\"wpcf7-form-control wpcf7-submit has-spinner btn btn-primary btn-no-focus\" type=\"submit\" value=\"Nachricht senden\" \/>\n<\/p><div class=\"wpcf7-response-output\" aria-hidden=\"true\"><\/div>\n<\/form>\n<\/div>\n<\/div><\/div><\/div><div id=\"pgc-24-0-1\"  class=\"panel-grid-cell\" ><div id=\"panel-24-0-1-0\" class=\"so-panel widget widget_black-studio-tinymce widget_black_studio_tinymce panel-first-child panel-last-child\" data-index=\"2\" ><div class=\"cb_sidebar panel-widget-style panel-widget-style-for-24-0-1-0\" ><div class=\"textwidget\"><h3 style=\"margin-bottom: 15px;margin-top: 0\">Buchungsanfragen<\/h3>\n<p><a class=\"btn btn-primary\" href=\"..\/gruppen\/buchung\/\"><i class=\"far fa-edit\"><\/i> Gruppenanfragen<\/a><\/p>\n<br>\n<p><b>Anfragen aus Deutschland (DE|EN)<\/b><br>\nGesch\u00e4ftsstelle Freizeitheime<br>\nTelefon: +49 7044 41155<br>\nFax: +49 7044 43049<br>\nE-Mail: <a href=\"mailto:info-kroatien@christusbund.de\">info-kroatien@christusbund.de<\/a><\/p>\n<br>\n<p><b>Anfragen aus Kroatien \/ Osteuropa (HR|EN)<\/b><br>\nLife Center Crikvenica<br>\nE-Mail: <a href=\"mailto:hrvatska@christusbund.de\">hrvatska@christusbund.de<\/a><\/p>\n<br>\n<p><b>Postanschrift<\/b><br>\nChristusbund e.V.<br>\nLife Center<br>\nSetaliste Vladimira Nazora 55<br>\nHR-51260 Crikvenica<\/p>\n<p><a class=\"btn btn-lightgray\" href=\".\/anreise\/\"><i class=\"fas fa-map-marker\"><\/i> Anreise & Anfahrt<\/a><\/p>\n<br>\n<\/div><\/div><\/div><\/div><\/div><\/div><div id=\"pg-24-1\"  class=\"panel-grid panel-has-style\" ><div class=\"full-width panel-row-style panel-row-style-for-24-1\" ><div id=\"pgc-24-1-0\"  class=\"panel-grid-cell\" ><div id=\"panel-24-1-0-0\" class=\"so-panel widget widget_black-studio-tinymce widget_black_studio_tinymce panel-first-child panel-last-child\" data-index=\"3\" ><div class=\"textwidget\"><div id=\"map\"><\/div>\n<script type=\"text\/javascript\">\nmaplibregl.accessToken = 'pk.eyJ1IjoiY2JkZXZlbG9wZXIiLCJhIjoiU0FlYUk4ayJ9.yZN1LhjJhopp3Zt6AlAUkQ';\r\nvar map = new maplibregl.Map({\r\n  container: 'map',\r\n  style: 'https:\/\/api.maptiler.com\/maps\/ab4c5dbe-da20-4004-9ff0-e4c1d145b182\/style.json?key=Y4CkKkGMyEQkCkxyuft5',\r\n  center: [14.700111, 45.169570],\r\n  zoom: 9,\r\n  pitch: 50\r\n});\r\nmap.addControl(new maplibregl.NavigationControl());\r\nmap.scrollZoom.disable();\r\n\r\nnew maplibregl.Marker({\r\n    color: '#acaa00',\r\n    closeButton: false\r\n  })\r\n  .setLngLat([14.700111, 45.1695702])\r\n  .setPopup(new maplibregl.Popup({\r\n      offset: 25, focusAfterOpen: false\r\n    }) \/\/ add popups\r\n    .setHTML(\"<strong>Life Center Crikvenica<\/strong><br>\u0160etali\u0161te Vladimira Nazora 55<br>HR-51260 Crikvenica<br><a class='pointer' href='https:\/\/goo.gl\/maps\/oQkdX2ToePD2' target='_blank'><i class='far fa-arrow-circle-right''><\/i> Google Maps<\/a>\"))\r\n  .addTo(map)\r\n  .togglePopup();\n<\/script><\/div><\/div><\/div><\/div><\/div><\/div>","protected":false},"excerpt":{"rendered":"<p>Wir helfen Ihnen gerne weiter! Unsere Mitarbeiter in der Gesch\u00e4ftsstelle Freizeitheime in Friolzheim stehen Ihnen f\u00fcr deutsch- und englischsprachige Fragen und Anregungen gerne zur Verf\u00fcgung. Sie erreichen uns entweder direkt per Telefon unter +49 7044 41155 oder verwenden Sie folgendes [&hellip;]<\/p>\n","protected":false},"author":2,"featured_media":329,"parent":0,"menu_order":0,"comment_status":"closed","ping_status":"closed","template":"","meta":{"footnotes":""},"class_list":["post-24","page","type-page","status-publish","has-post-thumbnail","hentry"],"yoast_head":"<!-- This site is optimized with the Yoast SEO plugin v27.4 - https:\/\/yoast.com\/product\/yoast-seo-wordpress\/ -->\n<title>Kontakt | Freizeitheim Kroatien<\/title>\n<meta name=\"robots\" content=\"index, follow, max-snippet:-1, max-image-preview:large, max-video-preview:-1\" \/>\n<link rel=\"canonical\" href=\"https:\/\/www.christusbund.de\/kroatien\/kontakt\/\" \/>\n<meta property=\"og:locale\" content=\"de_DE\" \/>\n<meta property=\"og:type\" content=\"article\" \/>\n<meta property=\"og:title\" content=\"Kontakt | Freizeitheim Kroatien\" \/>\n<meta property=\"og:description\" content=\"Wir helfen Ihnen gerne weiter! Unsere Mitarbeiter in der Gesch\u00e4ftsstelle Freizeitheime in Friolzheim stehen Ihnen f\u00fcr deutsch- und englischsprachige Fragen und Anregungen gerne zur Verf\u00fcgung. Sie erreichen uns entweder direkt per Telefon unter +49 7044 41155 oder verwenden Sie folgendes [&hellip;]\" \/>\n<meta property=\"og:url\" content=\"https:\/\/www.christusbund.de\/kroatien\/kontakt\/\" \/>\n<meta property=\"og:site_name\" content=\"Freizeitheim Kroatien\" \/>\n<meta property=\"article:modified_time\" content=\"2025-06-10T09:02:11+00:00\" \/>\n<meta property=\"og:image\" content=\"https:\/\/www.christusbund.de\/kroatien\/wp-content\/uploads\/sites\/6\/bg_bank.jpg\" \/>\n\t<meta property=\"og:image:width\" content=\"1200\" \/>\n\t<meta property=\"og:image:height\" content=\"798\" \/>\n\t<meta property=\"og:image:type\" content=\"image\/jpeg\" \/>\n<meta name=\"twitter:card\" content=\"summary_large_image\" \/>\n<meta name=\"twitter:label1\" content=\"Gesch\u00e4tzte Lesezeit\" \/>\n\t<meta name=\"twitter:data1\" content=\"1\u00a0Minute\" \/>\n<script type=\"application\/ld+json\" class=\"yoast-schema-graph\">{\"@context\":\"https:\\\/\\\/schema.org\",\"@graph\":[{\"@type\":\"WebPage\",\"@id\":\"https:\\\/\\\/www.christusbund.de\\\/kroatien\\\/kontakt\\\/\",\"url\":\"https:\\\/\\\/www.christusbund.de\\\/kroatien\\\/kontakt\\\/\",\"name\":\"Kontakt | Freizeitheim Kroatien\",\"isPartOf\":{\"@id\":\"https:\\\/\\\/www.christusbund.de\\\/kroatien\\\/#website\"},\"primaryImageOfPage\":{\"@id\":\"https:\\\/\\\/www.christusbund.de\\\/kroatien\\\/kontakt\\\/#primaryimage\"},\"image\":{\"@id\":\"https:\\\/\\\/www.christusbund.de\\\/kroatien\\\/kontakt\\\/#primaryimage\"},\"thumbnailUrl\":\"https:\\\/\\\/www.christusbund.de\\\/kroatien\\\/wp-content\\\/uploads\\\/sites\\\/6\\\/bg_bank.jpg\",\"datePublished\":\"2016-10-21T07:25:03+00:00\",\"dateModified\":\"2025-06-10T09:02:11+00:00\",\"breadcrumb\":{\"@id\":\"https:\\\/\\\/www.christusbund.de\\\/kroatien\\\/kontakt\\\/#breadcrumb\"},\"inLanguage\":\"de\",\"potentialAction\":[{\"@type\":\"ReadAction\",\"target\":[\"https:\\\/\\\/www.christusbund.de\\\/kroatien\\\/kontakt\\\/\"]}]},{\"@type\":\"ImageObject\",\"inLanguage\":\"de\",\"@id\":\"https:\\\/\\\/www.christusbund.de\\\/kroatien\\\/kontakt\\\/#primaryimage\",\"url\":\"https:\\\/\\\/www.christusbund.de\\\/kroatien\\\/wp-content\\\/uploads\\\/sites\\\/6\\\/bg_bank.jpg\",\"contentUrl\":\"https:\\\/\\\/www.christusbund.de\\\/kroatien\\\/wp-content\\\/uploads\\\/sites\\\/6\\\/bg_bank.jpg\",\"width\":1200,\"height\":798},{\"@type\":\"BreadcrumbList\",\"@id\":\"https:\\\/\\\/www.christusbund.de\\\/kroatien\\\/kontakt\\\/#breadcrumb\",\"itemListElement\":[{\"@type\":\"ListItem\",\"position\":1,\"name\":\"Startseite\",\"item\":\"https:\\\/\\\/www.christusbund.de\\\/kroatien\\\/\"},{\"@type\":\"ListItem\",\"position\":2,\"name\":\"Kontakt\"}]},{\"@type\":\"WebSite\",\"@id\":\"https:\\\/\\\/www.christusbund.de\\\/kroatien\\\/#website\",\"url\":\"https:\\\/\\\/www.christusbund.de\\\/kroatien\\\/\",\"name\":\"Freizeitheim Kroatien\",\"description\":\"Christusbund\",\"potentialAction\":[{\"@type\":\"SearchAction\",\"target\":{\"@type\":\"EntryPoint\",\"urlTemplate\":\"https:\\\/\\\/www.christusbund.de\\\/kroatien\\\/?s={search_term_string}\"},\"query-input\":{\"@type\":\"PropertyValueSpecification\",\"valueRequired\":true,\"valueName\":\"search_term_string\"}}],\"inLanguage\":\"de\"}]}<\/script>\n<!-- \/ Yoast SEO plugin. -->","yoast_head_json":{"title":"Kontakt | Freizeitheim Kroatien","robots":{"index":"index","follow":"follow","max-snippet":"max-snippet:-1","max-image-preview":"max-image-preview:large","max-video-preview":"max-video-preview:-1"},"canonical":"https:\/\/www.christusbund.de\/kroatien\/kontakt\/","og_locale":"de_DE","og_type":"article","og_title":"Kontakt | Freizeitheim Kroatien","og_description":"Wir helfen Ihnen gerne weiter! Unsere Mitarbeiter in der Gesch\u00e4ftsstelle Freizeitheime in Friolzheim stehen Ihnen f\u00fcr deutsch- und englischsprachige Fragen und Anregungen gerne zur Verf\u00fcgung. Sie erreichen uns entweder direkt per Telefon unter +49 7044 41155 oder verwenden Sie folgendes [&hellip;]","og_url":"https:\/\/www.christusbund.de\/kroatien\/kontakt\/","og_site_name":"Freizeitheim Kroatien","article_modified_time":"2025-06-10T09:02:11+00:00","og_image":[{"width":1200,"height":798,"url":"https:\/\/www.christusbund.de\/kroatien\/wp-content\/uploads\/sites\/6\/bg_bank.jpg","type":"image\/jpeg"}],"twitter_card":"summary_large_image","twitter_misc":{"Gesch\u00e4tzte Lesezeit":"1\u00a0Minute"},"schema":{"@context":"https:\/\/schema.org","@graph":[{"@type":"WebPage","@id":"https:\/\/www.christusbund.de\/kroatien\/kontakt\/","url":"https:\/\/www.christusbund.de\/kroatien\/kontakt\/","name":"Kontakt | Freizeitheim Kroatien","isPartOf":{"@id":"https:\/\/www.christusbund.de\/kroatien\/#website"},"primaryImageOfPage":{"@id":"https:\/\/www.christusbund.de\/kroatien\/kontakt\/#primaryimage"},"image":{"@id":"https:\/\/www.christusbund.de\/kroatien\/kontakt\/#primaryimage"},"thumbnailUrl":"https:\/\/www.christusbund.de\/kroatien\/wp-content\/uploads\/sites\/6\/bg_bank.jpg","datePublished":"2016-10-21T07:25:03+00:00","dateModified":"2025-06-10T09:02:11+00:00","breadcrumb":{"@id":"https:\/\/www.christusbund.de\/kroatien\/kontakt\/#breadcrumb"},"inLanguage":"de","potentialAction":[{"@type":"ReadAction","target":["https:\/\/www.christusbund.de\/kroatien\/kontakt\/"]}]},{"@type":"ImageObject","inLanguage":"de","@id":"https:\/\/www.christusbund.de\/kroatien\/kontakt\/#primaryimage","url":"https:\/\/www.christusbund.de\/kroatien\/wp-content\/uploads\/sites\/6\/bg_bank.jpg","contentUrl":"https:\/\/www.christusbund.de\/kroatien\/wp-content\/uploads\/sites\/6\/bg_bank.jpg","width":1200,"height":798},{"@type":"BreadcrumbList","@id":"https:\/\/www.christusbund.de\/kroatien\/kontakt\/#breadcrumb","itemListElement":[{"@type":"ListItem","position":1,"name":"Startseite","item":"https:\/\/www.christusbund.de\/kroatien\/"},{"@type":"ListItem","position":2,"name":"Kontakt"}]},{"@type":"WebSite","@id":"https:\/\/www.christusbund.de\/kroatien\/#website","url":"https:\/\/www.christusbund.de\/kroatien\/","name":"Freizeitheim Kroatien","description":"Christusbund","potentialAction":[{"@type":"SearchAction","target":{"@type":"EntryPoint","urlTemplate":"https:\/\/www.christusbund.de\/kroatien\/?s={search_term_string}"},"query-input":{"@type":"PropertyValueSpecification","valueRequired":true,"valueName":"search_term_string"}}],"inLanguage":"de"}]}},"publishpress_future_action":{"enabled":false,"date":"2026-05-09 10:14:07","action":"change-status","newStatus":"draft","terms":[],"taxonomy":"","extraData":[]},"publishpress_future_workflow_manual_trigger":{"enabledWorkflows":[]},"_links":{"self":[{"href":"https:\/\/www.christusbund.de\/kroatien\/wp-json\/wp\/v2\/pages\/24","targetHints":{"allow":["GET"]}}],"collection":[{"href":"https:\/\/www.christusbund.de\/kroatien\/wp-json\/wp\/v2\/pages"}],"about":[{"href":"https:\/\/www.christusbund.de\/kroatien\/wp-json\/wp\/v2\/types\/page"}],"author":[{"embeddable":true,"href":"https:\/\/www.christusbund.de\/kroatien\/wp-json\/wp\/v2\/users\/2"}],"replies":[{"embeddable":true,"href":"https:\/\/www.christusbund.de\/kroatien\/wp-json\/wp\/v2\/comments?post=24"}],"version-history":[{"count":10,"href":"https:\/\/www.christusbund.de\/kroatien\/wp-json\/wp\/v2\/pages\/24\/revisions"}],"predecessor-version":[{"id":599,"href":"https:\/\/www.christusbund.de\/kroatien\/wp-json\/wp\/v2\/pages\/24\/revisions\/599"}],"wp:featuredmedia":[{"embeddable":true,"href":"https:\/\/www.christusbund.de\/kroatien\/wp-json\/wp\/v2\/media\/329"}],"wp:attachment":[{"href":"https:\/\/www.christusbund.de\/kroatien\/wp-json\/wp\/v2\/media?parent=24"}],"curies":[{"name":"wp","href":"https:\/\/api.w.org\/{rel}","templated":true}]}}