{"id":7454,"date":"2024-03-25T20:40:52","date_gmt":"2024-03-25T19:40:52","guid":{"rendered":"https:\/\/www.christusbund.de\/kirchheim\/?page_id=7454"},"modified":"2024-03-25T23:07:27","modified_gmt":"2024-03-25T22:07:27","slug":"musical-2","status":"publish","type":"page","link":"https:\/\/www.christusbund.de\/kirchheim\/musical-2\/","title":{"rendered":"MUSICALPROJEKT F\u00dcR KIDS UND TEENS"},"content":{"rendered":"<div id=\"pl-7454\"  class=\"panel-layout\" ><div id=\"pg-7454-0\"  class=\"panel-grid panel-has-style\" ><div class=\"cb_bg_lightgray panel-row-style panel-row-style-for-7454-0\" ><div id=\"pgc-7454-0-0\"  class=\"panel-grid-cell\" ><div id=\"panel-7454-0-0-0\" class=\"so-panel widget widget_black-studio-tinymce widget_black_studio_tinymce panel-first-child panel-last-child\" data-index=\"0\" ><div class=\"container panel-widget-style panel-widget-style-for-7454-0-0-0\" ><div class=\"textwidget\"><h2>Du singst oder tanzt gerne, spielst gerne Theater oder m\u00f6chtest einfach mal B\u00fchnenluft schnuppern? Du findest es cool, Lieder zu kennen, die eine Geschichte aus der Bibel erz\u00e4hlen und echt Pep haben?<br \/>\nDu willst die Sommerferien 2024 am besten mit einem Highlight abschlie\u00dfen? Dann bist du genau richtig beim Musicalprojekt! Wir laden dich ganz herzlich ein, mitzumachen. Willst du dabei sein und das alles erleben? Dann melde dich bald an!<br \/>\nOrt: ALLEENFORUM, Alleenstra\u00dfe. 78, 73230 Kirchheim<\/h2>\n<\/div><\/div><\/div><\/div><\/div><\/div><div id=\"pg-7454-1\"  class=\"panel-grid panel-has-style\" ><div class=\"cbcontainer panel-row-style panel-row-style-for-7454-1\" ><div id=\"pgc-7454-1-0\"  class=\"panel-grid-cell\" ><div id=\"panel-7454-1-0-0\" class=\"so-panel widget widget_black-studio-tinymce widget_black_studio_tinymce panel-first-child panel-last-child\" data-index=\"1\" ><div class=\"container panel-widget-style panel-widget-style-for-7454-1-0-0\" ><div class=\"textwidget\"><h2>Hier gibt es den Flyer zum <a class=\"btn btn-primary btn-lg\" href=\"https:\/\/www.christusbund.de\/kirchheim\/wp-content\/uploads\/sites\/23\/2024\/03\/Anmeldeflyer_Kirchheim_Teck_Bartimaeus_V2.pdf\" target=\"_blank\" rel=\"noopener\">download<\/a><\/h2>\n<h2>Hier eine N\u00e4hanleitung f\u00fcr das Kost\u00fcm <a class=\"btn btn-primary btn-lg\" href=\"https:\/\/www.christusbund.de\/kirchheim\/wp-content\/uploads\/sites\/23\/2024\/03\/Naehanleitung-Kleid.pdf\" target=\"_blank\" rel=\"noopener\">download<\/a> <\/h2>\n<\/div><\/div><\/div><\/div><\/div><\/div><div id=\"pg-7454-2\"  class=\"panel-grid panel-has-style\" ><div class=\"cb_bg_lightgray panel-row-style panel-row-style-for-7454-2\" ><div id=\"pgc-7454-2-0\"  class=\"panel-grid-cell\" ><div id=\"panel-7454-2-0-0\" class=\"so-panel widget widget_black-studio-tinymce widget_black_studio_tinymce panel-first-child panel-last-child\" data-index=\"2\" ><div class=\"container panel-widget-style panel-widget-style-for-7454-2-0-0\" ><div class=\"textwidget\"><h1>Termine<\/h1>\n<table>\n<thead>\n<tr>\n<th>Zeit\/Termin<\/th>\n<th><\/th>\n<th><\/th>\n<\/tr>\n<\/thead>\n<tbody id=\"zeilengruppe\">\n<tr>\n<td id=\"white\">Mo. 02.09.&nbsp;<\/td>\n<td id=\"white\">13.00 \u2013 18.00 Uhr<\/td>\n<td id=\"white\">Probe<\/td>\n<\/tr>\n<tr>\n<td id=\"white\">Di. 03.09.&nbsp;<\/td>\n<td id=\"white\">9.30 \u2013 16.00 Uhr<\/td>\n<td id=\"white\">Probe<\/td>\n<\/tr>\n<tr>\n<td id=\"white\">Mi. 04.09.&nbsp;<\/td>\n<td id=\"white\">9.30 \u2013 16.00 Uhr<\/td>\n<td id=\"white\">Probe<\/td>\n<\/tr>\n<tr>\n<td id=\"white\">Do. 05.09.&nbsp;<\/td>\n<td id=\"white\">9.30 \u2013 16.00 Uhr<\/td>\n<td id=\"white\">Probe<\/td>\n<tr>\n<td id=\"white\">Fr. 06.09.&nbsp;<\/td>\n<td id=\"white\">13.00 \u2013 17.30 Uhr<\/td>\n<td id=\"white\">General- und Stellprobe<\/td>\n<\/tr>\n<tr>\n<td id=\"white\"><\/td>\n<td id=\"white\">18.00 Uhr<\/td>\n<td id=\"white\">Konzert<\/td>\n<\/tr>\n<\/tbody>\n<\/table>\n<p>&nbsp;<\/p>\n<\/div><\/div><\/div><\/div><\/div><\/div><div id=\"pg-7454-3\"  class=\"panel-grid panel-has-style\" ><div class=\"container panel-row-style panel-row-style-for-7454-3\" ><div id=\"pgc-7454-3-0\"  class=\"panel-grid-cell\" ><div id=\"panel-7454-3-0-0\" class=\"so-panel widget widget_siteorigin-panels-builder panel-first-child panel-last-child\" data-index=\"3\" ><div id=\"pl-w6601f57400235\"  class=\"panel-layout\" ><div id=\"pg-w6601f57400235-0\"  class=\"panel-grid panel-no-style\" ><div id=\"pgc-w6601f57400235-0-0\"  class=\"panel-grid-cell\" ><div id=\"panel-w6601f57400235-0-0-0\" class=\"so-panel widget widget_text panel-first-child panel-last-child\" data-index=\"0\" >\t\t\t<div class=\"textwidget\">\n<div class=\"wpcf7 no-js\" id=\"wpcf7-f7463-o1\" lang=\"de-DE\" dir=\"ltr\" data-wpcf7-id=\"7463\">\n<div class=\"screen-reader-response\"><p role=\"status\" aria-live=\"polite\" aria-atomic=\"true\"><\/p> <ul><\/ul><\/div>\n<form action=\"\/kirchheim\/wp-json\/wp\/v2\/pages\/7454#wpcf7-f7463-o1\" method=\"post\" class=\"wpcf7-form init\" aria-label=\"Kontaktformular\" novalidate=\"novalidate\" data-status=\"init\">\n<fieldset class=\"hidden-fields-container\"><input type=\"hidden\" name=\"_wpcf7\" value=\"7463\" \/><input type=\"hidden\" name=\"_wpcf7_version\" value=\"6.1.4\" \/><input type=\"hidden\" name=\"_wpcf7_locale\" value=\"de_DE\" \/><input type=\"hidden\" name=\"_wpcf7_unit_tag\" value=\"wpcf7-f7463-o1\" \/><input type=\"hidden\" name=\"_wpcf7_container_post\" value=\"0\" \/><input type=\"hidden\" name=\"_wpcf7_posted_data_hash\" value=\"\" \/>\n<\/fieldset>\n<H1>Anmeldung Musical\n<\/h1>\n<p><label>Name<br \/>\n<span class=\"wpcf7-form-control-wrap\" data-name=\"Name\"><input size=\"40\" maxlength=\"400\" class=\"wpcf7-form-control wpcf7-text wpcf7-validates-as-required\" aria-required=\"true\" aria-invalid=\"false\" value=\"\" type=\"text\" name=\"Name\" \/><\/span><\/label><br \/>\n<label> Vorname<br \/>\n<span class=\"wpcf7-form-control-wrap\" data-name=\"Vorname\"><input size=\"40\" maxlength=\"400\" class=\"wpcf7-form-control wpcf7-text wpcf7-validates-as-required\" aria-required=\"true\" aria-invalid=\"false\" value=\"\" type=\"text\" name=\"Vorname\" \/><\/span><\/label><br \/>\n<label>Geschlecht<br \/>\n<span class=\"wpcf7-form-control-wrap\" data-name=\"Geschlecht\"><select class=\"wpcf7-form-control wpcf7-select wpcf7-validates-as-required\" aria-required=\"true\" aria-invalid=\"false\" name=\"Geschlecht\"><option value=\"m\u00e4nnlich\">m\u00e4nnlich<\/option><option value=\"weiblich\">weiblich<\/option><\/select><\/span><\/label><br \/>\n<label>Geburtsdatum<br \/>\n<span class=\"wpcf7-form-control-wrap\" data-name=\"Geburtsdatum\"><input class=\"wpcf7-form-control wpcf7-date wpcf7-validates-as-required wpcf7-validates-as-date\" aria-required=\"true\" aria-invalid=\"false\" value=\"\" type=\"date\" name=\"Geburtsdatum\" \/><\/span><\/label><br \/>\n<label>Adresse<br \/>\n<span class=\"wpcf7-form-control-wrap\" data-name=\"Adresse\"><input size=\"40\" maxlength=\"400\" class=\"wpcf7-form-control wpcf7-text wpcf7-validates-as-required\" aria-required=\"true\" aria-invalid=\"false\" value=\"\" type=\"text\" name=\"Adresse\" \/><\/span><br \/>\n<\/label><br \/>\n<label>Deine E-Mail-Adresse<br \/>\n<span class=\"wpcf7-form-control-wrap\" data-name=\"your-email\"><input size=\"40\" maxlength=\"400\" class=\"wpcf7-form-control wpcf7-email wpcf7-validates-as-required wpcf7-text wpcf7-validates-as-email\" aria-required=\"true\" aria-invalid=\"false\" value=\"\" type=\"email\" name=\"your-email\" \/><\/span> <\/label><br \/>\n<label>Telefon<br \/>\n<span class=\"wpcf7-form-control-wrap\" data-name=\"Telefon\"><input size=\"40\" maxlength=\"400\" class=\"wpcf7-form-control wpcf7-tel wpcf7-validates-as-required wpcf7-text wpcf7-validates-as-tel\" aria-required=\"true\" aria-invalid=\"false\" value=\"\" type=\"tel\" name=\"Telefon\" \/><\/span><\/label><br \/>\n<label>Lebensmittelunvertr\u00e4glichkeiten<br \/>\n<span class=\"wpcf7-form-control-wrap\" data-name=\"Lebensmittel\"><input size=\"40\" maxlength=\"400\" class=\"wpcf7-form-control wpcf7-text wpcf7-validates-as-required\" aria-required=\"true\" aria-invalid=\"false\" placeholder=\"\" value=\"\" type=\"text\" name=\"Lebensmittel\" \/><\/span><\/label><br \/>\n<label>Du hast noch Fragen oder m\u00f6chtest uns noch etwas mitteilen?<br \/>\n<span class=\"wpcf7-form-control-wrap\" data-name=\"your-message\"><textarea cols=\"40\" rows=\"10\" maxlength=\"2000\" class=\"wpcf7-form-control wpcf7-textarea\" aria-invalid=\"false\" name=\"your-message\"><\/textarea><\/span> <\/label>\n<\/p>\n<p><input class=\"wpcf7-form-control wpcf7-submit has-spinner\" type=\"submit\" value=\"Senden\" \/>\n<\/p><div class=\"wpcf7-response-output\" aria-hidden=\"true\"><\/div>\n<\/form>\n<\/div>\n\n<\/div>\n\t\t<\/div><\/div><\/div><\/div><\/div><\/div><div id=\"pgc-7454-3-1\"  class=\"panel-grid-cell\" ><div id=\"panel-7454-3-1-0\" class=\"so-panel widget widget_black-studio-tinymce widget_black_studio_tinymce panel-first-child panel-last-child\" data-index=\"4\" ><div class=\"cb_sidebar panel-widget-style panel-widget-style-for-7454-3-1-0\" ><div class=\"textwidget\"><h2><strong>Teilnahmebedingungen:<\/strong><\/h2>\n<p>Alter: von 7\u201316 Jahre<\/p>\n<p>Kosten: 40,\u2013 \u20ac f\u00fcr das erste Kind<br \/>\n30,\u2013 \u20ac f\u00fcr jedes weitere Kind<br \/>\nim Preis inbegriffen sind Getr\u00e4nke und Snacks, von Di bis Do Mittagessen und Abendessen am Freitag<br \/>\nplus 10,\u2013 \u20ac f\u00fcr die CD \u201eBartim\u00e4us \u2013 ein Blinder<br \/>\nblickt durch\u201c (es ist nur eine CD pro Familie n\u00f6tig)<\/p>\n<p>Teilnehmerbetrag bitte \u00fcberweisen an:<br \/>\nChristusbund Kirchheim<br \/>\nIBAN DE73 6115 0020 0101 3181 34<br \/>\nBIC ESSLDE66XXX, KSK Esslingen<br \/>\nMit der Anmeldung wird der Teilnehmerbeitrag f\u00e4llig und wird bei Stornierung nicht zur\u00fcckerstattet<\/p>\n<\/div><\/div><\/div><\/div><\/div><\/div><\/div>","protected":false},"excerpt":{"rendered":"<p>Du singst oder tanzt gerne, spielst gerne Theater oder m\u00f6chtest einfach mal B\u00fchnenluft schnuppern? Du findest es cool, Lieder zu kennen, die eine Geschichte aus der Bibel erz\u00e4hlen und echt Pep haben? Du willst die Sommerferien 2024 am besten mit [&hellip;]<\/p>\n","protected":false},"author":46,"featured_media":7475,"parent":0,"menu_order":0,"comment_status":"closed","ping_status":"closed","template":"","meta":{"footnotes":""},"class_list":["post-7454","page","type-page","status-publish","has-post-thumbnail","hentry"],"publishpress_future_action":{"enabled":false,"date":"2026-04-20 10:55:57","action":"change-status","newStatus":"draft","terms":[],"taxonomy":"","extraData":[]},"publishpress_future_workflow_manual_trigger":{"enabledWorkflows":[]},"post_mailing_queue_ids":[],"_links":{"self":[{"href":"https:\/\/www.christusbund.de\/kirchheim\/wp-json\/wp\/v2\/pages\/7454","targetHints":{"allow":["GET"]}}],"collection":[{"href":"https:\/\/www.christusbund.de\/kirchheim\/wp-json\/wp\/v2\/pages"}],"about":[{"href":"https:\/\/www.christusbund.de\/kirchheim\/wp-json\/wp\/v2\/types\/page"}],"author":[{"embeddable":true,"href":"https:\/\/www.christusbund.de\/kirchheim\/wp-json\/wp\/v2\/users\/46"}],"replies":[{"embeddable":true,"href":"https:\/\/www.christusbund.de\/kirchheim\/wp-json\/wp\/v2\/comments?post=7454"}],"version-history":[{"count":11,"href":"https:\/\/www.christusbund.de\/kirchheim\/wp-json\/wp\/v2\/pages\/7454\/revisions"}],"predecessor-version":[{"id":7507,"href":"https:\/\/www.christusbund.de\/kirchheim\/wp-json\/wp\/v2\/pages\/7454\/revisions\/7507"}],"wp:featuredmedia":[{"embeddable":true,"href":"https:\/\/www.christusbund.de\/kirchheim\/wp-json\/wp\/v2\/media\/7475"}],"wp:attachment":[{"href":"https:\/\/www.christusbund.de\/kirchheim\/wp-json\/wp\/v2\/media?parent=7454"}],"curies":[{"name":"wp","href":"https:\/\/api.w.org\/{rel}","templated":true}]}}