{"id":6233,"date":"2023-04-27T21:59:36","date_gmt":"2023-04-27T19:59:36","guid":{"rendered":"https:\/\/www.christusbund.de\/kirchheim\/?page_id=6233"},"modified":"2024-09-10T18:53:11","modified_gmt":"2024-09-10T16:53:11","slug":"einweihung-2-2","status":"publish","type":"page","link":"https:\/\/www.christusbund.de\/kirchheim\/einweihung-2-2\/","title":{"rendered":"\u00dcber uns"},"content":{"rendered":"<div id=\"pl-6233\"  class=\"panel-layout\" ><div id=\"pg-6233-0\"  class=\"panel-grid panel-has-style\" ><div class=\"container panel-row-style panel-row-style-for-6233-0\" ><div id=\"pgc-6233-0-0\"  class=\"panel-grid-cell\" ><div id=\"panel-6233-0-0-0\" class=\"so-panel widget widget_black-studio-tinymce widget_black_studio_tinymce panel-first-child panel-last-child\" data-index=\"0\" ><div class=\"container panel-widget-style panel-widget-style-for-6233-0-0-0\" ><div class=\"textwidget\"><p><!--\n\n<h4 class=\"text-center\"><span class=\"cb_heading cb_bg_primary\">\u00dcber uns<\/span><\/h4>\n\n--><\/p>\n<h2 class=\"text-center\">Herzlich Willkommen!<\/h2>\n<p>Mittelpunkt unseres Gemeindelebens ist ein lebendiger und lebensnah gestalteter Gottesdienst, welcher jeden Sonntagvormittag, 10:30 Uhr mit Kindergottesdienst in verschiedenen Gruppen stattfindet. Anschlie\u00dfend besteht die Gelegenheit zum pers\u00f6nlichen Gespr\u00e4ch und gegenseitigem Kennenlernen bei einer Tasse Kaffee.<\/p>\n<p>Der Christusbund e.V. ist ein freier Gemeinschaftsverband innerhalb der Evangelischen Landeskirche in W\u00fcrttemberg und Teil einer Gemeinschaftsbewegung, zu der mehrere tausend christliche Gemeinschaften geh\u00f6ren, welche auch im Evangelischen Gnadauer Gemeinschaftsverband e.V. zusammenarbeiten. Unsere Gemeinde wird ausschlie\u00dflich durch freiwillige Spenden finanziert.<\/p>\n<p><\/p>\n<div class=\"text-center cb_btn_multi\">\n  <a class=\"btn btn-primary\" href=\"#glauben\"><i class=\"fas fa-arrow-down\"><\/i> Was wir glauben!<\/a><br \/>\n  <a class=\"btn btn-primary\" href=\".\/gruppen\"><i class=\"fas fa-arrow-right\"><\/i> Unsere Gruppen<\/a>\n<\/div>\n<\/div><\/div><\/div><\/div><\/div><\/div><div id=\"pg-6233-1\"  class=\"panel-grid panel-no-style\" ><div id=\"pgc-6233-1-0\"  class=\"panel-grid-cell panel-grid-cell-mobile-last\" ><\/div><div id=\"pgc-6233-1-1\"  class=\"panel-grid-cell panel-grid-cell-empty\" ><\/div><\/div><div id=\"pg-6233-2\"  class=\"panel-grid panel-no-style\" ><div id=\"pgc-6233-2-0\"  class=\"panel-grid-cell\" ><div id=\"panel-6233-2-0-0\" class=\"so-panel widget widget_black-studio-tinymce widget_black_studio_tinymce panel-first-child panel-last-child\" data-index=\"2\" ><div class=\"textwidget\"><h3 style=\"text-align: center;\"><strong>Neuer Bau \u2013 alte Botschaft | Dokumentarfilm \u00fcber die Geschichte des Christusbundes Kirchheim <\/strong><\/h3>\n<h3 style=\"text-align: center;\"><strong>- in Kurz- (12min) und Langversion (90min)<\/strong><\/h3>\n<\/div><\/div><\/div><\/div><div id=\"pg-6233-3\"  class=\"panel-grid panel-no-style\" ><div id=\"pgc-6233-3-0\"  class=\"panel-grid-cell panel-grid-cell-empty\" ><\/div><div id=\"pgc-6233-3-1\"  class=\"panel-grid-cell\" ><div id=\"panel-6233-3-1-0\" class=\"so-panel widget widget_black-studio-tinymce widget_black_studio_tinymce panel-first-child panel-last-child\" data-index=\"3\" ><div class=\"textwidget\"><p><iframe loading=\"lazy\" title=\"Neuer Bau - alte Botschaft -Die Kurzversion\" width=\"750\" height=\"422\" src=\"https:\/\/www.youtube.com\/embed\/bQyXWb4Ltmk?feature=oembed\" frameborder=\"0\" allow=\"accelerometer; autoplay; clipboard-write; encrypted-media; gyroscope; picture-in-picture; web-share\" referrerpolicy=\"strict-origin-when-cross-origin\" allowfullscreen><\/iframe><\/p>\n<\/div><\/div><\/div><div id=\"pgc-6233-3-2\"  class=\"panel-grid-cell panel-grid-cell-mobile-last\" ><div id=\"panel-6233-3-2-0\" class=\"so-panel widget widget_black-studio-tinymce widget_black_studio_tinymce panel-first-child panel-last-child\" data-index=\"4\" ><div class=\"textwidget\"><p><iframe loading=\"lazy\" title=\"Neuer Bau - alte Botschaft | Dokumentarfilm \u00fcber die Geschichte des Christusbundes Kirchheim\" width=\"750\" height=\"422\" src=\"https:\/\/www.youtube.com\/embed\/yah9Vz7eHNI?feature=oembed\" frameborder=\"0\" allow=\"accelerometer; autoplay; clipboard-write; encrypted-media; gyroscope; picture-in-picture; web-share\" referrerpolicy=\"strict-origin-when-cross-origin\" allowfullscreen><\/iframe><\/p>\n<\/div><\/div><\/div><div id=\"pgc-6233-3-3\"  class=\"panel-grid-cell panel-grid-cell-empty\" ><\/div><\/div><div id=\"pg-6233-4\"  class=\"panel-grid panel-has-style\" ><div class=\"cb_container panel-row-style panel-row-style-for-6233-4\" ><div id=\"pgc-6233-4-0\"  class=\"panel-grid-cell\" ><div id=\"panel-6233-4-0-0\" class=\"so-panel widget widget_siteorigin-panels-builder panel-first-child panel-last-child\" data-index=\"5\" ><div class=\"container panel-widget-style panel-widget-style-for-6233-4-0-0\" ><div id=\"pl-w648a2a4c09baa\"  class=\"panel-layout\" ><div id=\"pg-w648a2a4c09baa-0\"  class=\"panel-grid panel-no-style\" ><div id=\"pgc-w648a2a4c09baa-0-0\"  class=\"panel-grid-cell\" ><div id=\"panel-w648a2a4c09baa-0-0-0\" class=\"so-panel widget widget_black-studio-tinymce widget_black_studio_tinymce panel-first-child panel-last-child\" data-index=\"0\" ><div class=\"textwidget\"><div id=\"glauben\" class=\"cb_wp_anker_inner\"><\/div>\n<h4 class=\"text-center\"><span class=\"cb_heading cb_bg_primary\">Was wir glauben!<\/span><\/h4>\n<h2 class=\"text-center\">Unsere Glaubensgrunds\u00e4tze<\/h2>\n<\/div><\/div><\/div><\/div><div id=\"pg-w648a2a4c09baa-1\"  class=\"panel-grid panel-no-style\" ><div id=\"pgc-w648a2a4c09baa-1-0\"  class=\"panel-grid-cell\" ><div id=\"panel-w648a2a4c09baa-1-0-0\" class=\"so-panel widget widget_black-studio-tinymce widget_black_studio_tinymce panel-first-child panel-last-child\" data-index=\"1\" ><div class=\"textwidget\"><p><strong>Wir glauben<\/strong>, dass es einen Gott gibt, der seit Ewigkeit her in drei Personen existiert: Gott der Vater, Gott der Sohn und Gott der Heilige Geist.<\/p>\n<p><strong>Wir glauben <\/strong>an die Gottheit unseres Herrn Jesus Christus, an seine jungfr\u00e4uliche Geburt und an seine k\u00f6rperliche Auferstehung von den Toten.<\/p>\n<p><strong>Wir glauben, <\/strong>dass die Bibel das inspirierte, unfehlbare Wort Gottes ist.<\/p>\n<p><strong>Wir glauben <\/strong>an Errettung aus Gnade durch Glauben an den Herrn Jesus Christus.<\/p>\n<p><strong>Wir glauben <\/strong>an die Wiederkunft unseres Herrn Jesus Christus.<\/p>\n<\/div><\/div><\/div><div id=\"pgc-w648a2a4c09baa-1-1\"  class=\"panel-grid-cell\" ><div id=\"panel-w648a2a4c09baa-1-1-0\" class=\"so-panel widget widget_black-studio-tinymce widget_black_studio_tinymce panel-first-child panel-last-child\" data-index=\"2\" ><div class=\"textwidget\"><ul>\n<li>Wir praktizieren unsere Beziehung zu Gott durch regelm\u00e4\u00dfiges Lesen in der Bibel und im Vertrauen auf Gottes Geist.<\/li>\n<li>Wir erforschen Gottes Wort in der Bibellese, im Austausch \u00fcber Bibeltexte (Gespr\u00e4chskreise) und im H\u00f6ren auf Gottes Wort (Predigt).<\/li>\n<li>Im Gebet treten wir in Verbindung zu unserem Herrn und seinem Sohn Jesus Christus.<\/li>\n<\/ul>\n<\/div><\/div><\/div><\/div><div id=\"pg-w648a2a4c09baa-2\"  class=\"panel-grid panel-has-style\" ><div class=\"panel-row-style panel-row-style-for-w648a2a4c09baa-2\" ><div id=\"pgc-w648a2a4c09baa-2-0\"  class=\"panel-grid-cell\" ><div id=\"panel-w648a2a4c09baa-2-0-0\" class=\"so-panel widget widget_black-studio-tinymce widget_black_studio_tinymce panel-first-child panel-last-child\" data-index=\"3\" ><div class=\"textwidget\"><div class=\"text-center\"><a class=\"btn btn-primary\" href=\".\/kontakt\"><i class=\"fas fa-comment-o\"><\/i> Sie haben Fragen?<\/a><\/div>\n<\/div><\/div><\/div><\/div><\/div><\/div><\/div><\/div><\/div><\/div><\/div><div id=\"pg-6233-5\"  class=\"panel-grid panel-has-style\" ><div class=\"cb_container cb_bg_lightgray panel-row-style panel-row-style-for-6233-5\" ><div id=\"pgc-6233-5-0\"  class=\"panel-grid-cell\" ><div id=\"panel-6233-5-0-0\" class=\"so-panel widget widget_black-studio-tinymce widget_black_studio_tinymce panel-first-child panel-last-child\" data-index=\"6\" ><div class=\"container panel-widget-style panel-widget-style-for-6233-5-0-0\" ><div class=\"textwidget\"><h4 class=\"text-center\"><span class=\"cb_heading cb_bg_primary\">Gemeindeleitung<\/span><\/h4>\n<p><H2 class=\"text-center\">Mitarbeiter und Strukturen<\/h2>\n<p>Die Gemeindeleitung besteht aus einem Leitungsteam mit 5 Personen und einem Gemeinschaftspastor. F\u00fcr die verschiedenen Schwerpunkte der Gemeindearbeit sind Bereichsleiter berufen, die selbst\u00e4ndig und eigenverantwortlich f\u00fcr ihren Bereich zust\u00e4ndig sind. Alle Verantwortlichen \u00fcben ihre T\u00e4tigkeit ehrenamtlich und neben ihrem Beruf aus bis auf den Gemeinschaftspastor.<\/p>\n<\/div><\/div><\/div><\/div><\/div><\/div><div id=\"pg-6233-6\"  class=\"panel-grid panel-has-style\" ><div class=\"cb_container panel-row-style panel-row-style-for-6233-6\" ><div id=\"pgc-6233-6-0\"  class=\"panel-grid-cell\" ><div id=\"panel-6233-6-0-0\" class=\"so-panel widget widget_black-studio-tinymce widget_black_studio_tinymce panel-first-child panel-last-child\" data-index=\"7\" ><div class=\"container panel-widget-style panel-widget-style-for-6233-6-0-0\" ><div class=\"textwidget\"><h4 class=\"text-center\"><span class=\"cb_heading cb_bg_primary\">Geschichte<\/span><\/h4>\n<h2 class=\"text-center\">Ein Blick zur\u00fcck<\/h2>\n<p>Die Gemeinschaft Christusbund Kirchheim kann auf eine 100-j\u00e4hrige Geschichte zur\u00fcckblicken. Sie entstand 1909 nach einer Evangelisation von Jakob Vetter. Am 16. M\u00e4rz 1909 wurde der erste Versammlungsraum bezogen. Im Laufe der Jahre musste immer wieder angebaut werden bis zum heutigen Alleenforum. \u00dcber die Jahrzehnte wuchs die Gemeinde best\u00e4ndig und entwickelte ein differenziertes Angebot f\u00fcr alle Altersgruppen.<br \/>\nWir pflegen die Tradition und leben Ver\u00e4nderung, um Menschen zu verstehen und ihnen unseren Glauben vorbildhaft zu bezeugen.<\/p>\n<\/div><\/div><\/div><\/div><\/div><\/div><div id=\"pg-6233-7\"  class=\"panel-grid panel-has-style\" ><div class=\"cb_container cb_bg_lightgray panel-row-style panel-row-style-for-6233-7\" ><div id=\"pgc-6233-7-0\"  class=\"panel-grid-cell\" ><div id=\"panel-6233-7-0-0\" class=\"so-panel widget widget_siteorigin-panels-builder panel-first-child panel-last-child\" data-index=\"8\" ><div class=\"container panel-widget-style panel-widget-style-for-6233-7-0-0\" ><div id=\"pl-w648a2a85753fd\"  class=\"panel-layout\" ><div id=\"pg-w648a2a85753fd-0\"  class=\"panel-grid panel-no-style\" ><div id=\"pgc-w648a2a85753fd-0-0\"  class=\"panel-grid-cell\" ><div id=\"panel-w648a2a85753fd-0-0-0\" class=\"so-panel widget widget_black-studio-tinymce widget_black_studio_tinymce panel-first-child panel-last-child\" data-index=\"0\" ><div class=\"textwidget\"><h3 style=\"margin: 0 0 30px 0;\">Unser Verband<\/h3>\n<p>Der\u00a0Christusbund in Kirchheim unter Teck geh\u00f6rt zum Verband des Christusbundes. Weitere Informationen finden sie auf der Verbandseite:<\/p>\n<p><a class=\"btn btn-primary\" href=\"https:\/\/www.christusbund.de\" target=\"_blank\" rel=\"noopener\">www.christusbund.de<\/a><\/p>\n<\/div><\/div><\/div><div id=\"pgc-w648a2a85753fd-0-1\"  class=\"panel-grid-cell\" ><div id=\"panel-w648a2a85753fd-0-1-0\" class=\"so-panel widget widget_recent-posts-widget-with-thumbnails recent-posts-widget-with-thumbnails panel-first-child panel-last-child\" data-index=\"1\" >\n<div id=\"rpwwt-widget-0-1-0\" class=\"rpwwt-widget\">\r\n<h3 class=\"widget-title\">Gemeindeleben<\/h3>\n\t<ul>\r\n\t\t<li><a href=\"https:\/\/www.christusbund.de\/kirchheim\/2025\/03\/18\/ausflug-zum-wasserkraftwerk-iffezheim\/\"><img decoding=\"async\" width=\"75\" height=\"75\" src=\"https:\/\/www.christusbund.de\/kirchheim\/wp-content\/plugins\/recent-posts-widget-with-thumbnails\/default_thumb.gif\" class=\"attachment-75x75\" alt=\"\" loading=\"lazy\" \/><span class=\"rpwwt-post-title\">Ausflug zum Wasserkraftwerk Iffezheim<\/span><\/a><\/li>\r\n\t\t<li><a href=\"https:\/\/www.christusbund.de\/kirchheim\/2022\/09\/25\/abriss-des-saalbaus-2-3-2-2-2-2\/\"><img loading=\"lazy\" decoding=\"async\" width=\"75\" height=\"75\" src=\"https:\/\/www.christusbund.de\/kirchheim\/wp-content\/uploads\/sites\/23\/2022\/09\/DSC6525-150x150.jpg\" class=\"attachment-75x75 size-75x75 wp-post-image\" alt=\"\" \/><span class=\"rpwwt-post-title\">Innenausbau Saal I September 2022<\/span><\/a><\/li>\r\n\t<\/ul>\r\n<\/div><!-- .rpwwt-widget -->\r\n<\/div><\/div><\/div><\/div><\/div><\/div><\/div><\/div><\/div><\/div>","protected":false},"excerpt":{"rendered":"<p>Herzlich Willkommen! Mittelpunkt unseres Gemeindelebens ist ein lebendiger und lebensnah gestalteter Gottesdienst, welcher jeden Sonntagvormittag, 10:30 Uhr mit Kindergottesdienst in verschiedenen Gruppen stattfindet. Anschlie\u00dfend besteht die Gelegenheit zum pers\u00f6nlichen Gespr\u00e4ch und gegenseitigem Kennenlernen bei einer Tasse Kaffee. Der Christusbund e.V. [&hellip;]<\/p>\n","protected":false},"author":46,"featured_media":6244,"parent":0,"menu_order":0,"comment_status":"closed","ping_status":"closed","template":"","meta":{"footnotes":""},"class_list":["post-6233","page","type-page","status-publish","has-post-thumbnail","hentry"],"publishpress_future_action":{"enabled":false,"date":"2026-04-23 06:49:00","action":"change-status","newStatus":"draft","terms":[],"taxonomy":"","extraData":[]},"publishpress_future_workflow_manual_trigger":{"enabledWorkflows":[]},"post_mailing_queue_ids":[],"_links":{"self":[{"href":"https:\/\/www.christusbund.de\/kirchheim\/wp-json\/wp\/v2\/pages\/6233","targetHints":{"allow":["GET"]}}],"collection":[{"href":"https:\/\/www.christusbund.de\/kirchheim\/wp-json\/wp\/v2\/pages"}],"about":[{"href":"https:\/\/www.christusbund.de\/kirchheim\/wp-json\/wp\/v2\/types\/page"}],"author":[{"embeddable":true,"href":"https:\/\/www.christusbund.de\/kirchheim\/wp-json\/wp\/v2\/users\/46"}],"replies":[{"embeddable":true,"href":"https:\/\/www.christusbund.de\/kirchheim\/wp-json\/wp\/v2\/comments?post=6233"}],"version-history":[{"count":12,"href":"https:\/\/www.christusbund.de\/kirchheim\/wp-json\/wp\/v2\/pages\/6233\/revisions"}],"predecessor-version":[{"id":7681,"href":"https:\/\/www.christusbund.de\/kirchheim\/wp-json\/wp\/v2\/pages\/6233\/revisions\/7681"}],"wp:featuredmedia":[{"embeddable":true,"href":"https:\/\/www.christusbund.de\/kirchheim\/wp-json\/wp\/v2\/media\/6244"}],"wp:attachment":[{"href":"https:\/\/www.christusbund.de\/kirchheim\/wp-json\/wp\/v2\/media?parent=6233"}],"curies":[{"name":"wp","href":"https:\/\/api.w.org\/{rel}","templated":true}]}}