{"id":4750,"date":"2021-08-31T07:38:11","date_gmt":"2021-08-31T05:38:11","guid":{"rendered":"https:\/\/www.christusbund.de\/kirchheim\/?page_id=4750"},"modified":"2021-09-05T10:24:10","modified_gmt":"2021-09-05T08:24:10","slug":"biblischer-unterricht","status":"publish","type":"page","link":"https:\/\/www.christusbund.de\/kirchheim\/biblischer-unterricht\/","title":{"rendered":"Biblischer Unterricht"},"content":{"rendered":"<div id=\"pl-4750\"  class=\"panel-layout\" ><div id=\"pg-4750-0\"  class=\"panel-grid panel-no-style\" ><div id=\"pgc-4750-0-0\"  class=\"panel-grid-cell\" ><div id=\"panel-4750-0-0-0\" class=\"so-panel widget widget_black-studio-tinymce widget_black_studio_tinymce panel-first-child panel-last-child\" data-index=\"0\" ><div class=\"textwidget\"><h2 style=\"padding-left: 40px;\">Herzliche Einladung zum BU im Teckbezirk<\/h2>\n<p style=\"padding-left: 40px;\">Der Kurs 2021 - 2023 startet am 18.09.2021<br \/>\nWir treffen uns 1 - 2 mal im Monat samstags von 9:30 -11:30 Uhr im Neuen L\u00f6wensaal des W\u00fcrttembergischen Christusbundes:<br \/>\nSchulstra\u00dfe 20, 73235 Weilheim<\/p>\n<h4 style=\"padding-left: 40px;\">\ndie Unterrichtstermine:<\/h4>\n<p style=\"padding-left: 40px;\">18.09.2021 BU Beginn<\/p>\n<p style=\"padding-left: 40px;\">02.10.2021 BU Tag (bis 15.00 Uhr)<\/p>\n<p style=\"padding-left: 40px;\">16.10.2021<\/p>\n<p style=\"padding-left: 40px;\">30.10.2021<\/p>\n<p style=\"padding-left: 40px;\">27.11.2021<\/p>\n<p style=\"padding-left: 40px;\">04 .12.2021<\/p>\n<p style=\"padding-left: 40px;\">18 .12.2021<\/p>\n<p style=\"padding-left: 40px;\">15 .01.2022<\/p>\n<p style=\"padding-left: 40px;\">12.02.2022<\/p>\n<p style=\"padding-left: 40px;\">12 .03.2022<\/p>\n<p style=\"padding-left: 40px;\">26.03.2022<\/p>\n<p style=\"padding-left: 40px;\">09 .04.2022<\/p>\n<p style=\"padding-left: 40px;\">30.04.2022<\/p>\n<p style=\"padding-left: 40px;\">07.05.2022<\/p>\n<p style=\"padding-left: 40px;\">21.05.2022<\/p>\n<p style=\"padding-left: 40px;\">Termine f\u00fcr Wochenendfreizeiten:<br \/>\n19.-21 .11.2021 in Friolzheim<br \/>\n28.- 30.01.2022 in Friolzheim<br \/>\nSch\u00f6n, wenn du dabei bist.<br \/>\nBitte melde dich bis zum 11 .09.2021 verbindlich an. <a href=\"https:\/\/www.christusbund.de\/kirchheim\/wp-content\/uploads\/sites\/23\/2021\/08\/bu_einladung.pdf\">Anmeldeformular<\/a><br \/>\nDein Ansprechpartner<br \/>\nf\u00fcr Fragen und Anmeldung<br \/>\nChristine Sporberg<br \/>\nHauptstr. 66\/2<br \/>\n73235 Weilheim<br \/>\nTel. 07023\/742373<br \/>\n<a href=\"mailto:csporberg@christusbund.de\">Email: <\/a>csporberg@christusbund.de<\/p>\n<\/div><\/div><\/div><\/div><\/div>","protected":false},"excerpt":{"rendered":"<p>Herzliche Einladung zum BU im Teckbezirk Der Kurs 2021 &#8211; 2023 startet am 18.09.2021 Wir treffen uns 1 &#8211; 2 mal im Monat samstags von 9:30 -11:30 Uhr im Neuen L\u00f6wensaal des W\u00fcrttembergischen Christusbundes: Schulstra\u00dfe 20, 73235 Weilheim die Unterrichtstermine: [&hellip;]<\/p>\n","protected":false},"author":46,"featured_media":0,"parent":0,"menu_order":0,"comment_status":"closed","ping_status":"closed","template":"","meta":{"footnotes":""},"class_list":["post-4750","page","type-page","status-publish","hentry"],"publishpress_future_action":{"enabled":false,"date":"2026-04-11 21:57:35","action":"change-status","newStatus":"draft","terms":[],"taxonomy":"","extraData":[]},"publishpress_future_workflow_manual_trigger":{"enabledWorkflows":[]},"post_mailing_queue_ids":[],"_links":{"self":[{"href":"https:\/\/www.christusbund.de\/kirchheim\/wp-json\/wp\/v2\/pages\/4750","targetHints":{"allow":["GET"]}}],"collection":[{"href":"https:\/\/www.christusbund.de\/kirchheim\/wp-json\/wp\/v2\/pages"}],"about":[{"href":"https:\/\/www.christusbund.de\/kirchheim\/wp-json\/wp\/v2\/types\/page"}],"author":[{"embeddable":true,"href":"https:\/\/www.christusbund.de\/kirchheim\/wp-json\/wp\/v2\/users\/46"}],"replies":[{"embeddable":true,"href":"https:\/\/www.christusbund.de\/kirchheim\/wp-json\/wp\/v2\/comments?post=4750"}],"version-history":[{"count":11,"href":"https:\/\/www.christusbund.de\/kirchheim\/wp-json\/wp\/v2\/pages\/4750\/revisions"}],"predecessor-version":[{"id":4769,"href":"https:\/\/www.christusbund.de\/kirchheim\/wp-json\/wp\/v2\/pages\/4750\/revisions\/4769"}],"wp:attachment":[{"href":"https:\/\/www.christusbund.de\/kirchheim\/wp-json\/wp\/v2\/media?parent=4750"}],"curies":[{"name":"wp","href":"https:\/\/api.w.org\/{rel}","templated":true}]}}