{"id":335,"date":"2016-01-06T17:02:35","date_gmt":"2016-01-06T17:02:35","guid":{"rendered":"http:\/\/sandbox.christusbund.de\/wp\/kirchheim2\/?page_id=335"},"modified":"2023-05-08T22:54:24","modified_gmt":"2023-05-08T20:54:24","slug":"impressum","status":"publish","type":"page","link":"https:\/\/www.christusbund.de\/kirchheim\/impressum\/","title":{"rendered":"Impressum"},"content":{"rendered":"<div id=\"pl-335\"  class=\"panel-layout\" ><div id=\"pg-335-0\"  class=\"panel-grid panel-has-style\" ><div class=\"container cb_container panel-row-style panel-row-style-for-335-0\" ><div id=\"pgc-335-0-0\"  class=\"panel-grid-cell\" ><div id=\"panel-335-0-0-0\" class=\"so-panel widget widget_black-studio-tinymce widget_black_studio_tinymce panel-first-child panel-last-child\" data-index=\"0\" ><div class=\"textwidget\"><h2>Impressum<\/h2>\n<div class=\"row\">\n  <div class=\"col-md-6\">\n    <p><strong>W\u00fcrttembergischer Christusbund<br>Kirchheim\/Teck e.V.<\/strong>\n      <br>Alleenstra\u00dfe 78\n      <br>73230 Kirchheim\/Teck<\/p>\n    <p>Registergericht: Amtsgericht Stuttgart\n      <br>Registernummer: 230094\n  <\/div>\n  <div class=\"col-md-6\">\n    <p><strong>Vertretungsberechtigter Vorstand:<\/strong>\n      <br>Bernd Lamparter (1. Vorsitzender, Anschrift wie oben)\n      <br><\/p>\n    <p><strong>Inhaltlich Verantwortlicher gem\u00e4\u00df \u00a7 18 Abs. 2 MStV:<\/strong>\n      <br>Roland Kugler (Anschrift wie oben)\n    <\/p>\n  <\/div>\n<\/div>\n\n<h2>Haftungsausschluss<\/h2>\n<p>Trotz sorgf\u00e4ltiger inhaltlicher Kontrolle \u00fcbernehmen wir keine Haftung f\u00fcr die Inhalte externer Links. F\u00fcr den Inhalt der verlinkten Seiten sind ausschlie\u00dflich deren Betreiber verantwortlich.<\/p>\n<p>F\u00fcr jeglichen Schaden, der direkt oder indirekt in Zusammenhang mit der Nutzung, dem Missbrauch oder der Funktionalit\u00e4t dieses WWW-Servers oder der darin angebotenen Informationsinhalte steht, \u00fcbernimmt der W\u00fcrttembergische Christusbund Kirchheim\/Teck e.V. keinerlei Haftung.<\/p>\n\n<h2>Urheberrecht<\/h2>\n<p>S\u00e4mtliche bereitgestellte Informationen und Gestaltungselemente sind an das deutsche Urheberrecht gebunden und d\u00fcrfen - auch auszugsweise - nur mit ausdr\u00fccklicher Genehmigung des Urhebers weiterverbreitet oder anderweitig ver\u00f6ffentlicht werden. Jegliche kommerzielle Nutzung ist untersagt.<\/p>\n<p>Inhalte Dritter sind als solche gekennzeichnet. Sollten trotz sorgf\u00e4lltiger Pr\u00fcfung Urheberrechtsverletzungen festgestellt werden, bitten wir um einen entsprechenden Hinweis. Bei Bekanntwerden von Rechtsverletzungen werden wir betroffene Inhalte umgehend entfernen.<\/p><\/div><\/div><\/div><div id=\"pgc-335-0-1\"  class=\"panel-grid-cell\" ><div id=\"panel-335-0-1-0\" class=\"so-panel widget widget_black-studio-tinymce widget_black_studio_tinymce panel-first-child panel-last-child\" data-index=\"1\" ><div class=\"cb_sidebar panel-widget-style panel-widget-style-for-335-0-1-0\" ><div class=\"textwidget\"><h3 style=\"margin-bottom: 10px; margin-top: 0;\">Kontakt<\/h3>\n<p>Bei Fragen helfen wir Ihnen gerne weiter.<\/p>\n<a class=\"btn btn-primary\" href=\"..\/kontakt\"><i class=\"fas fa-comment-o\"><\/i> Kontakt<\/a><\/div><\/div><\/div><\/div><\/div><\/div><div id=\"pg-335-1\"  class=\"panel-grid panel-has-style\" ><div class=\"cb_container cb_bg_lightgray panel-row-style panel-row-style-for-335-1\" ><div id=\"pgc-335-1-0\"  class=\"panel-grid-cell\" ><div id=\"panel-335-1-0-0\" class=\"so-panel widget widget_black-studio-tinymce widget_black_studio_tinymce panel-first-child panel-last-child\" data-index=\"2\" ><div class=\"container panel-widget-style panel-widget-style-for-335-1-0-0\" ><div class=\"textwidget\"><h4 class=\"text-center\"><span class=\"cb_heading cb_bg_cbgreen\">Bildnachweis<\/span><\/h4>\n<table class=\"table table-hover\">\n  <thead>\n    <tr>\n      <th>Verwendungsort<\/th>\n      <th>Bildtitel | Beschreibung<\/th>\n      <th>Quelle &amp; Copyright<\/th>\n    <\/tr>\n  <\/thead>\n  <tbody>\n    <tr>\n      <td>*<\/td>\n      <td>Eigene Fotos<\/td>\n      <td>&copy; beim Urheber<\/td>\n    <\/tr>\n    <tr>\n      <td>*<\/td>\n      <td>Font Awesome<\/td>\n      <td>&copy; Dave Gandy | <a href=\"http:\/\/glyphicons.com\" target=\"_blank\">glyphicons.com<\/a><\/td>\n    <\/tr>\n    <tr>\n      <td>*<\/td>\n      <td>Glyphicon Halflings<\/td>\n      <td>&copy; GLYPHICONS | <a href=\"http:\/\/fontawesome.io\" target=\"_blank\">fontawesome.io<\/a><\/td>\n    <\/tr>\n    <tr>\n      <td>Standardbild f\u00fcr Beitr\u00e4ge<\/td>\n      <td>Pile of old newspapers, selective focus<\/td>\n      <td>&copy; mitrija | #68115641 | <a href=\"https:\/\/de.fotolia.com\/id\/68115641\" target=\"_blank\">fotolia.com<\/a><\/td>\n    <\/tr>\n    <tr>\n      <td>Standardbild f\u00fcr Termine<\/td>\n      <td>Kalender<\/td>\n      <td>&copy; gena96 | #48804183 | <a href=\"https:\/\/de.fotolia.com\/id\/48804183\" target=\"_blank\">fotolia.com<\/a><\/td>\n    <\/tr>\n  <\/tbody>\n<\/table>\n<\/div><\/div><\/div><\/div><\/div><\/div><\/div><\/div>","protected":false},"excerpt":{"rendered":"<p>Impressum W\u00fcrttembergischer ChristusbundKirchheim\/Teck e.V. Alleenstra\u00dfe 78 73230 Kirchheim\/Teck Registergericht: Amtsgericht Stuttgart Registernummer: 230094 Vertretungsberechtigter Vorstand: Bernd Lamparter (1. Vorsitzender, Anschrift wie oben) Inhaltlich Verantwortlicher gem\u00e4\u00df \u00a7 18 Abs. 2 MStV: Roland Kugler (Anschrift wie oben) Haftungsausschluss Trotz sorgf\u00e4ltiger inhaltlicher Kontrolle [&hellip;]<\/p>\n","protected":false},"author":1,"featured_media":0,"parent":0,"menu_order":0,"comment_status":"closed","ping_status":"closed","template":"","meta":{"footnotes":""},"class_list":["post-335","page","type-page","status-publish","hentry"],"publishpress_future_action":{"enabled":false,"date":"2026-05-16 11:53:10","action":"change-status","newStatus":"draft","terms":[],"taxonomy":"","extraData":[]},"publishpress_future_workflow_manual_trigger":{"enabledWorkflows":[]},"post_mailing_queue_ids":[],"_links":{"self":[{"href":"https:\/\/www.christusbund.de\/kirchheim\/wp-json\/wp\/v2\/pages\/335","targetHints":{"allow":["GET"]}}],"collection":[{"href":"https:\/\/www.christusbund.de\/kirchheim\/wp-json\/wp\/v2\/pages"}],"about":[{"href":"https:\/\/www.christusbund.de\/kirchheim\/wp-json\/wp\/v2\/types\/page"}],"author":[{"embeddable":true,"href":"https:\/\/www.christusbund.de\/kirchheim\/wp-json\/wp\/v2\/users\/1"}],"replies":[{"embeddable":true,"href":"https:\/\/www.christusbund.de\/kirchheim\/wp-json\/wp\/v2\/comments?post=335"}],"version-history":[{"count":3,"href":"https:\/\/www.christusbund.de\/kirchheim\/wp-json\/wp\/v2\/pages\/335\/revisions"}],"predecessor-version":[{"id":6447,"href":"https:\/\/www.christusbund.de\/kirchheim\/wp-json\/wp\/v2\/pages\/335\/revisions\/6447"}],"wp:attachment":[{"href":"https:\/\/www.christusbund.de\/kirchheim\/wp-json\/wp\/v2\/media?parent=335"}],"curies":[{"name":"wp","href":"https:\/\/api.w.org\/{rel}","templated":true}]}}