{"id":13,"date":"2015-10-26T18:08:41","date_gmt":"2015-10-26T17:08:41","guid":{"rendered":"http:\/\/sandbox.christusbund.de\/wordpress\/newtheme\/?page_id=13"},"modified":"2026-01-07T18:57:23","modified_gmt":"2026-01-07T17:57:23","slug":"gruppen","status":"publish","type":"page","link":"https:\/\/www.christusbund.de\/kirchheim\/gruppen\/","title":{"rendered":"Gruppen"},"content":{"rendered":"<div id=\"pl-13\"  class=\"panel-layout\" ><div id=\"pg-13-0\"  class=\"panel-grid panel-has-style\" ><div class=\"cb_container panel-row-style panel-row-style-for-13-0\" ><div id=\"pgc-13-0-0\"  class=\"panel-grid-cell\" ><div id=\"panel-13-0-0-0\" class=\"so-panel widget widget_black-studio-tinymce widget_black_studio_tinymce panel-first-child panel-last-child\" data-index=\"0\" ><div class=\"container panel-widget-style panel-widget-style-for-13-0-0-0\" ><div class=\"textwidget\"><h4 class=\"text-center\"><span class=\"cb_heading cb_bg_primary\">Gemeinschaft im Alltag<\/span><\/h4>\n<h2 class=\"text-center\">Unsere Angebote &amp; Gruppen<\/h2>\n\n<p>Wir sind davon \u00fcberzeugt, dass Gottes Wort nicht nur etwas f\u00fcr Erwachsene ist. Unser Gott ist auch f\u00fcr die Kinder und Jugendlichen erkennbar und erfahrbar. Wir bieten verschiedene Gruppen von der Mutter-Kind-Gruppe bis zu den Teenagern an, in denen altersgerecht Gottes Handeln f\u00fcr die Kinder und Jugendlichen aufgezeigt wird. Nat\u00fcrlich kommen Spa\u00df und Spiele dabei nicht zu kurz.<\/p>\n\n<p>Schauen Sie einfach einmal bei uns vorbei. Jeder ist herzlich willkommen.<\/p>\n<br>\n\n<div class=\"text-center cb_btn_multi\">\n  <a class=\"btn btn-primary\" href=\".\/kinder\/\"><i class=\"fas fa-arrow-right\"><\/i> Kinder &amp; Jungschar<\/a>\n  <a class=\"btn btn-primary\" href=\".\/jugend\/\"><i class=\"fas fa-arrow-right\"><\/i> Teens &amp; Jugendliche<\/a>\n  <a class=\"btn btn-primary\" href=\".\/erwachsene\/\"><i class=\"fas fa-arrow-right\"><\/i> Erwachsene<\/a>\n  <a class=\"btn btn-primary\" href=\".\/kleingruppen\/\"><i class=\"fas fa-arrow-right\"><\/i> Kleingruppen<\/a>\n  <a class=\"btn btn-primary\" href=\"..\/musik\/\"><i class=\"fas fa-arrow-right\"><\/i> Musik<\/a>\n<\/div><\/div><\/div><\/div><\/div><\/div><\/div><div id=\"pg-13-1\"  class=\"panel-grid panel-has-style\" ><div class=\"cb_container cb_bg_lightgray panel-row-style panel-row-style-for-13-1\" ><div id=\"pgc-13-1-0\"  class=\"panel-grid-cell\" ><div id=\"panel-13-1-0-0\" class=\"so-panel widget widget_black-studio-tinymce widget_black_studio_tinymce panel-first-child panel-last-child\" data-index=\"1\" ><div class=\"container panel-widget-style panel-widget-style-for-13-1-0-0\" ><div class=\"textwidget\"><h4 class=\"text-center\"><span class=\"cb_heading cb_bg_primary\">W\u00f6chentliche Angebote<\/span><\/h4>\n<table class=\"table table-hover\">\n<tbody>\n<tr>\n<td><strong>Montag<\/strong><\/td>\n<td>14:30 Uhr<\/td>\n<td>DFMGB Frauen-Gebetskreis\u00a0 (jeden zweiten Montag im Monat)<\/td>\n<\/tr>\n<tr>\n<td><\/td>\n<td>17:30 Uhr<\/td>\n<td>\u201ePower Girls\u201c (9-13 J.)<\/td>\n<\/tr>\n<tr>\n<td><\/td>\n<td>17:30 Uhr<\/td>\n<td>Buben-Jungschar (10-14 J.)<\/td>\n<\/tr>\n<tr>\n<td><\/td>\n<td>18:30 Uhr<\/td>\n<td>Gebetskreis Krankengebet<\/td>\n<\/tr>\n<tr>\n<td><\/td>\n<td>19:30 Uhr<\/td>\n<td>DFMGB Frauen-Gebetskreis (jeden zweiten Montag im Monat)<\/td>\n<\/tr>\n<tr>\n<td><strong>Dienstag<\/strong><\/td>\n<td>9:00 Uhr<\/td>\n<td>Aufatmen, M\u00fctter im Gespr\u00e4ch (jeden 2. und 4. Di)<\/td>\n<\/tr>\n<tr>\n<td><\/td>\n<td>14:30 Uhr<\/td>\n<td>Nachmittag der Begegnung<\/td>\n<\/tr>\n<!--<tr>\n<td><\/td>\n<td>19:00 Uhr<\/td>\n<td>Bandcoaching CCBCP entf\u00e4llt auf unbestimmte Zeit<\/td>\n<\/tr>-->\n<tr>\n<td><\/td>\n<td>19:30 Uhr<\/td>\n<td>Posaunenchor<\/td>\n<\/tr>\n<tr>\n<td><strong>Mittwoch<\/strong><\/td>\n<td>9:30 Uhr<\/td>\n<td>Mutter-Kind-Kreis<\/td>\n<\/tr>\n<tr>\n<td><\/td>\n<td>19:30 Uhr<\/td>\n<td>Br\u00fcderstunde (jeden letzten Mi.)<\/td>\n<\/tr>\n<tr>\n<td><\/td>\n<td>19:00 Uhr<\/td>\n<td>Frauenkreis (jeden letzten Mi.)<\/td>\n<\/tr>\n<tr>\n<td><\/td>\n<td>19:00 Uhr<\/td>\n<td>Mittwochstunde<\/td>\n<\/tr>\n<tr>\n<td><strong>Donnerstag<\/strong><\/td>\n<td>9:30 Uhr<\/td>\n<td>Kurze Begegnung mit Gott<\/td>\n<\/tr>\n<tr>\n<td><\/td>\n<td>9:30 Uhr<\/td>\n<td>Frauentreff (jeden 2. Do)<\/td>\n<\/tr>\n<tr>\n<td><\/td>\n<td>19:00 Uhr<\/td>\n<td>CIFO (Jugend ab 13 J.)<\/td>\n<\/tr>\n<tr>\n<td><\/td>\n<td>20:00 Uhr<\/td>\n<td>Missionsgebetskreis (14 t\u00e4gig\/gerade KW)<\/td>\n<\/tr>\n<tr>\n<td><strong>Freitag<\/strong><\/td>\n<td>19:30 Uhr<\/td>\n<td>K\u00fchlschrank (Jugend ab 17 J.)<\/td>\n<\/tr>\n<tr>\n<td><\/td>\n<td>20:00 Uhr<\/td>\n<td>Bibelkreis<\/td>\n<\/tr>\n<\/tbody>\n<\/table><\/div><\/div><\/div><\/div><\/div><\/div><div id=\"pg-13-2\"  class=\"panel-grid panel-has-style\" ><div class=\"cb_container container panel-row-style panel-row-style-for-13-2\" ><div id=\"pgc-13-2-0\"  class=\"panel-grid-cell\" ><div id=\"panel-13-2-0-0\" class=\"so-panel widget panel-first-child panel-last-child\" data-index=\"2\" ><\/div><\/div><div id=\"pgc-13-2-1\"  class=\"panel-grid-cell\" ><div id=\"panel-13-2-1-0\" class=\"so-panel widget widget_recent-posts-widget-with-thumbnails recent-posts-widget-with-thumbnails panel-first-child panel-last-child\" data-index=\"3\" >\n<div id=\"rpwwt-widget-2-1-0\" class=\"rpwwt-widget\">\r\n<h3 class=\"widget-title\">Beitr\u00e4ge von Gruppen<\/h3>\n\t<ul>\r\n\t\t<li><a href=\"https:\/\/www.christusbund.de\/kirchheim\/2025\/03\/18\/ausflug-zum-wasserkraftwerk-iffezheim\/\"><img decoding=\"async\" width=\"75\" height=\"75\" src=\"http:\/\/sandbox.christusbund.de\/wp\/wp-content\/themes\/dynamics2016\/images\/article_thumbnail.jpg\" class=\"attachment-75x75\" alt=\"\" loading=\"lazy\" \/><span class=\"rpwwt-post-title\">Ausflug zum Wasserkraftwerk Iffezheim<\/span><\/a><div class=\"rpwwt-post-date\">18. M\u00e4rz 2025<\/div><div class=\"rpwwt-post-excerpt\">Ausflug zum Wasserkraftwerk Iffezheim <span class=\"rpwwt-post-excerpt-more\"> [\u2026]<\/span><\/div><\/li>\r\n\t\t<li><a href=\"https:\/\/www.christusbund.de\/kirchheim\/2022\/09\/25\/abriss-des-saalbaus-2-3-2-2-2-2\/\"><img loading=\"lazy\" decoding=\"async\" width=\"75\" height=\"75\" src=\"https:\/\/www.christusbund.de\/kirchheim\/wp-content\/uploads\/sites\/23\/2022\/09\/DSC6525-150x150.jpg\" class=\"attachment-75x75 size-75x75 wp-post-image\" alt=\"\" \/><span class=\"rpwwt-post-title\">Innenausbau Saal I September 2022<\/span><\/a><div class=\"rpwwt-post-date\">25. September 2022<\/div><div class=\"rpwwt-post-excerpt\">https:\/\/youtu.be\/X6POTOqyzfM &nbsp; <span class=\"rpwwt-post-excerpt-more\"> [\u2026]<\/span><\/div><\/li>\r\n\t<\/ul>\r\n<\/div><!-- .rpwwt-widget -->\r\n<\/div><\/div><\/div><\/div><\/div>","protected":false},"excerpt":{"rendered":"<p>Gemeinschaft im Alltag Unsere Angebote &amp; Gruppen Wir sind davon \u00fcberzeugt, dass Gottes Wort nicht nur etwas f\u00fcr Erwachsene ist. Unser Gott ist auch f\u00fcr die Kinder und Jugendlichen erkennbar und erfahrbar. Wir bieten verschiedene Gruppen von der Mutter-Kind-Gruppe bis [&hellip;]<\/p>\n","protected":false},"author":1,"featured_media":6329,"parent":0,"menu_order":0,"comment_status":"closed","ping_status":"closed","template":"","meta":{"footnotes":""},"class_list":["post-13","page","type-page","status-publish","has-post-thumbnail","hentry"],"publishpress_future_action":{"enabled":false,"date":"2026-04-23 08:29:02","action":"change-status","newStatus":"draft","terms":[],"taxonomy":"","extraData":[]},"publishpress_future_workflow_manual_trigger":{"enabledWorkflows":[]},"post_mailing_queue_ids":[],"_links":{"self":[{"href":"https:\/\/www.christusbund.de\/kirchheim\/wp-json\/wp\/v2\/pages\/13","targetHints":{"allow":["GET"]}}],"collection":[{"href":"https:\/\/www.christusbund.de\/kirchheim\/wp-json\/wp\/v2\/pages"}],"about":[{"href":"https:\/\/www.christusbund.de\/kirchheim\/wp-json\/wp\/v2\/types\/page"}],"author":[{"embeddable":true,"href":"https:\/\/www.christusbund.de\/kirchheim\/wp-json\/wp\/v2\/users\/1"}],"replies":[{"embeddable":true,"href":"https:\/\/www.christusbund.de\/kirchheim\/wp-json\/wp\/v2\/comments?post=13"}],"version-history":[{"count":10,"href":"https:\/\/www.christusbund.de\/kirchheim\/wp-json\/wp\/v2\/pages\/13\/revisions"}],"predecessor-version":[{"id":8473,"href":"https:\/\/www.christusbund.de\/kirchheim\/wp-json\/wp\/v2\/pages\/13\/revisions\/8473"}],"wp:featuredmedia":[{"embeddable":true,"href":"https:\/\/www.christusbund.de\/kirchheim\/wp-json\/wp\/v2\/media\/6329"}],"wp:attachment":[{"href":"https:\/\/www.christusbund.de\/kirchheim\/wp-json\/wp\/v2\/media?parent=13"}],"curies":[{"name":"wp","href":"https:\/\/api.w.org\/{rel}","templated":true}]}}