{"id":17,"date":"2015-10-26T18:09:28","date_gmt":"2015-10-26T17:09:28","guid":{"rendered":"http:\/\/sandbox.christusbund.de\/wordpress\/newtheme\/?page_id=17"},"modified":"2023-01-24T17:09:21","modified_gmt":"2023-01-24T16:09:21","slug":"kontakt","status":"publish","type":"page","link":"https:\/\/www.christusbund.de\/friolzheim\/kontakt\/","title":{"rendered":"Kontakt"},"content":{"rendered":"<div id=\"pl-17\"  class=\"panel-layout\" ><div id=\"pg-17-0\"  class=\"panel-grid panel-has-style\" ><div class=\"container cb_container-with-sidebar panel-row-style panel-row-style-for-17-0\" ><div id=\"pgc-17-0-0\"  class=\"panel-grid-cell\" ><div id=\"panel-17-0-0-0\" class=\"so-panel widget widget_black-studio-tinymce widget_black_studio_tinymce panel-first-child panel-last-child\" data-index=\"0\" ><div class=\"textwidget\"><h2>Wir helfen Ihnen gerne weiter!<\/h2>\n\n<p>Unsere Mitarbeiter in Friolzheim stehen Ihnen gerne f\u00fcr Fragen zur Verf\u00fcgung. Sie erreichen uns entweder direkt per Telefon unter 07044 41155 oder verwenden Sie folgendes Formular, um per E-Mail Kontakt mit uns aufzunehmen. F\u00fcr Gruppenanfragen nutzen Sie bitte <a href=\".\/gruppen\/#anfrage\">dieses Formular<\/a>.<\/p>\n\n<p><strong>Keine Einzelg\u00e4ste m\u00f6glich:<\/strong> Bitte beachten Sie, dass unser Freizeitheim nur christlichen Gruppen und Schulklassen zur Verf\u00fcgung steht. Einzelne \u00dcbernachtungen oder ein individueller Aufenthalt sind leider nicht m\u00f6glich (kein Hotelbetrieb). Wir w\u00fcrden uns jedoch freuen, Sie auf einer unserer Freizeiten als unseren Gast begr\u00fc\u00dfen zu d\u00fcrfen!<\/p>\n\n<br>\n\n<div class=\"wpcf7 no-js\" id=\"wpcf7-f1036-o1\" lang=\"de-DE\" dir=\"ltr\" data-wpcf7-id=\"1036\">\n<div class=\"screen-reader-response\"><p role=\"status\" aria-live=\"polite\" aria-atomic=\"true\"><\/p> <ul><\/ul><\/div>\n<form action=\"\/friolzheim\/wp-json\/wp\/v2\/pages\/17#wpcf7-f1036-o1\" method=\"post\" class=\"wpcf7-form init\" aria-label=\"Kontaktformular\" novalidate=\"novalidate\" data-status=\"init\">\n<fieldset class=\"hidden-fields-container\"><input type=\"hidden\" name=\"_wpcf7\" value=\"1036\" \/><input type=\"hidden\" name=\"_wpcf7_version\" value=\"6.1.5\" \/><input type=\"hidden\" name=\"_wpcf7_locale\" value=\"de_DE\" \/><input type=\"hidden\" name=\"_wpcf7_unit_tag\" value=\"wpcf7-f1036-o1\" \/><input type=\"hidden\" name=\"_wpcf7_container_post\" value=\"0\" \/><input type=\"hidden\" name=\"_wpcf7_posted_data_hash\" value=\"\" \/>\n<\/fieldset>\n<div class=\"form-group\">\n\t<p><label for=\"your-name\">Vor- und Nachname <span class=\"required color-primary\">*<\/span><\/label><br \/>\n<span class=\"wpcf7-form-control-wrap\" data-name=\"your-name\"><input size=\"40\" maxlength=\"400\" class=\"wpcf7-form-control wpcf7-text wpcf7-validates-as-required form-control\" id=\"your-name\" aria-required=\"true\" aria-invalid=\"false\" placeholder=\"Vor- und Nachname\" value=\"\" type=\"text\" name=\"your-name\" \/><\/span>\n\t<\/p>\n<\/div>\n<div class=\"form-group\">\n\t<p><label for=\"your-email \">E-Mail-Adresse <span class=\"required color-primary\">*<\/span><\/label><br \/>\n<span class=\"wpcf7-form-control-wrap\" data-name=\"your-email\"><input size=\"40\" maxlength=\"400\" class=\"wpcf7-form-control wpcf7-email wpcf7-validates-as-required wpcf7-text wpcf7-validates-as-email form-control\" id=\"your-email\" aria-required=\"true\" aria-invalid=\"false\" placeholder=\"E-Mail-Adresse\" value=\"\" type=\"email\" name=\"your-email\" \/><\/span>\n\t<\/p>\n<\/div>\n<div class=\"form-group\">\n\t<p><label for=\"your-phone\">Telefonnummer<\/label><br \/>\n<span class=\"wpcf7-form-control-wrap\" data-name=\"your-phone\"><input size=\"40\" maxlength=\"400\" class=\"wpcf7-form-control wpcf7-tel wpcf7-text wpcf7-validates-as-tel form-control\" id=\"your-phone\" aria-invalid=\"false\" placeholder=\"Telefonnummer (f\u00fcr R\u00fcckfragen)\" value=\"\" type=\"tel\" name=\"your-phone\" \/><\/span>\n\t<\/p>\n<\/div>\n<div class=\"form-group\">\n\t<p><label for=\"your-subject\">Betreff <span class=\"required color-primary\">*<\/span><\/label><br \/>\n<span class=\"wpcf7-form-control-wrap\" data-name=\"your-subject\"><input size=\"40\" maxlength=\"400\" class=\"wpcf7-form-control wpcf7-text wpcf7-validates-as-required form-control\" id=\"your-subject\" aria-required=\"true\" aria-invalid=\"false\" placeholder=\"Betreff\" value=\"\" type=\"text\" name=\"your-subject\" \/><\/span>\n\t<\/p>\n<\/div>\n<div class=\"form-group\">\n\t<p><label for=\"your-message\">Nachricht <span class=\"required color-primary\">*<\/span><\/label><br \/>\n<span class=\"wpcf7-form-control-wrap\" data-name=\"your-message\"><textarea cols=\"40\" rows=\"10\" maxlength=\"2000\" class=\"wpcf7-form-control wpcf7-textarea wpcf7-validates-as-required form-control\" id=\"your-message\" aria-required=\"true\" aria-invalid=\"false\" placeholder=\"Ihre Nachricht an uns\" name=\"your-message\"><\/textarea><\/span>\n\t<\/p>\n<\/div>\n<div class=\"form-group\">\n\t<p>Detaillierte Informationen zu unserem Umgang mit Ihren personenbezogenen Daten sowie zu Ihrem Widerrufsrecht finden Sie in unserer <a href='https:\/\/www.christusbund.de\/datenschutz' target=\"_blank\">Datenschutzerkl\u00e4rung<\/a>.\n\t<\/p>\n\t<p><span class=\"wpcf7-form-control-wrap\" data-name=\"your-acceptance-privacy\"><span class=\"wpcf7-form-control wpcf7-checkbox wpcf7-validates-as-required\"><span class=\"wpcf7-list-item first last\"><input type=\"checkbox\" name=\"your-acceptance-privacy[]\" value=\"* Ich stimme zu, dass meine Angaben zur Bearbeitung meiner Anfrage erfasst und verarbeitet werden.\" \/><span class=\"wpcf7-list-item-label\">* Ich stimme zu, dass meine Angaben zur Bearbeitung meiner Anfrage erfasst und verarbeitet werden.<\/span><\/span><\/span><\/span>\n\t<\/p>\n<\/div>\n<p><input class=\"wpcf7-form-control wpcf7-submit has-spinner btn btn-primary btn-no-focus\" type=\"submit\" value=\"Nachricht senden\" \/>\n<\/p><div class=\"wpcf7-response-output\" aria-hidden=\"true\"><\/div>\n<\/form>\n<\/div>\n<\/div><\/div><\/div><div id=\"pgc-17-0-1\"  class=\"panel-grid-cell\" ><div id=\"panel-17-0-1-0\" class=\"so-panel widget widget_black-studio-tinymce widget_black_studio_tinymce panel-first-child panel-last-child\" data-index=\"1\" ><div class=\"cb_sidebar panel-widget-style panel-widget-style-for-17-0-1-0\" ><div class=\"textwidget\"><p><strong>Freizeitheim Friolzheim<\/strong><br>\nM\u00fchlweg 8 | 71292 Friolzheim<br>\nTelefon: 07044 41155<br>\nFax: 07044 43049<br>\nE-Mail: <a href=\"mailto:friolzheim@christusbund.de\">friolzheim@christusbund.de<\/a><\/p>\n\n<p><a class=\"btn btn-lightgray\" href=\".\/anfahrt\/\"><i class=\"fas fa-map-marker\"><\/i> Anreise & Anfahrt<\/a><\/p>\n<p><a class=\"btn btn-primary\" href=\".\/gruppen\/\"><i class=\"fas fa-edit\"><\/i> Gruppenanfragen<\/a><\/p>\n\n<br>\n\n\n<p><strong>Freizeiten & Seminare<\/strong><br>\nSie haben Fragen zu einer Freizeit oder einem Seminar? Der zust\u00e4ndige Freizeitleiter hilft Ihnen gerne weiter!<\/p>\n\n<p><a class=\"btn btn-lightgray\" href=\".\/freizeiten\/\"><i class=\"fas fa-arrow-right\"><\/i> Freizeiten & Seminare<\/a><\/p><\/div><\/div><\/div><\/div><\/div><\/div><div id=\"pg-17-1\"  class=\"panel-grid panel-has-style\" ><div class=\"full-width panel-row-style panel-row-style-for-17-1\" ><div id=\"pgc-17-1-0\"  class=\"panel-grid-cell\" ><div id=\"panel-17-1-0-0\" class=\"so-panel widget widget_black-studio-tinymce widget_black_studio_tinymce panel-first-child panel-last-child\" data-index=\"2\" ><div class=\"textwidget\"><div id=\"map\"><\/div>\n\n<script type=\"text\/javascript\">\nvar map = new maplibregl.Map({\r\n  container: 'map',\r\n  style: 'https:\/\/api.maptiler.com\/maps\/ab4c5dbe-da20-4004-9ff0-e4c1d145b182\/style.json?key=Y4CkKkGMyEQkCkxyuft5',\r\n  center: [8.825000, 48.835710],\r\n  zoom: 8,\r\n  pitch: 50\r\n});\r\nmap.addControl(new maplibregl.NavigationControl());\r\nmap.scrollZoom.disable();\r\n\r\nnew maplibregl.Marker({\r\n    color: '#acaa00',\r\n    closeButton: false\r\n  })\r\n  .setLngLat([8.825000, 48.835710])\r\n  .setPopup(new maplibregl.Popup({\r\n      offset: 25, focusAfterOpen: false\r\n    }) \/\/ add popups\r\n    .setHTML(\"<strong>Freizeitheim Friolzheim<\/strong><br>M\u00fchlweg 8 | 71292 Friolzheim<br>Tel. 07044 41155<br><a class='pointer' href='https:\/\/goo.gl\/maps\/fVXgqc89om22' target='_blank'><i class='far fa-arrow-circle-right''><\/i> Google Maps<\/a>\"))\r\n  .addTo(map)\r\n  .togglePopup();\n<\/script><\/div><\/div><\/div><\/div><\/div><\/div>","protected":false},"excerpt":{"rendered":"<p>Wir helfen Ihnen gerne weiter! Unsere Mitarbeiter in Friolzheim stehen Ihnen gerne f\u00fcr Fragen zur Verf\u00fcgung. Sie erreichen uns entweder direkt per Telefon unter 07044 41155 oder verwenden Sie folgendes Formular, um per E-Mail Kontakt mit uns aufzunehmen. F\u00fcr Gruppenanfragen [&hellip;]<\/p>\n","protected":false},"author":2,"featured_media":1244,"parent":0,"menu_order":0,"comment_status":"closed","ping_status":"closed","template":"","meta":{"footnotes":""},"class_list":["post-17","page","type-page","status-publish","has-post-thumbnail","hentry"],"yoast_head":"<!-- This site is optimized with the Yoast SEO plugin v27.4 - https:\/\/yoast.com\/product\/yoast-seo-wordpress\/ -->\n<title>Kontakt | Freizeitheim Friolzheim<\/title>\n<meta name=\"robots\" content=\"index, follow, max-snippet:-1, max-image-preview:large, max-video-preview:-1\" \/>\n<link rel=\"canonical\" href=\"https:\/\/www.christusbund.de\/friolzheim\/kontakt\/\" \/>\n<meta property=\"og:locale\" content=\"de_DE\" \/>\n<meta property=\"og:type\" content=\"article\" \/>\n<meta property=\"og:title\" content=\"Kontakt | Freizeitheim Friolzheim\" \/>\n<meta property=\"og:description\" content=\"Wir helfen Ihnen gerne weiter! Unsere Mitarbeiter in Friolzheim stehen Ihnen gerne f\u00fcr Fragen zur Verf\u00fcgung. Sie erreichen uns entweder direkt per Telefon unter 07044 41155 oder verwenden Sie folgendes Formular, um per E-Mail Kontakt mit uns aufzunehmen. F\u00fcr Gruppenanfragen [&hellip;]\" \/>\n<meta property=\"og:url\" content=\"https:\/\/www.christusbund.de\/friolzheim\/kontakt\/\" \/>\n<meta property=\"og:site_name\" content=\"Freizeitheim Friolzheim\" \/>\n<meta property=\"article:modified_time\" content=\"2023-01-24T16:09:21+00:00\" \/>\n<meta property=\"og:image\" content=\"https:\/\/www.christusbund.de\/friolzheim\/wp-content\/uploads\/sites\/15\/DSC_9679.jpg\" \/>\n\t<meta property=\"og:image:width\" content=\"1200\" \/>\n\t<meta property=\"og:image:height\" content=\"800\" \/>\n\t<meta property=\"og:image:type\" content=\"image\/jpeg\" \/>\n<meta name=\"twitter:card\" content=\"summary_large_image\" \/>\n<meta name=\"twitter:label1\" content=\"Gesch\u00e4tzte Lesezeit\" \/>\n\t<meta name=\"twitter:data1\" content=\"1\u00a0Minute\" \/>\n<script type=\"application\/ld+json\" class=\"yoast-schema-graph\">{\"@context\":\"https:\\\/\\\/schema.org\",\"@graph\":[{\"@type\":\"WebPage\",\"@id\":\"https:\\\/\\\/www.christusbund.de\\\/friolzheim\\\/kontakt\\\/\",\"url\":\"https:\\\/\\\/www.christusbund.de\\\/friolzheim\\\/kontakt\\\/\",\"name\":\"Kontakt | Freizeitheim Friolzheim\",\"isPartOf\":{\"@id\":\"https:\\\/\\\/www.christusbund.de\\\/friolzheim\\\/#website\"},\"primaryImageOfPage\":{\"@id\":\"https:\\\/\\\/www.christusbund.de\\\/friolzheim\\\/kontakt\\\/#primaryimage\"},\"image\":{\"@id\":\"https:\\\/\\\/www.christusbund.de\\\/friolzheim\\\/kontakt\\\/#primaryimage\"},\"thumbnailUrl\":\"https:\\\/\\\/www.christusbund.de\\\/friolzheim\\\/wp-content\\\/uploads\\\/sites\\\/15\\\/DSC_9679.jpg\",\"datePublished\":\"2015-10-26T17:09:28+00:00\",\"dateModified\":\"2023-01-24T16:09:21+00:00\",\"breadcrumb\":{\"@id\":\"https:\\\/\\\/www.christusbund.de\\\/friolzheim\\\/kontakt\\\/#breadcrumb\"},\"inLanguage\":\"de\",\"potentialAction\":[{\"@type\":\"ReadAction\",\"target\":[\"https:\\\/\\\/www.christusbund.de\\\/friolzheim\\\/kontakt\\\/\"]}]},{\"@type\":\"ImageObject\",\"inLanguage\":\"de\",\"@id\":\"https:\\\/\\\/www.christusbund.de\\\/friolzheim\\\/kontakt\\\/#primaryimage\",\"url\":\"https:\\\/\\\/www.christusbund.de\\\/friolzheim\\\/wp-content\\\/uploads\\\/sites\\\/15\\\/DSC_9679.jpg\",\"contentUrl\":\"https:\\\/\\\/www.christusbund.de\\\/friolzheim\\\/wp-content\\\/uploads\\\/sites\\\/15\\\/DSC_9679.jpg\",\"width\":1200,\"height\":800},{\"@type\":\"BreadcrumbList\",\"@id\":\"https:\\\/\\\/www.christusbund.de\\\/friolzheim\\\/kontakt\\\/#breadcrumb\",\"itemListElement\":[{\"@type\":\"ListItem\",\"position\":1,\"name\":\"Startseite\",\"item\":\"https:\\\/\\\/www.christusbund.de\\\/friolzheim\\\/\"},{\"@type\":\"ListItem\",\"position\":2,\"name\":\"Kontakt\"}]},{\"@type\":\"WebSite\",\"@id\":\"https:\\\/\\\/www.christusbund.de\\\/friolzheim\\\/#website\",\"url\":\"https:\\\/\\\/www.christusbund.de\\\/friolzheim\\\/\",\"name\":\"Freizeitheim Friolzheim\",\"description\":\"Christusbund\",\"potentialAction\":[{\"@type\":\"SearchAction\",\"target\":{\"@type\":\"EntryPoint\",\"urlTemplate\":\"https:\\\/\\\/www.christusbund.de\\\/friolzheim\\\/?s={search_term_string}\"},\"query-input\":{\"@type\":\"PropertyValueSpecification\",\"valueRequired\":true,\"valueName\":\"search_term_string\"}}],\"inLanguage\":\"de\"}]}<\/script>\n<!-- \/ Yoast SEO plugin. -->","yoast_head_json":{"title":"Kontakt | Freizeitheim Friolzheim","robots":{"index":"index","follow":"follow","max-snippet":"max-snippet:-1","max-image-preview":"max-image-preview:large","max-video-preview":"max-video-preview:-1"},"canonical":"https:\/\/www.christusbund.de\/friolzheim\/kontakt\/","og_locale":"de_DE","og_type":"article","og_title":"Kontakt | Freizeitheim Friolzheim","og_description":"Wir helfen Ihnen gerne weiter! Unsere Mitarbeiter in Friolzheim stehen Ihnen gerne f\u00fcr Fragen zur Verf\u00fcgung. Sie erreichen uns entweder direkt per Telefon unter 07044 41155 oder verwenden Sie folgendes Formular, um per E-Mail Kontakt mit uns aufzunehmen. F\u00fcr Gruppenanfragen [&hellip;]","og_url":"https:\/\/www.christusbund.de\/friolzheim\/kontakt\/","og_site_name":"Freizeitheim Friolzheim","article_modified_time":"2023-01-24T16:09:21+00:00","og_image":[{"width":1200,"height":800,"url":"https:\/\/www.christusbund.de\/friolzheim\/wp-content\/uploads\/sites\/15\/DSC_9679.jpg","type":"image\/jpeg"}],"twitter_card":"summary_large_image","twitter_misc":{"Gesch\u00e4tzte Lesezeit":"1\u00a0Minute"},"schema":{"@context":"https:\/\/schema.org","@graph":[{"@type":"WebPage","@id":"https:\/\/www.christusbund.de\/friolzheim\/kontakt\/","url":"https:\/\/www.christusbund.de\/friolzheim\/kontakt\/","name":"Kontakt | Freizeitheim Friolzheim","isPartOf":{"@id":"https:\/\/www.christusbund.de\/friolzheim\/#website"},"primaryImageOfPage":{"@id":"https:\/\/www.christusbund.de\/friolzheim\/kontakt\/#primaryimage"},"image":{"@id":"https:\/\/www.christusbund.de\/friolzheim\/kontakt\/#primaryimage"},"thumbnailUrl":"https:\/\/www.christusbund.de\/friolzheim\/wp-content\/uploads\/sites\/15\/DSC_9679.jpg","datePublished":"2015-10-26T17:09:28+00:00","dateModified":"2023-01-24T16:09:21+00:00","breadcrumb":{"@id":"https:\/\/www.christusbund.de\/friolzheim\/kontakt\/#breadcrumb"},"inLanguage":"de","potentialAction":[{"@type":"ReadAction","target":["https:\/\/www.christusbund.de\/friolzheim\/kontakt\/"]}]},{"@type":"ImageObject","inLanguage":"de","@id":"https:\/\/www.christusbund.de\/friolzheim\/kontakt\/#primaryimage","url":"https:\/\/www.christusbund.de\/friolzheim\/wp-content\/uploads\/sites\/15\/DSC_9679.jpg","contentUrl":"https:\/\/www.christusbund.de\/friolzheim\/wp-content\/uploads\/sites\/15\/DSC_9679.jpg","width":1200,"height":800},{"@type":"BreadcrumbList","@id":"https:\/\/www.christusbund.de\/friolzheim\/kontakt\/#breadcrumb","itemListElement":[{"@type":"ListItem","position":1,"name":"Startseite","item":"https:\/\/www.christusbund.de\/friolzheim\/"},{"@type":"ListItem","position":2,"name":"Kontakt"}]},{"@type":"WebSite","@id":"https:\/\/www.christusbund.de\/friolzheim\/#website","url":"https:\/\/www.christusbund.de\/friolzheim\/","name":"Freizeitheim Friolzheim","description":"Christusbund","potentialAction":[{"@type":"SearchAction","target":{"@type":"EntryPoint","urlTemplate":"https:\/\/www.christusbund.de\/friolzheim\/?s={search_term_string}"},"query-input":{"@type":"PropertyValueSpecification","valueRequired":true,"valueName":"search_term_string"}}],"inLanguage":"de"}]}},"publishpress_future_action":{"enabled":false,"date":"2026-05-09 18:51:45","action":"change-status","newStatus":"draft","terms":[],"taxonomy":"","extraData":[]},"publishpress_future_workflow_manual_trigger":{"enabledWorkflows":[]},"_links":{"self":[{"href":"https:\/\/www.christusbund.de\/friolzheim\/wp-json\/wp\/v2\/pages\/17","targetHints":{"allow":["GET"]}}],"collection":[{"href":"https:\/\/www.christusbund.de\/friolzheim\/wp-json\/wp\/v2\/pages"}],"about":[{"href":"https:\/\/www.christusbund.de\/friolzheim\/wp-json\/wp\/v2\/types\/page"}],"author":[{"embeddable":true,"href":"https:\/\/www.christusbund.de\/friolzheim\/wp-json\/wp\/v2\/users\/2"}],"replies":[{"embeddable":true,"href":"https:\/\/www.christusbund.de\/friolzheim\/wp-json\/wp\/v2\/comments?post=17"}],"version-history":[{"count":10,"href":"https:\/\/www.christusbund.de\/friolzheim\/wp-json\/wp\/v2\/pages\/17\/revisions"}],"predecessor-version":[{"id":1395,"href":"https:\/\/www.christusbund.de\/friolzheim\/wp-json\/wp\/v2\/pages\/17\/revisions\/1395"}],"wp:featuredmedia":[{"embeddable":true,"href":"https:\/\/www.christusbund.de\/friolzheim\/wp-json\/wp\/v2\/media\/1244"}],"wp:attachment":[{"href":"https:\/\/www.christusbund.de\/friolzheim\/wp-json\/wp\/v2\/media?parent=17"}],"curies":[{"name":"wp","href":"https:\/\/api.w.org\/{rel}","templated":true}]}}